{"id":140,"date":"2022-06-06T09:28:11","date_gmt":"2022-06-06T07:28:11","guid":{"rendered":"https:\/\/site.educa.madrid.org\/ies.mariagoyrigoyri.madrid\/?page_id=140"},"modified":"2026-03-02T09:42:09","modified_gmt":"2026-03-02T08:42:09","slug":"tablon-de-anuncios","status":"publish","type":"page","link":"https:\/\/site.educa.madrid.org\/ies.mariagoyrigoyri.madrid\/index.php\/tablon-de-anuncios\/","title":{"rendered":"Tabl\u00f3n de anuncios"},"content":{"rendered":"\n<p><\/p>\n\n\n<style type='text\/css' media='all'>#rt-tpg-container-256407328 .rt-holder .rt-woo-info .price{color:#232b56;}body .rt-tpg-container .rt-tpg-isotope-buttons .selected,\n\t\t\t\t\t#rt-tpg-container-256407328 .layout12 .rt-holder:hover .rt-detail,\n\t\t\t\t\t#rt-tpg-container-256407328 .isotope8 .rt-holder:hover .rt-detail,\n\t\t\t\t\t#rt-tpg-container-256407328 .carousel8 .rt-holder:hover .rt-detail,\n\t\t\t\t\t#rt-tpg-container-256407328 .layout13 .rt-holder .overlay .post-info,\n\t\t\t\t\t#rt-tpg-container-256407328 .isotope9 .rt-holder .overlay .post-info,\n\t\t\t\t\t#rt-tpg-container-256407328.rt-tpg-container .layout4 .rt-holder .rt-detail,\n\t\t\t\t\t.rt-modal-256407328 .md-content,\n\t\t\t\t\t.rt-modal-256407328 .md-content > .rt-md-content-holder .rt-md-content,\n\t\t\t\t\t.rt-popup-wrap-256407328.rt-popup-wrap .rt-popup-navigation-wrap,\n\t\t\t\t\t#rt-tpg-container-256407328 .carousel9 .rt-holder .overlay .post-info{background-color:#232b56;}#rt-tpg-container-256407328 .layout5 .rt-holder .overlay, #rt-tpg-container-256407328 .isotope2 .rt-holder .overlay, #rt-tpg-container-256407328 .carousel2 .rt-holder .overlay,#rt-tpg-container-256407328 .layout15 .rt-holder h3, #rt-tpg-container-256407328 .isotope11 .rt-holder h3, #rt-tpg-container-256407328 .carousel11 .rt-holder h3, #rt-tpg-container-256407328 .layout16 .rt-holder h3,\n\t\t\t\t\t#rt-tpg-container-256407328 .isotope12 .rt-holder h3, #rt-tpg-container-256407328 .carousel12 .rt-holder h3 {background-color:rgba(35,43,86,0.8);}#rt-tpg-container-256407328 .pagination-list li a,\n\t\t\t\t\trt-tpg-container-256407328 .pagination-list li span,\n\t\t\t\t\trt-tpg-container-256407328 .pagination li a,\n\t\t\t\t\t#rt-tpg-container-256407328 .rt-tpg-isotope-buttons button,\n\t\t\t\t\t#rt-tpg-container-256407328 .rt-tpg-utility .rt-tpg-load-more button,\n\t\t\t\t\t#rt-tpg-container-256407328.rt-tpg-container .swiper-navigation .slider-btn,\n\t\t\t\t\t#rt-tpg-container-256407328.rt-tpg-container .swiper-pagination-bullet,\n\t\t\t\t\t#rt-tpg-container-256407328 .wc1 .rt-holder .rt-img-holder .overlay .product-more ul li a,\n\t\t\t\t\t#rt-tpg-container-256407328 .wc2 .rt-detail .rt-wc-add-to-cart,\n\t\t\t\t\t#rt-tpg-container-256407328 .wc3 .rt-detail .rt-wc-add-to-cart,\n\t\t\t\t\t#rt-tpg-container-256407328 .wc4 .rt-detail .rt-wc-add-to-cart,\n\t\t\t\t\t#rt-tpg-container-256407328 .wc-carousel2 .rt-detail .rt-wc-add-to-cart,\n\t\t\t\t\t#rt-tpg-container-256407328 .wc-isotope2 .rt-detail .rt-wc-add-to-cart,\n\t\t\t\t\t#rt-tpg-container-256407328 .rt-layout-filter-container .rt-filter-wrap .rt-filter-item-wrap.rt-filter-dropdown-wrap .rt-filter-dropdown,\n\t\t\t\t\t#rt-tpg-container-256407328 .rt-layout-filter-container .rt-filter-sub-tax.sub-button-group .rt-filter-button-item,\n\t\t\t\t\t#rt-tpg-container-256407328.rt-tpg-container .rt-pagination-wrap .rt-page-numbers .paginationjs .paginationjs-pages ul li>a,\n\t\t\t\t\t#rt-tpg-container-256407328 .rt-filter-item-wrap.rt-filter-button-wrap span.rt-filter-button-item,\n\t\t\t\t\t#rt-tpg-container-256407328.rt-tpg-container .rt-pagination-wrap  .rt-loadmore-btn,\n\t\t\t\t\t#rt-tpg-container-256407328.rt-tpg-container .rt-pagination-wrap .rt-cb-page-prev-next > *,\n\t\t\t\t\t#rt-tpg-container-256407328 .rt-read-more,\n\t\t\t\t\t#rt-tooltip-256407328, #rt-tooltip-256407328 .rt-tooltip-bottom:after{background-color:#dd3333;}#rt-tpg-container-256407328 .rt-filter-item-wrap.rt-filter-button-wrap span.rt-filter-button-item,\n\t\t\t\t\t#rt-tpg-container-256407328 .rt-layout-filter-container .rt-filter-sub-tax.sub-button-group .rt-filter-button-item{border-color:#dd3333;}#rt-tpg-container-256407328.rt-tpg-container .layout17 .rt-holder .overlay a.tpg-zoom .fa{color:#dd3333;}#rt-tpg-container-256407328 .rt-holder .read-more a {background-color:#dd3333;padding: 8px 15px;}#rt-tpg-container-256407328 .pagination-list li a,\n\t\t\t\t\t#rt-tpg-container-256407328 .pagination li a,\n\t\t\t\t\t#rt-tpg-container-256407328 .rt-tpg-isotope-buttons button,\n\t\t\t\t\t#rt-tpg-container-256407328 .rt-holder .read-more a,\n\t\t\t\t\t#rt-tpg-container-256407328 .rt-tpg-utility .rt-tpg-load-more button,\n\t\t\t\t\t#rt-tpg-container-256407328.rt-tpg-container .swiper-navigation .slider-btn,\n\t\t\t\t\t#rt-tpg-container-256407328 .wc1 .rt-holder .rt-img-holder .overlay .product-more ul li a,\n\t\t\t\t\t#rt-tpg-container-256407328 .edd1 .rt-holder .rt-img-holder .overlay .product-more ul li a,\n\t\t\t\t\t#rt-tpg-container-256407328 .wc2 .rt-detail .rt-wc-add-to-cart,\n\t\t\t\t\t#rt-tpg-container-256407328 .wc3 .rt-detail .rt-wc-add-to-cart,\n\t\t\t\t\t#rt-tpg-container-256407328 .edd2 .rt-detail .rt-wc-add-to-cart,\n\t\t\t\t\t#rt-tpg-container-256407328 .wc4 .rt-detail .rt-wc-add-to-cart,\n\t\t\t\t\t#rt-tpg-container-256407328 .edd3 .rt-detail .rt-wc-add-to-cart,\n\t\t\t\t\t#rt-tpg-container-256407328 .wc-carousel2 .rt-detail .rt-wc-add-to-cart,\n\t\t\t\t\t#rt-tpg-container-256407328 .wc-isotope2 .rt-detail .rt-wc-add-to-cart,\n\t\t\t\t\t#rt-tpg-container-256407328 .rt-tpg-utility .rt-tpg-load-more button,\n\t\t\t\t\t#rt-tooltip-256407328,\n\t\t\t\t\t#rt-tpg-container-256407328 .rt-filter-item-wrap.rt-filter-button-wrap span.rt-filter-button-item,\n\t\t\t\t\t#rt-tpg-container-256407328 .rt-layout-filter-container .rt-filter-sub-tax.sub-button-group .rt-filter-button-item,\n\t\t\t\t\t#rt-tpg-container-256407328 .rt-layout-filter-container .rt-filter-wrap .rt-filter-item-wrap.rt-sort-order-action,\n\t\t\t\t\t#rt-tpg-container-256407328 .rt-layout-filter-container .rt-filter-wrap .rt-filter-item-wrap.rt-filter-dropdown-wrap .rt-filter-dropdown .rt-filter-dropdown-item,\n\t\t\t\t\t#rt-tpg-container-256407328.rt-tpg-container .rt-pagination-wrap .rt-page-numbers .paginationjs .paginationjs-pages ul li>a,\n\t\t\t\t\t#rt-tpg-container-256407328.rt-tpg-container .rt-pagination-wrap .rt-cb-page-prev-next > *,\n\t\t\t\t\t#rt-tpg-container-256407328.rt-tpg-container .rt-pagination-wrap  .rt-loadmore-btn,\n\t\t\t\t\t#rt-tpg-container-256407328 .rt-read-more,\n\t\t\t\t\t#rt-tooltip-256407328 .rt-tooltip-bottom:after{color:#ffffff;}#rt-tpg-container-256407328 .read-more a{border-radius:px;}#rt-tpg-container-256407328 .rt-img-holder img.rt-img-responsive,#rt-tpg-container-256407328 .rt-img-holder,\n\t\t\t\t\t#rt-tpg-container-256407328 .rt-post-overlay .post-img,\n\t\t\t\t\t#rt-tpg-container-256407328 .post-sm .post-img,\n\t\t\t\t\t#rt-tpg-container-256407328 .rt-post-grid .post-img,\n\t\t\t\t\t#rt-tpg-container-256407328 .post-img img {border-radius:px;}#rt-tpg-container-256407328 .layout2 .rt-holder h2.entry-title,\n\t\t\t\t\t#rt-tpg-container-256407328 .layout2 .rt-holder h3.entry-title,\n\t\t\t\t\t#rt-tpg-container-256407328 .layout2 .rt-holder h4.entry-title,\n\t\t\t\t\t#rt-tpg-container-256407328 .layout2 .rt-holder h2.entry-title a,\n\t\t\t\t\t#rt-tpg-container-256407328 .layout2 .rt-holder h3.entry-title a,\n\t\t\t\t\t#rt-tpg-container-256407328 .layout2 .rt-holder h4.entry-title a,\n\t\t\t\t\t#rt-tpg-container-256407328 .rt-holder .rt-woo-info h2 a,\n\t\t\t\t\t#rt-tpg-container-256407328 .rt-holder .rt-woo-info h3 a,\n\t\t\t\t\t#rt-tpg-container-256407328 .rt-holder .rt-woo-info h4 a,\n\t\t\t\t\t#rt-tpg-container-256407328 .post-content .post-title,\n\t\t\t\t\t#rt-tpg-container-256407328 .rt-post-grid .post-title,\n\t\t\t\t\t#rt-tpg-container-256407328 .rt-post-grid .post-title a,\n\t\t\t\t\t#rt-tpg-container-256407328 .post-content .post-title a,\n\t\t\t\t\t#rt-tpg-container-256407328 .rt-holder .rt-woo-info h2,\n\t\t\t\t\t#rt-tpg-container-256407328 .rt-holder .rt-woo-info h3,\n\t\t\t\t\t#rt-tpg-container-256407328 .rt-holder .rt-woo-info h4{color:#232b56;}#rt-tpg-container-256407328 .layout2 .rt-holder h2.entry-title:hover,\n\t\t\t\t\t#rt-tpg-container-256407328 .layout2 .rt-holder h3.entry-title:hover,\n\t\t\t\t\t#rt-tpg-container-256407328 .layout2 .rt-holder h4.entry-title:hover,\n\t\t\t\t\t#rt-tpg-container-256407328 .layout2 .rt-holder h2.entry-title a:hover,\n\t\t\t\t\t#rt-tpg-container-256407328 .layout2 .rt-holder h3.entry-title a:hover,\n\t\t\t\t\t#rt-tpg-container-256407328 .layout2 .rt-holder h4.entry-title a:hover,\n\t\t\t\t\t#rt-tpg-container-256407328 .post-content .post-title a:hover,\n\t\t\t\t\t#rt-tpg-container-256407328 .rt-post-grid .post-title a:hover,\n\t\t\t\t\t#rt-tpg-container-256407328 .rt-holder .rt-woo-info h2 a:hover,\n\t\t\t\t\t#rt-tpg-container-256407328 .rt-holder .rt-woo-info h3 a:hover,\n\t\t\t\t\t#rt-tpg-container-256407328 .rt-holder .rt-woo-info h4 a:hover,\n\t\t\t\t\t#rt-tpg-container-256407328 .rt-holder .rt-woo-info h2:hover,\n\t\t\t\t\t#rt-tpg-container-256407328 .rt-holder .rt-woo-info h3:hover,\n\t\t\t\t\t#rt-tpg-container-256407328 .rt-holder .rt-woo-info h4:hover{color:#730b51 !important;}#rt-tpg-container-256407328 .layout2 .rt-holder .post-meta-user,\n\t\t\t\t\t#rt-tpg-container-256407328 .layout2 .rt-meta,\n\t\t\t\t\t#rt-tpg-container-256407328 .layout2 .rt-meta a,\n\t\t\t\t\t#rt-tpg-container-256407328 .layout2 .rt-holder .post-meta-user .meta-data,\n\t\t\t\t\t#rt-tpg-container-256407328 .layout2 .rt-holder .post-meta-user a,\n\t\t\t\t\t#rt-tpg-container-256407328 .layout2 .rt-holder .rt-detail .post-meta .rt-tpg-social-share,\n\t\t\t\t\t#rt-tpg-container-256407328 .rt-post-overlay .post-meta-user span,\n\t\t\t\t\t#rt-tpg-container-256407328 .rt-post-overlay .post-meta-user,\n\t\t\t\t\t#rt-tpg-container-256407328 .rt-post-overlay .post-meta-user a,\n\t\t\t\t\t#rt-tpg-container-256407328 .rt-post-grid .post-meta-user,\n\t\t\t\t\t#rt-tpg-container-256407328 .rt-post-grid .post-meta-user a,\n\t\t\t\t\t#rt-tpg-container-256407328 .rt-post-box-media-style .post-meta-user,\n\t\t\t\t\t#rt-tpg-container-256407328 .rt-post-box-media-style .post-meta-user a,\n\t\t\t\t\t#rt-tpg-container-256407328 .layout2 .post-meta-user i,\n\t\t\t\t\t#rt-tpg-container-256407328 .rt-detail .post-meta-category a,\n\t\t\t\t\t#rt-tpg-container-256407328 .layout2 .post-meta-user a\n\t\t\t\t\t#rt-tpg-container-256407328 .layout2 .post-meta-user a {color:#730b51;}<\/style><div class='rt-container-fluid rt-tpg-container tpg-shortcode-main-wrapper ' id='rt-tpg-container-256407328'   data-layout='layout2' data-grid-style='even' data-desktop-col='1'  data-tab-col='1'  data-mobile-col='1' data-sc-id='3326'><div data-title='Loading ...' class='rt-row rt-content-loader   layout2 tpg-even '><div class=\"rt-col-md-12 rt-col-sm-12 rt-col-xs-12 even-grid-item rt-grid-item\" data-id=\"3442\"><div class=\"rt-holder\"><div class=\"rt-row\"><div class='rt-col-sm-4 rt-col-xs-12 '><div class=\"rt-img-holder\"><a data-id='3442' class='' href='https:\/\/site.educa.madrid.org\/ies.mariagoyrigoyri.madrid\/index.php\/2026\/05\/06\/seleccion-del-puesto-de-direccion-del-ies-maria-goyri-goyri\/'><img loading=\"lazy\" decoding=\"async\" width=\"1000\" height=\"667\" src=\"https:\/\/site.educa.madrid.org\/ies.mariagoyrigoyri.madrid\/\/wp-content\/uploads\/ies.mariagoyrigoyri.madrid\/2026\/05\/77.jpg\" class=\"rt-img-responsive \" alt=\"\" \/><\/a><\/div><\/div><div class='rt-col-sm-8 rt-col-xs-12 '><div class='rt-detail'><h3 class=\"entry-title\"><a data-id=\"3442\" class=\"\" href=\"https:\/\/site.educa.madrid.org\/ies.mariagoyrigoyri.madrid\/index.php\/2026\/05\/06\/seleccion-del-puesto-de-direccion-del-ies-maria-goyri-goyri\/\">SELECCI\u00d3N DEL PUESTO DE DIRECCI\u00d3N DEL IES MAR\u00cdA GOYRI GOYRI<\/a><\/h3><div class='post-meta-user '><span class='date-meta'><i class='far fa-calendar-alt '><\/i>6 mayo, 2026<\/span><\/div><div class='tpg-excerpt'>Citaci\u00f3n para la exposici\u00f3n y defensa del proyecto de direcci\u00f3n...<\/div><\/div><\/div><\/div><\/div><\/div><div class=\"rt-col-md-12 rt-col-sm-12 rt-col-xs-12 even-grid-item rt-grid-item\" data-id=\"3434\"><div class=\"rt-holder\"><div class=\"rt-row\"><div class='rt-col-sm-4 rt-col-xs-12 '><div class=\"rt-img-holder\"><a data-id='3434' class='' href='https:\/\/site.educa.madrid.org\/ies.mariagoyrigoyri.madrid\/index.php\/2026\/05\/05\/calendario-final-de-curso-academico-2025-2026\/'><img loading=\"lazy\" decoding=\"async\" width=\"900\" height=\"660\" src=\"https:\/\/site.educa.madrid.org\/ies.mariagoyrigoyri.madrid\/\/wp-content\/uploads\/ies.mariagoyrigoyri.madrid\/2026\/05\/calendario.jpg\" class=\"rt-img-responsive \" alt=\"\" \/><\/a><\/div><\/div><div class='rt-col-sm-8 rt-col-xs-12 '><div class='rt-detail'><h3 class=\"entry-title\"><a data-id=\"3434\" class=\"\" href=\"https:\/\/site.educa.madrid.org\/ies.mariagoyrigoyri.madrid\/index.php\/2026\/05\/05\/calendario-final-de-curso-academico-2025-2026\/\">Calendario Final de Curso Acad\u00e9mico 2025-2026<\/a><\/h3><div class='post-meta-user '><span class='date-meta'><i class='far fa-calendar-alt '><\/i>5 mayo, 2026<\/span><\/div><div class='tpg-excerpt'>Informaci\u00f3n fin de curso...<\/div><\/div><\/div><\/div><\/div><\/div><div class=\"rt-col-md-12 rt-col-sm-12 rt-col-xs-12 even-grid-item rt-grid-item\" data-id=\"3420\"><div class=\"rt-holder\"><div class=\"rt-row\"><div class='rt-col-sm-4 rt-col-xs-12 '><div class=\"rt-img-holder\"><a data-id='3420' class='' href='https:\/\/site.educa.madrid.org\/ies.mariagoyrigoyri.madrid\/index.php\/2026\/04\/27\/convocatoria-ordinaria-pau-2026-instrucciones-de-matricula\/'><img loading=\"lazy\" decoding=\"async\" width=\"1000\" height=\"667\" src=\"https:\/\/site.educa.madrid.org\/ies.mariagoyrigoyri.madrid\/\/wp-content\/uploads\/ies.mariagoyrigoyri.madrid\/2026\/04\/174.jpg\" class=\"rt-img-responsive \" alt=\"\" \/><\/a><\/div><\/div><div class='rt-col-sm-8 rt-col-xs-12 '><div class='rt-detail'><h3 class=\"entry-title\"><a data-id=\"3420\" class=\"\" href=\"https:\/\/site.educa.madrid.org\/ies.mariagoyrigoyri.madrid\/index.php\/2026\/04\/27\/convocatoria-ordinaria-pau-2026-instrucciones-de-matricula\/\">CONVOCATORIA ORDINARIA PAU 2026. INSTRUCCIONES DE MATR\u00cdCULA.<\/a><\/h3><div class='post-meta-user '><span class='date-meta'><i class='far fa-calendar-alt '><\/i>27 abril, 2026<\/span><\/div><div class='tpg-excerpt'>Prueba para el acceso a la Universidad (PAU) 2026...<\/div><\/div><\/div><\/div><\/div><\/div><div class=\"rt-col-md-12 rt-col-sm-12 rt-col-xs-12 even-grid-item rt-grid-item\" data-id=\"3340\"><div class=\"rt-holder\"><div class=\"rt-row\"><div class='rt-col-sm-4 rt-col-xs-12 '><div class=\"rt-img-holder\"><a data-id='3340' class='' href='https:\/\/site.educa.madrid.org\/ies.mariagoyrigoyri.madrid\/index.php\/2026\/03\/11\/cam-proceso-admision-26-27\/'><img loading=\"lazy\" decoding=\"async\" width=\"1750\" height=\"830\" src=\"https:\/\/site.educa.madrid.org\/ies.mariagoyrigoyri.madrid\/\/wp-content\/uploads\/ies.mariagoyrigoyri.madrid\/2026\/03\/abierto-plazo-inscripcion.jpg\" class=\"rt-img-responsive \" alt=\"\" \/><\/a><\/div><\/div><div class='rt-col-sm-8 rt-col-xs-12 '><div class='rt-detail'><h3 class=\"entry-title\"><a data-id=\"3340\" class=\"\" href=\"https:\/\/site.educa.madrid.org\/ies.mariagoyrigoyri.madrid\/index.php\/2026\/03\/11\/cam-proceso-admision-26-27\/\">CAM Proceso Admisi\u00f3n 26\/27<\/a><\/h3><div class='post-meta-user '><span class='date-meta'><i class='far fa-calendar-alt '><\/i>11 marzo, 2026<\/span><\/div><div class='tpg-excerpt'>La Comunidad de Madrid abre el plazo de admisi\u00f3n de los Centros Educativos...<\/div><\/div><\/div><\/div><\/div><\/div><div class=\"rt-col-md-12 rt-col-sm-12 rt-col-xs-12 even-grid-item rt-grid-item\" data-id=\"3210\"><div class=\"rt-holder\"><div class=\"rt-row\"><div class='rt-col-sm-4 rt-col-xs-12 '><div class=\"rt-img-holder\"><a data-id='3210' class='' href='https:\/\/site.educa.madrid.org\/ies.mariagoyrigoyri.madrid\/index.php\/2026\/01\/13\/jornada-de-puertas-abiertas-2026\/'><img loading=\"lazy\" decoding=\"async\" width=\"1755\" height=\"1241\" src=\"https:\/\/site.educa.madrid.org\/ies.mariagoyrigoyri.madrid\/\/wp-content\/uploads\/ies.mariagoyrigoyri.madrid\/2026\/01\/Foto-Jornadas-de-Puertas-Abiertas-2026.jpg\" class=\"rt-img-responsive \" alt=\"\" \/><\/a><\/div><\/div><div class='rt-col-sm-8 rt-col-xs-12 '><div class='rt-detail'><h3 class=\"entry-title\"><a data-id=\"3210\" class=\"\" href=\"https:\/\/site.educa.madrid.org\/ies.mariagoyrigoyri.madrid\/index.php\/2026\/01\/13\/jornada-de-puertas-abiertas-2026\/\">JORNADA DE PUERTAS ABIERTAS<\/a><\/h3><div class='post-meta-user '><span class='date-meta'><i class='far fa-calendar-alt '><\/i>13 enero, 2026<\/span><\/div><div class='tpg-excerpt'>3 y 4 de marzo de 2026...<\/div><\/div><\/div><\/div><\/div><\/div><\/div><div class='rt-pagination-wrap' data-total-pages='3' data-posts-per-page='5' data-type='pagination'  ><div class=\"rt-pagination\" ><ul class=\"pagination-list\"><li class=\"active\"><span>1<\/span><\/li><li><a data-paged='2' href='https:\/\/site.educa.madrid.org\/ies.mariagoyrigoyri.madrid\/index.php\/wp-json\/wp\/v2\/pages\/140\/page\/2\/'>2<\/a><\/li><li><a data-paged='3' href='https:\/\/site.educa.madrid.org\/ies.mariagoyrigoyri.madrid\/index.php\/wp-json\/wp\/v2\/pages\/140\/page\/3\/'>3<\/a><\/li><\/ul><\/div><\/div><\/div>\n","protected":false},"excerpt":{"rendered":"","protected":false},"author":5,"featured_media":0,"parent":0,"menu_order":0,"comment_status":"closed","ping_status":"closed","template":"","meta":{"footnotes":""},"folder":[],"class_list":["post-140","page","type-page","status-publish","hentry"],"rttpg_featured_image_url":null,"rttpg_author":{"display_name":"Cuenta Admin-educamadrid","author_link":"https:\/\/site.educa.madrid.org\/ies.mariagoyrigoyri.madrid\/index.php\/author\/cuenta_admin-educamadrid\/"},"rttpg_comment":0,"rttpg_category":"","rttpg_excerpt":null,"post_mailing_queue_ids":[],"_links":{"self":[{"href":"https:\/\/site.educa.madrid.org\/ies.mariagoyrigoyri.madrid\/index.php\/wp-json\/wp\/v2\/pages\/140","targetHints":{"allow":["GET"]}}],"collection":[{"href":"https:\/\/site.educa.madrid.org\/ies.mariagoyrigoyri.madrid\/index.php\/wp-json\/wp\/v2\/pages"}],"about":[{"href":"https:\/\/site.educa.madrid.org\/ies.mariagoyrigoyri.madrid\/index.php\/wp-json\/wp\/v2\/types\/page"}],"author":[{"embeddable":true,"href":"https:\/\/site.educa.madrid.org\/ies.mariagoyrigoyri.madrid\/index.php\/wp-json\/wp\/v2\/users\/5"}],"replies":[{"embeddable":true,"href":"https:\/\/site.educa.madrid.org\/ies.mariagoyrigoyri.madrid\/index.php\/wp-json\/wp\/v2\/comments?post=140"}],"version-history":[{"count":7,"href":"https:\/\/site.educa.madrid.org\/ies.mariagoyrigoyri.madrid\/index.php\/wp-json\/wp\/v2\/pages\/140\/revisions"}],"predecessor-version":[{"id":3327,"href":"https:\/\/site.educa.madrid.org\/ies.mariagoyrigoyri.madrid\/index.php\/wp-json\/wp\/v2\/pages\/140\/revisions\/3327"}],"wp:attachment":[{"href":"https:\/\/site.educa.madrid.org\/ies.mariagoyrigoyri.madrid\/index.php\/wp-json\/wp\/v2\/media?parent=140"}],"wp:term":[{"taxonomy":"folder","embeddable":true,"href":"https:\/\/site.educa.madrid.org\/ies.mariagoyrigoyri.madrid\/index.php\/wp-json\/wp\/v2\/folder?post=140"}],"curies":[{"name":"wp","href":"https:\/\/api.w.org\/{rel}","templated":true}]}}