{"id":1850,"date":"2024-01-22T12:52:00","date_gmt":"2024-01-22T11:52:00","guid":{"rendered":"https:\/\/site.educa.madrid.org\/ies.mariagoyrigoyri.madrid\/?page_id=1850"},"modified":"2026-04-09T14:49:51","modified_gmt":"2026-04-09T12:49:51","slug":"admision-curso-2026-2027","status":"publish","type":"page","link":"https:\/\/site.educa.madrid.org\/ies.mariagoyrigoyri.madrid\/index.php\/admision-curso-2026-2027\/","title":{"rendered":"Admisi\u00f3n curso 2026-2027"},"content":{"rendered":"\n<p>A continuaci\u00f3n se detalla toda la informaci\u00f3n correspondiente al proceso de admisi\u00f3n para el curso 2026-2027:<\/p>\n\n\n\n<p><\/p>\n\n\n\n<ol class=\"wp-block-list\">\n<li><a href=\"https:\/\/site.educa.madrid.org\/ies.mariagoyrigoyri.madrid\/\/wp-content\/uploads\/ies.mariagoyrigoyri.madrid\/2026\/03\/Anexo-I-Centro-28028967-IES-Maria-Goyri-Goyri9_3_2026_DAT-M-C.pdf\" target=\"_blank\" rel=\"noreferrer noopener\">Plazas vacantes ofertadas<\/a><\/li>\n\n\n\n<li><a href=\"https:\/\/site.educa.madrid.org\/ies.mariagoyrigoyri.madrid\/\/wp-content\/uploads\/ies.mariagoyrigoyri.madrid\/2026\/03\/Informacion-Basica-admision-alumnos-2026_2027.pdf\" target=\"_blank\" rel=\"noreferrer noopener\">Informaci\u00f3n b\u00e1sica para la admisi\u00f3n de alumnos 2026-2027<\/a><\/li>\n\n\n\n<li><a href=\"https:\/\/site.educa.madrid.org\/ies.mariagoyrigoyri.madrid\/\/wp-content\/uploads\/ies.mariagoyrigoyri.madrid\/2025\/12\/Instrucciones-Admision-curso-2026_2027_BOCM-20251209-19.pdf\" target=\"_blank\" rel=\"noreferrer noopener\">Instrucciones admisi\u00f3n curso 2026-2027. BOCM.<\/a><\/li>\n\n\n\n<li><a href=\"https:\/\/site.educa.madrid.org\/ies.mariagoyrigoyri.madrid\/\/wp-content\/uploads\/ies.mariagoyrigoyri.madrid\/2026\/02\/NORMATIVA-ADMISION-2026_2027.pdf\" target=\"_blank\" rel=\"noreferrer noopener\">Informaci\u00f3n y normativa de admisi\u00f3n curso 2026-2027<\/a><\/li>\n\n\n\n<li><a href=\"https:\/\/site.educa.madrid.org\/ies.mariagoyrigoyri.madrid\/\/wp-content\/uploads\/ies.mariagoyrigoyri.madrid\/2026\/04\/RESULTADO-DEL-SORTEO-PUBLICO.pdf\" target=\"_blank\" rel=\"noreferrer noopener\">Resultado del sorteo p\u00fablico<\/a><\/li>\n<\/ol>\n\n\n\n<p><\/p>\n\n\n\n<div class=\"wp-block-buttons is-layout-flex wp-block-buttons-is-layout-flex\">\n<div class=\"wp-block-button has-custom-width wp-block-button__width-25 has-custom-font-size has-small-font-size\"><a class=\"wp-block-button__link has-white-color has-vivid-red-background-color has-text-color has-background has-link-color wp-element-button\" href=\"https:\/\/www.comunidad.madrid\/servicios\/educacion\/gestion-telematica-solicitud-admision-alumnos-secretaria-virtual\" style=\"border-radius:0px\" target=\"_blank\" rel=\"noreferrer noopener\">SECRETAR\u00cdA VIRTUAL<\/a><\/div>\n<\/div>\n\n\n\n<p><\/p>\n\n\n\n<p>Para m\u00e1s informaci\u00f3n, <a rel=\"noreferrer noopener\" href=\"https:\/\/www.comunidad.madrid\/servicios\/educacion\/solicita-tu-admision-educacion-infantil-obligatoria-bachillerato\" target=\"_blank\">puede consultar la p\u00e1gina de admisi\u00f3n de la Comunidad de Madrid.<\/a><\/p>\n","protected":false},"excerpt":{"rendered":"<p>A continuaci\u00f3n se detalla toda la informaci\u00f3n correspondiente al proceso de admisi\u00f3n para el curso 2026-2027: Para m\u00e1s informaci\u00f3n, puede consultar la p\u00e1gina de admisi\u00f3n de la Comunidad de Madrid.<\/p>\n","protected":false},"author":3,"featured_media":0,"parent":0,"menu_order":0,"comment_status":"closed","ping_status":"closed","template":"","meta":{"footnotes":""},"folder":[],"class_list":["post-1850","page","type-page","status-publish","hentry"],"rttpg_featured_image_url":null,"rttpg_author":{"display_name":"ies.mariagoyrigoyri.madrid","author_link":"https:\/\/site.educa.madrid.org\/ies.mariagoyrigoyri.madrid\/index.php\/author\/cuenta_ies-mariagoyrigoyri-madrid\/"},"rttpg_comment":0,"rttpg_category":false,"rttpg_excerpt":"A continuaci\u00f3n se detalla toda la informaci\u00f3n correspondiente al proceso de admisi\u00f3n para el curso 2026-2027: Para m\u00e1s informaci\u00f3n, puede consultar la p\u00e1gina de admisi\u00f3n de la Comunidad de Madrid.","post_mailing_queue_ids":[],"_links":{"self":[{"href":"https:\/\/site.educa.madrid.org\/ies.mariagoyrigoyri.madrid\/index.php\/wp-json\/wp\/v2\/pages\/1850","targetHints":{"allow":["GET"]}}],"collection":[{"href":"https:\/\/site.educa.madrid.org\/ies.mariagoyrigoyri.madrid\/index.php\/wp-json\/wp\/v2\/pages"}],"about":[{"href":"https:\/\/site.educa.madrid.org\/ies.mariagoyrigoyri.madrid\/index.php\/wp-json\/wp\/v2\/types\/page"}],"author":[{"embeddable":true,"href":"https:\/\/site.educa.madrid.org\/ies.mariagoyrigoyri.madrid\/index.php\/wp-json\/wp\/v2\/users\/3"}],"replies":[{"embeddable":true,"href":"https:\/\/site.educa.madrid.org\/ies.mariagoyrigoyri.madrid\/index.php\/wp-json\/wp\/v2\/comments?post=1850"}],"version-history":[{"count":23,"href":"https:\/\/site.educa.madrid.org\/ies.mariagoyrigoyri.madrid\/index.php\/wp-json\/wp\/v2\/pages\/1850\/revisions"}],"predecessor-version":[{"id":3371,"href":"https:\/\/site.educa.madrid.org\/ies.mariagoyrigoyri.madrid\/index.php\/wp-json\/wp\/v2\/pages\/1850\/revisions\/3371"}],"wp:attachment":[{"href":"https:\/\/site.educa.madrid.org\/ies.mariagoyrigoyri.madrid\/index.php\/wp-json\/wp\/v2\/media?parent=1850"}],"wp:term":[{"taxonomy":"folder","embeddable":true,"href":"https:\/\/site.educa.madrid.org\/ies.mariagoyrigoyri.madrid\/index.php\/wp-json\/wp\/v2\/folder?post=1850"}],"curies":[{"name":"wp","href":"https:\/\/api.w.org\/{rel}","templated":true}]}}