{"id":517,"date":"2022-06-29T10:21:42","date_gmt":"2022-06-29T08:21:42","guid":{"rendered":"https:\/\/site.educa.madrid.org\/ies.mariagoyrigoyri.madrid\/?page_id=517"},"modified":"2026-04-24T12:43:53","modified_gmt":"2026-04-24T10:43:53","slug":"departamento-de-filosofia","status":"publish","type":"page","link":"https:\/\/site.educa.madrid.org\/ies.mariagoyrigoyri.madrid\/index.php\/departamento-de-filosofia\/","title":{"rendered":"Departamento de Filosof\u00eda"},"content":{"rendered":"\n<p class=\"Textbody\">El objetivo fundamental de la asignatura es el <b>desarrollo de la actitud reflexiva y cr\u00edtica en los alumnos<\/b>. Por este motivo, las principales metodolog\u00edas est\u00e1n enfocadas en estimular y provocar actitudes reflexivas en las que se sometan a consideraci\u00f3n y an\u00e1lisis tanto la diversidad de aspectos de nuestra experiencia, cuanto los problemas fundamentales que plantean cada uno de ellos y sus relaciones.<\/p>\n\n\n\n<p class=\"Textbody\">El enfoque, por lo tanto, ser\u00e1 <span class=\"StrongEmphasis\"><strong>dotar al alumno de unos conocimientos que le permitan analizar y comprender el entorno social y cultural<\/strong> en<\/span> el que se va a desenvolver su vida, as\u00ed como prepararle para que pueda acceder sin problemas a los estudios superiores.<\/p>\n\n\n\n<p class=\"has-text-align-center has-text-color has-medium-font-size\" style=\"color:#0d77d1\"><strong>Miembros del Departamento<\/strong><\/p>\n\n\n\n<div class=\"wp-block-columns is-layout-flex wp-container-core-columns-is-layout-9d6595d7 wp-block-columns-is-layout-flex\">\n<div class=\"wp-block-column is-layout-flow wp-block-column-is-layout-flow\">\n<figure class=\"wp-block-table is-style-stripes\"><table><thead><tr><th class=\"has-text-align-left\" data-align=\"left\">NOMBRE<\/th><th class=\"has-text-align-left\" data-align=\"left\">CARGO \/FUNCI\u00d3N<\/th><th class=\"has-text-align-left\" data-align=\"left\">EMAIL DE CONTACTO<\/th><\/tr><\/thead><tbody><tr><td class=\"has-text-align-left\" data-align=\"left\">Paula L\u00f3pez Arencibia<\/td><td class=\"has-text-align-left\" data-align=\"left\">Jefe de Departamento<\/td><td class=\"has-text-align-left\" data-align=\"left\">pla883@educa.madrid.org<\/td><\/tr><\/tbody><\/table><\/figure>\n<\/div>\n<\/div>\n\n\n\n<div class=\"wp-block-columns is-layout-flex wp-container-core-columns-is-layout-9d6595d7 wp-block-columns-is-layout-flex\">\n<div class=\"wp-block-column is-layout-flow wp-block-column-is-layout-flow\">\n<p class=\"has-text-color has-medium-font-size\" style=\"color:#0d77d1\"><strong>Enlaces de Inter\u00e9s<\/strong><\/p>\n\n\n\n<figure class=\"wp-block-table is-style-stripes\"><table><tbody><tr><td><a href=\"https:\/\/site.educa.madrid.org\/ies.mariagoyrigoyri.madrid\/\/wp-content\/uploads\/ies.mariagoyrigoyri.madrid\/2025\/10\/Criterios-de-calificacion-del-departamento-de-Filosofia.docx.pdf\" target=\"_blank\" rel=\"noreferrer noopener\">Criterios de calificaci\u00f3n<\/a><\/td><\/tr><tr><td><a href=\"https:\/\/site.educa.madrid.org\/ies.mariagoyrigoyri.madrid\/\/wp-content\/uploads\/ies.mariagoyrigoyri.madrid\/2025\/10\/PROGRAMACION-DEL-DEPARTAMENTO-DE-FILOSOFIA.docx.pdf\" target=\"_blank\" rel=\"noreferrer noopener\">Programaci\u00f3n Did\u00e1ctica<\/a><\/td><\/tr><tr><td><a href=\"https:\/\/site.educa.madrid.org\/ies.mariagoyrigoyri.madrid\/\/wp-content\/uploads\/ies.mariagoyrigoyri.madrid\/2026\/04\/Filofofia-de-4o-ESO.pdf\" target=\"_blank\" rel=\"noreferrer noopener\">Optativa Filosof\u00eda de 4\u00ba ESO<\/a><\/td><\/tr><\/tbody><\/table><\/figure>\n<\/div>\n\n\n\n<div class=\"wp-block-column is-layout-flow wp-block-column-is-layout-flow\" style=\"flex-basis:10%\"><\/div>\n\n\n\n<div class=\"wp-block-column is-layout-flow wp-block-column-is-layout-flow\">\n<p><\/p>\n\n\n\n<p><\/p>\n<\/div>\n<\/div>\n","protected":false},"excerpt":{"rendered":"<p>El objetivo fundamental de la asignatura es el desarrollo de la actitud reflexiva y cr\u00edtica en los alumnos. Por este motivo, las principales metodolog\u00edas est\u00e1n enfocadas en estimular y provocar &#8230;<\/p>\n","protected":false},"author":5,"featured_media":0,"parent":0,"menu_order":15,"comment_status":"closed","ping_status":"closed","template":"","meta":{"footnotes":""},"folder":[],"class_list":["post-517","page","type-page","status-publish","hentry"],"rttpg_featured_image_url":null,"rttpg_author":{"display_name":"Cuenta Admin-educamadrid","author_link":"https:\/\/site.educa.madrid.org\/ies.mariagoyrigoyri.madrid\/index.php\/author\/cuenta_admin-educamadrid\/"},"rttpg_comment":0,"rttpg_category":false,"rttpg_excerpt":"El objetivo fundamental de la asignatura es el desarrollo de la actitud reflexiva y cr\u00edtica en los alumnos. Por este motivo, las principales metodolog\u00edas est\u00e1n enfocadas en estimular y provocar ...","post_mailing_queue_ids":[],"_links":{"self":[{"href":"https:\/\/site.educa.madrid.org\/ies.mariagoyrigoyri.madrid\/index.php\/wp-json\/wp\/v2\/pages\/517","targetHints":{"allow":["GET"]}}],"collection":[{"href":"https:\/\/site.educa.madrid.org\/ies.mariagoyrigoyri.madrid\/index.php\/wp-json\/wp\/v2\/pages"}],"about":[{"href":"https:\/\/site.educa.madrid.org\/ies.mariagoyrigoyri.madrid\/index.php\/wp-json\/wp\/v2\/types\/page"}],"author":[{"embeddable":true,"href":"https:\/\/site.educa.madrid.org\/ies.mariagoyrigoyri.madrid\/index.php\/wp-json\/wp\/v2\/users\/5"}],"replies":[{"embeddable":true,"href":"https:\/\/site.educa.madrid.org\/ies.mariagoyrigoyri.madrid\/index.php\/wp-json\/wp\/v2\/comments?post=517"}],"version-history":[{"count":8,"href":"https:\/\/site.educa.madrid.org\/ies.mariagoyrigoyri.madrid\/index.php\/wp-json\/wp\/v2\/pages\/517\/revisions"}],"predecessor-version":[{"id":3402,"href":"https:\/\/site.educa.madrid.org\/ies.mariagoyrigoyri.madrid\/index.php\/wp-json\/wp\/v2\/pages\/517\/revisions\/3402"}],"wp:attachment":[{"href":"https:\/\/site.educa.madrid.org\/ies.mariagoyrigoyri.madrid\/index.php\/wp-json\/wp\/v2\/media?parent=517"}],"wp:term":[{"taxonomy":"folder","embeddable":true,"href":"https:\/\/site.educa.madrid.org\/ies.mariagoyrigoyri.madrid\/index.php\/wp-json\/wp\/v2\/folder?post=517"}],"curies":[{"name":"wp","href":"https:\/\/api.w.org\/{rel}","templated":true}]}}