{"id":763,"date":"2022-09-25T10:55:57","date_gmt":"2022-09-25T08:55:57","guid":{"rendered":"https:\/\/site.educa.madrid.org\/ies.mariagoyrigoyri.madrid\/?page_id=763"},"modified":"2026-02-17T12:13:03","modified_gmt":"2026-02-17T11:13:03","slug":"claustro-de-profesores","status":"publish","type":"page","link":"https:\/\/site.educa.madrid.org\/ies.mariagoyrigoyri.madrid\/index.php\/nuestro-centro-mariagoyrigoyri\/claustro-de-profesores\/","title":{"rendered":"Claustro de profesores"},"content":{"rendered":"\n<figure class=\"wp-block-table\"><table class=\"has-fixed-layout\"><tbody><tr><td><strong>PROFESORES<\/strong><\/td><td><strong>CORREO ELECTR\u00d3NICO<\/strong><\/td><\/tr><tr><td>Jairo Aganzo Gonz\u00e1lez<\/td><td>jairo.aganzo@educa.madrid.org<\/td><\/tr><tr><td>Blanca Alonso Mateo<\/td><td>bam808@educa.madrid.org<\/td><\/tr><tr><td>Aitor Amores Martin<\/td><td>aitor.amores1@educa.madrid.org<\/td><\/tr><tr><td>Juan Anaya L\u00e1zaro<\/td><td>juan.anaya1@educa.madrid.org<\/td><\/tr><tr><td>Luis Francisco Andres Laa<\/td><td>luis.deandres@educa.madrid.org<\/td><\/tr><tr><td>Ana Angeles Alejo<\/td><td>aangeles@educa.madrid.org<\/td><\/tr><tr><td>Laura Barbero Morales<\/td><td>laura.bm@educa.madrid.org<\/td><\/tr><tr><td>Dana Maria Constantinescu<\/td><td>dana.constantinescu@educa.madrid.org<\/td><\/tr><tr><td>Carlos de la Pisa Cagigal<\/td><td>carlos.delapisa@educa.madrid.org<\/td><\/tr><tr><td>Almudena Dom\u00ednguez Hernandez<\/td><td>almudena.dominguezhernandez@educa.madrid.org<\/td><\/tr><tr><td>Juan Dukuly Blazquez<\/td><td>juan.dukulyblazquez@educa.madrid.org<\/td><\/tr><tr><td>Cristhian Exp\u00f3sito Acosta<\/td><td>cristhian.exposito@educa.madrid.org<\/td><\/tr><tr><td>M.Teresa Fernandez Andres<\/td><td>mfernandezandres@educa.madrid.org<\/td><\/tr><tr><td>Diego Amado de Fuente Monedero<\/td><td>diego.delafuente@educa.madrid.org<\/td><\/tr><tr><td>Antonio Alejan Garcia de la Higuera<\/td><td>alejandro.garciadelahiguera@educa.madrid.org<\/td><\/tr><tr><td>Cristina Garcia Oviedo<\/td><td>cgarciaoviedo@educa.madrid.org<\/td><\/tr><tr><td>Maria Gonz\u00e1lez Mateos<\/td><td>mgonzalezmateos@educa.madrid.org<\/td><\/tr><tr><td>Ignacio Gonz\u00e1lez Nieto<\/td><td>igonzaleznieto@educa.madrid.org<\/td><\/tr><tr><td>Pablo Gonz\u00e1lez Valle<\/td><td>pgonzalezvalle@educa.madrid.org<\/td><\/tr><tr><td>Hector Gordaliza Corripio<\/td><td>hgordaliza@educa.madrid.org<\/td><\/tr><tr><td>Candelaria Gutierrez Lopez<\/td><td>candelaria.gutierrez@educa.madrid.org<\/td><\/tr><tr><td>Narciso Henche Paz<\/td><td>narciso.henchepaz@educa.madrid.org<\/td><\/tr><tr><td>Maria Amparo Horcajo de Frutos<\/td><td>amparo.horcajodefrutos@educa.madrid.org<\/td><\/tr><tr><td>Alicia Izquierdo Hernandez<\/td><td>alicia.izquierdo6@educa.madrid.org<\/td><\/tr><tr><td>Edurne Lopez Vidania<\/td><td>edurne.lopez@educa.madrid.org<\/td><\/tr><tr><td>Paula L\u00f3pez Arencibia<\/td><td>pla883@educa.madrid.org<\/td><\/tr><tr><td>Rosa M. L\u00f3pez Cuenca<\/td><td>rosamaria.lopezcuenca@educa.madrid.org<\/td><\/tr><tr><td>Noemi Luna Rodriguez<\/td><td>nlunarodriguez@educa.madrid.org&gt;<\/td><\/tr><tr><td>Natalia Mart\u00ednez Barriga<\/td><td>natalia.martinez1@educa.madrid.org<\/td><\/tr><tr><td>Yolanda Mansilla S\u00e1nchez<\/td><td>ymansilla@educa.madrid.org<\/td><\/tr><tr><td>Daniel Mart\u00edn Buend\u00eda<\/td><td>dbm102@educa.madrid.org<\/td><\/tr><tr><td>Esperanza Vicenta Mendieta Quintana<\/td><td>esperanza.mendieta@educa.madrid.org<\/td><\/tr><tr><td>Laura&nbsp; Armada Alvarez<\/td><td>laura.a@educa.madrid.org<\/td><\/tr><tr><td>Miguel Angel Millan Lopez<\/td><td>mmillan@educa.madrid.org<\/td><\/tr><tr><td>Belen Miranda Ferr\u00e1ndez<\/td><td>bmiranda@educa.madrid.org<\/td><\/tr><tr><td>Maria Noelia Montoya Garcia<\/td><td>mnmg54@educa.madrid.org<\/td><\/tr><tr><td>Jes\u00fas Pascual Moreno Damas<\/td><td>jesus.morenodamas@educa.madrid.org<\/td><\/tr><tr><td>Francisco de Borja Moreno Mart\u00ednez<\/td><td>francisco.moreno10@educa.madrid.org<\/td><\/tr><tr><td>Ana Maria Moreno Sansalvador<\/td><td>ana.morenosansalvador@educa.madrid.org<\/td><\/tr><tr><td>Africa Oca Mu\u00f1oz<\/td><td>africa.oca@educa.madrid.org<\/td><\/tr><tr><td>Daniel Palencia Luj\u00e1n<\/td><td>dpl138@educa.madrid.org<\/td><\/tr><tr><td>Miguel&nbsp; Pena Alonso<\/td><td>miguel.pa@educa.madrid.org<\/td><\/tr><tr><td>Guzman Pe\u00f1a Alonso<\/td><td>gpa739@educa.madrid.org<\/td><\/tr><tr><td>Marta Pifarr\u00e9 Rojo<\/td><td>marta.pifarre@educa.madrid.org<\/td><\/tr><tr><td>Juan Jose Prieto Martinez<\/td><td>jprietomartinez@educa.madrid.org<\/td><\/tr><tr><td>Paul Redondo de Mingo<\/td><td>prdm00@educa.madrid.org<\/td><\/tr><tr><td>Sergio Redondo Fernandez<\/td><td>sredondofernandez@educa.madrid.org<\/td><\/tr><tr><td>M.Almudena Revenga Dom\u00ednguez<\/td><td>almudena.revenga@educa.madrid.org<\/td><\/tr><tr><td>Maria Rodriguez Cobos<\/td><td>mrodriguezcobos@educa.madrid.org<\/td><\/tr><tr><td>M.Gema Rodriguez Llorente<\/td><td>gema.rodriguezllorente@educa.madrid.org<\/td><\/tr><tr><td>Andr\u00e9s S\u00e1nchez Marquez<\/td><td>asm988@educa.madrid.org<\/td><\/tr><tr><td>Francisco Javier Sanchez Rodriguez<\/td><td>fjsanchez5@educa.madrid.org<\/td><\/tr><tr><td>Irene Sanz Hernandez<\/td><td>irene.sh@educa.madrid.org<\/td><\/tr><tr><td>I\u00f1aki Siguero Fadrique<\/td><td>inaki.siguero@educa.madrid.org<\/td><\/tr><tr><td>Paloma Maria de Sota Blanchart<\/td><td>paloma.delasota@educa.madrid.org<\/td><\/tr><tr><td>Alba Gema Tolmos Hernandez<\/td><td>alba.tolmos@educa.madrid.org<\/td><\/tr><tr><td>Yolanda Torres Garcia<\/td><td>yolanda.torres@educa.madrid.org<\/td><\/tr><tr><td>Mar\u00eda Candela Troisi Mart\u00edn<\/td><td>mctroisi@educa.madrid.org<\/td><\/tr><tr><td>David Vel\u00e1zquez Rubio<\/td><td>david.velazquezrubio@educa.madrid.org<\/td><\/tr><\/tbody><\/table><\/figure>\n\n\n\n<div style=\"height:50px\" aria-hidden=\"true\" class=\"wp-block-spacer\"><\/div>\n\n\n\n<figure class=\"wp-block-table\"><table class=\"has-fixed-layout\"><tbody><tr><td colspan=\"2\"><strong>JEFES DE DEPARTAMENTO<\/strong><\/td><\/tr><tr><td>Biolog\u00eda: Alicia Izquierdo Hern\u00e1ndez.<\/td><td>alicia.izquierdo6@educa.madrid.org<\/td><\/tr><tr><td>Dibujo: H\u00e9ctor Gordaliza Corripio.<\/td><td>hgordaliza@educa.madrid.org<\/td><\/tr><tr><td>Educaci\u00f3n F\u00edsica: Juan Anaya L\u00e1zaro.<\/td><td>juan.anaya1@educa.madrid.org<\/td><\/tr><tr><td>Econom\u00eda: Luis Francisco Andr\u00e9s La.<\/td><td>luis.deandres@educa.madrid.org<\/td><\/tr><tr><td>Filosof\u00eda: Paula L\u00f3pez Arencibia.<\/td><td>pla883@educa.madrid.org<\/td><\/tr><tr><td>F\u00edsica y Qu\u00edmica: Bel\u00e9n Miranda Ferr\u00e1ndez.<\/td><td>bmiranda@educa.madrid.org<\/td><\/tr><tr><td>Franc\u00e9s: Dana Mar\u00eda Constantinescu.<\/td><td>dana.constantinescu@educa.madrid.org<\/td><\/tr><tr><td>Geograf\u00eda e Historia: Jairo Aganzo Gonz\u00e1lez.<\/td><td>jairo.aganzo@educa.madrid.org<\/td><\/tr><tr><td>Ingl\u00e9s: Edurne L\u00f3pez Vidania.<\/td><td>edurne.lopez@educa.madrid.org<\/td><\/tr><tr><td>Lat\u00edn:Juan Dukuly Bl\u00e1zquez.<\/td><td>juan.dukulyblazquez@educa.madrid.org<\/td><\/tr><tr><td>Lengua Castellana y Literatura: Natalia Mart\u00ednez Barriga<\/td><td><a href=\"mailto:natalia.martinez1@educa.madrid.org\">natalia.martinez1@educa.madrid.org<\/a><\/td><\/tr><tr><td>Matem\u00e1ticas: Jes\u00fas Pascual Moreno Damas<em>.<\/em><\/td><td>jesus.morenodamas@educa.madrid.org<\/td><\/tr><tr><td>M\u00fasica: I\u00f1aki Siguero Fadrique.<\/td><td>inaki.siguero@educa.madrid.org<\/td><\/tr><tr><td>Tecnolog\u00eda: Laura Armada \u00c1lvarez<\/td><td><a href=\"mailto:laura.a@educa.madrid.org\">laura.a@educa.madrid.org<\/a><\/td><\/tr><tr><td>Orientaci\u00f3n: Alba Gema Tolmos Hern\u00e1ndez.<\/td><td>alba.tolmos@educa.madrid.org<\/td><\/tr><tr><td>Religi\u00f3n: Yolanda Mansilla S\u00e1nchez.<\/td><td><a href=\"mailto:ymansilla@educa.madrid.org\">ymansilla@educa.madrid.org<\/a><\/td><\/tr><tr><td>Jefe AA.EE: Almudena Dom\u00ednguez Hernandez<\/td><td>almudena.dominguezhernandez@educa.madrid.org<\/td><\/tr><tr><td>Bienestar y Protecci\u00f3n: Noem\u00ed Luna Rodr\u00edguez.<\/td><td><a href=\"mailto:nlunarodriguez@educa.madrid.org\">nlunarodriguez@educa.madrid.org&gt;<\/a><\/td><\/tr><tr><td>Biling\u00fce: Rosa M. L\u00f3pez Cuenca.<\/td><td>rosamaria.lopezcuenca@educa.madrid.org<\/td><\/tr><tr><td>Rob\u00f3tica: Carlos de la Pisa Cagigal.<\/td><td>carlos.delapisa@educa.madrid.org<\/td><\/tr><tr><td>TIC: Paul Redondo de Mingo.<\/td><td>prdm00@educa.madrid.org<\/td><\/tr><tr><td>Coordinadora Biling\u00fce<\/td><td>rosamaria.lopezcuenca@educa.madrid.org<\/td><\/tr><tr><td>Jefa de Estudios<\/td><td>mfernandezandres@educa.madrid.org<\/td><\/tr><\/tbody><\/table><\/figure>\n","protected":false},"excerpt":{"rendered":"<p>PROFESORES CORREO ELECTR\u00d3NICO Jairo Aganzo Gonz\u00e1lez jairo.aganzo@educa.madrid.org Blanca Alonso Mateo bam808@educa.madrid.org Aitor Amores Martin aitor.amores1@educa.madrid.org Juan Anaya L\u00e1zaro juan.anaya1@educa.madrid.org Luis Francisco Andres Laa luis.deandres@educa.madrid.org Ana Angeles Alejo aangeles@educa.madrid.org Laura Barbero &#8230;<\/p>\n","protected":false},"author":3,"featured_media":0,"parent":121,"menu_order":0,"comment_status":"closed","ping_status":"closed","template":"","meta":{"footnotes":""},"folder":[],"class_list":["post-763","page","type-page","status-publish","hentry"],"rttpg_featured_image_url":null,"rttpg_author":{"display_name":"ies.mariagoyrigoyri.madrid","author_link":"https:\/\/site.educa.madrid.org\/ies.mariagoyrigoyri.madrid\/index.php\/author\/cuenta_ies-mariagoyrigoyri-madrid\/"},"rttpg_comment":0,"rttpg_category":false,"rttpg_excerpt":"PROFESORES CORREO ELECTR\u00d3NICO Jairo Aganzo Gonz\u00e1lez jairo.aganzo@educa.madrid.org Blanca Alonso Mateo bam808@educa.madrid.org Aitor Amores Martin aitor.amores1@educa.madrid.org Juan Anaya L\u00e1zaro juan.anaya1@educa.madrid.org Luis Francisco Andres Laa luis.deandres@educa.madrid.org Ana Angeles Alejo aangeles@educa.madrid.org Laura Barbero ...","post_mailing_queue_ids":[],"_links":{"self":[{"href":"https:\/\/site.educa.madrid.org\/ies.mariagoyrigoyri.madrid\/index.php\/wp-json\/wp\/v2\/pages\/763","targetHints":{"allow":["GET"]}}],"collection":[{"href":"https:\/\/site.educa.madrid.org\/ies.mariagoyrigoyri.madrid\/index.php\/wp-json\/wp\/v2\/pages"}],"about":[{"href":"https:\/\/site.educa.madrid.org\/ies.mariagoyrigoyri.madrid\/index.php\/wp-json\/wp\/v2\/types\/page"}],"author":[{"embeddable":true,"href":"https:\/\/site.educa.madrid.org\/ies.mariagoyrigoyri.madrid\/index.php\/wp-json\/wp\/v2\/users\/3"}],"replies":[{"embeddable":true,"href":"https:\/\/site.educa.madrid.org\/ies.mariagoyrigoyri.madrid\/index.php\/wp-json\/wp\/v2\/comments?post=763"}],"version-history":[{"count":32,"href":"https:\/\/site.educa.madrid.org\/ies.mariagoyrigoyri.madrid\/index.php\/wp-json\/wp\/v2\/pages\/763\/revisions"}],"predecessor-version":[{"id":3255,"href":"https:\/\/site.educa.madrid.org\/ies.mariagoyrigoyri.madrid\/index.php\/wp-json\/wp\/v2\/pages\/763\/revisions\/3255"}],"up":[{"embeddable":true,"href":"https:\/\/site.educa.madrid.org\/ies.mariagoyrigoyri.madrid\/index.php\/wp-json\/wp\/v2\/pages\/121"}],"wp:attachment":[{"href":"https:\/\/site.educa.madrid.org\/ies.mariagoyrigoyri.madrid\/index.php\/wp-json\/wp\/v2\/media?parent=763"}],"wp:term":[{"taxonomy":"folder","embeddable":true,"href":"https:\/\/site.educa.madrid.org\/ies.mariagoyrigoyri.madrid\/index.php\/wp-json\/wp\/v2\/folder?post=763"}],"curies":[{"name":"wp","href":"https:\/\/api.w.org\/{rel}","templated":true}]}}