{"id":767,"date":"2022-09-25T10:57:56","date_gmt":"2022-09-25T08:57:56","guid":{"rendered":"https:\/\/site.educa.madrid.org\/ies.mariagoyrigoyri.madrid\/?page_id=767"},"modified":"2026-02-17T12:07:23","modified_gmt":"2026-02-17T11:07:23","slug":"tutores","status":"publish","type":"page","link":"https:\/\/site.educa.madrid.org\/ies.mariagoyrigoyri.madrid\/index.php\/nuestro-centro-mariagoyrigoyri\/tutores\/","title":{"rendered":"Tutores"},"content":{"rendered":"\n<figure class=\"wp-block-table\"><table class=\"has-fixed-layout\"><tbody><tr><td><strong>GRUPO<\/strong><\/td><td colspan=\"2\"><strong>TUTORES<\/strong><\/td><\/tr><tr><td>1\u00ba ESO A<\/td><td>Mar\u00eda Amparo Horcajo de Frutos<\/td><td>amparo.horcajodefrutos@educa.madrid.org <\/td><\/tr><tr><td>1\u00ba ESO B<\/td><td>Dana Mar\u00eda Constantinescu<\/td><td>dana.constantinescu@educa.madrid.org<\/td><\/tr><tr><td>1\u00ba ESO C<\/td><td>Marta Pifarr\u00e9 Rojo<\/td><td><a href=\"mailto:marta.pifarre@educa.madrid.org\">marta.pifarre@educa.madrid.org<\/a><\/td><\/tr><tr><td>1\u00ba ESO D<\/td><td>Mar\u00eda Almudena Revenga Dom\u00ednguez<\/td><td>almudena.revenga@educa.madrid.org <\/td><\/tr><tr><td>1\u00ba ESO E<\/td><td>Daniel Palencia Luj\u00e1n<\/td><td><a href=\"mailto:dpl138@educa.madrid.org\">dpl138@educa.madrid.org<\/a><\/td><\/tr><tr><td>1\u00ba ESO F<\/td><td>Jes\u00fas Pascual Moreno Damas<\/td><td>jesus.morenodamas@educa.madrid.org<\/td><\/tr><tr><td>2\u00ba ESO A<\/td><td>Pablo Gonz\u00e1lez Valle<\/td><td>pgonzalezvalle@educa.madrid.org<\/td><\/tr><tr><td>2\u00ba ESO B<\/td><td>Leticia Carrascosa Alc\u00e1zar<\/td><td>leticia.carrascosa@educa.madrid.org<\/td><\/tr><tr><td>2\u00ba ESO C<\/td><td>Cristina Garc\u00eda Oviedo<\/td><td>cgarciaoviedo@educa.madrid.org<\/td><\/tr><tr><td>2\u00ba ESO D<\/td><td>Esperanza Vicenta Mendieta Quintana<\/td><td>esperanza.mendieta@educa.madrid.org<\/td><\/tr><tr><td>2\u00ba ESO E<\/td><td>Ana \u00c1ngeles Alejo<\/td><td>aangeles@educa.madrid.org<\/td><\/tr><tr><td>2\u00ba ESO F<\/td><td>Miguel \u00c1ngel Mill\u00e1n L\u00f3pez<\/td><td>mmillan@educa.madrid.org<\/td><\/tr><tr><td>2\u00ba ESO G<\/td><td>Antonio Alejan Garc\u00eda de la Higuera<\/td><td>alejandro.garciadelahiguera@educa.madrid.org<\/td><\/tr><tr><td>3\u00ba ESO A<\/td><td>Cristhian Exp\u00f3sito Acosta<\/td><td><a href=\"mailto:cristhian.exposito@educa.madrid.org\">cristhian.exposito@educa.madrid.org<\/a><\/td><\/tr><tr><td>3\u00ba ESO B<\/td><td>Francisco M. Jim\u00e9nez Guti\u00e9rrez<\/td><td><a href=\"mailto:francisco.jimenez59@educa.madrid.org\">francisco.jimenez59@educa.madrid.org<\/a><\/td><\/tr><tr><td>3\u00ba ESO C<\/td><td>Ana Mar\u00eda Moreno Sansalvador<\/td><td><a href=\"mailto:ana.morenosansalvador@educa.madrid.org\">ana.morenosansalvador@educa.madrid.org<\/a><\/td><\/tr><tr><td>3\u00ba ESO D<\/td><td>Yolanda Torres Garc\u00eda<\/td><td><a href=\"mailto:yolanda.torres@educa.madrid.org\">yolanda.torres@educa.madrid.org<\/a><\/td><\/tr><tr><td>3 ESO E<\/td><td>Guzm\u00e1n Pe\u00f1a Alonso<\/td><td><a href=\"mailto:gpa739@educa.madrid.org\">gpa739@educa.madrid.org<\/a><\/td><\/tr><tr><td>4\u00ba ESO A<\/td><td>Mar\u00eda Gonz\u00e1lez Mateos<\/td><td><a href=\"mailto:mgonzalezmateos@educa.madrid.org\">mgonzalezmateos@educa.madrid.org<\/a><\/td><\/tr><tr><td>4\u00ba ESO B<\/td><td>Ignacio Gonz\u00e1lez Nieto<\/td><td><a href=\"mailto:igonzaleznieto@educa.madrid.org\">igonzaleznieto@educa.madrid.org<\/a><\/td><\/tr><tr><td>4\u00ba ESO C<\/td><td>Linda Sarela Ochoa Calder\u00f3n<\/td><td><a href=\"mailto:sarela.ochoa@educa.madrid.org\">sarela.ochoa@educa.madrid.org<\/a><\/td><\/tr><tr><td>4\u00ba ESO D<\/td><td>Paloma Mar\u00eda de Sota Blanchart<\/td><td><a href=\"mailto:paloma.delasota@educa.madrid.org\">paloma.delasota@educa.madrid.org<\/a><\/td><\/tr><tr><td>1\u00ba BACH<\/td><td>Francisco Javier S\u00e1nchez Rodr\u00edguez<\/td><td><a href=\"mailto:fjsanchez5@educa.madrid.org\">fjsanchez5@educa.madrid.org<\/a><\/td><\/tr><tr><td>2\u00ba BACH<\/td><td>Mar\u00eda Gema Rodr\u00edguez Llorente<\/td><td><a href=\"mailto:gema.rodriguezllorente@educa.madrid.org\">gema.rodriguezllorente@educa.madrid.org<\/a><\/td><\/tr><\/tbody><\/table><\/figure>\n","protected":false},"excerpt":{"rendered":"<p>GRUPO TUTORES 1\u00ba ESO A Mar\u00eda Amparo Horcajo de Frutos amparo.horcajodefrutos@educa.madrid.org 1\u00ba ESO B Dana Mar\u00eda Constantinescu dana.constantinescu@educa.madrid.org 1\u00ba ESO C Marta Pifarr\u00e9 Rojo marta.pifarre@educa.madrid.org 1\u00ba ESO D Mar\u00eda Almudena &#8230;<\/p>\n","protected":false},"author":3,"featured_media":0,"parent":121,"menu_order":0,"comment_status":"closed","ping_status":"closed","template":"","meta":{"footnotes":""},"folder":[],"class_list":["post-767","page","type-page","status-publish","hentry"],"rttpg_featured_image_url":null,"rttpg_author":{"display_name":"ies.mariagoyrigoyri.madrid","author_link":"https:\/\/site.educa.madrid.org\/ies.mariagoyrigoyri.madrid\/index.php\/author\/cuenta_ies-mariagoyrigoyri-madrid\/"},"rttpg_comment":0,"rttpg_category":false,"rttpg_excerpt":"GRUPO TUTORES 1\u00ba ESO A Mar\u00eda Amparo Horcajo de Frutos amparo.horcajodefrutos@educa.madrid.org 1\u00ba ESO B Dana Mar\u00eda Constantinescu dana.constantinescu@educa.madrid.org 1\u00ba ESO C Marta Pifarr\u00e9 Rojo marta.pifarre@educa.madrid.org 1\u00ba ESO D Mar\u00eda Almudena ...","post_mailing_queue_ids":[],"_links":{"self":[{"href":"https:\/\/site.educa.madrid.org\/ies.mariagoyrigoyri.madrid\/index.php\/wp-json\/wp\/v2\/pages\/767","targetHints":{"allow":["GET"]}}],"collection":[{"href":"https:\/\/site.educa.madrid.org\/ies.mariagoyrigoyri.madrid\/index.php\/wp-json\/wp\/v2\/pages"}],"about":[{"href":"https:\/\/site.educa.madrid.org\/ies.mariagoyrigoyri.madrid\/index.php\/wp-json\/wp\/v2\/types\/page"}],"author":[{"embeddable":true,"href":"https:\/\/site.educa.madrid.org\/ies.mariagoyrigoyri.madrid\/index.php\/wp-json\/wp\/v2\/users\/3"}],"replies":[{"embeddable":true,"href":"https:\/\/site.educa.madrid.org\/ies.mariagoyrigoyri.madrid\/index.php\/wp-json\/wp\/v2\/comments?post=767"}],"version-history":[{"count":20,"href":"https:\/\/site.educa.madrid.org\/ies.mariagoyrigoyri.madrid\/index.php\/wp-json\/wp\/v2\/pages\/767\/revisions"}],"predecessor-version":[{"id":3253,"href":"https:\/\/site.educa.madrid.org\/ies.mariagoyrigoyri.madrid\/index.php\/wp-json\/wp\/v2\/pages\/767\/revisions\/3253"}],"up":[{"embeddable":true,"href":"https:\/\/site.educa.madrid.org\/ies.mariagoyrigoyri.madrid\/index.php\/wp-json\/wp\/v2\/pages\/121"}],"wp:attachment":[{"href":"https:\/\/site.educa.madrid.org\/ies.mariagoyrigoyri.madrid\/index.php\/wp-json\/wp\/v2\/media?parent=767"}],"wp:term":[{"taxonomy":"folder","embeddable":true,"href":"https:\/\/site.educa.madrid.org\/ies.mariagoyrigoyri.madrid\/index.php\/wp-json\/wp\/v2\/folder?post=767"}],"curies":[{"name":"wp","href":"https:\/\/api.w.org\/{rel}","templated":true}]}}