{"id":773,"date":"2022-09-25T11:02:26","date_gmt":"2022-09-25T09:02:26","guid":{"rendered":"https:\/\/site.educa.madrid.org\/ies.mariagoyrigoyri.madrid\/?page_id=773"},"modified":"2025-09-15T10:33:45","modified_gmt":"2025-09-15T08:33:45","slug":"equipo-directivo","status":"publish","type":"page","link":"https:\/\/site.educa.madrid.org\/ies.mariagoyrigoyri.madrid\/index.php\/nuestro-centro-mariagoyrigoyri\/equipo-directivo\/","title":{"rendered":"Equipo directivo"},"content":{"rendered":"\n<div style=\"height:82px\" aria-hidden=\"true\" class=\"wp-block-spacer\"><\/div>\n\n\n\n<figure class=\"wp-block-table is-style-regular\"><table><thead><tr><th class=\"has-text-align-center\" data-align=\"center\">Nombre<\/th><th class=\"has-text-align-center\" data-align=\"center\">Cargo<\/th><th class=\"has-text-align-center\" data-align=\"center\">Correo electr\u00f3nico<\/th><\/tr><\/thead><tbody><tr><td class=\"has-text-align-center\" data-align=\"center\">Juan Jos\u00e9 Prieto Mart\u00ednez<\/td><td class=\"has-text-align-center\" data-align=\"center\"><strong>Director<\/strong><\/td><td class=\"has-text-align-center\" data-align=\"center\">ies.mariagoyrigoyri.madrid@educa.madrid.org<\/td><\/tr><tr><td class=\"has-text-align-center\" data-align=\"center\">David Vel\u00e1zquez Rubio<\/td><td class=\"has-text-align-center\" data-align=\"center\"><strong>Secretario<\/strong><\/td><td class=\"has-text-align-center\" data-align=\"center\">secretaria.ies.mariagoyrigoyri.madrid@educa.madrid.org<\/td><\/tr><tr><td class=\"has-text-align-center\" data-align=\"center\">M\u00aa Teresa Fern\u00e1ndez Andr\u00e9s<\/td><td class=\"has-text-align-center\" data-align=\"center\"><strong>Jefa de Estudios<\/strong><\/td><td class=\"has-text-align-center\" data-align=\"center\" rowspan=\"2\">jestudios.ies.mariagoyrigoyri.madrid@educa.madrid.org<\/td><\/tr><tr><td class=\"has-text-align-center\" data-align=\"center\">Narciso Henche Paz<\/td><td class=\"has-text-align-center\" data-align=\"center\"><strong>Jefe de Estudios Adjunto<\/strong><\/td><\/tr><\/tbody><\/table><\/figure>\n\n\n\n<p><\/p>\n\n\n\n<div style=\"height:160px\" aria-hidden=\"true\" class=\"wp-block-spacer\"><\/div>\n","protected":false},"excerpt":{"rendered":"<p>Nombre Cargo Correo electr\u00f3nico Juan Jos\u00e9 Prieto Mart\u00ednez Director ies.mariagoyrigoyri.madrid@educa.madrid.org David Vel\u00e1zquez Rubio Secretario secretaria.ies.mariagoyrigoyri.madrid@educa.madrid.org M\u00aa Teresa Fern\u00e1ndez Andr\u00e9s Jefa de Estudios jestudios.ies.mariagoyrigoyri.madrid@educa.madrid.org Narciso Henche Paz Jefe de Estudios Adjunto<\/p>\n","protected":false},"author":3,"featured_media":0,"parent":121,"menu_order":0,"comment_status":"closed","ping_status":"closed","template":"","meta":{"footnotes":""},"folder":[],"class_list":["post-773","page","type-page","status-publish","hentry"],"rttpg_featured_image_url":null,"rttpg_author":{"display_name":"ies.mariagoyrigoyri.madrid","author_link":"https:\/\/site.educa.madrid.org\/ies.mariagoyrigoyri.madrid\/index.php\/author\/cuenta_ies-mariagoyrigoyri-madrid\/"},"rttpg_comment":0,"rttpg_category":false,"rttpg_excerpt":"Nombre Cargo Correo electr\u00f3nico Juan Jos\u00e9 Prieto Mart\u00ednez Director ies.mariagoyrigoyri.madrid@educa.madrid.org David Vel\u00e1zquez Rubio Secretario secretaria.ies.mariagoyrigoyri.madrid@educa.madrid.org M\u00aa Teresa Fern\u00e1ndez Andr\u00e9s Jefa de Estudios jestudios.ies.mariagoyrigoyri.madrid@educa.madrid.org Narciso Henche Paz Jefe de Estudios Adjunto","post_mailing_queue_ids":[],"_links":{"self":[{"href":"https:\/\/site.educa.madrid.org\/ies.mariagoyrigoyri.madrid\/index.php\/wp-json\/wp\/v2\/pages\/773","targetHints":{"allow":["GET"]}}],"collection":[{"href":"https:\/\/site.educa.madrid.org\/ies.mariagoyrigoyri.madrid\/index.php\/wp-json\/wp\/v2\/pages"}],"about":[{"href":"https:\/\/site.educa.madrid.org\/ies.mariagoyrigoyri.madrid\/index.php\/wp-json\/wp\/v2\/types\/page"}],"author":[{"embeddable":true,"href":"https:\/\/site.educa.madrid.org\/ies.mariagoyrigoyri.madrid\/index.php\/wp-json\/wp\/v2\/users\/3"}],"replies":[{"embeddable":true,"href":"https:\/\/site.educa.madrid.org\/ies.mariagoyrigoyri.madrid\/index.php\/wp-json\/wp\/v2\/comments?post=773"}],"version-history":[{"count":18,"href":"https:\/\/site.educa.madrid.org\/ies.mariagoyrigoyri.madrid\/index.php\/wp-json\/wp\/v2\/pages\/773\/revisions"}],"predecessor-version":[{"id":2887,"href":"https:\/\/site.educa.madrid.org\/ies.mariagoyrigoyri.madrid\/index.php\/wp-json\/wp\/v2\/pages\/773\/revisions\/2887"}],"up":[{"embeddable":true,"href":"https:\/\/site.educa.madrid.org\/ies.mariagoyrigoyri.madrid\/index.php\/wp-json\/wp\/v2\/pages\/121"}],"wp:attachment":[{"href":"https:\/\/site.educa.madrid.org\/ies.mariagoyrigoyri.madrid\/index.php\/wp-json\/wp\/v2\/media?parent=773"}],"wp:term":[{"taxonomy":"folder","embeddable":true,"href":"https:\/\/site.educa.madrid.org\/ies.mariagoyrigoyri.madrid\/index.php\/wp-json\/wp\/v2\/folder?post=773"}],"curies":[{"name":"wp","href":"https:\/\/api.w.org\/{rel}","templated":true}]}}