{"id":958,"date":"2023-03-01T11:02:32","date_gmt":"2023-03-01T10:02:32","guid":{"rendered":"https:\/\/site.educa.madrid.org\/ies.mariagoyrigoyri.madrid\/?page_id=958"},"modified":"2026-04-24T12:54:55","modified_gmt":"2026-04-24T10:54:55","slug":"departamento-de-biologia-y-geologia","status":"publish","type":"page","link":"https:\/\/site.educa.madrid.org\/ies.mariagoyrigoyri.madrid\/index.php\/departamento-de-biologia-y-geologia\/","title":{"rendered":"Departamento de Biolog\u00eda y Geolog\u00eda"},"content":{"rendered":"\n<div class=\"wp-block-columns is-layout-flex wp-container-core-columns-is-layout-9d6595d7 wp-block-columns-is-layout-flex\">\n<div class=\"wp-block-column is-layout-flow wp-block-column-is-layout-flow\">\n<p>La materia de Biolog\u00eda y Geolog\u00eda busca el desarrollo de la curiosidad y la actitud cr\u00edtica, as\u00ed como el refuerzo de las bases de la alfabetizaci\u00f3n cient\u00edfica que permite al alumnado conocer su propio cuerpo y su entorno para adoptar h\u00e1bitos que le ayuden a mantener y mejorar su salud y cultivar actitudes como el consumo responsable, el cuidado medioambiental, el respeto hacia otros seres vivos, o la valoraci\u00f3n del compromiso ciudadano con el bien com\u00fan. La adquisici\u00f3n y desarrollo de estos conocimientos y destrezas permitir\u00e1n al alumnado valorar el papel fundamental de la ciencia en la sociedad. A trav\u00e9s de esta materia se consolidan tambi\u00e9n los h\u00e1bitos de estudio, se fomenta el respeto, la solidaridad y el trabajo en equipo y se promueve el perfeccionamiento ling\u00fc\u00edstico, al ser la cooperaci\u00f3n y la comunicaci\u00f3n parte esencial de las metodolog\u00edas de trabajo cient\u00edfico.<\/p>\n<\/div>\n\n\n\n<div class=\"wp-block-column is-layout-flow wp-block-column-is-layout-flow\"><div class=\"wp-block-image is-style-rounded\">\n<figure class=\"aligncenter size-full\"><img loading=\"lazy\" decoding=\"async\" width=\"303\" height=\"286\" src=\"https:\/\/site.educa.madrid.org\/ies.mariagoyrigoyri.madrid\/\/wp-content\/uploads\/ies.mariagoyrigoyri.madrid\/2023\/03\/02_BIOLOGIA_GEOLOGIA.jpg\" alt=\"\" class=\"wp-image-959\" srcset=\"https:\/\/site.educa.madrid.org\/ies.mariagoyrigoyri.madrid\/\/wp-content\/uploads\/ies.mariagoyrigoyri.madrid\/2023\/03\/02_BIOLOGIA_GEOLOGIA.jpg 303w, https:\/\/site.educa.madrid.org\/ies.mariagoyrigoyri.madrid\/\/wp-content\/uploads\/ies.mariagoyrigoyri.madrid\/2023\/03\/02_BIOLOGIA_GEOLOGIA-300x283.jpg 300w\" sizes=\"auto, (max-width: 303px) 100vw, 303px\" \/><\/figure>\n<\/div><\/div>\n<\/div>\n\n\n\n<p class=\"has-text-align-center has-text-color has-medium-font-size\" style=\"color:#0d77d1\"><strong>Miembros del Departamento<\/strong><\/p>\n\n\n\n<div class=\"wp-block-columns is-layout-flex wp-container-core-columns-is-layout-9d6595d7 wp-block-columns-is-layout-flex\">\n<div class=\"wp-block-column is-layout-flow wp-block-column-is-layout-flow\">\n<figure class=\"wp-block-table is-style-stripes\"><table><thead><tr><th class=\"has-text-align-left\" data-align=\"left\">NOMBRE<\/th><th class=\"has-text-align-left\" data-align=\"left\">CARGO \/FUNCI\u00d3N<\/th><th class=\"has-text-align-left\" data-align=\"left\">EMAIL DE CONTACTO<\/th><\/tr><\/thead><tbody><tr><td class=\"has-text-align-left\" data-align=\"left\">Alicia Izquierdo Hern\u00e1ndez<\/td><td class=\"has-text-align-left\" data-align=\"left\">Jefe de Departamento<\/td><td class=\"has-text-align-left\" data-align=\"left\">alicia.izquierdo6@educa.madrid.org<\/td><\/tr><tr><td class=\"has-text-align-left\" data-align=\"left\">Laura Barbero Morales<\/td><td class=\"has-text-align-left\" data-align=\"left\">Profesor<\/td><td class=\"has-text-align-left\" data-align=\"left\">laura.bm@educa.madrid.org<\/td><\/tr><tr><td class=\"has-text-align-left\" data-align=\"left\">Narciso Henche Paz<\/td><td class=\"has-text-align-left\" data-align=\"left\">Jefe de Estudios Adjunto de Instituto de Ense\u00f1anza Secund.<\/td><td class=\"has-text-align-left\" data-align=\"left\">narciso.henchepaz@educa.madrid.org<\/td><\/tr><\/tbody><\/table><\/figure>\n<\/div>\n<\/div>\n\n\n\n<div class=\"wp-block-columns is-layout-flex wp-container-core-columns-is-layout-9d6595d7 wp-block-columns-is-layout-flex\">\n<div class=\"wp-block-column is-layout-flow wp-block-column-is-layout-flow\">\n<p class=\"has-text-color has-medium-font-size\" style=\"color:#0d77d1\"><strong>Enlaces de Inter\u00e9s<\/strong><\/p>\n\n\n\n<figure class=\"wp-block-table is-style-stripes\"><table><tbody><tr><td><a href=\"https:\/\/site.educa.madrid.org\/ies.mariagoyrigoyri.madrid\/\/wp-content\/uploads\/ies.mariagoyrigoyri.madrid\/2025\/09\/Criterios-calificacion-ByG-Ies-Maria-GG-1.pdf\" target=\"_blank\" rel=\"noreferrer noopener\">Criterios de calificaci\u00f3n<\/a><\/td><\/tr><tr><td><a href=\"https:\/\/site.educa.madrid.org\/ies.mariagoyrigoyri.madrid\/\/wp-content\/uploads\/ies.mariagoyrigoyri.madrid\/2025\/10\/Programaciones-didacticas-BioyGeo-MGG-25.26.pdf\" target=\"_blank\" rel=\"noreferrer noopener\">Programaci\u00f3n Did\u00e1ctica<\/a><\/td><\/tr><tr><td><a href=\"https:\/\/site.educa.madrid.org\/ies.mariagoyrigoyri.madrid\/\/wp-content\/uploads\/ies.mariagoyrigoyri.madrid\/2026\/04\/Biologia-y-Geologia.pdf\" target=\"_blank\" rel=\"noreferrer noopener\">Optativa Biolog\u00eda y Geolog\u00eda<\/a><\/td><\/tr><\/tbody><\/table><\/figure>\n<\/div>\n\n\n\n<div class=\"wp-block-column is-layout-flow wp-block-column-is-layout-flow\" style=\"flex-basis:10%\"><\/div>\n\n\n\n<div class=\"wp-block-column is-layout-flow wp-block-column-is-layout-flow\">\n<p><\/p>\n\n\n\n<p class=\"has-text-align-center has-white-color has-text-color has-background has-medium-font-size\" style=\"background-color:#d20001\">\u201c<em><em>La mejor vida no es la m\u00e1s duradera, sino m\u00e1s bien aquella que est\u00e1 repleta de buenas acciones<\/em>\u201d<\/em><\/p>\n\n\n\n<p class=\"has-text-align-right\"><strong>Marie Curie<\/strong><\/p>\n\n\n\n<p><\/p>\n<\/div>\n<\/div>\n","protected":false},"excerpt":{"rendered":"<p>La materia de Biolog\u00eda y Geolog\u00eda busca el desarrollo de la curiosidad y la actitud cr\u00edtica, as\u00ed como el refuerzo de las bases de la alfabetizaci\u00f3n cient\u00edfica que permite al &#8230;<\/p>\n","protected":false},"author":3,"featured_media":0,"parent":0,"menu_order":0,"comment_status":"closed","ping_status":"closed","template":"","meta":{"footnotes":""},"folder":[],"class_list":["post-958","page","type-page","status-publish","hentry"],"rttpg_featured_image_url":null,"rttpg_author":{"display_name":"ies.mariagoyrigoyri.madrid","author_link":"https:\/\/site.educa.madrid.org\/ies.mariagoyrigoyri.madrid\/index.php\/author\/cuenta_ies-mariagoyrigoyri-madrid\/"},"rttpg_comment":0,"rttpg_category":false,"rttpg_excerpt":"La materia de Biolog\u00eda y Geolog\u00eda busca el desarrollo de la curiosidad y la actitud cr\u00edtica, as\u00ed como el refuerzo de las bases de la alfabetizaci\u00f3n cient\u00edfica que permite al ...","post_mailing_queue_ids":[],"_links":{"self":[{"href":"https:\/\/site.educa.madrid.org\/ies.mariagoyrigoyri.madrid\/index.php\/wp-json\/wp\/v2\/pages\/958","targetHints":{"allow":["GET"]}}],"collection":[{"href":"https:\/\/site.educa.madrid.org\/ies.mariagoyrigoyri.madrid\/index.php\/wp-json\/wp\/v2\/pages"}],"about":[{"href":"https:\/\/site.educa.madrid.org\/ies.mariagoyrigoyri.madrid\/index.php\/wp-json\/wp\/v2\/types\/page"}],"author":[{"embeddable":true,"href":"https:\/\/site.educa.madrid.org\/ies.mariagoyrigoyri.madrid\/index.php\/wp-json\/wp\/v2\/users\/3"}],"replies":[{"embeddable":true,"href":"https:\/\/site.educa.madrid.org\/ies.mariagoyrigoyri.madrid\/index.php\/wp-json\/wp\/v2\/comments?post=958"}],"version-history":[{"count":16,"href":"https:\/\/site.educa.madrid.org\/ies.mariagoyrigoyri.madrid\/index.php\/wp-json\/wp\/v2\/pages\/958\/revisions"}],"predecessor-version":[{"id":3413,"href":"https:\/\/site.educa.madrid.org\/ies.mariagoyrigoyri.madrid\/index.php\/wp-json\/wp\/v2\/pages\/958\/revisions\/3413"}],"wp:attachment":[{"href":"https:\/\/site.educa.madrid.org\/ies.mariagoyrigoyri.madrid\/index.php\/wp-json\/wp\/v2\/media?parent=958"}],"wp:term":[{"taxonomy":"folder","embeddable":true,"href":"https:\/\/site.educa.madrid.org\/ies.mariagoyrigoyri.madrid\/index.php\/wp-json\/wp\/v2\/folder?post=958"}],"curies":[{"name":"wp","href":"https:\/\/api.w.org\/{rel}","templated":true}]}}