{"id":969,"date":"2023-03-01T12:53:17","date_gmt":"2023-03-01T11:53:17","guid":{"rendered":"https:\/\/site.educa.madrid.org\/ies.mariagoyrigoyri.madrid\/?page_id=969"},"modified":"2026-01-13T09:23:17","modified_gmt":"2026-01-13T08:23:17","slug":"departamento-de-tecnologia","status":"publish","type":"page","link":"https:\/\/site.educa.madrid.org\/ies.mariagoyrigoyri.madrid\/index.php\/departamento-de-tecnologia\/","title":{"rendered":"Departamento de Tecnolog\u00eda"},"content":{"rendered":"\n<div class=\"wp-block-columns is-layout-flex wp-container-core-columns-is-layout-9d6595d7 wp-block-columns-is-layout-flex\">\n<div class=\"wp-block-column is-layout-flow wp-block-column-is-layout-flow\">\n<p>La materia de Tecnolog\u00eda contribuye a dar respuesta a las necesidades de la ciudadan\u00eda digital ante los desaf\u00edos y retos tecnol\u00f3gicos que plantea la sociedad actual. El car\u00e1cter interdisciplinar de la materia contribuye a la adquisici\u00f3n de las distintas competencias: la naturaleza transversal propia de la tecnolog\u00eda; el impulso de la colaboraci\u00f3n y el trabajo en equipo; el pensamiento computacional y sus implicaciones en la automatizaci\u00f3n y en la conexi\u00f3n de dispositivos a internet; as\u00ed como el fomento de actitudes como la creatividad, la perseverancia, la responsabilidad en el desarrollo tecnol\u00f3gico sostenible o el emprendimiento incorporando las tecnolog\u00edas digitales.<\/p>\n<\/div>\n\n\n\n<div class=\"wp-block-column is-layout-flow wp-block-column-is-layout-flow\"><div class=\"wp-block-image is-style-default\">\n<figure class=\"aligncenter size-full\"><img loading=\"lazy\" decoding=\"async\" width=\"326\" height=\"235\" src=\"https:\/\/site.educa.madrid.org\/ies.mariagoyrigoyri.madrid\/\/wp-content\/uploads\/ies.mariagoyrigoyri.madrid\/2023\/03\/03_CIENCIAS_COMPUTACION.png\" alt=\"\" class=\"wp-image-970\" srcset=\"https:\/\/site.educa.madrid.org\/ies.mariagoyrigoyri.madrid\/\/wp-content\/uploads\/ies.mariagoyrigoyri.madrid\/2023\/03\/03_CIENCIAS_COMPUTACION.png 326w, https:\/\/site.educa.madrid.org\/ies.mariagoyrigoyri.madrid\/\/wp-content\/uploads\/ies.mariagoyrigoyri.madrid\/2023\/03\/03_CIENCIAS_COMPUTACION-300x216.png 300w\" sizes=\"auto, (max-width: 326px) 100vw, 326px\" \/><\/figure>\n<\/div><\/div>\n<\/div>\n\n\n\n<p class=\"has-text-align-center has-text-color has-medium-font-size\" style=\"color:#0d77d1\"><strong>Miembros del Departamento<\/strong><\/p>\n\n\n\n<div class=\"wp-block-columns is-layout-flex wp-container-core-columns-is-layout-9d6595d7 wp-block-columns-is-layout-flex\">\n<div class=\"wp-block-column is-layout-flow wp-block-column-is-layout-flow\">\n<figure class=\"wp-block-table is-style-stripes\"><table><thead><tr><th class=\"has-text-align-left\" data-align=\"left\">NOMBRE<\/th><th class=\"has-text-align-left\" data-align=\"left\">CARGO \/FUNCI\u00d3N<\/th><th class=\"has-text-align-left\" data-align=\"left\">EMAIL DE CONTACTO<\/th><\/tr><\/thead><tbody><tr><td class=\"has-text-align-left\" data-align=\"left\">Laura Armada \u00c1lvarez<\/td><td class=\"has-text-align-left\" data-align=\"left\">Jefa de Departamento<\/td><td class=\"has-text-align-left\" data-align=\"left\">laura.a@educa.madrid.org<\/td><\/tr><tr><td class=\"has-text-align-left\" data-align=\"left\">Carlos de la Pisa Cagigal<\/td><td class=\"has-text-align-left\" data-align=\"left\">Coordinador de Rob\u00f3tica<\/td><td class=\"has-text-align-left\" data-align=\"left\">carlos.delapisa@educa.madrid.org<\/td><\/tr><tr><td class=\"has-text-align-left\" data-align=\"left\">\u00c1frica Oca Mu\u00f1oz<\/td><td class=\"has-text-align-left\" data-align=\"left\">Profesora<\/td><td class=\"has-text-align-left\" data-align=\"left\">africa.oca@educa.madrid.org<\/td><\/tr><tr><td class=\"has-text-align-left\" data-align=\"left\">Paul Redondo de Mingo<\/td><td class=\"has-text-align-left\" data-align=\"left\">Coordinador TIC<\/td><td class=\"has-text-align-left\" data-align=\"left\">prdm00@educa.madrid.org<\/td><\/tr><\/tbody><\/table><\/figure>\n<\/div>\n<\/div>\n\n\n\n<div class=\"wp-block-columns is-layout-flex wp-container-core-columns-is-layout-9d6595d7 wp-block-columns-is-layout-flex\">\n<div class=\"wp-block-column is-layout-flow wp-block-column-is-layout-flow\">\n<p class=\"has-text-color has-medium-font-size\" style=\"color:#0d77d1\"><strong>Enlaces de Inter\u00e9s<\/strong><\/p>\n\n\n\n<figure class=\"wp-block-table is-style-stripes\"><table><tbody><tr><td><a href=\"https:\/\/site.educa.madrid.org\/ies.mariagoyrigoyri.madrid\/\/wp-content\/uploads\/ies.mariagoyrigoyri.madrid\/2025\/09\/CRITERIOS-DE-EVALUACION_DEPARTAMENTO-DE-TECNOLOGIA_25_26.docx.pdf\" target=\"_blank\" rel=\"noreferrer noopener\">Criterios de calificaci\u00f3n<\/a><\/td><\/tr><tr><td><a href=\"https:\/\/site.educa.madrid.org\/ies.mariagoyrigoyri.madrid\/\/wp-content\/uploads\/ies.mariagoyrigoyri.madrid\/2025\/10\/PD-Tecnologia-25-26.docx-1.pdf\" target=\"_blank\" rel=\"noreferrer noopener\">Programaci\u00f3n Did\u00e1ctica<\/a><\/td><\/tr><\/tbody><\/table><\/figure>\n<\/div>\n\n\n\n<div class=\"wp-block-column is-layout-flow wp-block-column-is-layout-flow\" style=\"flex-basis:10%\"><\/div>\n\n\n\n<div class=\"wp-block-column is-layout-flow wp-block-column-is-layout-flow\">\n<p><\/p>\n\n\n\n<p class=\"has-text-align-center has-white-color has-text-color has-background has-medium-font-size\" style=\"background-color:#d20001\">\u201c<em><em><em>La tecnolog\u00eda es solo una herramienta. En t\u00e9rminos de llevar a los ni\u00f1os a trabajar juntos y motivarlos, el profesor es el m\u00e1s importante<\/em><\/em>\u201d<\/em><\/p>\n\n\n\n<p class=\"has-text-align-right\"><strong>Bill Gates<\/strong><\/p>\n\n\n\n<p><\/p>\n<\/div>\n<\/div>\n","protected":false},"excerpt":{"rendered":"<p>La materia de Tecnolog\u00eda contribuye a dar respuesta a las necesidades de la ciudadan\u00eda digital ante los desaf\u00edos y retos tecnol\u00f3gicos que plantea la sociedad actual. El car\u00e1cter interdisciplinar de &#8230;<\/p>\n","protected":false},"author":3,"featured_media":0,"parent":0,"menu_order":0,"comment_status":"closed","ping_status":"closed","template":"","meta":{"footnotes":""},"folder":[],"class_list":["post-969","page","type-page","status-publish","hentry"],"rttpg_featured_image_url":null,"rttpg_author":{"display_name":"ies.mariagoyrigoyri.madrid","author_link":"https:\/\/site.educa.madrid.org\/ies.mariagoyrigoyri.madrid\/index.php\/author\/cuenta_ies-mariagoyrigoyri-madrid\/"},"rttpg_comment":0,"rttpg_category":false,"rttpg_excerpt":"La materia de Tecnolog\u00eda contribuye a dar respuesta a las necesidades de la ciudadan\u00eda digital ante los desaf\u00edos y retos tecnol\u00f3gicos que plantea la sociedad actual. El car\u00e1cter interdisciplinar de ...","post_mailing_queue_ids":[],"_links":{"self":[{"href":"https:\/\/site.educa.madrid.org\/ies.mariagoyrigoyri.madrid\/index.php\/wp-json\/wp\/v2\/pages\/969","targetHints":{"allow":["GET"]}}],"collection":[{"href":"https:\/\/site.educa.madrid.org\/ies.mariagoyrigoyri.madrid\/index.php\/wp-json\/wp\/v2\/pages"}],"about":[{"href":"https:\/\/site.educa.madrid.org\/ies.mariagoyrigoyri.madrid\/index.php\/wp-json\/wp\/v2\/types\/page"}],"author":[{"embeddable":true,"href":"https:\/\/site.educa.madrid.org\/ies.mariagoyrigoyri.madrid\/index.php\/wp-json\/wp\/v2\/users\/3"}],"replies":[{"embeddable":true,"href":"https:\/\/site.educa.madrid.org\/ies.mariagoyrigoyri.madrid\/index.php\/wp-json\/wp\/v2\/comments?post=969"}],"version-history":[{"count":18,"href":"https:\/\/site.educa.madrid.org\/ies.mariagoyrigoyri.madrid\/index.php\/wp-json\/wp\/v2\/pages\/969\/revisions"}],"predecessor-version":[{"id":3208,"href":"https:\/\/site.educa.madrid.org\/ies.mariagoyrigoyri.madrid\/index.php\/wp-json\/wp\/v2\/pages\/969\/revisions\/3208"}],"wp:attachment":[{"href":"https:\/\/site.educa.madrid.org\/ies.mariagoyrigoyri.madrid\/index.php\/wp-json\/wp\/v2\/media?parent=969"}],"wp:term":[{"taxonomy":"folder","embeddable":true,"href":"https:\/\/site.educa.madrid.org\/ies.mariagoyrigoyri.madrid\/index.php\/wp-json\/wp\/v2\/folder?post=969"}],"curies":[{"name":"wp","href":"https:\/\/api.w.org\/{rel}","templated":true}]}}