{"id":974,"date":"2023-03-01T12:59:48","date_gmt":"2023-03-01T11:59:48","guid":{"rendered":"https:\/\/site.educa.madrid.org\/ies.mariagoyrigoyri.madrid\/?page_id=974"},"modified":"2025-10-17T14:36:22","modified_gmt":"2025-10-17T12:36:22","slug":"departamento-de-educacion-fisica","status":"publish","type":"page","link":"https:\/\/site.educa.madrid.org\/ies.mariagoyrigoyri.madrid\/index.php\/departamento-de-educacion-fisica\/","title":{"rendered":"Departamento de Educaci\u00f3n F\u00edsica"},"content":{"rendered":"\n<div class=\"wp-block-columns is-layout-flex wp-container-core-columns-is-layout-9d6595d7 wp-block-columns-is-layout-flex\">\n<div class=\"wp-block-column is-layout-flow wp-block-column-is-layout-flow\">\n<p>La materia de Ciencias de la Computaci\u00f3n contribuye a dar respuesta a las necesidades de la ciudadan\u00eda digital ante los desaf\u00edos y retos tecnol\u00f3gicos que plantea la sociedad actual. El car\u00e1cter interdisciplinar de la materia contribuye a la adquisici\u00f3n de las distintas competencias: la naturaleza transversal propia de la tecnolog\u00eda; el impulso de la colaboraci\u00f3n y el trabajo en equipo; el pensamiento La Educaci\u00f3n F\u00edsica en la etapa de Educaci\u00f3n Secundaria Obligatoria incide en el aprendizaje de los retos clave que comenzaron a atenderse en la etapa anterior, destacando entre sus prop\u00f3sitos la consolidaci\u00f3n de un estilo de vida activo y saludable, la confirmaci\u00f3n del conocimiento de su cuerpo, el disfrute de las manifestaciones expresivas y culturales de car\u00e1cter motriz o la mejora del desarrollo de todos los procesos de toma de decisiones que intervienen en la resoluci\u00f3n de situaciones motrices de diversa naturaleza..<\/p>\n<\/div>\n\n\n\n<div class=\"wp-block-column is-layout-flow wp-block-column-is-layout-flow\"><div class=\"wp-block-image is-style-default\">\n<figure class=\"aligncenter size-full\"><img loading=\"lazy\" decoding=\"async\" width=\"366\" height=\"272\" src=\"https:\/\/site.educa.madrid.org\/ies.mariagoyrigoyri.madrid\/\/wp-content\/uploads\/ies.mariagoyrigoyri.madrid\/2023\/03\/04_EDUCACION_FISICA.png\" alt=\"\" class=\"wp-image-975\" srcset=\"https:\/\/site.educa.madrid.org\/ies.mariagoyrigoyri.madrid\/\/wp-content\/uploads\/ies.mariagoyrigoyri.madrid\/2023\/03\/04_EDUCACION_FISICA.png 366w, https:\/\/site.educa.madrid.org\/ies.mariagoyrigoyri.madrid\/\/wp-content\/uploads\/ies.mariagoyrigoyri.madrid\/2023\/03\/04_EDUCACION_FISICA-300x223.png 300w\" sizes=\"auto, (max-width: 366px) 100vw, 366px\" \/><\/figure>\n<\/div><\/div>\n<\/div>\n\n\n\n<p class=\"has-text-align-center has-text-color has-medium-font-size\" style=\"color:#0d77d1\"><strong>Miembros del Departamento<\/strong><\/p>\n\n\n\n<div class=\"wp-block-columns is-layout-flex wp-container-core-columns-is-layout-9d6595d7 wp-block-columns-is-layout-flex\">\n<div class=\"wp-block-column is-layout-flow wp-block-column-is-layout-flow\">\n<figure class=\"wp-block-table is-style-stripes\"><table><thead><tr><th class=\"has-text-align-left\" data-align=\"left\">NOMBRE<\/th><th class=\"has-text-align-left\" data-align=\"left\">CARGO \/FUNCI\u00d3N<\/th><th class=\"has-text-align-left\" data-align=\"left\">EMAIL DE CONTACTO<\/th><\/tr><\/thead><tbody><tr><td class=\"has-text-align-left\" data-align=\"left\">Juan Anaya L\u00e1zaro<\/td><td class=\"has-text-align-left\" data-align=\"left\">Jefe de Departamento<\/td><td class=\"has-text-align-left\" data-align=\"left\">juan.anaya1@educa.madrid.org<\/td><\/tr><tr><td class=\"has-text-align-left\" data-align=\"left\">Aitor Amores Mart\u00edn<\/td><td class=\"has-text-align-left\" data-align=\"left\">Profesor<\/td><td class=\"has-text-align-left\" data-align=\"left\">aitor.amores1@educa.madrid.org<\/td><\/tr><tr><td class=\"has-text-align-left\" data-align=\"left\">Diego Amado de Fuente Monedero<\/td><td class=\"has-text-align-left\" data-align=\"left\">Profesor<\/td><td class=\"has-text-align-left\" data-align=\"left\">diego.delafuente@educa.madrid.org<\/td><\/tr><tr><td class=\"has-text-align-left\" data-align=\"left\">Antonio A. Garc\u00eda de la Higuera<\/td><td class=\"has-text-align-left\" data-align=\"left\">Profesor<\/td><td class=\"has-text-align-left\" data-align=\"left\">alejandro.garciadelahiguera@educa.madrid.org<\/td><\/tr><\/tbody><\/table><\/figure>\n<\/div>\n<\/div>\n\n\n\n<div class=\"wp-block-columns is-layout-flex wp-container-core-columns-is-layout-9d6595d7 wp-block-columns-is-layout-flex\">\n<div class=\"wp-block-column is-layout-flow wp-block-column-is-layout-flow\">\n<p class=\"has-text-color has-medium-font-size\" style=\"color:#0d77d1\"><strong>Enlaces de Inter\u00e9s<\/strong><\/p>\n\n\n\n<figure class=\"wp-block-table is-style-stripes\"><table><tbody><tr><td><a href=\"https:\/\/site.educa.madrid.org\/ies.mariagoyrigoyri.madrid\/\/wp-content\/uploads\/ies.mariagoyrigoyri.madrid\/2025\/09\/Criterios-de-evaluacion-y-calificacion-Educacion-fisica.pdf\" target=\"_blank\" rel=\"noreferrer noopener\">Criterios de calificaci\u00f3n<\/a><\/td><\/tr><tr><td><a href=\"https:\/\/site.educa.madrid.org\/ies.mariagoyrigoyri.madrid\/\/wp-content\/uploads\/ies.mariagoyrigoyri.madrid\/2025\/10\/Criterios-de-evaluacion-y-calificacion-DEPORTE.pdf\" target=\"_blank\" rel=\"noreferrer noopener\">Criterios de calificaci\u00f3n de DEPORTE<\/a><\/td><\/tr><tr><td><a href=\"https:\/\/site.educa.madrid.org\/ies.mariagoyrigoyri.madrid\/\/wp-content\/uploads\/ies.mariagoyrigoyri.madrid\/2025\/09\/Normas-de-Departamento-Educacion-Fisica-24-25-1.pdf\" target=\"_blank\" rel=\"noreferrer noopener\">Normas del Departamento<\/a><\/td><\/tr><tr><td><a href=\"https:\/\/site.educa.madrid.org\/ies.mariagoyrigoyri.madrid\/\/wp-content\/uploads\/ies.mariagoyrigoyri.madrid\/2025\/10\/PROGRAMACION-EF-Y-DEPORTE-25-26-IES-MGG-Juan.pdf\">Programaci\u00f3n Did\u00e1ctica<\/a><\/td><\/tr><\/tbody><\/table><\/figure>\n<\/div>\n\n\n\n<div class=\"wp-block-column is-layout-flow wp-block-column-is-layout-flow\" style=\"flex-basis:10%\"><\/div>\n\n\n\n<div class=\"wp-block-column is-layout-flow wp-block-column-is-layout-flow\">\n<p><\/p>\n\n\n\n<p class=\"has-text-align-center has-white-color has-text-color has-background has-medium-font-size\" style=\"background-color:#d20001\">\u201c<em><em><em><em>La educaci\u00f3n es mucho m\u00e1s que Educaci\u00f3n F\u00edsica, pero muy poco sin ella<\/em><\/em><\/em>\u201d<\/em><\/p>\n\n\n\n<p class=\"has-text-align-right\"><strong>Hammeleck<\/strong><\/p>\n\n\n\n<p><\/p>\n<\/div>\n<\/div>\n","protected":false},"excerpt":{"rendered":"<p>La materia de Ciencias de la Computaci\u00f3n contribuye a dar respuesta a las necesidades de la ciudadan\u00eda digital ante los desaf\u00edos y retos tecnol\u00f3gicos que plantea la sociedad actual. El &#8230;<\/p>\n","protected":false},"author":3,"featured_media":0,"parent":0,"menu_order":0,"comment_status":"closed","ping_status":"closed","template":"","meta":{"footnotes":""},"folder":[],"class_list":["post-974","page","type-page","status-publish","hentry"],"rttpg_featured_image_url":null,"rttpg_author":{"display_name":"ies.mariagoyrigoyri.madrid","author_link":"https:\/\/site.educa.madrid.org\/ies.mariagoyrigoyri.madrid\/index.php\/author\/cuenta_ies-mariagoyrigoyri-madrid\/"},"rttpg_comment":0,"rttpg_category":false,"rttpg_excerpt":"La materia de Ciencias de la Computaci\u00f3n contribuye a dar respuesta a las necesidades de la ciudadan\u00eda digital ante los desaf\u00edos y retos tecnol\u00f3gicos que plantea la sociedad actual. El ...","post_mailing_queue_ids":[],"_links":{"self":[{"href":"https:\/\/site.educa.madrid.org\/ies.mariagoyrigoyri.madrid\/index.php\/wp-json\/wp\/v2\/pages\/974","targetHints":{"allow":["GET"]}}],"collection":[{"href":"https:\/\/site.educa.madrid.org\/ies.mariagoyrigoyri.madrid\/index.php\/wp-json\/wp\/v2\/pages"}],"about":[{"href":"https:\/\/site.educa.madrid.org\/ies.mariagoyrigoyri.madrid\/index.php\/wp-json\/wp\/v2\/types\/page"}],"author":[{"embeddable":true,"href":"https:\/\/site.educa.madrid.org\/ies.mariagoyrigoyri.madrid\/index.php\/wp-json\/wp\/v2\/users\/3"}],"replies":[{"embeddable":true,"href":"https:\/\/site.educa.madrid.org\/ies.mariagoyrigoyri.madrid\/index.php\/wp-json\/wp\/v2\/comments?post=974"}],"version-history":[{"count":13,"href":"https:\/\/site.educa.madrid.org\/ies.mariagoyrigoyri.madrid\/index.php\/wp-json\/wp\/v2\/pages\/974\/revisions"}],"predecessor-version":[{"id":3037,"href":"https:\/\/site.educa.madrid.org\/ies.mariagoyrigoyri.madrid\/index.php\/wp-json\/wp\/v2\/pages\/974\/revisions\/3037"}],"wp:attachment":[{"href":"https:\/\/site.educa.madrid.org\/ies.mariagoyrigoyri.madrid\/index.php\/wp-json\/wp\/v2\/media?parent=974"}],"wp:term":[{"taxonomy":"folder","embeddable":true,"href":"https:\/\/site.educa.madrid.org\/ies.mariagoyrigoyri.madrid\/index.php\/wp-json\/wp\/v2\/folder?post=974"}],"curies":[{"name":"wp","href":"https:\/\/api.w.org\/{rel}","templated":true}]}}