{"id":978,"date":"2023-03-01T13:15:12","date_gmt":"2023-03-01T12:15:12","guid":{"rendered":"https:\/\/site.educa.madrid.org\/ies.mariagoyrigoyri.madrid\/?page_id=978"},"modified":"2026-04-24T12:50:24","modified_gmt":"2026-04-24T10:50:24","slug":"departamento-de-dibujo","status":"publish","type":"page","link":"https:\/\/site.educa.madrid.org\/ies.mariagoyrigoyri.madrid\/index.php\/departamento-de-dibujo\/","title":{"rendered":"Departamento de Dibujo"},"content":{"rendered":"\n<div class=\"wp-block-columns is-layout-flex wp-container-core-columns-is-layout-9d6595d7 wp-block-columns-is-layout-flex\">\n<div class=\"wp-block-column is-layout-flow wp-block-column-is-layout-flow\">\n<p>La <strong>Educaci\u00f3n Pl\u00e1stica, Visual y Audiovisual<\/strong> es fundamental en la Educaci\u00f3n Secundaria Obligatoria puesto que desarrolla en el alumno las capacidades de expresi\u00f3n, an\u00e1lisis, cr\u00edtica, apreciaci\u00f3n y creaci\u00f3n de im\u00e1genes. Esto se hace m\u00e1s necesario a medida que aumenta su relaci\u00f3n con todo el entorno social y cultural que lo rodea, un entorno sobresaturado de informaci\u00f3n visual, contribuyendo a que el alumnado siga desarrollando el aprecio y la valoraci\u00f3n cr\u00edtica de las distintas manifestaciones pl\u00e1sticas, visuales y audiovisuales, as\u00ed como la comprensi\u00f3n de sus lenguajes, a trav\u00e9s de su puesta en pr\u00e1ctica en la realizaci\u00f3n de diversas clases de producciones.<\/p>\n<\/div>\n\n\n\n<div class=\"wp-block-column is-layout-flow wp-block-column-is-layout-flow\"><div class=\"wp-block-image is-style-default\">\n<figure class=\"aligncenter size-full\"><img loading=\"lazy\" decoding=\"async\" width=\"512\" height=\"238\" src=\"https:\/\/site.educa.madrid.org\/ies.mariagoyrigoyri.madrid\/\/wp-content\/uploads\/ies.mariagoyrigoyri.madrid\/2023\/03\/05_EDUCACION_PLASTICA_VISUAL.png\" alt=\"\" class=\"wp-image-979\" srcset=\"https:\/\/site.educa.madrid.org\/ies.mariagoyrigoyri.madrid\/\/wp-content\/uploads\/ies.mariagoyrigoyri.madrid\/2023\/03\/05_EDUCACION_PLASTICA_VISUAL.png 512w, https:\/\/site.educa.madrid.org\/ies.mariagoyrigoyri.madrid\/\/wp-content\/uploads\/ies.mariagoyrigoyri.madrid\/2023\/03\/05_EDUCACION_PLASTICA_VISUAL-300x139.png 300w\" sizes=\"auto, (max-width: 512px) 100vw, 512px\" \/><\/figure>\n<\/div><\/div>\n<\/div>\n\n\n\n<p class=\"has-text-align-center has-text-color has-medium-font-size\" style=\"color:#0d77d1\"><strong>Miembros del Departamento<\/strong><\/p>\n\n\n\n<div class=\"wp-block-columns is-layout-flex wp-container-core-columns-is-layout-9d6595d7 wp-block-columns-is-layout-flex\">\n<div class=\"wp-block-column is-layout-flow wp-block-column-is-layout-flow\">\n<figure class=\"wp-block-table is-style-stripes\"><table><thead><tr><th class=\"has-text-align-left\" data-align=\"left\">NOMBRE<\/th><th class=\"has-text-align-left\" data-align=\"left\">CARGO \/FUNCI\u00d3N<\/th><th class=\"has-text-align-left\" data-align=\"left\">EMAIL DE CONTACTO<\/th><\/tr><\/thead><tbody><tr><td class=\"has-text-align-left\" data-align=\"left\">Ana \u00c1ngeles Alejo<\/td><td class=\"has-text-align-left\" data-align=\"left\">Profesora<\/td><td class=\"has-text-align-left\" data-align=\"left\">aangeles@educa.madrid.org<\/td><\/tr><tr><td class=\"has-text-align-left\" data-align=\"left\">H\u00e9ctor Gordaliza Corripio<\/td><td class=\"has-text-align-left\" data-align=\"left\">Jefe de Departamento<\/td><td class=\"has-text-align-left\" data-align=\"left\">hgordaliza@educa.madrid.org<\/td><\/tr><\/tbody><\/table><\/figure>\n<\/div>\n<\/div>\n\n\n\n<div class=\"wp-block-columns is-layout-flex wp-container-core-columns-is-layout-9d6595d7 wp-block-columns-is-layout-flex\">\n<div class=\"wp-block-column is-layout-flow wp-block-column-is-layout-flow\">\n<p class=\"has-text-color has-medium-font-size\" style=\"color:#0d77d1\"><strong>Enlaces de Inter\u00e9s<\/strong><\/p>\n\n\n\n<figure class=\"wp-block-table is-style-stripes\"><table><tbody><tr><td><a href=\"https:\/\/site.educa.madrid.org\/ies.mariagoyrigoyri.madrid\/\/wp-content\/uploads\/ies.mariagoyrigoyri.madrid\/2025\/09\/CRITERIOS-DE-EVALUACION-EPVA.pdf\" target=\"_blank\" rel=\"noreferrer noopener\">Criterios de Evaluaci\u00f3n<\/a><\/td><\/tr><tr><td><a href=\"https:\/\/site.educa.madrid.org\/ies.mariagoyrigoyri.madrid\/\/wp-content\/uploads\/ies.mariagoyrigoyri.madrid\/2025\/10\/Programacion-Dibujo.pdf\" target=\"_blank\" rel=\"noreferrer noopener\">Programaci\u00f3n Did\u00e1ctica<\/a><\/td><\/tr><tr><td><a href=\"https:\/\/site.educa.madrid.org\/ies.mariagoyrigoyri.madrid\/\/wp-content\/uploads\/ies.mariagoyrigoyri.madrid\/2026\/04\/OPTATIVAS-DIBUJO.pdf\" target=\"_blank\" rel=\"noreferrer noopener\">Optativas Dibujo<\/a><\/td><\/tr><\/tbody><\/table><\/figure>\n<\/div>\n\n\n\n<div class=\"wp-block-column is-layout-flow wp-block-column-is-layout-flow\" style=\"flex-basis:10%\"><\/div>\n\n\n\n<div class=\"wp-block-column is-layout-flow wp-block-column-is-layout-flow\">\n<p><\/p>\n\n\n\n<p class=\"has-text-align-center has-white-color has-text-color has-background has-medium-font-size\" style=\"background-color:#d20001\">\u201c<em><em><em>La creatividad es la inteligencia que se divierte.<\/em><\/em>\u201d<\/em><\/p>\n\n\n\n<p class=\"has-text-align-right\"><strong>Albert Einstein<\/strong><\/p>\n\n\n\n<p><\/p>\n<\/div>\n<\/div>\n","protected":false},"excerpt":{"rendered":"<p>La Educaci\u00f3n Pl\u00e1stica, Visual y Audiovisual es fundamental en la Educaci\u00f3n Secundaria Obligatoria puesto que desarrolla en el alumno las capacidades de expresi\u00f3n, an\u00e1lisis, cr\u00edtica, apreciaci\u00f3n y creaci\u00f3n de im\u00e1genes. &#8230;<\/p>\n","protected":false},"author":3,"featured_media":0,"parent":0,"menu_order":0,"comment_status":"closed","ping_status":"closed","template":"","meta":{"footnotes":""},"folder":[],"class_list":["post-978","page","type-page","status-publish","hentry"],"rttpg_featured_image_url":null,"rttpg_author":{"display_name":"ies.mariagoyrigoyri.madrid","author_link":"https:\/\/site.educa.madrid.org\/ies.mariagoyrigoyri.madrid\/index.php\/author\/cuenta_ies-mariagoyrigoyri-madrid\/"},"rttpg_comment":0,"rttpg_category":false,"rttpg_excerpt":"La Educaci\u00f3n Pl\u00e1stica, Visual y Audiovisual es fundamental en la Educaci\u00f3n Secundaria Obligatoria puesto que desarrolla en el alumno las capacidades de expresi\u00f3n, an\u00e1lisis, cr\u00edtica, apreciaci\u00f3n y creaci\u00f3n de im\u00e1genes. ...","post_mailing_queue_ids":[],"_links":{"self":[{"href":"https:\/\/site.educa.madrid.org\/ies.mariagoyrigoyri.madrid\/index.php\/wp-json\/wp\/v2\/pages\/978","targetHints":{"allow":["GET"]}}],"collection":[{"href":"https:\/\/site.educa.madrid.org\/ies.mariagoyrigoyri.madrid\/index.php\/wp-json\/wp\/v2\/pages"}],"about":[{"href":"https:\/\/site.educa.madrid.org\/ies.mariagoyrigoyri.madrid\/index.php\/wp-json\/wp\/v2\/types\/page"}],"author":[{"embeddable":true,"href":"https:\/\/site.educa.madrid.org\/ies.mariagoyrigoyri.madrid\/index.php\/wp-json\/wp\/v2\/users\/3"}],"replies":[{"embeddable":true,"href":"https:\/\/site.educa.madrid.org\/ies.mariagoyrigoyri.madrid\/index.php\/wp-json\/wp\/v2\/comments?post=978"}],"version-history":[{"count":10,"href":"https:\/\/site.educa.madrid.org\/ies.mariagoyrigoyri.madrid\/index.php\/wp-json\/wp\/v2\/pages\/978\/revisions"}],"predecessor-version":[{"id":3408,"href":"https:\/\/site.educa.madrid.org\/ies.mariagoyrigoyri.madrid\/index.php\/wp-json\/wp\/v2\/pages\/978\/revisions\/3408"}],"wp:attachment":[{"href":"https:\/\/site.educa.madrid.org\/ies.mariagoyrigoyri.madrid\/index.php\/wp-json\/wp\/v2\/media?parent=978"}],"wp:term":[{"taxonomy":"folder","embeddable":true,"href":"https:\/\/site.educa.madrid.org\/ies.mariagoyrigoyri.madrid\/index.php\/wp-json\/wp\/v2\/folder?post=978"}],"curies":[{"name":"wp","href":"https:\/\/api.w.org\/{rel}","templated":true}]}}