{"id":982,"date":"2023-03-06T19:46:55","date_gmt":"2023-03-06T18:46:55","guid":{"rendered":"https:\/\/site.educa.madrid.org\/ies.mariagoyrigoyri.madrid\/?page_id=982"},"modified":"2026-04-24T12:49:22","modified_gmt":"2026-04-24T10:49:22","slug":"departamento-de-frances","status":"publish","type":"page","link":"https:\/\/site.educa.madrid.org\/ies.mariagoyrigoyri.madrid\/index.php\/departamento-de-frances\/","title":{"rendered":"Departamento de Franc\u00e9s"},"content":{"rendered":"\n<div class=\"wp-block-columns is-layout-flex wp-container-core-columns-is-layout-9d6595d7 wp-block-columns-is-layout-flex\">\n<div class=\"wp-block-column is-layout-flow wp-block-column-is-layout-flow\">\n<p>La habilidad de comunicarse es uno de los pilares fundamentales en la vida del ser humano, por lo que es necesario un conocimiento com\u00fan y estructurado de una lengua. El nivel de desarrollo de la sociedad del siglo XXI, cada vez m\u00e1s <strong>global, intercultural y pluriling\u00fce<\/strong>,hace que el dominio de varias lenguas sea cada vez m\u00e1s relevante. Es necesario que los individuos desarrollen las competencias necesarias para poder ser personas independientes, activas y comprometidas con la realidad contempor\u00e1nea; por&nbsp; lo que es de gran importancia el dominio de varias lenguas. En la idea de un Espacio Europeo de Educaci\u00f3n, la comunicaci\u00f3n en m\u00e1s de una lengua hace que la educaci\u00f3n y la formaci\u00f3n se vean libres, permitiendo el descubrimiento de otras culturas y ampliando las perspectivas del alumnado. La materia de Franc\u00e9s, como Lengua Extranjera en la ESO, tiene como objetivo la adquisici\u00f3n de la competencia comunicativa apropiada en esta lengua, permitiendo al alumnado comprender, expresarse e interactuar en dicha lengua con eficacia, as\u00ed como el enriquecimiento y la expansi\u00f3n de su conciencia intercultural. <strong>La comunicaci\u00f3n, el pluriling\u00fcismo y la interculturalidad,<\/strong> son los tres aspectos fundamentales en los que se basa el curr\u00edculo de esta materia.<\/p>\n<\/div>\n\n\n\n<div class=\"wp-block-column is-layout-flow wp-block-column-is-layout-flow\"><div class=\"wp-block-image is-style-default\">\n<figure class=\"aligncenter size-large\"><img loading=\"lazy\" decoding=\"async\" width=\"768\" height=\"1024\" src=\"https:\/\/site.educa.madrid.org\/ies.mariagoyrigoyri.madrid\/\/wp-content\/uploads\/ies.mariagoyrigoyri.madrid\/2023\/03\/06_FRANCES-768x1024.png\" alt=\"\" class=\"wp-image-983\" srcset=\"https:\/\/site.educa.madrid.org\/ies.mariagoyrigoyri.madrid\/\/wp-content\/uploads\/ies.mariagoyrigoyri.madrid\/2023\/03\/06_FRANCES-768x1024.png 768w, https:\/\/site.educa.madrid.org\/ies.mariagoyrigoyri.madrid\/\/wp-content\/uploads\/ies.mariagoyrigoyri.madrid\/2023\/03\/06_FRANCES-225x300.png 225w, https:\/\/site.educa.madrid.org\/ies.mariagoyrigoyri.madrid\/\/wp-content\/uploads\/ies.mariagoyrigoyri.madrid\/2023\/03\/06_FRANCES-300x400.png 300w, https:\/\/site.educa.madrid.org\/ies.mariagoyrigoyri.madrid\/\/wp-content\/uploads\/ies.mariagoyrigoyri.madrid\/2023\/03\/06_FRANCES-1152x1536.png 1152w, https:\/\/site.educa.madrid.org\/ies.mariagoyrigoyri.madrid\/\/wp-content\/uploads\/ies.mariagoyrigoyri.madrid\/2023\/03\/06_FRANCES-1536x2048.png 1536w\" sizes=\"auto, (max-width: 768px) 100vw, 768px\" \/><\/figure>\n<\/div><\/div>\n<\/div>\n\n\n\n<p class=\"has-text-align-center has-text-color has-medium-font-size\" style=\"color:#0d77d1\"><strong>Miembros del Departamento<\/strong><\/p>\n\n\n\n<div class=\"wp-block-columns is-layout-flex wp-container-core-columns-is-layout-9d6595d7 wp-block-columns-is-layout-flex\">\n<div class=\"wp-block-column is-layout-flow wp-block-column-is-layout-flow\">\n<figure class=\"wp-block-table is-style-stripes\"><table><thead><tr><th class=\"has-text-align-left\" data-align=\"left\">NOMBRE<\/th><th class=\"has-text-align-left\" data-align=\"left\">CARGO \/FUNCI\u00d3N<\/th><th class=\"has-text-align-left\" data-align=\"left\">EMAIL DE CONTACTO<\/th><\/tr><\/thead><tbody><tr><td class=\"has-text-align-left\" data-align=\"left\">Dana Mar\u00eda Constantinescu&nbsp;<\/td><td class=\"has-text-align-left\" data-align=\"left\">Jefa de Departamento<\/td><td class=\"has-text-align-left\" data-align=\"left\">dana.constantinescu@educa.madrid.org<\/td><\/tr><\/tbody><\/table><\/figure>\n<\/div>\n<\/div>\n\n\n\n<div class=\"wp-block-columns is-layout-flex wp-container-core-columns-is-layout-9d6595d7 wp-block-columns-is-layout-flex\">\n<div class=\"wp-block-column is-layout-flow wp-block-column-is-layout-flow\">\n<p class=\"has-text-color has-medium-font-size\" style=\"color:#0d77d1\"><strong>Enlaces de Inter\u00e9s<\/strong><\/p>\n\n\n\n<figure class=\"wp-block-table is-style-stripes\"><table><tbody><tr><td><a href=\"https:\/\/site.educa.madrid.org\/ies.mariagoyrigoyri.madrid\/\/wp-content\/uploads\/ies.mariagoyrigoyri.madrid\/2025\/09\/Criterios-de-calificacion-frances-25-26.pdf\" target=\"_blank\" rel=\"noreferrer noopener\">Criterios de calificaci\u00f3n<\/a><\/td><\/tr><tr><td><a href=\"https:\/\/site.educa.madrid.org\/ies.mariagoyrigoyri.madrid\/\/wp-content\/uploads\/ies.mariagoyrigoyri.madrid\/2025\/10\/Programacion-Frances.pdf\" target=\"_blank\" rel=\"noreferrer noopener\">Programaci\u00f3n Did\u00e1ctica<\/a><\/td><\/tr><tr><td><a href=\"https:\/\/site.educa.madrid.org\/ies.mariagoyrigoyri.madrid\/\/wp-content\/uploads\/ies.mariagoyrigoyri.madrid\/2026\/04\/Frances.pdf\" target=\"_blank\" rel=\"noreferrer noopener\">Optativa Franc\u00e9s<\/a><\/td><\/tr><\/tbody><\/table><\/figure>\n<\/div>\n\n\n\n<div class=\"wp-block-column is-layout-flow wp-block-column-is-layout-flow\" style=\"flex-basis:10%\"><\/div>\n\n\n\n<div class=\"wp-block-column is-layout-flow wp-block-column-is-layout-flow\">\n<p><\/p>\n\n\n\n<p class=\"has-text-align-center has-white-color has-text-color has-background has-medium-font-size\" style=\"background-color:#d20001\">\u201c<em><em><em><strong>Voici mon secret: seulement avec le c\u0153ur que l\u2019on peut voir \u00e0 juste titre. Ce qui est essentiel est invisible pour les yeux<\/strong>.<\/em><\/em>\u201d<\/em><\/p>\n\n\n\n<p class=\"has-text-align-right\"><strong>Le petit prince<\/strong><\/p>\n\n\n\n<p><\/p>\n<\/div>\n<\/div>\n","protected":false},"excerpt":{"rendered":"<p>La habilidad de comunicarse es uno de los pilares fundamentales en la vida del ser humano, por lo que es necesario un conocimiento com\u00fan y estructurado de una lengua. El &#8230;<\/p>\n","protected":false},"author":3,"featured_media":0,"parent":0,"menu_order":0,"comment_status":"closed","ping_status":"closed","template":"","meta":{"footnotes":""},"folder":[],"class_list":["post-982","page","type-page","status-publish","hentry"],"rttpg_featured_image_url":null,"rttpg_author":{"display_name":"ies.mariagoyrigoyri.madrid","author_link":"https:\/\/site.educa.madrid.org\/ies.mariagoyrigoyri.madrid\/index.php\/author\/cuenta_ies-mariagoyrigoyri-madrid\/"},"rttpg_comment":0,"rttpg_category":false,"rttpg_excerpt":"La habilidad de comunicarse es uno de los pilares fundamentales en la vida del ser humano, por lo que es necesario un conocimiento com\u00fan y estructurado de una lengua. El ...","post_mailing_queue_ids":[],"_links":{"self":[{"href":"https:\/\/site.educa.madrid.org\/ies.mariagoyrigoyri.madrid\/index.php\/wp-json\/wp\/v2\/pages\/982","targetHints":{"allow":["GET"]}}],"collection":[{"href":"https:\/\/site.educa.madrid.org\/ies.mariagoyrigoyri.madrid\/index.php\/wp-json\/wp\/v2\/pages"}],"about":[{"href":"https:\/\/site.educa.madrid.org\/ies.mariagoyrigoyri.madrid\/index.php\/wp-json\/wp\/v2\/types\/page"}],"author":[{"embeddable":true,"href":"https:\/\/site.educa.madrid.org\/ies.mariagoyrigoyri.madrid\/index.php\/wp-json\/wp\/v2\/users\/3"}],"replies":[{"embeddable":true,"href":"https:\/\/site.educa.madrid.org\/ies.mariagoyrigoyri.madrid\/index.php\/wp-json\/wp\/v2\/comments?post=982"}],"version-history":[{"count":18,"href":"https:\/\/site.educa.madrid.org\/ies.mariagoyrigoyri.madrid\/index.php\/wp-json\/wp\/v2\/pages\/982\/revisions"}],"predecessor-version":[{"id":3407,"href":"https:\/\/site.educa.madrid.org\/ies.mariagoyrigoyri.madrid\/index.php\/wp-json\/wp\/v2\/pages\/982\/revisions\/3407"}],"wp:attachment":[{"href":"https:\/\/site.educa.madrid.org\/ies.mariagoyrigoyri.madrid\/index.php\/wp-json\/wp\/v2\/media?parent=982"}],"wp:term":[{"taxonomy":"folder","embeddable":true,"href":"https:\/\/site.educa.madrid.org\/ies.mariagoyrigoyri.madrid\/index.php\/wp-json\/wp\/v2\/folder?post=982"}],"curies":[{"name":"wp","href":"https:\/\/api.w.org\/{rel}","templated":true}]}}