{"id":989,"date":"2023-03-06T19:51:31","date_gmt":"2023-03-06T18:51:31","guid":{"rendered":"https:\/\/site.educa.madrid.org\/ies.mariagoyrigoyri.madrid\/?page_id=989"},"modified":"2026-04-24T12:53:10","modified_gmt":"2026-04-24T10:53:10","slug":"departamento-de-ingles","status":"publish","type":"page","link":"https:\/\/site.educa.madrid.org\/ies.mariagoyrigoyri.madrid\/index.php\/departamento-de-ingles\/","title":{"rendered":"Departamento de Ingl\u00e9s"},"content":{"rendered":"\n<div class=\"wp-block-columns is-layout-flex wp-container-core-columns-is-layout-9d6595d7 wp-block-columns-is-layout-flex\">\n<div class=\"wp-block-column is-layout-flow wp-block-column-is-layout-flow\">\n<p>La materia de Lengua Extranjera contribuye a la adquisici\u00f3n de las distintas competencias clave que conforman el perfil de salida del alumnado al t\u00e9rmino de la ense\u00f1anza b\u00e1sica y, de forma directa, participa en la consecuci\u00f3n de la competencia pluriling\u00fce, que implica el uso de distintas lenguas de forma apropiada y eficaz para el aprendizaje y la comunicaci\u00f3n. El pluriling\u00fcismo integra no s\u00f3lo la dimensi\u00f3n comunicativa, sino tambi\u00e9n los aspectos hist\u00f3ricos e interculturales que conducen al alumnado a conocer, valorar y respetar la diversidad ling\u00fc\u00edstica y cultural y contribuyen a que pueda ejercer una ciudadan\u00eda independiente, activa y comprometida con una sociedad democr\u00e1tica. En consonancia con este enfoque, la materia de Lengua Extranjera en la etapa de Educaci\u00f3n Secundaria Obligatoria tiene como objetivo principal la adquisici\u00f3n de la competencia comunicativa apropiada en la lengua extranjera, de modo que permita al alumnado comprender, expresarse e interactuar en dicha lengua con eficacia, as\u00ed como el enriquecimiento y la expansi\u00f3n de su conciencia intercultural.<\/p>\n<\/div>\n\n\n\n<div class=\"wp-block-column is-layout-flow wp-block-column-is-layout-flow\"><div class=\"wp-block-image is-style-default\">\n<figure class=\"aligncenter size-large\"><img loading=\"lazy\" decoding=\"async\" width=\"1024\" height=\"845\" src=\"https:\/\/site.educa.madrid.org\/ies.mariagoyrigoyri.madrid\/\/wp-content\/uploads\/ies.mariagoyrigoyri.madrid\/2023\/03\/08_ingles-1024x845.jpg\" alt=\"\" class=\"wp-image-1006\" srcset=\"https:\/\/site.educa.madrid.org\/ies.mariagoyrigoyri.madrid\/\/wp-content\/uploads\/ies.mariagoyrigoyri.madrid\/2023\/03\/08_ingles-1024x845.jpg 1024w, https:\/\/site.educa.madrid.org\/ies.mariagoyrigoyri.madrid\/\/wp-content\/uploads\/ies.mariagoyrigoyri.madrid\/2023\/03\/08_ingles-300x248.jpg 300w, https:\/\/site.educa.madrid.org\/ies.mariagoyrigoyri.madrid\/\/wp-content\/uploads\/ies.mariagoyrigoyri.madrid\/2023\/03\/08_ingles-768x634.jpg 768w, https:\/\/site.educa.madrid.org\/ies.mariagoyrigoyri.madrid\/\/wp-content\/uploads\/ies.mariagoyrigoyri.madrid\/2023\/03\/08_ingles-1536x1267.jpg 1536w, https:\/\/site.educa.madrid.org\/ies.mariagoyrigoyri.madrid\/\/wp-content\/uploads\/ies.mariagoyrigoyri.madrid\/2023\/03\/08_ingles.jpg 1600w\" sizes=\"auto, (max-width: 1024px) 100vw, 1024px\" \/><\/figure>\n<\/div><\/div>\n<\/div>\n\n\n\n<p class=\"has-text-align-center has-text-color has-medium-font-size\" style=\"color:#0d77d1\"><strong>Miembros del Departamento<\/strong><\/p>\n\n\n\n<div class=\"wp-block-columns is-layout-flex wp-container-core-columns-is-layout-9d6595d7 wp-block-columns-is-layout-flex\">\n<div class=\"wp-block-column is-layout-flow wp-block-column-is-layout-flow\">\n<figure class=\"wp-block-table is-style-stripes\"><table><thead><tr><th class=\"has-text-align-left\" data-align=\"left\">NOMBRE<\/th><th class=\"has-text-align-left\" data-align=\"left\">CARGO \/FUNCI\u00d3N<\/th><th class=\"has-text-align-left\" data-align=\"left\">EMAIL DE CONTACTO<\/th><\/tr><\/thead><tbody><tr><td class=\"has-text-align-left\" data-align=\"left\">Edurne L\u00f3pez Vidania<\/td><td class=\"has-text-align-left\" data-align=\"left\">Jefe de Departamento<\/td><td class=\"has-text-align-left\" data-align=\"left\">edurne.lopez@educa.madrid.org<\/td><\/tr><tr><td class=\"has-text-align-left\" data-align=\"left\">Rosa M. L\u00f3pez Cuenca<\/td><td class=\"has-text-align-left\" data-align=\"left\">Coordinadora Biling\u00fce<\/td><td class=\"has-text-align-left\" data-align=\"left\">rosamaria.lopezcuenca@educa.madrid.org<\/td><\/tr><tr><td class=\"has-text-align-left\" data-align=\"left\">Blanca Alonso Mateo<\/td><td class=\"has-text-align-left\" data-align=\"left\">Profesora<\/td><td class=\"has-text-align-left\" data-align=\"left\">&nbsp;bam808@educa.madrid.org<\/td><\/tr><tr><td class=\"has-text-align-left\" data-align=\"left\">Almudena Dom\u00ednguez Hern\u00e1ndez<\/td><td class=\"has-text-align-left\" data-align=\"left\">Profesora<\/td><td class=\"has-text-align-left\" data-align=\"left\">almudena.dominguezhernandez@educa.madrid.org<\/td><\/tr><tr><td class=\"has-text-align-left\" data-align=\"left\">Mar\u00eda Noelia Montoya Garc\u00eda<\/td><td class=\"has-text-align-left\" data-align=\"left\">Profesora<\/td><td class=\"has-text-align-left\" data-align=\"left\">mnmg54@educa.madrid.org<\/td><\/tr><tr><td class=\"has-text-align-left\" data-align=\"left\">Sergio Redondo Fern\u00e1ndez<\/td><td class=\"has-text-align-left\" data-align=\"left\">Profesor<\/td><td class=\"has-text-align-left\" data-align=\"left\">sredondofernandez@educa.madrid.org<\/td><\/tr><tr><td class=\"has-text-align-left\" data-align=\"left\">M.Gema Rodr\u00edguez Llorente<\/td><td class=\"has-text-align-left\" data-align=\"left\">Profesora<\/td><td class=\"has-text-align-left\" data-align=\"left\">gema.rodriguezllorente@educa.madrid.org<\/td><\/tr><\/tbody><\/table><\/figure>\n<\/div>\n<\/div>\n\n\n\n<div class=\"wp-block-columns is-layout-flex wp-container-core-columns-is-layout-9d6595d7 wp-block-columns-is-layout-flex\">\n<div class=\"wp-block-column is-layout-flow wp-block-column-is-layout-flow\">\n<p class=\"has-text-color has-medium-font-size\" style=\"color:#0d77d1\"><strong>Enlaces de Inter\u00e9s<\/strong><\/p>\n\n\n\n<figure class=\"wp-block-table is-style-stripes\"><table><tbody><tr><td><a href=\"https:\/\/site.educa.madrid.org\/ies.mariagoyrigoyri.madrid\/\/wp-content\/uploads\/ies.mariagoyrigoyri.madrid\/2025\/09\/Criterios-de-Calificacion-Ingles-Goyri-25-26-con-Logo.pdf\" target=\"_blank\" rel=\"noreferrer noopener\">Criterios de evaluaci\u00f3n<\/a><\/td><\/tr><tr><td><a href=\"https:\/\/site.educa.madrid.org\/ies.mariagoyrigoyri.madrid\/\/wp-content\/uploads\/ies.mariagoyrigoyri.madrid\/2025\/10\/Programacion-ingles-MGG-2025-26-v3.pdf\" target=\"_blank\" rel=\"noreferrer noopener\">Programaci\u00f3n Did\u00e1ctica <\/a><\/td><\/tr><tr><td><a href=\"https:\/\/site.educa.madrid.org\/ies.mariagoyrigoyri.madrid\/\/wp-content\/uploads\/ies.mariagoyrigoyri.madrid\/2026\/04\/Refuerzo-de-ingles-1o-ESO.pdf\" target=\"_blank\" rel=\"noreferrer noopener\">Optativa Refuerzo de ingl\u00e9s 1\u00ba ESO<\/a><\/td><\/tr><tr><td><a href=\"https:\/\/site.educa.madrid.org\/ies.mariagoyrigoyri.madrid\/\/wp-content\/uploads\/ies.mariagoyrigoyri.madrid\/2026\/04\/Comunicacion-oral-en-ingles-4o-ESO.pdf\" target=\"_blank\" rel=\"noreferrer noopener\">Optativa Comunicaci\u00f3n oral en ingl\u00e9s 4\u00ba ESO<\/a><\/td><\/tr><\/tbody><\/table><\/figure>\n<\/div>\n\n\n\n<div class=\"wp-block-column is-layout-flow wp-block-column-is-layout-flow\" style=\"flex-basis:10%\"><\/div>\n\n\n\n<div class=\"wp-block-column is-layout-flow wp-block-column-is-layout-flow\">\n<p><\/p>\n\n\n\n<p class=\"has-text-align-center has-white-color has-text-color has-background has-medium-font-size\" style=\"background-color:#d20001\">\u201c<em><em><em><em>The limits of my language mean the limits of my world<\/em>.<\/em><\/em>\u201d<\/em><\/p>\n\n\n\n<p class=\"has-text-align-right\"><strong><strong>Ludwig Wittgenstein<\/strong><\/strong><\/p>\n\n\n\n<p><\/p>\n<\/div>\n<\/div>\n","protected":false},"excerpt":{"rendered":"<p>La materia de Lengua Extranjera contribuye a la adquisici\u00f3n de las distintas competencias clave que conforman el perfil de salida del alumnado al t\u00e9rmino de la ense\u00f1anza b\u00e1sica y, de &#8230;<\/p>\n","protected":false},"author":3,"featured_media":0,"parent":0,"menu_order":0,"comment_status":"closed","ping_status":"closed","template":"","meta":{"footnotes":""},"folder":[],"class_list":["post-989","page","type-page","status-publish","hentry"],"rttpg_featured_image_url":null,"rttpg_author":{"display_name":"ies.mariagoyrigoyri.madrid","author_link":"https:\/\/site.educa.madrid.org\/ies.mariagoyrigoyri.madrid\/index.php\/author\/cuenta_ies-mariagoyrigoyri-madrid\/"},"rttpg_comment":0,"rttpg_category":false,"rttpg_excerpt":"La materia de Lengua Extranjera contribuye a la adquisici\u00f3n de las distintas competencias clave que conforman el perfil de salida del alumnado al t\u00e9rmino de la ense\u00f1anza b\u00e1sica y, de ...","post_mailing_queue_ids":[],"_links":{"self":[{"href":"https:\/\/site.educa.madrid.org\/ies.mariagoyrigoyri.madrid\/index.php\/wp-json\/wp\/v2\/pages\/989","targetHints":{"allow":["GET"]}}],"collection":[{"href":"https:\/\/site.educa.madrid.org\/ies.mariagoyrigoyri.madrid\/index.php\/wp-json\/wp\/v2\/pages"}],"about":[{"href":"https:\/\/site.educa.madrid.org\/ies.mariagoyrigoyri.madrid\/index.php\/wp-json\/wp\/v2\/types\/page"}],"author":[{"embeddable":true,"href":"https:\/\/site.educa.madrid.org\/ies.mariagoyrigoyri.madrid\/index.php\/wp-json\/wp\/v2\/users\/3"}],"replies":[{"embeddable":true,"href":"https:\/\/site.educa.madrid.org\/ies.mariagoyrigoyri.madrid\/index.php\/wp-json\/wp\/v2\/comments?post=989"}],"version-history":[{"count":26,"href":"https:\/\/site.educa.madrid.org\/ies.mariagoyrigoyri.madrid\/index.php\/wp-json\/wp\/v2\/pages\/989\/revisions"}],"predecessor-version":[{"id":3411,"href":"https:\/\/site.educa.madrid.org\/ies.mariagoyrigoyri.madrid\/index.php\/wp-json\/wp\/v2\/pages\/989\/revisions\/3411"}],"wp:attachment":[{"href":"https:\/\/site.educa.madrid.org\/ies.mariagoyrigoyri.madrid\/index.php\/wp-json\/wp\/v2\/media?parent=989"}],"wp:term":[{"taxonomy":"folder","embeddable":true,"href":"https:\/\/site.educa.madrid.org\/ies.mariagoyrigoyri.madrid\/index.php\/wp-json\/wp\/v2\/folder?post=989"}],"curies":[{"name":"wp","href":"https:\/\/api.w.org\/{rel}","templated":true}]}}