{"id":993,"date":"2023-03-06T19:52:39","date_gmt":"2023-03-06T18:52:39","guid":{"rendered":"https:\/\/site.educa.madrid.org\/ies.mariagoyrigoyri.madrid\/?page_id=993"},"modified":"2025-10-20T10:00:39","modified_gmt":"2025-10-20T08:00:39","slug":"departamento-de-matematicas","status":"publish","type":"page","link":"https:\/\/site.educa.madrid.org\/ies.mariagoyrigoyri.madrid\/index.php\/departamento-de-matematicas\/","title":{"rendered":"Departamento de Matem\u00e1ticas"},"content":{"rendered":"\n<div class=\"wp-block-columns is-layout-flex wp-container-core-columns-is-layout-9d6595d7 wp-block-columns-is-layout-flex\">\n<div class=\"wp-block-column is-layout-flow wp-block-column-is-layout-flow\">\n<p>Las matem\u00e1ticas constituyen una forma de mirar e interpretar el mundo que nos rodea, reflejan la capacidad creativa, expresan con precisi\u00f3n conceptos y argumentos, favorecen la capacidad para aprender a aprender y contienen elementos de gran belleza; sin olvidar adem\u00e1s el car\u00e1cter instrumental que las matem\u00e1ticas tienen como base fundamental para la adquisici\u00f3n de nuevos conocimientos en otras disciplinas, especialmente en el proceso cient\u00edfico y tecnol\u00f3gico y como fuerza conductora en el desarrollo de la cultura y las civilizaciones.<\/p>\n<\/div>\n\n\n\n<div class=\"wp-block-column is-layout-flow wp-block-column-is-layout-flow\"><div class=\"wp-block-image is-style-default\">\n<figure class=\"aligncenter size-large\"><img loading=\"lazy\" decoding=\"async\" width=\"1024\" height=\"913\" src=\"https:\/\/site.educa.madrid.org\/ies.mariagoyrigoyri.madrid\/\/wp-content\/uploads\/ies.mariagoyrigoyri.madrid\/2023\/03\/09_Matematicas-1024x913.png\" alt=\"\" class=\"wp-image-1016\" srcset=\"https:\/\/site.educa.madrid.org\/ies.mariagoyrigoyri.madrid\/\/wp-content\/uploads\/ies.mariagoyrigoyri.madrid\/2023\/03\/09_Matematicas-1024x913.png 1024w, https:\/\/site.educa.madrid.org\/ies.mariagoyrigoyri.madrid\/\/wp-content\/uploads\/ies.mariagoyrigoyri.madrid\/2023\/03\/09_Matematicas-300x268.png 300w, https:\/\/site.educa.madrid.org\/ies.mariagoyrigoyri.madrid\/\/wp-content\/uploads\/ies.mariagoyrigoyri.madrid\/2023\/03\/09_Matematicas-768x685.png 768w, https:\/\/site.educa.madrid.org\/ies.mariagoyrigoyri.madrid\/\/wp-content\/uploads\/ies.mariagoyrigoyri.madrid\/2023\/03\/09_Matematicas-1536x1370.png 1536w, https:\/\/site.educa.madrid.org\/ies.mariagoyrigoyri.madrid\/\/wp-content\/uploads\/ies.mariagoyrigoyri.madrid\/2023\/03\/09_Matematicas.png 1600w\" sizes=\"auto, (max-width: 1024px) 100vw, 1024px\" \/><\/figure>\n<\/div><\/div>\n<\/div>\n\n\n\n<p class=\"has-text-align-center has-text-color has-medium-font-size\" style=\"color:#0d77d1\"><strong>Miembros del Departamento<\/strong><\/p>\n\n\n\n<div class=\"wp-block-columns is-layout-flex wp-container-core-columns-is-layout-9d6595d7 wp-block-columns-is-layout-flex\">\n<div class=\"wp-block-column is-layout-flow wp-block-column-is-layout-flow\">\n<figure class=\"wp-block-table is-style-stripes\"><table><thead><tr><th class=\"has-text-align-left\" data-align=\"left\">NOMBRE<\/th><th class=\"has-text-align-left\" data-align=\"left\">CARGO \/FUNCI\u00d3N<\/th><th class=\"has-text-align-left\" data-align=\"left\">EMAIL DE CONTACTO<\/th><\/tr><\/thead><tbody><tr><td class=\"has-text-align-left\" data-align=\"left\">Jes\u00fas Pascual Moreno Damas<\/td><td class=\"has-text-align-left\" data-align=\"left\">Jefe de Departamento<\/td><td class=\"has-text-align-left\" data-align=\"left\">jesus.morenodamas@educa.madrid.org<\/td><\/tr><tr><td class=\"has-text-align-left\" data-align=\"left\">Juan Jos\u00e9 Prieto Mart\u00ednez<\/td><td class=\"has-text-align-left\" data-align=\"left\">Director de Instituto de Ense\u00f1anza Secundaria<\/td><td class=\"has-text-align-left\" data-align=\"left\">jprietomartinez@educa.madrid.org<\/td><\/tr><tr><td class=\"has-text-align-left\" data-align=\"left\">M.Teresa Fern\u00e1ndez Andr\u00e9s<\/td><td class=\"has-text-align-left\" data-align=\"left\">Jefe de Estudios<\/td><td class=\"has-text-align-left\" data-align=\"left\">mfernandezandres@educa.madrid.org<\/td><\/tr><tr><td class=\"has-text-align-left\" data-align=\"left\">Mar\u00eda Gonz\u00e1lez Mateos<\/td><td class=\"has-text-align-left\" data-align=\"left\">Profesora<\/td><td class=\"has-text-align-left\" data-align=\"left\">mgonzalezmateos@educa.madrid.org<\/td><\/tr><tr><td class=\"has-text-align-left\" data-align=\"left\">Ignacio Gonz\u00e1lez Nieto<\/td><td class=\"has-text-align-left\" data-align=\"left\">Profesor<\/td><td class=\"has-text-align-left\" data-align=\"left\">igonzaleznieto@educa.madrid.org<\/td><\/tr><tr><td class=\"has-text-align-left\" data-align=\"left\">Pablo Gonz\u00e1lez Valle<\/td><td class=\"has-text-align-left\" data-align=\"left\">Profesor<\/td><td class=\"has-text-align-left\" data-align=\"left\">pgonzalezvalle@educa.madrid.org<\/td><\/tr><tr><td class=\"has-text-align-left\" data-align=\"left\">Miguel \u00c1ngel Mill\u00e1n L\u00f3pez<\/td><td class=\"has-text-align-left\" data-align=\"left\">Profesor<\/td><td class=\"has-text-align-left\" data-align=\"left\">mmillan@educa.madrid.org<\/td><\/tr><tr><td class=\"has-text-align-left\" data-align=\"left\">Ana Mar\u00eda Moreno Sansalvador<\/td><td class=\"has-text-align-left\" data-align=\"left\">Profesora<\/td><td class=\"has-text-align-left\" data-align=\"left\">ana.morenosansalvador@educa.madrid.org<\/td><\/tr><\/tbody><\/table><\/figure>\n<\/div>\n<\/div>\n\n\n\n<div class=\"wp-block-columns is-layout-flex wp-container-core-columns-is-layout-9d6595d7 wp-block-columns-is-layout-flex\">\n<div class=\"wp-block-column is-layout-flow wp-block-column-is-layout-flow\">\n<p class=\"has-text-color has-medium-font-size\" style=\"color:#0d77d1\"><strong>Enlaces de Inter\u00e9s<\/strong><\/p>\n\n\n\n<figure class=\"wp-block-table is-style-stripes\"><table><tbody><tr><td><a href=\"https:\/\/site.educa.madrid.org\/ies.mariagoyrigoyri.madrid\/\/wp-content\/uploads\/ies.mariagoyrigoyri.madrid\/2025\/09\/Criterios-calificacion-recuperacion-pendientes-y-protocolo-copia-Matematicas.pdf\">Criterios de calificaci\u00f3n<\/a><\/td><\/tr><tr><td><a href=\"https:\/\/site.educa.madrid.org\/ies.mariagoyrigoyri.madrid\/\/wp-content\/uploads\/ies.mariagoyrigoyri.madrid\/2025\/10\/Programacion-didactica-del-Departamento-de-Matematicas-IES-Maria-Goyri-Goyri.pdf\" target=\"_blank\" rel=\"noreferrer noopener\">Programaci\u00f3n Did\u00e1ctica<\/a><\/td><\/tr><\/tbody><\/table><\/figure>\n<\/div>\n\n\n\n<div class=\"wp-block-column is-layout-flow wp-block-column-is-layout-flow\" style=\"flex-basis:10%\"><\/div>\n\n\n\n<div class=\"wp-block-column is-layout-flow wp-block-column-is-layout-flow\">\n<p><\/p>\n\n\n\n<p class=\"has-text-align-center has-white-color has-text-color has-background has-medium-font-size\" style=\"background-color:#d20001\">\u201c<em><em><em><em>Las matem\u00e1ticas puras son, a su manera, la poes\u00eda de las ideas l\u00f3gicas<\/em><\/em><\/em><\/em>.<em>\u201d<\/em><\/p>\n\n\n\n<p class=\"has-text-align-right\"><strong>Albert Einstein<\/strong><\/p>\n\n\n\n<p><\/p>\n<\/div>\n<\/div>\n","protected":false},"excerpt":{"rendered":"<p>Las matem\u00e1ticas constituyen una forma de mirar e interpretar el mundo que nos rodea, reflejan la capacidad creativa, expresan con precisi\u00f3n conceptos y argumentos, favorecen la capacidad para aprender a &#8230;<\/p>\n","protected":false},"author":3,"featured_media":0,"parent":0,"menu_order":0,"comment_status":"closed","ping_status":"closed","template":"","meta":{"footnotes":""},"folder":[],"class_list":["post-993","page","type-page","status-publish","hentry"],"rttpg_featured_image_url":null,"rttpg_author":{"display_name":"ies.mariagoyrigoyri.madrid","author_link":"https:\/\/site.educa.madrid.org\/ies.mariagoyrigoyri.madrid\/index.php\/author\/cuenta_ies-mariagoyrigoyri-madrid\/"},"rttpg_comment":0,"rttpg_category":false,"rttpg_excerpt":"Las matem\u00e1ticas constituyen una forma de mirar e interpretar el mundo que nos rodea, reflejan la capacidad creativa, expresan con precisi\u00f3n conceptos y argumentos, favorecen la capacidad para aprender a ...","post_mailing_queue_ids":[],"_links":{"self":[{"href":"https:\/\/site.educa.madrid.org\/ies.mariagoyrigoyri.madrid\/index.php\/wp-json\/wp\/v2\/pages\/993","targetHints":{"allow":["GET"]}}],"collection":[{"href":"https:\/\/site.educa.madrid.org\/ies.mariagoyrigoyri.madrid\/index.php\/wp-json\/wp\/v2\/pages"}],"about":[{"href":"https:\/\/site.educa.madrid.org\/ies.mariagoyrigoyri.madrid\/index.php\/wp-json\/wp\/v2\/types\/page"}],"author":[{"embeddable":true,"href":"https:\/\/site.educa.madrid.org\/ies.mariagoyrigoyri.madrid\/index.php\/wp-json\/wp\/v2\/users\/3"}],"replies":[{"embeddable":true,"href":"https:\/\/site.educa.madrid.org\/ies.mariagoyrigoyri.madrid\/index.php\/wp-json\/wp\/v2\/comments?post=993"}],"version-history":[{"count":13,"href":"https:\/\/site.educa.madrid.org\/ies.mariagoyrigoyri.madrid\/index.php\/wp-json\/wp\/v2\/pages\/993\/revisions"}],"predecessor-version":[{"id":3043,"href":"https:\/\/site.educa.madrid.org\/ies.mariagoyrigoyri.madrid\/index.php\/wp-json\/wp\/v2\/pages\/993\/revisions\/3043"}],"wp:attachment":[{"href":"https:\/\/site.educa.madrid.org\/ies.mariagoyrigoyri.madrid\/index.php\/wp-json\/wp\/v2\/media?parent=993"}],"wp:term":[{"taxonomy":"folder","embeddable":true,"href":"https:\/\/site.educa.madrid.org\/ies.mariagoyrigoyri.madrid\/index.php\/wp-json\/wp\/v2\/folder?post=993"}],"curies":[{"name":"wp","href":"https:\/\/api.w.org\/{rel}","templated":true}]}}