{"id":999,"date":"2023-03-06T19:54:13","date_gmt":"2023-03-06T18:54:13","guid":{"rendered":"https:\/\/site.educa.madrid.org\/ies.mariagoyrigoyri.madrid\/?page_id=999"},"modified":"2025-10-17T16:49:28","modified_gmt":"2025-10-17T14:49:28","slug":"departamento-de-religion","status":"publish","type":"page","link":"https:\/\/site.educa.madrid.org\/ies.mariagoyrigoyri.madrid\/index.php\/departamento-de-religion\/","title":{"rendered":"Departamento de Religi\u00f3n"},"content":{"rendered":"\n<div class=\"wp-block-columns is-layout-flex wp-container-core-columns-is-layout-9d6595d7 wp-block-columns-is-layout-flex\">\n<div class=\"wp-block-column is-layout-flow wp-block-column-is-layout-flow\">\n<p>La Religi\u00f3n Cat\u00f3lica es una materia que, desde una concepci\u00f3n de escuela al servicio de la educaci\u00f3n integral de la persona en todas sus dimensiones, es necesaria en el marco escolar. Es un servicio que ofrece a la sociedad la Iglesia Cat\u00f3lica \u2013 al igual que pueden hacerlo otras confesiones religiosas -, para todos aqu\u00e9llos, cat\u00f3licos o no, que est\u00e9n interesados en conocer o profundizar en la visi\u00f3n cristiana de la vida. Crea un cauce para el di\u00e1logo entre la fe y la cultura, con especial atenci\u00f3n a los temas en los que esta materia y las otras se encuentran implicadas m\u00e1s directamente. Aporta adem\u00e1s un modo de acercarse al mensaje y acontecimiento cristiano, con las caracter\u00edsticas propias del \u00e1mbito escolar: conocimiento de los contenidos de la fe, determinada visi\u00f3n de la persona y de su sentido \u00faltimo, inserci\u00f3n cr\u00edtica en la sociedad, etc. Por todo ello la Iglesia Cat\u00f3lica recomienda vivamente dicha ense\u00f1anza a todos los cristianos, entendiendo que es necesario integrar la dimensi\u00f3n religiosa como tal en la formaci\u00f3n humana de una forma sistem\u00e1tica y cr\u00edtica dentro del \u00e1mbito escolar.<\/p>\n<\/div>\n\n\n\n<div class=\"wp-block-column is-layout-flow wp-block-column-is-layout-flow\"><div class=\"wp-block-image is-style-default\">\n<figure class=\"aligncenter size-full\"><img loading=\"lazy\" decoding=\"async\" width=\"845\" height=\"321\" src=\"https:\/\/site.educa.madrid.org\/ies.mariagoyrigoyri.madrid\/\/wp-content\/uploads\/ies.mariagoyrigoyri.madrid\/2024\/10\/ImagenReligion.jpeg\" alt=\"\" class=\"wp-image-2244\" srcset=\"https:\/\/site.educa.madrid.org\/ies.mariagoyrigoyri.madrid\/\/wp-content\/uploads\/ies.mariagoyrigoyri.madrid\/2024\/10\/ImagenReligion.jpeg 845w, https:\/\/site.educa.madrid.org\/ies.mariagoyrigoyri.madrid\/\/wp-content\/uploads\/ies.mariagoyrigoyri.madrid\/2024\/10\/ImagenReligion-300x114.jpeg 300w, https:\/\/site.educa.madrid.org\/ies.mariagoyrigoyri.madrid\/\/wp-content\/uploads\/ies.mariagoyrigoyri.madrid\/2024\/10\/ImagenReligion-768x292.jpeg 768w\" sizes=\"auto, (max-width: 845px) 100vw, 845px\" \/><\/figure>\n<\/div><\/div>\n<\/div>\n\n\n\n<p class=\"has-text-align-center has-text-color has-medium-font-size\" style=\"color:#0d77d1\"><strong>Miembros del Departamento<\/strong><\/p>\n\n\n\n<div class=\"wp-block-columns is-layout-flex wp-container-core-columns-is-layout-9d6595d7 wp-block-columns-is-layout-flex\">\n<div class=\"wp-block-column is-layout-flow wp-block-column-is-layout-flow\">\n<figure class=\"wp-block-table is-style-stripes\"><table><thead><tr><th class=\"has-text-align-left\" data-align=\"left\">NOMBRE<\/th><th class=\"has-text-align-left\" data-align=\"left\">CARGO \/FUNCI\u00d3N<\/th><th class=\"has-text-align-left\" data-align=\"left\">EMAIL DE CONTACTO<\/th><\/tr><\/thead><tbody><tr><td class=\"has-text-align-left\" data-align=\"left\">Yolanda Mansilla S\u00e1nchez<\/td><td class=\"has-text-align-left\" data-align=\"left\">Profesora<\/td><td class=\"has-text-align-left\" data-align=\"left\"><a href=\"mailto:ymansilla@educa.madrid.org\">ymansilla@educa.madrid.org<\/a><\/td><\/tr><\/tbody><\/table><\/figure>\n<\/div>\n<\/div>\n\n\n\n<div class=\"wp-block-columns is-layout-flex wp-container-core-columns-is-layout-9d6595d7 wp-block-columns-is-layout-flex\">\n<div class=\"wp-block-column is-layout-flow wp-block-column-is-layout-flow\">\n<p class=\"has-text-color has-medium-font-size\" style=\"color:#0d77d1\"><strong>Enlaces de Inter\u00e9s<\/strong><\/p>\n\n\n\n<figure class=\"wp-block-table is-style-stripes\"><table><tbody><tr><td><a href=\"https:\/\/site.educa.madrid.org\/ies.mariagoyrigoyri.madrid\/\/wp-content\/uploads\/ies.mariagoyrigoyri.madrid\/2025\/09\/CRITERIOS-DE-CALIFICACION.-RELIGION-25-26.pdf\" target=\"_blank\" rel=\"noreferrer noopener\">Criterios de calificaci\u00f3n<\/a><\/td><\/tr><tr><td><a href=\"https:\/\/site.educa.madrid.org\/ies.mariagoyrigoyri.madrid\/\/wp-content\/uploads\/ies.mariagoyrigoyri.madrid\/2025\/10\/IES-MARIA-GOYRI-GOYRI.-Programacion-Religion-25-26.pdf\" target=\"_blank\" rel=\"noreferrer noopener\">Programaci\u00f3n Did\u00e1ctica<\/a><\/td><\/tr><\/tbody><\/table><\/figure>\n<\/div>\n\n\n\n<div class=\"wp-block-column is-layout-flow wp-block-column-is-layout-flow\" style=\"flex-basis:10%\"><\/div>\n\n\n\n<div class=\"wp-block-column is-layout-flow wp-block-column-is-layout-flow\">\n<p><\/p>\n\n\n\n<p class=\"has-text-align-center has-white-color has-text-color has-background has-medium-font-size\" style=\"background-color:#d20001\">\u201c<em><em><em>Ama y haz lo que quieras.<\/em><\/em>\u201d<\/em><\/p>\n\n\n\n<p class=\"has-text-align-right\"><strong>San Agust\u00edn<\/strong><\/p>\n\n\n\n<p><\/p>\n<\/div>\n<\/div>\n","protected":false},"excerpt":{"rendered":"<p>La Religi\u00f3n Cat\u00f3lica es una materia que, desde una concepci\u00f3n de escuela al servicio de la educaci\u00f3n integral de la persona en todas sus dimensiones, es necesaria en el marco &#8230;<\/p>\n","protected":false},"author":3,"featured_media":0,"parent":0,"menu_order":0,"comment_status":"closed","ping_status":"closed","template":"","meta":{"footnotes":""},"folder":[],"class_list":["post-999","page","type-page","status-publish","hentry"],"rttpg_featured_image_url":null,"rttpg_author":{"display_name":"ies.mariagoyrigoyri.madrid","author_link":"https:\/\/site.educa.madrid.org\/ies.mariagoyrigoyri.madrid\/index.php\/author\/cuenta_ies-mariagoyrigoyri-madrid\/"},"rttpg_comment":0,"rttpg_category":false,"rttpg_excerpt":"La Religi\u00f3n Cat\u00f3lica es una materia que, desde una concepci\u00f3n de escuela al servicio de la educaci\u00f3n integral de la persona en todas sus dimensiones, es necesaria en el marco ...","post_mailing_queue_ids":[],"_links":{"self":[{"href":"https:\/\/site.educa.madrid.org\/ies.mariagoyrigoyri.madrid\/index.php\/wp-json\/wp\/v2\/pages\/999","targetHints":{"allow":["GET"]}}],"collection":[{"href":"https:\/\/site.educa.madrid.org\/ies.mariagoyrigoyri.madrid\/index.php\/wp-json\/wp\/v2\/pages"}],"about":[{"href":"https:\/\/site.educa.madrid.org\/ies.mariagoyrigoyri.madrid\/index.php\/wp-json\/wp\/v2\/types\/page"}],"author":[{"embeddable":true,"href":"https:\/\/site.educa.madrid.org\/ies.mariagoyrigoyri.madrid\/index.php\/wp-json\/wp\/v2\/users\/3"}],"replies":[{"embeddable":true,"href":"https:\/\/site.educa.madrid.org\/ies.mariagoyrigoyri.madrid\/index.php\/wp-json\/wp\/v2\/comments?post=999"}],"version-history":[{"count":16,"href":"https:\/\/site.educa.madrid.org\/ies.mariagoyrigoyri.madrid\/index.php\/wp-json\/wp\/v2\/pages\/999\/revisions"}],"predecessor-version":[{"id":3041,"href":"https:\/\/site.educa.madrid.org\/ies.mariagoyrigoyri.madrid\/index.php\/wp-json\/wp\/v2\/pages\/999\/revisions\/3041"}],"wp:attachment":[{"href":"https:\/\/site.educa.madrid.org\/ies.mariagoyrigoyri.madrid\/index.php\/wp-json\/wp\/v2\/media?parent=999"}],"wp:term":[{"taxonomy":"folder","embeddable":true,"href":"https:\/\/site.educa.madrid.org\/ies.mariagoyrigoyri.madrid\/index.php\/wp-json\/wp\/v2\/folder?post=999"}],"curies":[{"name":"wp","href":"https:\/\/api.w.org\/{rel}","templated":true}]}}