{"id":123,"date":"2022-02-07T17:51:08","date_gmt":"2022-02-07T16:51:08","guid":{"rendered":"https:\/\/site.educa.madrid.org\/ies.neruda.leganes\/?page_id=123"},"modified":"2025-12-11T11:29:42","modified_gmt":"2025-12-11T10:29:42","slug":"equipo-directivo","status":"publish","type":"page","link":"https:\/\/site.educa.madrid.org\/ies.neruda.leganes\/index.php\/quienes-somos\/equipo-directivo\/","title":{"rendered":"Equipo Directivo"},"content":{"rendered":"<p><span style=\"color: #ff6600;\"><strong>DIRECTOR<\/strong>: Francisco de Borja Rodr\u00edguez \u00c1lamo<\/span><\/p>\n<p><span style=\"color: #ff6600;\"><strong>JEFA DE ESTUDIOS GENERAL<\/strong>: M\u00f3nica Morales G\u00f3mez<\/span><\/p>\n<p><span style=\"color: #ff6600;\"><strong>JEFA DE ESTUDIOS DE CICLOS FORMATIVOS<\/strong>: Estela Conejero Bl\u00e1zquez<\/span><\/p>\n<p><span style=\"color: #ff6600;\"><strong>SECRETARIA<\/strong>: Mar\u00eda Jes\u00fas S\u00e1nchez Alonso<\/span><\/p>\n<p><span style=\"color: #ff6600;\"><strong>JEFE DE ESTUDIOS ADJUNTO<\/strong>: Patricia del Castillo Maroto<\/span><\/p>\n<p><span style=\"color: #ff6600;\"><strong>JEFA DE ESTUDIOS ADJUNTA<\/strong>: Mar\u00eda \u00c1ngeles Vicente Cuadrado<\/span><\/p>\n<p><span style=\"color: #ff6600;\"><strong>JEFE DE ESTUDIOS ADJUNTO: <\/strong>Jos\u00e9 Javier Navas Rodr\u00edguez<\/span><\/p>\n\n\n<h2 class=\"wp-block-heading\">Contacto<\/h2>\n\n\n\n<p>ies.neruda.leganes@educa.madrid.org    <\/p>\n\n\n\n<p>Tel\u00e9fono: 916801909<\/p>\n\n\n\n<h2 class=\"wp-block-heading\">Normas de Convivencia<\/h2>\n\n\n\n<p><a href=\"https:\/\/site.educa.madrid.org\/ies.neruda.leganes\/\/wp-content\/uploads\/ies.neruda.leganes\/2025\/12\/PLAN-DE-CONVIVENCIA-IESPABLONERUDA-25-26-V3.pdf\" target=\"_blank\" rel=\"noreferrer noopener\">PLAN DE CONVIVENCIA DEL CURSO 2025\/2026<\/a><\/p>\n\n\n\n<p><a href=\"https:\/\/site.educa.madrid.org\/ies.neruda.leganes\/\/wp-content\/uploads\/ies.neruda.leganes\/2025\/12\/PLAN-INCLUYO-25-26.pdf\" target=\"_blank\" rel=\"noreferrer noopener\">PLAN INCLUYO 25\/26<\/a><\/p>\n\n\n\n<p><\/p>\n\n\n\n<h2 class=\"wp-block-heading\">Documentos institucionales<\/h2>\n\n\n\n<p><a href=\"https:\/\/site.educa.madrid.org\/ies.neruda.leganes\/\/wp-content\/uploads\/ies.neruda.leganes\/2025\/12\/Proyecto-Educativo-IES-Pablo-Neruda-25-26.pdf\" target=\"_blank\" rel=\"noreferrer noopener\">PROYECTO EDUCATIVO 25\/26<\/a><\/p>\n\n\n\n<p><a href=\"https:\/\/site.educa.madrid.org\/ies.neruda.leganes\/\/wp-content\/uploads\/ies.neruda.leganes\/2025\/12\/PGA_IES-PABLO-NERUDA_2526.pdf\" target=\"_blank\" rel=\"noreferrer noopener\">PROGRAMACI\u00d3N GENERAL ANUAL (PGA) 25\/26<\/a><\/p>\n\n\n\n<p><a href=\"https:\/\/site.educa.madrid.org\/ies.neruda.leganes\/\/wp-content\/uploads\/ies.neruda.leganes\/2025\/12\/CRITERIOS-DE-CALIFICACION-2526.pdf\" target=\"_blank\" rel=\"noreferrer noopener\">CRITERIOS DE CALIFICACI\u00d3N 25\/26<\/a><\/p>\n\n\n\n<p><\/p>\n","protected":false},"excerpt":{"rendered":"<p>DIRECTOR: Francisco de Borja Rodr\u00edguez \u00c1lamo JEFA DE ESTUDIOS GENERAL: M\u00f3nica Morales G\u00f3mez JEFA DE ESTUDIOS DE CICLOS FORMATIVOS: [&hellip;]<\/p>\n","protected":false},"author":3,"featured_media":0,"parent":248,"menu_order":0,"comment_status":"closed","ping_status":"closed","template":"","meta":{"footnotes":""},"folder":[],"class_list":["post-123","page","type-page","status-publish","hentry"],"rttpg_featured_image_url":null,"rttpg_author":{"display_name":"ies.neruda.leganes","author_link":"https:\/\/site.educa.madrid.org\/ies.neruda.leganes\/index.php\/author\/cuenta_ies-neruda-leganes\/"},"rttpg_comment":0,"rttpg_category":false,"rttpg_excerpt":"DIRECTOR: Francisco de Borja Rodr\u00edguez \u00c1lamo JEFA DE ESTUDIOS GENERAL: M\u00f3nica Morales G\u00f3mez JEFA DE ESTUDIOS DE CICLOS FORMATIVOS: [&hellip;]","post_mailing_queue_ids":[],"_links":{"self":[{"href":"https:\/\/site.educa.madrid.org\/ies.neruda.leganes\/index.php\/wp-json\/wp\/v2\/pages\/123","targetHints":{"allow":["GET"]}}],"collection":[{"href":"https:\/\/site.educa.madrid.org\/ies.neruda.leganes\/index.php\/wp-json\/wp\/v2\/pages"}],"about":[{"href":"https:\/\/site.educa.madrid.org\/ies.neruda.leganes\/index.php\/wp-json\/wp\/v2\/types\/page"}],"author":[{"embeddable":true,"href":"https:\/\/site.educa.madrid.org\/ies.neruda.leganes\/index.php\/wp-json\/wp\/v2\/users\/3"}],"replies":[{"embeddable":true,"href":"https:\/\/site.educa.madrid.org\/ies.neruda.leganes\/index.php\/wp-json\/wp\/v2\/comments?post=123"}],"version-history":[{"count":17,"href":"https:\/\/site.educa.madrid.org\/ies.neruda.leganes\/index.php\/wp-json\/wp\/v2\/pages\/123\/revisions"}],"predecessor-version":[{"id":4084,"href":"https:\/\/site.educa.madrid.org\/ies.neruda.leganes\/index.php\/wp-json\/wp\/v2\/pages\/123\/revisions\/4084"}],"up":[{"embeddable":true,"href":"https:\/\/site.educa.madrid.org\/ies.neruda.leganes\/index.php\/wp-json\/wp\/v2\/pages\/248"}],"wp:attachment":[{"href":"https:\/\/site.educa.madrid.org\/ies.neruda.leganes\/index.php\/wp-json\/wp\/v2\/media?parent=123"}],"wp:term":[{"taxonomy":"folder","embeddable":true,"href":"https:\/\/site.educa.madrid.org\/ies.neruda.leganes\/index.php\/wp-json\/wp\/v2\/folder?post=123"}],"curies":[{"name":"wp","href":"https:\/\/api.w.org\/{rel}","templated":true}]}}