{"id":135,"date":"2022-02-07T18:10:12","date_gmt":"2022-02-07T17:10:12","guid":{"rendered":"https:\/\/site.educa.madrid.org\/ies.neruda.leganes\/?page_id=135"},"modified":"2025-09-14T12:10:01","modified_gmt":"2025-09-14T10:10:01","slug":"departamentos","status":"publish","type":"page","link":"https:\/\/site.educa.madrid.org\/ies.neruda.leganes\/index.php\/quienes-somos\/departamentos\/","title":{"rendered":"P\u00e1ginas web de Departamentos"},"content":{"rendered":"<ul>\n<li><a href=\"https:\/\/orientacioniespablonerudaleganes.webnode.es\/\">DEPARTAMENTO DE ORIENTACI\u00d3N<\/a><\/li>\n<li><a href=\"https:\/\/www.educa2.madrid.org\/web\/ana.gonzalez7\/home\">BIOLOG\u00cdA Y GEOLOG\u00cdA<\/a><\/li>\n<li><a href=\"https:\/\/tecnoneruda.webnode.es\/\">TECNOLOG\u00cdA<\/a><\/li>\n<li><a href=\"https:\/\/pnerudacomercio.es\/\">COMERCIO Y MARKETING<\/a><\/li>\n<\/ul>\n","protected":false},"excerpt":{"rendered":"<p>DEPARTAMENTO DE ORIENTACI\u00d3N BIOLOG\u00cdA Y GEOLOG\u00cdA TECNOLOG\u00cdA COMERCIO Y MARKETING<\/p>\n","protected":false},"author":3,"featured_media":0,"parent":248,"menu_order":0,"comment_status":"closed","ping_status":"closed","template":"","meta":{"footnotes":""},"folder":[],"class_list":["post-135","page","type-page","status-publish","hentry"],"rttpg_featured_image_url":null,"rttpg_author":{"display_name":"ies.neruda.leganes","author_link":"https:\/\/site.educa.madrid.org\/ies.neruda.leganes\/index.php\/author\/cuenta_ies-neruda-leganes\/"},"rttpg_comment":0,"rttpg_category":false,"rttpg_excerpt":"DEPARTAMENTO DE ORIENTACI\u00d3N BIOLOG\u00cdA Y GEOLOG\u00cdA TECNOLOG\u00cdA COMERCIO Y MARKETING","post_mailing_queue_ids":[],"_links":{"self":[{"href":"https:\/\/site.educa.madrid.org\/ies.neruda.leganes\/index.php\/wp-json\/wp\/v2\/pages\/135","targetHints":{"allow":["GET"]}}],"collection":[{"href":"https:\/\/site.educa.madrid.org\/ies.neruda.leganes\/index.php\/wp-json\/wp\/v2\/pages"}],"about":[{"href":"https:\/\/site.educa.madrid.org\/ies.neruda.leganes\/index.php\/wp-json\/wp\/v2\/types\/page"}],"author":[{"embeddable":true,"href":"https:\/\/site.educa.madrid.org\/ies.neruda.leganes\/index.php\/wp-json\/wp\/v2\/users\/3"}],"replies":[{"embeddable":true,"href":"https:\/\/site.educa.madrid.org\/ies.neruda.leganes\/index.php\/wp-json\/wp\/v2\/comments?post=135"}],"version-history":[{"count":4,"href":"https:\/\/site.educa.madrid.org\/ies.neruda.leganes\/index.php\/wp-json\/wp\/v2\/pages\/135\/revisions"}],"predecessor-version":[{"id":3944,"href":"https:\/\/site.educa.madrid.org\/ies.neruda.leganes\/index.php\/wp-json\/wp\/v2\/pages\/135\/revisions\/3944"}],"up":[{"embeddable":true,"href":"https:\/\/site.educa.madrid.org\/ies.neruda.leganes\/index.php\/wp-json\/wp\/v2\/pages\/248"}],"wp:attachment":[{"href":"https:\/\/site.educa.madrid.org\/ies.neruda.leganes\/index.php\/wp-json\/wp\/v2\/media?parent=135"}],"wp:term":[{"taxonomy":"folder","embeddable":true,"href":"https:\/\/site.educa.madrid.org\/ies.neruda.leganes\/index.php\/wp-json\/wp\/v2\/folder?post=135"}],"curies":[{"name":"wp","href":"https:\/\/api.w.org\/{rel}","templated":true}]}}