{"id":1460,"date":"2023-01-25T10:52:36","date_gmt":"2023-01-25T09:52:36","guid":{"rendered":"https:\/\/site.educa.madrid.org\/ies.neruda.leganes\/?page_id=1460"},"modified":"2023-01-25T11:00:21","modified_gmt":"2023-01-25T10:00:21","slug":"stem","status":"publish","type":"page","link":"https:\/\/site.educa.madrid.org\/ies.neruda.leganes\/index.php\/proyectos\/stem\/","title":{"rendered":"STEAM"},"content":{"rendered":"\n<figure class=\"wp-block-image size-large\"><img loading=\"lazy\" decoding=\"async\" width=\"1024\" height=\"724\" src=\"https:\/\/site.educa.madrid.org\/ies.neruda.leganes\/\/wp-content\/uploads\/ies.neruda.leganes\/2023\/01\/Imagen-presentaci\u00ben-1024x724.png\" alt=\"\" class=\"wp-image-1458\" srcset=\"https:\/\/site.educa.madrid.org\/ies.neruda.leganes\/\/wp-content\/uploads\/ies.neruda.leganes\/2023\/01\/Imagen-presentaci\u00ben-1024x724.png 1024w, https:\/\/site.educa.madrid.org\/ies.neruda.leganes\/\/wp-content\/uploads\/ies.neruda.leganes\/2023\/01\/Imagen-presentaci\u00ben-300x212.png 300w, https:\/\/site.educa.madrid.org\/ies.neruda.leganes\/\/wp-content\/uploads\/ies.neruda.leganes\/2023\/01\/Imagen-presentaci\u00ben-768x543.png 768w, https:\/\/site.educa.madrid.org\/ies.neruda.leganes\/\/wp-content\/uploads\/ies.neruda.leganes\/2023\/01\/Imagen-presentaci\u00ben-1536x1086.png 1536w, https:\/\/site.educa.madrid.org\/ies.neruda.leganes\/\/wp-content\/uploads\/ies.neruda.leganes\/2023\/01\/Imagen-presentaci\u00ben.png 2000w\" sizes=\"auto, (max-width: 1024px) 100vw, 1024px\" \/><\/figure>\n\n\n\n<p><strong>\u00a1Somos Centro STEAM!<\/strong><\/p>\n\n\n\n<p>Desde este curso nuestro instituto ha pasado a formar parte de la red de centros STEM de la Comunidad de Madrid.<\/p>\n\n\n\n<p>Es un proyecto en el que hemos puesto muchas ganas e ilusi\u00f3n porque es una gran oportunidad para despertar las aspiraciones cient\u00edfico- tecnol\u00f3gicas entre nuestros alumnos y alumnas proporcion\u00e1ndoles nuevas experiencias desde distintas actividades.<\/p>\n\n\n\n<p>Con la suma de las artes a STEM para crear STEAM se trata de incorporar el pensamiento creativo y las artes aplicadas en situaciones reales.<\/p>\n\n\n\n<p>Nuestro proyecto tiene como tema principal: <strong><em>Un Presente STEAM para un futuro Sostenible<\/em>.<\/strong><\/p>\n\n\n\n<p>Es un proyecto multidisciplinar, pretendemos trabajar los ODS desde las distintas materias de nuestro instituto y as\u00ed trabajar de forma conjunta entre diferentes departamentos.<\/p>\n\n\n\n<p>Hemos elegido el Agua \u201c &nbsp;como primer tema de nuestro proyecto STEAM.<\/p>\n\n\n\n<p>Para conocer nuestro proyecto haz clic en el <a href=\"https:\/\/site.educa.madrid.org\/ies.neruda.leganes\/\/wp-content\/uploads\/ies.neruda.leganes\/2023\/01\/ProyectoFinaolPabloNeruda.pdf\" target=\"_blank\" rel=\"noreferrer noopener\">siguiente enlace<\/a><\/p>\n\n\n\n<figure class=\"wp-block-image size-full\"><a href=\"https:\/\/site.educa.madrid.org\/ies.neruda.leganes\/\/wp-content\/uploads\/ies.neruda.leganes\/2023\/01\/ProyectoFinaolPabloNeruda.pdf\" target=\"_blank\" rel=\"https:\/\/site.educa.madrid.org\/ies.neruda.leganes\/\/wp-content\/uploads\/ies.neruda.leganes\/2023\/01\/ProyectoFinaolPabloNeruda.pdf noopener\"><img loading=\"lazy\" decoding=\"async\" width=\"621\" height=\"351\" src=\"https:\/\/site.educa.madrid.org\/ies.neruda.leganes\/\/wp-content\/uploads\/ies.neruda.leganes\/2023\/01\/image.png\" alt=\"\" class=\"wp-image-1463\" srcset=\"https:\/\/site.educa.madrid.org\/ies.neruda.leganes\/\/wp-content\/uploads\/ies.neruda.leganes\/2023\/01\/image.png 621w, https:\/\/site.educa.madrid.org\/ies.neruda.leganes\/\/wp-content\/uploads\/ies.neruda.leganes\/2023\/01\/image-300x170.png 300w\" sizes=\"auto, (max-width: 621px) 100vw, 621px\" \/><\/a><\/figure>\n","protected":false},"excerpt":{"rendered":"<p>\u00a1Somos Centro STEAM! Desde este curso nuestro instituto ha pasado a formar parte de la red de centros STEM [&hellip;]<\/p>\n","protected":false},"author":2,"featured_media":0,"parent":229,"menu_order":0,"comment_status":"closed","ping_status":"closed","template":"","meta":{"footnotes":""},"folder":[],"class_list":["post-1460","page","type-page","status-publish","hentry"],"rttpg_featured_image_url":null,"rttpg_author":{"display_name":"tic.ies.neruda.leganes","author_link":"https:\/\/site.educa.madrid.org\/ies.neruda.leganes\/index.php\/author\/cuenta_tic-ies-neruda-leganes\/"},"rttpg_comment":0,"rttpg_category":false,"rttpg_excerpt":"\u00a1Somos Centro STEAM! Desde este curso nuestro instituto ha pasado a formar parte de la red de centros STEM [&hellip;]","post_mailing_queue_ids":[],"_links":{"self":[{"href":"https:\/\/site.educa.madrid.org\/ies.neruda.leganes\/index.php\/wp-json\/wp\/v2\/pages\/1460","targetHints":{"allow":["GET"]}}],"collection":[{"href":"https:\/\/site.educa.madrid.org\/ies.neruda.leganes\/index.php\/wp-json\/wp\/v2\/pages"}],"about":[{"href":"https:\/\/site.educa.madrid.org\/ies.neruda.leganes\/index.php\/wp-json\/wp\/v2\/types\/page"}],"author":[{"embeddable":true,"href":"https:\/\/site.educa.madrid.org\/ies.neruda.leganes\/index.php\/wp-json\/wp\/v2\/users\/2"}],"replies":[{"embeddable":true,"href":"https:\/\/site.educa.madrid.org\/ies.neruda.leganes\/index.php\/wp-json\/wp\/v2\/comments?post=1460"}],"version-history":[{"count":5,"href":"https:\/\/site.educa.madrid.org\/ies.neruda.leganes\/index.php\/wp-json\/wp\/v2\/pages\/1460\/revisions"}],"predecessor-version":[{"id":1474,"href":"https:\/\/site.educa.madrid.org\/ies.neruda.leganes\/index.php\/wp-json\/wp\/v2\/pages\/1460\/revisions\/1474"}],"up":[{"embeddable":true,"href":"https:\/\/site.educa.madrid.org\/ies.neruda.leganes\/index.php\/wp-json\/wp\/v2\/pages\/229"}],"wp:attachment":[{"href":"https:\/\/site.educa.madrid.org\/ies.neruda.leganes\/index.php\/wp-json\/wp\/v2\/media?parent=1460"}],"wp:term":[{"taxonomy":"folder","embeddable":true,"href":"https:\/\/site.educa.madrid.org\/ies.neruda.leganes\/index.php\/wp-json\/wp\/v2\/folder?post=1460"}],"curies":[{"name":"wp","href":"https:\/\/api.w.org\/{rel}","templated":true}]}}