{"id":1506,"date":"2023-03-08T11:00:04","date_gmt":"2023-03-08T10:00:04","guid":{"rendered":"https:\/\/site.educa.madrid.org\/ies.neruda.leganes\/?page_id=1506"},"modified":"2023-03-08T11:16:10","modified_gmt":"2023-03-08T10:16:10","slug":"navegacion-segura-por-internet-y-uso-responsable-de-las-tecnologias","status":"publish","type":"page","link":"https:\/\/site.educa.madrid.org\/ies.neruda.leganes\/index.php\/familias\/navegacion-segura-por-internet-y-uso-responsable-de-las-tecnologias\/","title":{"rendered":"Navegaci\u00f3n segura por internet y uso responsable de las tecnolog\u00edas"},"content":{"rendered":"\n<p>Desde el Consejo Escolar de la Comunidad de Madrid nos ofrecen las gu\u00edas publicadas sobre la navegaci\u00f3n segura de los j\u00f3venes, el cuestionario sobre el uso de internet y &nbsp;recomendaciones para el uso responsable de las tecnolog\u00edas.<\/p>\n\n\n\n<p>El pasado 5 de octubre de 2022 el Consejo Escolar de la Comunidad de Madrid organiz\u00f3 la jornada \u00ab<a href=\"https:\/\/urldefense.com\/v3\/__https:\/\/www.educa2.madrid.org\/web\/eventos-consejo-escolar\/jornada_guias__;!!D9dNQwwGXtA!TBy_gnZJdEGP18p4xhM-98MN-GDfDCD_GrpKq3s4NST6wWOWHzci5Q7xcZjjl3dcuz5IGssSSQzTP6MPy2JmpknsnzDN2dreNoYOcGI$\" target=\"_blank\" rel=\"noreferrer noopener\">la navegaci\u00f3n segura de los j\u00f3venes es cosa de todos<\/a><strong>\u00ab<\/strong>. Unas jornadas muy productivas donde, entre otros asuntos, se presentaron las siguientes tres gu\u00edas:<\/p>\n\n\n\n<p>\u2022 Gu\u00eda para las familias: <a href=\"https:\/\/urldefense.com\/v3\/__https:\/\/gestiona3.madrid.org\/bvirtual\/BVCM050705.pdf__;!!D9dNQwwGXtA!TBy_gnZJdEGP18p4xhM-98MN-GDfDCD_GrpKq3s4NST6wWOWHzci5Q7xcZjjl3dcuz5IGssSSQzTP6MPy2JmpknsnzDN2dreJkp9zSc$\" target=\"_blank\" rel=\"noreferrer noopener\">https:\/\/gestiona3.madrid.org\/bvirtual\/BVCM050705.pdf<\/a><\/p>\n\n\n\n<p>\u2022 Gu\u00eda para los docentes: <a href=\"https:\/\/urldefense.com\/v3\/__https:\/\/gestiona3.madrid.org\/bvirtual\/BVCM050704.pdf__;!!D9dNQwwGXtA!TBy_gnZJdEGP18p4xhM-98MN-GDfDCD_GrpKq3s4NST6wWOWHzci5Q7xcZjjl3dcuz5IGssSSQzTP6MPy2JmpknsnzDN2dreiBN_d4k$\" target=\"_blank\" rel=\"noreferrer noopener\">https:\/\/gestiona3.madrid.org\/bvirtual\/BVCM050704.pdf<\/a><\/p>\n\n\n\n<p>\u2022 Gu\u00eda para el alumnado: <a href=\"https:\/\/urldefense.com\/v3\/__https:\/\/gestiona3.madrid.org\/bvirtual\/BVCM050703.pdf__;!!D9dNQwwGXtA!TBy_gnZJdEGP18p4xhM-98MN-GDfDCD_GrpKq3s4NST6wWOWHzci5Q7xcZjjl3dcuz5IGssSSQzTP6MPy2JmpknsnzDN2drejvtB57A$\" target=\"_blank\" rel=\"noreferrer noopener\">https:\/\/gestiona3.madrid.org\/bvirtual\/BVCM050703.pdf<\/a><\/p>\n\n\n\n<p>Fruto de esas jornadas tenemos el placer de presentaros, ahora, otras dos publicaciones. La primera, \u00ab<a href=\"https:\/\/urldefense.com\/v3\/__https:\/\/www.comunidad.madrid\/publicacion\/ref\/50861__;!!D9dNQwwGXtA!TBy_gnZJdEGP18p4xhM-98MN-GDfDCD_GrpKq3s4NST6wWOWHzci5Q7xcZjjl3dcuz5IGssSSQzTP6MPy2JmpknsnzDN2dre7N4xMno$\" target=\"_blank\" rel=\"noreferrer noopener\">Cuestionario sobre el uso de internet, los dispositivos m\u00f3viles y sus riesgos<\/a>\u00ab, que recoge el resultado, y su an\u00e1lisis, del cuestionario que contestaron m\u00e1s de 4.800 personas (entre adultos y j\u00f3venes), sobre el uso de internet en relaci\u00f3n con la familia, los j\u00f3venes, la escuela y los posibles riesgos de internet.<\/p>\n\n\n\n<figure class=\"wp-block-image size-full\"><a href=\"https:\/\/www.comunidad.madrid\/publicacion\/ref\/50861\" target=\"_blank\" rel=\"https:\/\/www.comunidad.madrid\/publicacion\/ref\/50861 noopener\"><img loading=\"lazy\" decoding=\"async\" width=\"437\" height=\"247\" src=\"https:\/\/site.educa.madrid.org\/ies.neruda.leganes\/\/wp-content\/uploads\/ies.neruda.leganes\/2023\/03\/cuestionario-tecnologias.png\" alt=\"\" class=\"wp-image-1511\" srcset=\"https:\/\/site.educa.madrid.org\/ies.neruda.leganes\/\/wp-content\/uploads\/ies.neruda.leganes\/2023\/03\/cuestionario-tecnologias.png 437w, https:\/\/site.educa.madrid.org\/ies.neruda.leganes\/\/wp-content\/uploads\/ies.neruda.leganes\/2023\/03\/cuestionario-tecnologias-300x170.png 300w\" sizes=\"auto, (max-width: 437px) 100vw, 437px\" \/><\/a><\/figure>\n\n\n\n<p><a href=\"https:\/\/urldefense.com\/v3\/__https:\/\/www.comunidad.madrid\/publicacion\/ref\/50861__;!!D9dNQwwGXtA!TBy_gnZJdEGP18p4xhM-98MN-GDfDCD_GrpKq3s4NST6wWOWHzci5Q7xcZjjl3dcuz5IGssSSQzTP6MPy2JmpknsnzDN2dre7N4xMno$\" target=\"_blank\" rel=\"noreferrer noopener\"><\/a><\/p>\n\n\n\n<p>Y la segunda publicaci\u00f3n es el n\u00famero 11 de la publicaci\u00f3n peri\u00f3dica <em>Orienta<\/em>. <em>Orienta<\/em> tiene un formato d\u00edptico de PDF, con el prop\u00f3sito de favorecer una reflexi\u00f3n conjunta de la comunidad educativa que contribuya a una mejora permanente de la educaci\u00f3n. En este caso, Orienta 11 tiene como t\u00edtulo \u00ab<a href=\"https:\/\/urldefense.com\/v3\/__http:\/\/www.madrid.org\/bvirtual\/BVCM050604-11.pdf__;!!D9dNQwwGXtA!TBy_gnZJdEGP18p4xhM-98MN-GDfDCD_GrpKq3s4NST6wWOWHzci5Q7xcZjjl3dcuz5IGssSSQzTP6MPy2JmpknsnzDN2dreBNBocaU$\" target=\"_blank\" rel=\"noreferrer noopener\">recomendaciones para el uso responsable de las tecnolog\u00edas<\/a>\u00ab, d\u00f3nde gran parte de la informaci\u00f3n recogida en esta publicaci\u00f3n deriva del trabajo realizado en las jornadas mencionadas: \u00ab<a href=\"https:\/\/urldefense.com\/v3\/__https:\/\/www.educa2.madrid.org\/web\/eventos-consejo-escolar\/jornada_guias__;!!D9dNQwwGXtA!TBy_gnZJdEGP18p4xhM-98MN-GDfDCD_GrpKq3s4NST6wWOWHzci5Q7xcZjjl3dcuz5IGssSSQzTP6MPy2JmpknsnzDN2dreNoYOcGI$\" target=\"_blank\" rel=\"noreferrer noopener\">la navegaci\u00f3n segura de los j\u00f3venes es cosa de todos<\/a>.<\/p>\n\n\n\n<figure class=\"wp-block-image size-full\"><a href=\"http:\/\/www.madrid.org\/bvirtual\/BVCM050604-11.pdf\" target=\"_blank\" rel=\"http:\/\/www.madrid.org\/bvirtual\/BVCM050604-11.pdf noopener\"><img loading=\"lazy\" decoding=\"async\" width=\"436\" height=\"246\" src=\"https:\/\/site.educa.madrid.org\/ies.neruda.leganes\/\/wp-content\/uploads\/ies.neruda.leganes\/2023\/03\/orienta11.png\" alt=\"\" class=\"wp-image-1512\" srcset=\"https:\/\/site.educa.madrid.org\/ies.neruda.leganes\/\/wp-content\/uploads\/ies.neruda.leganes\/2023\/03\/orienta11.png 436w, https:\/\/site.educa.madrid.org\/ies.neruda.leganes\/\/wp-content\/uploads\/ies.neruda.leganes\/2023\/03\/orienta11-300x169.png 300w\" sizes=\"auto, (max-width: 436px) 100vw, 436px\" \/><\/a><\/figure>\n\n\n\n<p><a href=\"https:\/\/urldefense.com\/v3\/__http:\/\/www.madrid.org\/bvirtual\/BVCM050604-11.pdf__;!!D9dNQwwGXtA!TBy_gnZJdEGP18p4xhM-98MN-GDfDCD_GrpKq3s4NST6wWOWHzci5Q7xcZjjl3dcuz5IGssSSQzTP6MPy2JmpknsnzDN2dreBNBocaU$\" target=\"_blank\" rel=\"noreferrer noopener\"><\/a><\/p>\n","protected":false},"excerpt":{"rendered":"<p>Desde el Consejo Escolar de la Comunidad de Madrid nos ofrecen las gu\u00edas publicadas sobre la navegaci\u00f3n segura de [&hellip;]<\/p>\n","protected":false},"author":2,"featured_media":0,"parent":292,"menu_order":0,"comment_status":"closed","ping_status":"closed","template":"","meta":{"footnotes":""},"folder":[],"class_list":["post-1506","page","type-page","status-publish","hentry"],"rttpg_featured_image_url":null,"rttpg_author":{"display_name":"tic.ies.neruda.leganes","author_link":"https:\/\/site.educa.madrid.org\/ies.neruda.leganes\/index.php\/author\/cuenta_tic-ies-neruda-leganes\/"},"rttpg_comment":0,"rttpg_category":false,"rttpg_excerpt":"Desde el Consejo Escolar de la Comunidad de Madrid nos ofrecen las gu\u00edas publicadas sobre la navegaci\u00f3n segura de [&hellip;]","post_mailing_queue_ids":[],"_links":{"self":[{"href":"https:\/\/site.educa.madrid.org\/ies.neruda.leganes\/index.php\/wp-json\/wp\/v2\/pages\/1506","targetHints":{"allow":["GET"]}}],"collection":[{"href":"https:\/\/site.educa.madrid.org\/ies.neruda.leganes\/index.php\/wp-json\/wp\/v2\/pages"}],"about":[{"href":"https:\/\/site.educa.madrid.org\/ies.neruda.leganes\/index.php\/wp-json\/wp\/v2\/types\/page"}],"author":[{"embeddable":true,"href":"https:\/\/site.educa.madrid.org\/ies.neruda.leganes\/index.php\/wp-json\/wp\/v2\/users\/2"}],"replies":[{"embeddable":true,"href":"https:\/\/site.educa.madrid.org\/ies.neruda.leganes\/index.php\/wp-json\/wp\/v2\/comments?post=1506"}],"version-history":[{"count":4,"href":"https:\/\/site.educa.madrid.org\/ies.neruda.leganes\/index.php\/wp-json\/wp\/v2\/pages\/1506\/revisions"}],"predecessor-version":[{"id":1516,"href":"https:\/\/site.educa.madrid.org\/ies.neruda.leganes\/index.php\/wp-json\/wp\/v2\/pages\/1506\/revisions\/1516"}],"up":[{"embeddable":true,"href":"https:\/\/site.educa.madrid.org\/ies.neruda.leganes\/index.php\/wp-json\/wp\/v2\/pages\/292"}],"wp:attachment":[{"href":"https:\/\/site.educa.madrid.org\/ies.neruda.leganes\/index.php\/wp-json\/wp\/v2\/media?parent=1506"}],"wp:term":[{"taxonomy":"folder","embeddable":true,"href":"https:\/\/site.educa.madrid.org\/ies.neruda.leganes\/index.php\/wp-json\/wp\/v2\/folder?post=1506"}],"curies":[{"name":"wp","href":"https:\/\/api.w.org\/{rel}","templated":true}]}}