{"id":1528,"date":"2023-03-22T08:58:09","date_gmt":"2023-03-22T07:58:09","guid":{"rendered":"https:\/\/site.educa.madrid.org\/ies.neruda.leganes\/?page_id=1528"},"modified":"2026-04-09T19:32:43","modified_gmt":"2026-04-09T17:32:43","slug":"proceso-de-adminision","status":"publish","type":"page","link":"https:\/\/site.educa.madrid.org\/ies.neruda.leganes\/index.php\/quienes-somos\/proceso-de-adminision\/","title":{"rendered":"Proceso de Admisi\u00f3n"},"content":{"rendered":"\n<h2 class=\"wp-block-heading\">ADMISI\u00d3N CURSO 26\/27<\/h2>\n\n\n\n<div data-wp-interactive=\"core\/file\" class=\"wp-block-file\"><object data-wp-bind--hidden=\"!state.hasPdfPreview\" hidden class=\"wp-block-file__embed\" data=\"https:\/\/site.educa.madrid.org\/ies.neruda.leganes\/\/wp-content\/uploads\/ies.neruda.leganes\/2026\/02\/PUERTAS-ABIERTAS-hora.pdf\" type=\"application\/pdf\" style=\"width:100%;height:740px\" aria-label=\"Incrustado de INFO  PUERTAS ABIERTAS.\"><\/object><a id=\"wp-block-file--media-bde7e9d3-1027-4b6e-9e72-a2fd1e158ab5\" href=\"https:\/\/site.educa.madrid.org\/ies.neruda.leganes\/\/wp-content\/uploads\/ies.neruda.leganes\/2026\/02\/PUERTAS-ABIERTAS-hora.pdf\">INFO  PUERTAS ABIERTAS<\/a><a href=\"https:\/\/site.educa.madrid.org\/ies.neruda.leganes\/\/wp-content\/uploads\/ies.neruda.leganes\/2026\/02\/PUERTAS-ABIERTAS-hora.pdf\" class=\"wp-block-file__button wp-element-button\" download aria-describedby=\"wp-block-file--media-bde7e9d3-1027-4b6e-9e72-a2fd1e158ab5\">Descarga<\/a><\/div>\n\n\n\n<p><a href=\"https:\/\/site.educa.madrid.org\/ies.neruda.leganes\/\/wp-content\/uploads\/ies.neruda.leganes\/2026\/04\/Resultado_del_sorteo_.pdf\" target=\"_blank\" rel=\"noreferrer noopener\">RESULTADO DEL SORTEO P\u00daBLICO PARA EL DESEMPATE<\/a><\/p>\n\n\n\n<p>CONSULTA DEL LISTADO DEL PROCESO DE ADMISI\u00d3N<\/p>\n\n\n\n<p><a href=\"https:\/\/site.educa.madrid.org\/ies.neruda.leganes\/\/wp-content\/uploads\/ies.neruda.leganes\/2025\/12\/Admision_Escolar_2026_2027_Guia_2627.pdf\" target=\"_blank\" rel=\"noreferrer noopener\">INFORMACI\u00d3N GENERAL DE ADMISI\u00d3N CURSO 26\/27<\/a><\/p>\n\n\n\n<p><a href=\"https:\/\/site.educa.madrid.org\/ies.neruda.leganes\/\/wp-content\/uploads\/ies.neruda.leganes\/2026\/03\/Documento_de_informacion_basica_sobre_el_proceso_de_admision-2.pdf\" target=\"_blank\" rel=\"noreferrer noopener\">INFORMACI\u00d3N B\u00c1SICA DEL IES PABLO NERUDA DE CARA AL PROCESO DE ADMISI\u00d3N<\/a><\/p>\n\n\n\n<p><a href=\"https:\/\/site.educa.madrid.org\/ies.neruda.leganes\/\/wp-content\/uploads\/ies.neruda.leganes\/2026\/03\/Centros_adscritos_a_nivel_inferior_a_efectos_de_escolarizacion-1.pdf\" target=\"_blank\" rel=\"noreferrer noopener\">CENTROS ADSCRITOS<\/a><\/p>\n\n\n\n<p><a rel=\"noreferrer noopener\" href=\"https:\/\/site.educa.madrid.org\/ies.neruda.leganes\/index.php\/documentos-de-centro\/\" target=\"_blank\">DOCUMENTOS DE CENTRO<\/a><\/p>\n\n\n\n<h4 class=\"wp-block-heading\">VACANTES PREVISTAS<\/h4>\n\n\n\n<figure class=\"wp-block-table\"><table class=\"has-fixed-layout\"><tbody><tr><td><strong>1\u00ba ESO&nbsp;<\/strong><\/td><td><strong>73 vacantes<\/strong><\/td><\/tr><tr><td><strong>2\u00ba ESO<\/strong><\/td><td><strong>5&nbsp; vacantes<\/strong><\/td><\/tr><tr><td><strong>3\u00ba ESO<\/strong><\/td><td><strong>0 vacantes<\/strong><\/td><\/tr><tr><td><strong>4\u00ba ESO<\/strong><\/td><td><strong>7 vacantes<\/strong><\/td><\/tr><tr><td><strong>1\u00ba Bachillerato (Ciencias)<\/strong><\/td><td><strong>0 vacantes<\/strong><\/td><\/tr><tr><td><strong>1\u00ba Bachillerato <\/strong><strong>(CCSS y Humanidades)<\/strong><\/td><td><strong>5 vacantes<\/strong><\/td><\/tr><tr><td>&nbsp;<\/td><td><\/td><\/tr><tr><td><strong>2\u00ba Bachillerato (Ciencias)<\/strong><\/td><td><strong>3 vacantes<\/strong><\/td><\/tr><tr><td><strong>2\u00ba Bachillerato <\/strong><strong>(CCSS y Humanidades)<\/strong><\/td><td><strong>10 vacantes<\/strong><\/td><\/tr><\/tbody><\/table><\/figure>\n\n\n\n\n\n\n\n<p><\/p>\n\n\n\n<p><\/p>\n","protected":false},"excerpt":{"rendered":"<p>ADMISI\u00d3N CURSO 26\/27 RESULTADO DEL SORTEO P\u00daBLICO PARA EL DESEMPATE CONSULTA DEL LISTADO DEL PROCESO DE ADMISI\u00d3N INFORMACI\u00d3N GENERAL [&hellip;]<\/p>\n","protected":false},"author":2,"featured_media":0,"parent":248,"menu_order":0,"comment_status":"closed","ping_status":"closed","template":"","meta":{"footnotes":""},"folder":[],"class_list":["post-1528","page","type-page","status-publish","hentry"],"rttpg_featured_image_url":null,"rttpg_author":{"display_name":"tic.ies.neruda.leganes","author_link":"https:\/\/site.educa.madrid.org\/ies.neruda.leganes\/index.php\/author\/cuenta_tic-ies-neruda-leganes\/"},"rttpg_comment":0,"rttpg_category":false,"rttpg_excerpt":"ADMISI\u00d3N CURSO 26\/27 RESULTADO DEL SORTEO P\u00daBLICO PARA EL DESEMPATE CONSULTA DEL LISTADO DEL PROCESO DE ADMISI\u00d3N INFORMACI\u00d3N GENERAL [&hellip;]","post_mailing_queue_ids":[],"_links":{"self":[{"href":"https:\/\/site.educa.madrid.org\/ies.neruda.leganes\/index.php\/wp-json\/wp\/v2\/pages\/1528","targetHints":{"allow":["GET"]}}],"collection":[{"href":"https:\/\/site.educa.madrid.org\/ies.neruda.leganes\/index.php\/wp-json\/wp\/v2\/pages"}],"about":[{"href":"https:\/\/site.educa.madrid.org\/ies.neruda.leganes\/index.php\/wp-json\/wp\/v2\/types\/page"}],"author":[{"embeddable":true,"href":"https:\/\/site.educa.madrid.org\/ies.neruda.leganes\/index.php\/wp-json\/wp\/v2\/users\/2"}],"replies":[{"embeddable":true,"href":"https:\/\/site.educa.madrid.org\/ies.neruda.leganes\/index.php\/wp-json\/wp\/v2\/comments?post=1528"}],"version-history":[{"count":34,"href":"https:\/\/site.educa.madrid.org\/ies.neruda.leganes\/index.php\/wp-json\/wp\/v2\/pages\/1528\/revisions"}],"predecessor-version":[{"id":4226,"href":"https:\/\/site.educa.madrid.org\/ies.neruda.leganes\/index.php\/wp-json\/wp\/v2\/pages\/1528\/revisions\/4226"}],"up":[{"embeddable":true,"href":"https:\/\/site.educa.madrid.org\/ies.neruda.leganes\/index.php\/wp-json\/wp\/v2\/pages\/248"}],"wp:attachment":[{"href":"https:\/\/site.educa.madrid.org\/ies.neruda.leganes\/index.php\/wp-json\/wp\/v2\/media?parent=1528"}],"wp:term":[{"taxonomy":"folder","embeddable":true,"href":"https:\/\/site.educa.madrid.org\/ies.neruda.leganes\/index.php\/wp-json\/wp\/v2\/folder?post=1528"}],"curies":[{"name":"wp","href":"https:\/\/api.w.org\/{rel}","templated":true}]}}