{"id":1654,"date":"2023-06-06T11:08:25","date_gmt":"2023-06-06T09:08:25","guid":{"rendered":"https:\/\/site.educa.madrid.org\/ies.neruda.leganes\/?page_id=1654"},"modified":"2025-05-30T10:23:48","modified_gmt":"2025-05-30T08:23:48","slug":"orientacion-academico-profesional","status":"publish","type":"page","link":"https:\/\/site.educa.madrid.org\/ies.neruda.leganes\/index.php\/quienes-somos\/orientacion-academico-profesional\/","title":{"rendered":"Orientaci\u00f3n acad\u00e9mico profesional"},"content":{"rendered":"\n<p><strong><strong>Si est\u00e1s cursando&nbsp;<\/strong><a href=\"https:\/\/view.genial.ly\/64a66706f9a5bd0012b866d0\/presentation-orientacion-para-alumnos-de-1o-eso\" target=\"_blank\" rel=\"noreferrer noopener\">1\u00ba&nbsp;<strong>ESO<\/strong><\/a>, esta informaci\u00f3n ser\u00e1 muy \u00fatil para t\u00ed.<\/strong><\/p>\n\n\n\n<div class=\"container-wrapper-genially\" style=\"position: relative; min-height: 400px; max-width: 100%;\"><video class=\"loader-genially\" autoplay=\"autoplay\" loop=\"loop\" playsinline=\"playsInline\" muted=\"muted\" style=\"position: absolute;top: 45%;left: 50%;transform: translate(-50%, -50%);width: 80px;height: 80px;margin-bottom: 10%\"><source src=\"https:\/\/static.genially.com\/resources\/loader-default-rebranding.mp4\" type=\"video\/mp4\" \/>Your browser does not support the video tag.<\/video><div id=\"64a66706f9a5bd0012b866d0\" class=\"genially-embed\" style=\"margin: 0px auto; position: relative; height: auto; width: 100%;\"><\/div><\/div><script>(function (d) { var js, id = \"genially-embed-js\", ref = d.getElementsByTagName(\"script\")[0]; if (d.getElementById(id)) { return; } js = d.createElement(\"script\"); js.id = id; js.async = true; js.src = \"https:\/\/view.genially.com\/static\/embed\/embed.js\"; ref.parentNode.insertBefore(js, ref); }(document));<\/script>\n\n\n\n<p><strong>&#8211;<strong>Si est\u00e1s cursando&nbsp;<a href=\"https:\/\/view.genial.ly\/64ac20dbab2a7a00121a93a2\/presentation-orientacion-para-alumnos-de-2o-eso\" target=\"_blank\" rel=\"noreferrer noopener\">2\u00ba ESO<\/a><\/strong>, esta informaci\u00f3n ser\u00e1 muy \u00fatil para t\u00ed.<\/strong><\/p>\n\n\n\n<p><script>(function (d) { var js, id = \"genially-embed-js\", ref = d.getElementsByTagName(\"script\")[0]; if (d.getElementById(id)) { return; } js = d.createElement(\"script\"); js.id = id; js.async = true; js.src = \"https:\/\/view.genial.ly\/static\/embed\/embed.js\"; ref.parentNode.insertBefore(js, ref); }(document));<\/script><\/p>\n\n\n\n<div class=\"container-wrapper-genially\" style=\"position: relative; min-height: 400px; max-width: 100%;\"><video class=\"loader-genially\" autoplay=\"autoplay\" loop=\"loop\" playsinline=\"playsInline\" muted=\"muted\" style=\"position: absolute;top: 45%;left: 50%;transform: translate(-50%, -50%);width: 80px;height: 80px;margin-bottom: 10%\"><source src=\"https:\/\/static.genially.com\/resources\/loader-default-rebranding.mp4\" type=\"video\/mp4\" \/>Your browser does not support the video tag.<\/video><div id=\"64ac20dbab2a7a00121a93a2\" class=\"genially-embed\" style=\"margin: 0px auto; position: relative; height: auto; width: 100%;\"><\/div><\/div><script>(function (d) { var js, id = \"genially-embed-js\", ref = d.getElementsByTagName(\"script\")[0]; if (d.getElementById(id)) { return; } js = d.createElement(\"script\"); js.id = id; js.async = true; js.src = \"https:\/\/view.genially.com\/static\/embed\/embed.js\"; ref.parentNode.insertBefore(js, ref); }(document));<\/script>\n\n\n\n<p><strong>&#8211;<strong>Si est\u00e1s cursando&nbsp;<a href=\"https:\/\/view.genial.ly\/6474e694b0738e001809ef85\/presentation-padres-orientacion-para-alumnos-de-3oeso\" target=\"_blank\" rel=\"noreferrer noopener\">3\u00ba ESO<\/a><\/strong>, esta informaci\u00f3n ser\u00e1 muy \u00fatil para t\u00ed.<\/strong><\/p>\n\n\n\n<p><script>(function (d) { var js, id = \"genially-embed-js\", ref = d.getElementsByTagName(\"script\")[0]; if (d.getElementById(id)) { return; } js = d.createElement(\"script\"); js.id = id; js.async = true; js.src = \"https:\/\/view.genial.ly\/static\/embed\/embed.js\"; ref.parentNode.insertBefore(js, ref); }(document));<\/script><\/p>\n\n\n\n<div class=\"container-wrapper-genially\" style=\"position: relative; min-height: 400px; max-width: 100%;\"><video class=\"loader-genially\" autoplay=\"autoplay\" loop=\"loop\" playsinline=\"playsInline\" muted=\"muted\" style=\"position: absolute;top: 45%;left: 50%;transform: translate(-50%, -50%);width: 80px;height: 80px;margin-bottom: 10%\"><source src=\"https:\/\/static.genially.com\/resources\/loader-default-rebranding.mp4\" type=\"video\/mp4\" \/>Your browser does not support the video tag.<\/video><div id=\"6474e694b0738e001809ef85\" class=\"genially-embed\" style=\"margin: 0px auto; position: relative; height: auto; width: 100%;\"><\/div><\/div><script>(function (d) { var js, id = \"genially-embed-js\", ref = d.getElementsByTagName(\"script\")[0]; if (d.getElementById(id)) { return; } js = d.createElement(\"script\"); js.id = id; js.async = true; js.src = \"https:\/\/view.genially.com\/static\/embed\/embed.js\"; ref.parentNode.insertBefore(js, ref); }(document));<\/script>\n\n\n\n<p><strong>&#8211;<strong>Si est\u00e1s cursando<a href=\"https:\/\/view.genially.com\/67c6bbf044437a3ad20a7b8b\">\u00a04\u00ba ESO<\/a><\/strong>, esta informaci\u00f3n ser\u00e1 muy \u00fatil para t\u00ed.\u00a0<\/strong><\/p>\n\n\n\n<div class=\"container-wrapper-genially\" style=\"position: relative; min-height: 400px; max-width: 100%;\"><video class=\"loader-genially\" autoplay=\"autoplay\" loop=\"loop\" playsinline=\"playsInline\" muted=\"muted\" style=\"position: absolute;top: 45%;left: 50%;transform: translate(-50%, -50%);width: 80px;height: 80px;margin-bottom: 10%\"><source src=\"https:\/\/static.genially.com\/resources\/loader-default-rebranding.mp4\" type=\"video\/mp4\" \/>Your browser does not support the video tag.<\/video><div id=\"67c6bbf044437a3ad20a7b8b\" class=\"genially-embed\" style=\"margin: 0px auto; position: relative; height: auto; width: 100%;\"><\/div><\/div><script>(function (d) { var js, id = \"genially-embed-js\", ref = d.getElementsByTagName(\"script\")[0]; if (d.getElementById(id)) { return; } js = d.createElement(\"script\"); js.id = id; js.async = true; js.src = \"https:\/\/view.genially.com\/static\/embed\/embed.js\"; ref.parentNode.insertBefore(js, ref); }(document));<\/script>\n\n\n\n<p><strong><strong>Si est\u00e1s cursando<a href=\"https:\/\/view.genially.com\/682ecb12dd453157c0b09466\/interactive-content-orientacion-para-alumnos-de-1obach24-25-nueva\">\u00a01\u00ba de BACHILLERATO<\/a><\/strong>, esta informaci\u00f3n ser\u00e1 muy \u00fatil para t\u00ed:<\/strong><\/p>\n\n\n\n<div class=\"container-wrapper-genially\" style=\"position: relative; min-height: 400px; max-width: 100%;\"><video class=\"loader-genially\" autoplay=\"autoplay\" loop=\"loop\" playsinline=\"playsInline\" muted=\"muted\" style=\"position: absolute;top: 45%;left: 50%;transform: translate(-50%, -50%);width: 80px;height: 80px;margin-bottom: 10%\"><source src=\"https:\/\/static.genially.com\/resources\/loader-default-rebranding.mp4\" type=\"video\/mp4\" \/>Your browser does not support the video tag.<\/video><div id=\"682ecb12dd453157c0b09466\" class=\"genially-embed\" style=\"margin: 0px auto; position: relative; height: auto; width: 100%;\"><\/div><\/div><script>(function (d) { var js, id = \"genially-embed-js\", ref = d.getElementsByTagName(\"script\")[0]; if (d.getElementById(id)) { return; } js = d.createElement(\"script\"); js.id = id; js.async = true; js.src = \"https:\/\/view.genially.com\/static\/embed\/embed.js\"; ref.parentNode.insertBefore(js, ref); }(document));<\/script>\n","protected":false},"excerpt":{"rendered":"<p>Si est\u00e1s cursando&nbsp;1\u00ba&nbsp;ESO, esta informaci\u00f3n ser\u00e1 muy \u00fatil para t\u00ed. Your browser does not support the video tag. &#8211;Si [&hellip;]<\/p>\n","protected":false},"author":2,"featured_media":0,"parent":248,"menu_order":0,"comment_status":"closed","ping_status":"closed","template":"","meta":{"footnotes":""},"folder":[],"class_list":["post-1654","page","type-page","status-publish","hentry"],"rttpg_featured_image_url":null,"rttpg_author":{"display_name":"tic.ies.neruda.leganes","author_link":"https:\/\/site.educa.madrid.org\/ies.neruda.leganes\/index.php\/author\/cuenta_tic-ies-neruda-leganes\/"},"rttpg_comment":0,"rttpg_category":false,"rttpg_excerpt":"Si est\u00e1s cursando&nbsp;1\u00ba&nbsp;ESO, esta informaci\u00f3n ser\u00e1 muy \u00fatil para t\u00ed. Your browser does not support the video tag. &#8211;Si [&hellip;]","post_mailing_queue_ids":[],"_links":{"self":[{"href":"https:\/\/site.educa.madrid.org\/ies.neruda.leganes\/index.php\/wp-json\/wp\/v2\/pages\/1654","targetHints":{"allow":["GET"]}}],"collection":[{"href":"https:\/\/site.educa.madrid.org\/ies.neruda.leganes\/index.php\/wp-json\/wp\/v2\/pages"}],"about":[{"href":"https:\/\/site.educa.madrid.org\/ies.neruda.leganes\/index.php\/wp-json\/wp\/v2\/types\/page"}],"author":[{"embeddable":true,"href":"https:\/\/site.educa.madrid.org\/ies.neruda.leganes\/index.php\/wp-json\/wp\/v2\/users\/2"}],"replies":[{"embeddable":true,"href":"https:\/\/site.educa.madrid.org\/ies.neruda.leganes\/index.php\/wp-json\/wp\/v2\/comments?post=1654"}],"version-history":[{"count":7,"href":"https:\/\/site.educa.madrid.org\/ies.neruda.leganes\/index.php\/wp-json\/wp\/v2\/pages\/1654\/revisions"}],"predecessor-version":[{"id":3462,"href":"https:\/\/site.educa.madrid.org\/ies.neruda.leganes\/index.php\/wp-json\/wp\/v2\/pages\/1654\/revisions\/3462"}],"up":[{"embeddable":true,"href":"https:\/\/site.educa.madrid.org\/ies.neruda.leganes\/index.php\/wp-json\/wp\/v2\/pages\/248"}],"wp:attachment":[{"href":"https:\/\/site.educa.madrid.org\/ies.neruda.leganes\/index.php\/wp-json\/wp\/v2\/media?parent=1654"}],"wp:term":[{"taxonomy":"folder","embeddable":true,"href":"https:\/\/site.educa.madrid.org\/ies.neruda.leganes\/index.php\/wp-json\/wp\/v2\/folder?post=1654"}],"curies":[{"name":"wp","href":"https:\/\/api.w.org\/{rel}","templated":true}]}}