{"id":225,"date":"2022-04-22T11:26:34","date_gmt":"2022-04-22T09:26:34","guid":{"rendered":"https:\/\/site.educa.madrid.org\/ies.neruda.leganes\/?page_id=225"},"modified":"2026-03-24T12:42:57","modified_gmt":"2026-03-24T11:42:57","slug":"oferta-formativa","status":"publish","type":"page","link":"https:\/\/site.educa.madrid.org\/ies.neruda.leganes\/index.php\/oferta-formativa\/","title":{"rendered":"Oferta formativa"},"content":{"rendered":"\n<h2 class=\"wp-block-heading\">ORIENTACI\u00d3N ACAD\u00c9MICA Y PROFESIONAL<\/h2>\n\n\n<div style=\"width: 100%;\">\n<div style=\"position: relative; padding-bottom: 56.25%; padding-top: 0; height: 0;\"><iframe loading=\"lazy\" title=\"ORIENTACI\u00d3N PARA ALUMNOS DE 4\u00ba-25-26\" frameborder=\"0\" width=\"1200\" height=\"675\" style=\"position: absolute; top: 0; left: 0; width: 100%; height: 100%;\" src=\"https:\/\/view.genially.com\/69af1ef15d44bb3d39aab823\" type=\"text\/html\" allowscriptaccess=\"always\" allowfullscreen=\"true\" scrolling=\"yes\" allownetworking=\"all\"><\/iframe> <\/div>\n<\/p><\/div>\n\n\n\n<div class=\"wp-block-cover\" style=\"min-height:1266px;aspect-ratio:unset;\"><span aria-hidden=\"true\" class=\"wp-block-cover__background has-background-dim-60 has-background-dim\"><\/span><img loading=\"lazy\" decoding=\"async\" width=\"1006\" height=\"512\" class=\"wp-block-cover__image-background wp-image-575\" alt=\"\" src=\"https:\/\/site.educa.madrid.org\/ies.neruda.leganes\/\/wp-content\/uploads\/ies.neruda.leganes\/2022\/05\/IES-FONDO-muy-claro-2.jpg\" data-object-fit=\"cover\" srcset=\"https:\/\/site.educa.madrid.org\/ies.neruda.leganes\/\/wp-content\/uploads\/ies.neruda.leganes\/2022\/05\/IES-FONDO-muy-claro-2.jpg 1006w, https:\/\/site.educa.madrid.org\/ies.neruda.leganes\/\/wp-content\/uploads\/ies.neruda.leganes\/2022\/05\/IES-FONDO-muy-claro-2-300x153.jpg 300w, https:\/\/site.educa.madrid.org\/ies.neruda.leganes\/\/wp-content\/uploads\/ies.neruda.leganes\/2022\/05\/IES-FONDO-muy-claro-2-768x391.jpg 768w\" sizes=\"auto, (max-width: 1006px) 100vw, 1006px\" \/><div class=\"wp-block-cover__inner-container is-layout-flow wp-block-cover-is-layout-flow\">\n<h3 class=\"wp-block-heading has-text-align-center\">Educaci\u00f3n Secundaria Obligatoria (LOE-LOMCE)<\/h3>\n\n\n\n<hr class=\"wp-block-separator has-css-opacity\"\/>\n\n\n\n<h3 class=\"wp-block-heading has-text-align-center\">Bachillerato<\/h3>\n\n\n\n<p class=\"has-text-align-center has-pale-cyan-blue-color has-text-color\">    Ciencias (LOE-LOMLOE)<\/p>\n\n\n\n<p class=\"has-text-align-center has-pale-cyan-blue-color has-text-color\">    Humanidades y Ciencias Sociales (LOE-LOMLOE)<\/p>\n\n\n\n<hr class=\"wp-block-separator has-css-opacity\"\/>\n\n\n\n<h3 class=\"wp-block-heading has-text-align-center\">Formaci\u00f3n Profesional B\u00e1sica (LOE-LOMCE)<\/h3>\n\n\n\n<p class=\"has-text-align-center\"><strong>ADMINISTRACI\u00d3N Y GESTI\u00d3N<\/strong><\/p>\n\n\n\n<p class=\"has-text-align-center\"><a href=\"https:\/\/todofp.es\/que-estudiar\/familias-profesionales\/administracion-gestion\/servicios-administrativos.html\" target=\"_blank\" rel=\"noreferrer noopener\">Servicios Administrativos (presencial vespertino)<\/a><\/p>\n\n\n\n<p class=\"has-text-align-center\"><strong>COMERCIO Y MARKETING<\/strong><\/p>\n\n\n\n<p class=\"has-text-align-center\"><a href=\"https:\/\/todofp.es\/que-estudiar\/familias-profesionales\/comercio-marketing\/servicios-comerciales.html\" target=\"_blank\" rel=\"noreferrer noopener\">Servicios Comerciales (presencial vespertino)<\/a><\/p>\n\n\n\n<hr class=\"wp-block-separator has-css-opacity\"\/>\n\n\n\n<h3 class=\"wp-block-heading has-text-align-center\">FORMACI\u00d3N PROFESIONAL DE GRADO MEDIO<\/h3>\n\n\n\n<p class=\"has-text-align-center\"><strong>ADMINISTRACI\u00d3N Y GESTI\u00d3N<\/strong><\/p>\n\n\n\n<p class=\"has-text-align-center\"><a href=\"http:\/\/Gesti\u00f3n Administrativa (LOE) (presencial diurno y vespertino)\" target=\"_blank\" rel=\"noreferrer noopener\">Gesti\u00f3n Administrativa (LOE) (presencial diurno y vespertino)<\/a><\/p>\n\n\n\n<p class=\"has-text-align-center\"><strong>COMERCIO Y MARKETING<\/strong><\/p>\n\n\n\n<p class=\"has-text-align-center\"><a href=\"https:\/\/todofp.es\/que-estudiar\/familias-profesionales\/comercio-marketing\/actividades-comerciales.html\" target=\"_blank\" rel=\"noreferrer noopener\">Actividades Comerciales (LOE) (presencial diurno y presencial vespertino)<\/a><\/p>\n\n\n\n<hr class=\"wp-block-separator has-css-opacity\"\/>\n\n\n\n<h3 class=\"wp-block-heading has-text-align-center\">FORMACI\u00d3N PROFESIONAL DE GRADO SUPERIOR<\/h3>\n\n\n\n<p class=\"has-text-align-center\"><strong>ADMINISTRACI\u00d3N Y GESTI\u00d3N<\/strong><\/p>\n\n\n\n<p class=\"has-text-align-center\"><a href=\"https:\/\/www.todofp.es\/que-estudiar\/loe\/administracion-gestion\/administracion-finanzas.html\"> <\/a><a href=\"https:\/\/todofp.es\/que-estudiar\/familias-profesionales\/administracion-gestion\/administracion-finanzas.html\" target=\"_blank\" rel=\"noreferrer noopener\"> Administraci\u00f3n y Finanzas (LOE) (presencial diurno y presencial vespertino)<\/a><\/p>\n\n\n\n<p class=\"has-text-align-center\"><a href=\"https:\/\/todofp.es\/que-estudiar\/familias-profesionales\/administracion-gestion\/asistencia-direccion.html\" target=\"_blank\" rel=\"noreferrer noopener\">Asistencia a la Direcci\u00f3n (presencial vespertino)<\/a><\/p>\n\n\n\n<p class=\"has-text-align-center\"><\/p>\n\n\n\n<p class=\"has-text-align-center\"><strong>COMERCIO Y MARKETING<\/strong><\/p>\n\n\n\n<p class=\"has-text-align-center\"><a href=\"https:\/\/todofp.es\/que-estudiar\/familias-profesionales\/comercio-marketing\/gestion-ventas-espacios-comerciales.html\" target=\"_blank\" rel=\"noreferrer noopener\">Gesti\u00f3n de Ventas y Espacios Comerciales (LOE) (presencial diurno )<\/a><\/p>\n\n\n\n<p class=\"has-text-align-center\"><a href=\"https:\/\/todofp.es\/que-estudiar\/familias-profesionales\/comercio-marketing\/gestion-ventas-espacios-comerciales.html\" target=\"_blank\" rel=\"noreferrer noopener\">Comercio Internacional (LOE) (presencial vespertino)<\/a><\/p>\n\n\n\n<p class=\"has-text-align-center\"><a href=\"https:\/\/todofp.es\/que-estudiar\/familias-profesionales\/comercio-marketing\/transporte-logistica.html\" target=\"_blank\" rel=\"noreferrer noopener\">Transporte y Log\u00edstica (LOE) (presencial vespertino)<\/a><\/p>\n\n\n\n<p class=\"has-text-align-center\"><a href=\"https:\/\/todofp.es\/que-estudiar\/familias-profesionales\/comercio-marketing\/marketing-publicidad.html\" target=\"_blank\" rel=\"noreferrer noopener\">Marketing y publicidad (presencial vespertino)<\/a><\/p>\n\n\n\n<h3 class=\"wp-block-heading has-text-align-center\">PROGRAMA PROFESIONAL ESPECIAL<\/h3>\n\n\n\n<p class=\"has-text-align-center\"><strong>ADMINISTRACI\u00d3N Y GESTI\u00d3N<\/strong><\/p>\n\n\n\n<p class=\"has-text-align-center\"><a href=\"https:\/\/site.educa.madrid.org\/ies.neruda.leganes\/\/wp-content\/uploads\/ies.neruda.leganes\/2022\/05\/Tritpico-ppe-definitivo.pdf\" target=\"_blank\" rel=\"noreferrer noopener\"> <\/a><a href=\"https:\/\/todofp.es\/buscadorcertificados\/fichaCP?codCertificado=ADGG0408\" target=\"_blank\" rel=\"noreferrer noopener\">Operaciones Auxiliares de Servicios Administrativos y Generales (presencial diurno)<\/a><\/p>\n<\/div><\/div>\n\n\n\n\n\n<div style=\"display: grid; grid-template-columns: repeat(auto-fit, minmax(280px, 1fr)); gap: 20px; margin: 30px 0;\">\n<div style=\"background: #9c27b0; padding: 30px; border-radius: 5px; text-align: center;\">\n<h3 style=\"color: white; margin-bottom: 15px;\">ESO<\/h3>\n<\/div>\n<div style=\"background: #3f51b5; padding: 30px; border-radius: 5px; text-align: center;\">\n<h3 style=\"color: white; margin-bottom: 15px;\">BACHILLERATO<\/h3>\n<\/div>\n<div style=\"background: #00bcd4; padding: 30px; border-radius: 5px; text-align: center;\">\n<h3 style=\"color: white; margin-bottom: 15px;\">FORMACI\u00d3N PROFESIONAL<\/h3>\n<\/div>\n<div style=\"background: #4caf50; padding: 30px; border-radius: 5px; text-align: center;\">\n<h3 style=\"color: white; margin-bottom: 15px;\">PPME<\/h3>\n<\/div>\n<\/div>\n","protected":false},"excerpt":{"rendered":"<p>ORIENTACI\u00d3N ACAD\u00c9MICA Y PROFESIONAL ESO BACHILLERATO FORMACI\u00d3N PROFESIONAL PPME<\/p>\n","protected":false},"author":2,"featured_media":0,"parent":0,"menu_order":0,"comment_status":"closed","ping_status":"closed","template":"","meta":{"footnotes":""},"folder":[],"class_list":["post-225","page","type-page","status-publish","hentry"],"rttpg_featured_image_url":null,"rttpg_author":{"display_name":"tic.ies.neruda.leganes","author_link":"https:\/\/site.educa.madrid.org\/ies.neruda.leganes\/index.php\/author\/cuenta_tic-ies-neruda-leganes\/"},"rttpg_comment":0,"rttpg_category":false,"rttpg_excerpt":"ORIENTACI\u00d3N ACAD\u00c9MICA Y PROFESIONAL ESO BACHILLERATO FORMACI\u00d3N PROFESIONAL PPME","post_mailing_queue_ids":[],"_links":{"self":[{"href":"https:\/\/site.educa.madrid.org\/ies.neruda.leganes\/index.php\/wp-json\/wp\/v2\/pages\/225","targetHints":{"allow":["GET"]}}],"collection":[{"href":"https:\/\/site.educa.madrid.org\/ies.neruda.leganes\/index.php\/wp-json\/wp\/v2\/pages"}],"about":[{"href":"https:\/\/site.educa.madrid.org\/ies.neruda.leganes\/index.php\/wp-json\/wp\/v2\/types\/page"}],"author":[{"embeddable":true,"href":"https:\/\/site.educa.madrid.org\/ies.neruda.leganes\/index.php\/wp-json\/wp\/v2\/users\/2"}],"replies":[{"embeddable":true,"href":"https:\/\/site.educa.madrid.org\/ies.neruda.leganes\/index.php\/wp-json\/wp\/v2\/comments?post=225"}],"version-history":[{"count":23,"href":"https:\/\/site.educa.madrid.org\/ies.neruda.leganes\/index.php\/wp-json\/wp\/v2\/pages\/225\/revisions"}],"predecessor-version":[{"id":4212,"href":"https:\/\/site.educa.madrid.org\/ies.neruda.leganes\/index.php\/wp-json\/wp\/v2\/pages\/225\/revisions\/4212"}],"wp:attachment":[{"href":"https:\/\/site.educa.madrid.org\/ies.neruda.leganes\/index.php\/wp-json\/wp\/v2\/media?parent=225"}],"wp:term":[{"taxonomy":"folder","embeddable":true,"href":"https:\/\/site.educa.madrid.org\/ies.neruda.leganes\/index.php\/wp-json\/wp\/v2\/folder?post=225"}],"curies":[{"name":"wp","href":"https:\/\/api.w.org\/{rel}","templated":true}]}}