{"id":229,"date":"2022-04-22T11:27:15","date_gmt":"2022-04-22T09:27:15","guid":{"rendered":"https:\/\/site.educa.madrid.org\/ies.neruda.leganes\/?page_id=229"},"modified":"2025-12-05T07:58:21","modified_gmt":"2025-12-05T06:58:21","slug":"proyectos","status":"publish","type":"page","link":"https:\/\/site.educa.madrid.org\/ies.neruda.leganes\/index.php\/proyectos\/","title":{"rendered":"Proyectos y programas"},"content":{"rendered":"\n<div style=\"display: grid; grid-template-columns: repeat(auto-fit, minmax(280px, 1fr)); gap: 20px; margin: 30px 0;\">\n\n<div style=\"background: #8e44ad; padding: 30px; border-radius: 5px; text-align: center;\">\n<h3 style=\"color: white; margin-bottom: 15px;\">PROYECTOS EN LOS QUE PARTICIPAMOS<\/h3>\n<a href=\"\/ies.neruda.leganes\/index.php\/proyectos\/proyectos-en-los-que-participa-el-centro\/\" style=\"color: white; text-decoration: none; font-size: 16px; border: 2px solid white; padding: 10px 25px; border-radius: 25px; display: inline-block;\">Ver m\u00e1s<\/a>\n<\/div>\n\n<div style=\"background: #e91e63; padding: 30px; border-radius: 5px; text-align: center;\">\n<h3 style=\"color: white; margin-bottom: 15px;\">ERASMUS SCH<\/h3>\n<a href=\"\/ies.neruda.leganes\/index.php\/proyectos\/erasmus\/\" style=\"color: white; text-decoration: none; font-size: 16px; border: 2px solid white; padding: 10px 25px; border-radius: 25px; display: inline-block;\">Ver m\u00e1s<\/a>\n<\/div>\n\n<div style=\"background: #ff9800; padding: 30px; border-radius: 5px; text-align: center;\">\n<h3 style=\"color: white; margin-bottom: 15px;\">ERASMUS VET<\/h3>\n<a href=\"\/ies.neruda.leganes\/index.php\/erasmus-vt\/\" style=\"color: white; text-decoration: none; font-size: 16px; border: 2px solid white; padding: 10px 25px; border-radius: 25px; display: inline-block;\">Ver m\u00e1s<\/a>\n<\/div>\n\n<div style=\"background: #2196f3; padding: 30px; border-radius: 5px; text-align: center;\">\n<h3 style=\"color: white; margin-bottom: 15px;\">PROGRAMA REFUERZA<\/h3>\n<a href=\"\/ies.neruda.leganes\/index.php\/proyectos\/refuerza\/\" style=\"color: white; text-decoration: none; font-size: 16px; border: 2px solid white; padding: 10px 25px; border-radius: 25px; display: inline-block;\">Ver m\u00e1s<\/a>\n<\/div>\n\n<div style=\"background: #4caf50; padding: 30px; border-radius: 5px; text-align: center;\">\n<h3 style=\"color: white; margin-bottom: 15px;\">SOSTENIBILIDAD MEDIOAMBIENTAL<\/h3>\n<a href=\"\/ies.neruda.leganes\/\/wp-content\/uploads\/ies.neruda.leganes\/2024\/06\/IES-MANUAL-de-BUENAS-PRACTICAS-AMBIENTALES_-IES-Pablo-Neruda.pdf\" style=\"color: white; text-decoration: none; font-size: 16px; border: 2px solid white; padding: 10px 25px; border-radius: 25px; display: inline-block;\">Ver m\u00e1s<\/a>\n<\/div>\n\n<\/div>\n","protected":false},"excerpt":{"rendered":"<p>PROYECTOS EN LOS QUE PARTICIPAMOS Ver m\u00e1s ERASMUS SCH Ver m\u00e1s ERASMUS VET Ver m\u00e1s PROGRAMA REFUERZA Ver m\u00e1s [&hellip;]<\/p>\n","protected":false},"author":2,"featured_media":0,"parent":0,"menu_order":0,"comment_status":"closed","ping_status":"closed","template":"","meta":{"footnotes":""},"folder":[],"class_list":["post-229","page","type-page","status-publish","hentry"],"rttpg_featured_image_url":null,"rttpg_author":{"display_name":"tic.ies.neruda.leganes","author_link":"https:\/\/site.educa.madrid.org\/ies.neruda.leganes\/index.php\/author\/cuenta_tic-ies-neruda-leganes\/"},"rttpg_comment":0,"rttpg_category":false,"rttpg_excerpt":"PROYECTOS EN LOS QUE PARTICIPAMOS Ver m\u00e1s ERASMUS SCH Ver m\u00e1s ERASMUS VET Ver m\u00e1s PROGRAMA REFUERZA Ver m\u00e1s [&hellip;]","post_mailing_queue_ids":[],"_links":{"self":[{"href":"https:\/\/site.educa.madrid.org\/ies.neruda.leganes\/index.php\/wp-json\/wp\/v2\/pages\/229","targetHints":{"allow":["GET"]}}],"collection":[{"href":"https:\/\/site.educa.madrid.org\/ies.neruda.leganes\/index.php\/wp-json\/wp\/v2\/pages"}],"about":[{"href":"https:\/\/site.educa.madrid.org\/ies.neruda.leganes\/index.php\/wp-json\/wp\/v2\/types\/page"}],"author":[{"embeddable":true,"href":"https:\/\/site.educa.madrid.org\/ies.neruda.leganes\/index.php\/wp-json\/wp\/v2\/users\/2"}],"replies":[{"embeddable":true,"href":"https:\/\/site.educa.madrid.org\/ies.neruda.leganes\/index.php\/wp-json\/wp\/v2\/comments?post=229"}],"version-history":[{"count":17,"href":"https:\/\/site.educa.madrid.org\/ies.neruda.leganes\/index.php\/wp-json\/wp\/v2\/pages\/229\/revisions"}],"predecessor-version":[{"id":4022,"href":"https:\/\/site.educa.madrid.org\/ies.neruda.leganes\/index.php\/wp-json\/wp\/v2\/pages\/229\/revisions\/4022"}],"wp:attachment":[{"href":"https:\/\/site.educa.madrid.org\/ies.neruda.leganes\/index.php\/wp-json\/wp\/v2\/media?parent=229"}],"wp:term":[{"taxonomy":"folder","embeddable":true,"href":"https:\/\/site.educa.madrid.org\/ies.neruda.leganes\/index.php\/wp-json\/wp\/v2\/folder?post=229"}],"curies":[{"name":"wp","href":"https:\/\/api.w.org\/{rel}","templated":true}]}}