{"id":2402,"date":"2024-01-16T16:18:16","date_gmt":"2024-01-16T15:18:16","guid":{"rendered":"https:\/\/site.educa.madrid.org\/ies.neruda.leganes\/?page_id=2402"},"modified":"2026-02-19T16:28:22","modified_gmt":"2026-02-19T15:28:22","slug":"documentos-de-centro","status":"publish","type":"page","link":"https:\/\/site.educa.madrid.org\/ies.neruda.leganes\/index.php\/documentos-de-centro\/","title":{"rendered":"INFORMACI\u00d3N A FAMILIAS"},"content":{"rendered":"\n<p><strong>PROCESO DE ADMISI\u00d3N 26\/27<\/strong><\/p>\n\n\n\n<div data-wp-interactive=\"core\/file\" class=\"wp-block-file\"><object data-wp-bind--hidden=\"!state.hasPdfPreview\" hidden class=\"wp-block-file__embed\" data=\"https:\/\/site.educa.madrid.org\/ies.neruda.leganes\/\/wp-content\/uploads\/ies.neruda.leganes\/2025\/12\/Admision_Escolar_2026_2027_Guia_2627.pdf\" type=\"application\/pdf\" style=\"width:100%;height:600px\" aria-label=\"Incrustado de Admision_Escolar_2026_2027_Guia_2627.\"><\/object><a id=\"wp-block-file--media-4163c140-e63e-451f-a2d2-b8beda77438a\" href=\"https:\/\/site.educa.madrid.org\/ies.neruda.leganes\/\/wp-content\/uploads\/ies.neruda.leganes\/2025\/12\/Admision_Escolar_2026_2027_Guia_2627.pdf\">Admision_Escolar_2026_2027_Guia_2627<\/a><a href=\"https:\/\/site.educa.madrid.org\/ies.neruda.leganes\/\/wp-content\/uploads\/ies.neruda.leganes\/2025\/12\/Admision_Escolar_2026_2027_Guia_2627.pdf\" class=\"wp-block-file__button wp-element-button\" download aria-describedby=\"wp-block-file--media-4163c140-e63e-451f-a2d2-b8beda77438a\">Descarga<\/a><\/div>\n\n\n\n<div class=\"wp-block-group alignwide\"><div class=\"wp-block-group__inner-container is-layout-constrained wp-block-group-is-layout-constrained\"><\/div><\/div>\n\n\n<p><a href=\"https:\/\/site.educa.madrid.org\/ies.neruda.leganes\/\/wp-content\/uploads\/ies.neruda.leganes\/2026\/02\/Centros-adscritos-2526.png\" target=\"_blank\" rel=\"noopener\">CENTROS ADSCRITOS AL IES PABLO NERUDA<\/a><\/p>\n<p><a href=\"https:\/\/site.educa.madrid.org\/ies.neruda.leganes\/\/wp-content\/uploads\/ies.neruda.leganes\/2025\/12\/Admision_Escolar_2026_2027_Guia_2627.pdf\" target=\"_blank\" rel=\"noopener\">INFORMACI\u00d3N B\u00c1SICA DE ESCOLARIZACI\u00d3N DEL IES PABLO NERUDA<\/a><\/p>\n<h3>INFORMACI\u00d3N A FAMILIAS (DOCUMENTOS DE CENTRO)<\/h3>\n<p><a href=\"https:\/\/site.educa.madrid.org\/ies.neruda.leganes\/\/wp-content\/uploads\/ies.neruda.leganes\/2025\/12\/PGA_IES-PABLO-NERUDA_2526.pdf\" target=\"_blank\" rel=\"noopener\">PGA IES PABLO NERUDA<\/a><\/p>\n<p><a href=\"https:\/\/site.educa.madrid.org\/ies.neruda.leganes\/\/wp-content\/uploads\/ies.neruda.leganes\/2025\/12\/Proyecto-Educativo-IES-Pablo-Neruda-25-26.pdf\" target=\"_blank\" rel=\"noopener\">PROYECTO EDUCATIVO<\/a><\/p>\n<p><a href=\"https:\/\/site.educa.madrid.org\/ies.neruda.leganes\/\/wp-content\/uploads\/ies.neruda.leganes\/2025\/12\/PLAN-INCLUYO-25-26.pdf\" target=\"_blank\" rel=\"noopener\">PLAN INCLUYO<\/a><\/p>\n<p><a href=\"https:\/\/site.educa.madrid.org\/ies.neruda.leganes\/\/wp-content\/uploads\/ies.neruda.leganes\/2025\/12\/PLAN-DE-CONVIVENCIA-IESPABLONERUDA-25-26-V3.pdf\">PLAN DE CONVIVENCIA<\/a><\/p>\n<p><a href=\"https:\/\/site.educa.madrid.org\/ies.neruda.leganes\/\/wp-content\/uploads\/ies.neruda.leganes\/2025\/12\/PROGRAMACION_EXTRAESCOLARES_25_26-5.pdf\" target=\"_blank\" rel=\"noopener\">PROGRAMACI\u00d3N DE ACTIVIDADES EXTRAESCOLARES CURSO 2025\/2026<\/a><\/p>\n<p><a href=\"https:\/\/site.educa.madrid.org\/ies.neruda.leganes\/\/wp-content\/uploads\/ies.neruda.leganes\/2026\/02\/Memoria-extraescolares-2024-2025.pdf\" target=\"_blank\" rel=\"noopener\">MEMORIA ACTIVIDADES EXTRAESCOLARES CURSO 2024\/2025<\/a><\/p>\n<p><a href=\"https:\/\/site.educa.madrid.org\/ies.neruda.leganes\/\/wp-content\/uploads\/ies.neruda.leganes\/2026\/02\/NORMAS-DE-FUNCIONAMIENTO-25-26-v1.pdf\" target=\"_blank\" rel=\"noopener\">NORMAS DE FUNCIONAMIENTO ESO Y BACHILLERATO<\/a><\/p>\n<p><a href=\"https:\/\/site.educa.madrid.org\/ies.neruda.leganes\/\/wp-content\/uploads\/ies.neruda.leganes\/2026\/02\/NORMAS-DE-FUNCIONAMIENTO-25-26-v1-FP.pdf\" target=\"_blank\" rel=\"noopener\">NORMAS DE FUNCIONAMIENTO FP<\/a><\/p>\n<p><a href=\"https:\/\/site.educa.madrid.org\/ies.neruda.leganes\/\/wp-content\/uploads\/ies.neruda.leganes\/2025\/03\/triptico-proyecto-convive.pdf.pdf\" target=\"_blank\" rel=\"noopener\">SERVICIOS COMPLEMENTARIOS DEL CENTRO<\/a><\/p>\n<p><a href=\"https:\/\/site.educa.madrid.org\/ies.neruda.leganes\/\/wp-content\/uploads\/ies.neruda.leganes\/2026\/02\/RESUMEN-RESULTADOS-ACADEMICOS-HASTA-24-25.pdf\" target=\"_blank\" rel=\"noopener\">RESULTADOS ACAD\u00c9MICOS<\/a><\/p>\n<p><a href=\"https:\/\/site.educa.madrid.org\/ies.neruda.leganes\/\/wp-content\/uploads\/ies.neruda.leganes\/2025\/03\/Resultados-pruebas-diagnositcas-2324-2o-ESO.png\" target=\"_blank\" rel=\"noopener\">RESULTADOS PRUEBAS DIAGN\u00d3STICAS DE 2\u00ba ESO<\/a><\/p>\n<p><a href=\"https:\/\/site.educa.madrid.org\/ies.neruda.leganes\/\/wp-content\/uploads\/ies.neruda.leganes\/2025\/03\/Resultados-pruebas-diagnosticas-2324-4oESO.png\" target=\"_blank\" rel=\"noopener\">RESULTADOS PRUEBAS DIAGN\u00d3STICAS DE 4\u00ba ESO<\/a><\/p>\n<p><a href=\"https:\/\/site.educa.madrid.org\/ies.neruda.leganes\/\/wp-content\/uploads\/ies.neruda.leganes\/2025\/03\/PROYECTOS-DEL-CENTRO-DOC.pdf\" target=\"_blank\" rel=\"noopener\">PROYECTOS E INNOVACIONES IES PABLO NERUDA<\/a><\/p>\n<p><a href=\"https:\/\/site.educa.madrid.org\/ies.neruda.leganes\/index.php\/oferta-formativa\/\" target=\"_blank\" rel=\"noopener\">OFERTA EDUCATIVA<\/a><\/p>\n<p><a href=\"https:\/\/site.educa.madrid.org\/ies.neruda.leganes\/index.php\/proyectos\/proyectos-en-los-que-participa-el-centro\/\" target=\"_blank\" rel=\"noopener\">INFORMACI\u00d3N DE LOS PROYECTOS DEL CENTRO<\/a><\/p>\n<p><a href=\"https:\/\/site.educa.madrid.org\/ies.neruda.leganes\/index.php\/quienes-somos\/equipo-directivo\/\" target=\"_blank\" rel=\"noopener\">INFORMACI\u00d3N Y CONTACTO<\/a><\/p>\n\n\n<p><\/p>\n","protected":false},"excerpt":{"rendered":"<p>PROCESO DE ADMISI\u00d3N 26\/27 CENTROS ADSCRITOS AL IES PABLO NERUDA INFORMACI\u00d3N B\u00c1SICA DE ESCOLARIZACI\u00d3N DEL IES PABLO NERUDA INFORMACI\u00d3N [&hellip;]<\/p>\n","protected":false},"author":3,"featured_media":1436,"parent":0,"menu_order":0,"comment_status":"closed","ping_status":"closed","template":"","meta":{"footnotes":""},"folder":[],"class_list":["post-2402","page","type-page","status-publish","has-post-thumbnail","hentry"],"rttpg_featured_image_url":{"full":["https:\/\/site.educa.madrid.org\/ies.neruda.leganes\/\/wp-content\/uploads\/ies.neruda.leganes\/2023\/01\/logoPN.png",400,400,false],"landscape":["https:\/\/site.educa.madrid.org\/ies.neruda.leganes\/\/wp-content\/uploads\/ies.neruda.leganes\/2023\/01\/logoPN.png",400,400,false],"portraits":["https:\/\/site.educa.madrid.org\/ies.neruda.leganes\/\/wp-content\/uploads\/ies.neruda.leganes\/2023\/01\/logoPN.png",400,400,false],"thumbnail":["https:\/\/site.educa.madrid.org\/ies.neruda.leganes\/\/wp-content\/uploads\/ies.neruda.leganes\/2023\/01\/logoPN-150x150.png",150,150,true],"medium":["https:\/\/site.educa.madrid.org\/ies.neruda.leganes\/\/wp-content\/uploads\/ies.neruda.leganes\/2023\/01\/logoPN-300x300.png",300,300,true],"large":["https:\/\/site.educa.madrid.org\/ies.neruda.leganes\/\/wp-content\/uploads\/ies.neruda.leganes\/2023\/01\/logoPN.png",400,400,false],"thumblist":["https:\/\/site.educa.madrid.org\/ies.neruda.leganes\/\/wp-content\/uploads\/ies.neruda.leganes\/2023\/01\/logoPN-300x300.png",300,300,true],"thumbrelated":["https:\/\/site.educa.madrid.org\/ies.neruda.leganes\/\/wp-content\/uploads\/ies.neruda.leganes\/2023\/01\/logoPN.png",400,400,false],"meccarouselthumb":["https:\/\/site.educa.madrid.org\/ies.neruda.leganes\/\/wp-content\/uploads\/ies.neruda.leganes\/2023\/01\/logoPN-400x324.png",400,324,true],"gridsquare":["https:\/\/site.educa.madrid.org\/ies.neruda.leganes\/\/wp-content\/uploads\/ies.neruda.leganes\/2023\/01\/logoPN-391x260.png",391,260,true],"tileview":["https:\/\/site.educa.madrid.org\/ies.neruda.leganes\/\/wp-content\/uploads\/ies.neruda.leganes\/2023\/01\/logoPN-300x400.png",300,400,true],"1536x1536":["https:\/\/site.educa.madrid.org\/ies.neruda.leganes\/\/wp-content\/uploads\/ies.neruda.leganes\/2023\/01\/logoPN.png",400,400,false],"2048x2048":["https:\/\/site.educa.madrid.org\/ies.neruda.leganes\/\/wp-content\/uploads\/ies.neruda.leganes\/2023\/01\/logoPN.png",400,400,false],"sow-carousel-default":["https:\/\/site.educa.madrid.org\/ies.neruda.leganes\/\/wp-content\/uploads\/ies.neruda.leganes\/2023\/01\/logoPN-272x182.png",272,182,true],"sow-post-carousel-overlay-theme":["https:\/\/site.educa.madrid.org\/ies.neruda.leganes\/\/wp-content\/uploads\/ies.neruda.leganes\/2023\/01\/logoPN.png",360,360,false],"sow-post-carousel-cards-theme":["https:\/\/site.educa.madrid.org\/ies.neruda.leganes\/\/wp-content\/uploads\/ies.neruda.leganes\/2023\/01\/logoPN.png",240,240,false],"rt_custom":["https:\/\/site.educa.madrid.org\/ies.neruda.leganes\/\/wp-content\/uploads\/ies.neruda.leganes\/2023\/01\/logoPN.png",400,400,false]},"rttpg_author":{"display_name":"ies.neruda.leganes","author_link":"https:\/\/site.educa.madrid.org\/ies.neruda.leganes\/index.php\/author\/cuenta_ies-neruda-leganes\/"},"rttpg_comment":0,"rttpg_category":false,"rttpg_excerpt":"PROCESO DE ADMISI\u00d3N 26\/27 CENTROS ADSCRITOS AL IES PABLO NERUDA INFORMACI\u00d3N B\u00c1SICA DE ESCOLARIZACI\u00d3N DEL IES PABLO NERUDA INFORMACI\u00d3N [&hellip;]","post_mailing_queue_ids":[],"_links":{"self":[{"href":"https:\/\/site.educa.madrid.org\/ies.neruda.leganes\/index.php\/wp-json\/wp\/v2\/pages\/2402","targetHints":{"allow":["GET"]}}],"collection":[{"href":"https:\/\/site.educa.madrid.org\/ies.neruda.leganes\/index.php\/wp-json\/wp\/v2\/pages"}],"about":[{"href":"https:\/\/site.educa.madrid.org\/ies.neruda.leganes\/index.php\/wp-json\/wp\/v2\/types\/page"}],"author":[{"embeddable":true,"href":"https:\/\/site.educa.madrid.org\/ies.neruda.leganes\/index.php\/wp-json\/wp\/v2\/users\/3"}],"replies":[{"embeddable":true,"href":"https:\/\/site.educa.madrid.org\/ies.neruda.leganes\/index.php\/wp-json\/wp\/v2\/comments?post=2402"}],"version-history":[{"count":38,"href":"https:\/\/site.educa.madrid.org\/ies.neruda.leganes\/index.php\/wp-json\/wp\/v2\/pages\/2402\/revisions"}],"predecessor-version":[{"id":4168,"href":"https:\/\/site.educa.madrid.org\/ies.neruda.leganes\/index.php\/wp-json\/wp\/v2\/pages\/2402\/revisions\/4168"}],"wp:featuredmedia":[{"embeddable":true,"href":"https:\/\/site.educa.madrid.org\/ies.neruda.leganes\/index.php\/wp-json\/wp\/v2\/media\/1436"}],"wp:attachment":[{"href":"https:\/\/site.educa.madrid.org\/ies.neruda.leganes\/index.php\/wp-json\/wp\/v2\/media?parent=2402"}],"wp:term":[{"taxonomy":"folder","embeddable":true,"href":"https:\/\/site.educa.madrid.org\/ies.neruda.leganes\/index.php\/wp-json\/wp\/v2\/folder?post=2402"}],"curies":[{"name":"wp","href":"https:\/\/api.w.org\/{rel}","templated":true}]}}