{"id":2438,"date":"2024-01-25T16:04:41","date_gmt":"2024-01-25T15:04:41","guid":{"rendered":"https:\/\/site.educa.madrid.org\/ies.neruda.leganes\/?page_id=2438"},"modified":"2024-01-25T16:30:49","modified_gmt":"2024-01-25T15:30:49","slug":"pruebas-para-obtencion-de-titulos-de-tecnico-y-tecnico-superior-de-fp","status":"publish","type":"page","link":"https:\/\/site.educa.madrid.org\/ies.neruda.leganes\/index.php\/pruebas-para-obtencion-de-titulos-de-tecnico-y-tecnico-superior-de-fp\/","title":{"rendered":"Pruebas para obtenci\u00f3n de t\u00edtulos de T\u00e9cnico y T\u00e9cnico Superior de FP"},"content":{"rendered":"\n<div class=\"wp-block-file\"><a href=\"blob:https:\/\/site.educa.madrid.org\/0967fbd0-ed49-46c4-9a2a-f7a761b78896\" class=\"wp-block-file__button wp-element-button\" download>Descarga<\/a><\/div>\n\n\n<p>Para acceder a la convocatoria accede a trav\u00e9s del siguiente <a href=\"https:\/\/www.comunidad.madrid\/servicios\/educacion\/pruebas-obtencion-titulos-tecnico-tecnico-superior-fp\" target=\"_blank\" rel=\"noopener\">enlace<\/a><\/p>\n<p>RESOLUCI\u00d3N DE 29 DE DICIEMBRE DE 2023<\/p>\n\n\n<div data-wp-interactive=\"core\/file\" class=\"wp-block-file\"><object data-wp-bind--hidden=\"!state.hasPdfPreview\" hidden class=\"wp-block-file__embed\" data=\"https:\/\/site.educa.madrid.org\/ies.neruda.leganes\/\/wp-content\/uploads\/ies.neruda.leganes\/2024\/01\/RESOLUCION-29-DE-DICIEMBRE-DE-2023.pdf\" type=\"application\/pdf\" style=\"width:100%;height:600px\" aria-label=\"Incrustado de RESOLUCION-29-DE-DICIEMBRE-DE-2023.\"><\/object><a id=\"wp-block-file--media-182aeea7-91e9-4714-92dd-de30a3d6397a\" href=\"https:\/\/site.educa.madrid.org\/ies.neruda.leganes\/\/wp-content\/uploads\/ies.neruda.leganes\/2024\/01\/RESOLUCION-29-DE-DICIEMBRE-DE-2023.pdf\">RESOLUCION-29-DE-DICIEMBRE-DE-2023<\/a><a href=\"https:\/\/site.educa.madrid.org\/ies.neruda.leganes\/\/wp-content\/uploads\/ies.neruda.leganes\/2024\/01\/RESOLUCION-29-DE-DICIEMBRE-DE-2023.pdf\" class=\"wp-block-file__button wp-element-button\" download aria-describedby=\"wp-block-file--media-182aeea7-91e9-4714-92dd-de30a3d6397a\">Descarga<\/a><\/div>\n\n\n\n<p><\/p>\n\n\n\n<p>Requisitos de acceso <a href=\"https:\/\/site.educa.madrid.org\/ies.neruda.leganes\/\/wp-content\/uploads\/ies.neruda.leganes\/2024\/01\/REQUISITOS-ACCESO.pdf\">REQUISITOS ACCESO<\/a><\/p>\n\n\n\n<figure class=\"wp-block-image size-full\"><img loading=\"lazy\" decoding=\"async\" width=\"963\" height=\"542\" src=\"https:\/\/site.educa.madrid.org\/ies.neruda.leganes\/\/wp-content\/uploads\/ies.neruda.leganes\/2024\/01\/REQUISITOS.png\" alt=\"\" class=\"wp-image-2444\" srcset=\"https:\/\/site.educa.madrid.org\/ies.neruda.leganes\/\/wp-content\/uploads\/ies.neruda.leganes\/2024\/01\/REQUISITOS.png 963w, https:\/\/site.educa.madrid.org\/ies.neruda.leganes\/\/wp-content\/uploads\/ies.neruda.leganes\/2024\/01\/REQUISITOS-300x169.png 300w, https:\/\/site.educa.madrid.org\/ies.neruda.leganes\/\/wp-content\/uploads\/ies.neruda.leganes\/2024\/01\/REQUISITOS-768x432.png 768w\" sizes=\"auto, (max-width: 963px) 100vw, 963px\" \/><\/figure>\n","protected":false},"excerpt":{"rendered":"<p>Para acceder a la convocatoria accede a trav\u00e9s del siguiente enlace RESOLUCI\u00d3N DE 29 DE DICIEMBRE DE 2023 Requisitos [&hellip;]<\/p>\n","protected":false},"author":3,"featured_media":0,"parent":0,"menu_order":0,"comment_status":"closed","ping_status":"closed","template":"","meta":{"footnotes":""},"folder":[],"class_list":["post-2438","page","type-page","status-publish","hentry"],"rttpg_featured_image_url":null,"rttpg_author":{"display_name":"ies.neruda.leganes","author_link":"https:\/\/site.educa.madrid.org\/ies.neruda.leganes\/index.php\/author\/cuenta_ies-neruda-leganes\/"},"rttpg_comment":0,"rttpg_category":false,"rttpg_excerpt":"Para acceder a la convocatoria accede a trav\u00e9s del siguiente enlace RESOLUCI\u00d3N DE 29 DE DICIEMBRE DE 2023 Requisitos [&hellip;]","post_mailing_queue_ids":[],"_links":{"self":[{"href":"https:\/\/site.educa.madrid.org\/ies.neruda.leganes\/index.php\/wp-json\/wp\/v2\/pages\/2438","targetHints":{"allow":["GET"]}}],"collection":[{"href":"https:\/\/site.educa.madrid.org\/ies.neruda.leganes\/index.php\/wp-json\/wp\/v2\/pages"}],"about":[{"href":"https:\/\/site.educa.madrid.org\/ies.neruda.leganes\/index.php\/wp-json\/wp\/v2\/types\/page"}],"author":[{"embeddable":true,"href":"https:\/\/site.educa.madrid.org\/ies.neruda.leganes\/index.php\/wp-json\/wp\/v2\/users\/3"}],"replies":[{"embeddable":true,"href":"https:\/\/site.educa.madrid.org\/ies.neruda.leganes\/index.php\/wp-json\/wp\/v2\/comments?post=2438"}],"version-history":[{"count":2,"href":"https:\/\/site.educa.madrid.org\/ies.neruda.leganes\/index.php\/wp-json\/wp\/v2\/pages\/2438\/revisions"}],"predecessor-version":[{"id":2447,"href":"https:\/\/site.educa.madrid.org\/ies.neruda.leganes\/index.php\/wp-json\/wp\/v2\/pages\/2438\/revisions\/2447"}],"wp:attachment":[{"href":"https:\/\/site.educa.madrid.org\/ies.neruda.leganes\/index.php\/wp-json\/wp\/v2\/media?parent=2438"}],"wp:term":[{"taxonomy":"folder","embeddable":true,"href":"https:\/\/site.educa.madrid.org\/ies.neruda.leganes\/index.php\/wp-json\/wp\/v2\/folder?post=2438"}],"curies":[{"name":"wp","href":"https:\/\/api.w.org\/{rel}","templated":true}]}}