{"id":275,"date":"2022-04-25T12:11:02","date_gmt":"2022-04-25T10:11:02","guid":{"rendered":"https:\/\/site.educa.madrid.org\/ies.neruda.leganes\/?page_id=275"},"modified":"2025-12-11T07:47:31","modified_gmt":"2025-12-11T06:47:31","slug":"consejo-escolar","status":"publish","type":"page","link":"https:\/\/site.educa.madrid.org\/ies.neruda.leganes\/index.php\/quienes-somos\/consejo-escolar\/","title":{"rendered":"Consejo Escolar"},"content":{"rendered":"\n<h4 class=\"wp-block-heading\"><strong>Durante el curso escolar 2025-2026 el Consejo Escolar del IES Pablo Neruda estar\u00e1 integrado por los siguientes miembros:<\/strong><\/h4>\n\n\n\n<h4 class=\"wp-block-heading\"><strong>DIRECTOR<\/strong><\/h4>\n\n\n\n<h6 class=\"wp-block-heading\">FRANCISCO DE BORJA RODR\u00cdGUEZ \u00c1LAMO<\/h6>\n\n\n\n<h4 class=\"wp-block-heading\"><strong>JEFE DE ESTUDIOS<\/strong><\/h4>\n\n\n\n<h6 class=\"wp-block-heading\">M\u00d3NICA MORALES G\u00d3MEZ<\/h6>\n\n\n\n<h4 class=\"wp-block-heading\"><strong>SECRETARIA<\/strong><\/h4>\n\n\n\n<h6 class=\"wp-block-heading\">MAR\u00cdA JES\u00daS S\u00c1NCHEZ ALONSO (tiene voz pero no tiene voto)<\/h6>\n\n\n\n<h4 class=\"wp-block-heading\"><strong>REPRESENTANTES DE LOS PROFESORES<\/strong><\/h4>\n\n\n\n<h6 class=\"wp-block-heading\">MAR\u00cdA ISABEL JIM\u00c9NEZ GARC\u00cdA<\/h6>\n\n\n\n<h6 class=\"wp-block-heading\">LUIS ANTONIO MIGUEL REVILLA<\/h6>\n\n\n\n<h6 class=\"wp-block-heading\">MAR\u00cdA ISABEL HUERTAS MURILLO<\/h6>\n\n\n\n<h6 class=\"wp-block-heading\">ORISTILA VALC\u00c1RCEL CALVO<\/h6>\n\n\n\n<h6 class=\"wp-block-heading\">DELIA MAR\u00cdA ARAQUE SEGURA<\/h6>\n\n\n\n<h6 class=\"wp-block-heading\">FRANCISCA TARTAJO CAPILLA<\/h6>\n\n\n\n<h6 class=\"wp-block-heading\">ANA MAR\u00cdA GONZ\u00c1LEZ GUTI\u00c9RREZ&nbsp; &nbsp; &nbsp; &nbsp; &nbsp; &nbsp; &nbsp; &nbsp; &nbsp;<\/h6>\n\n\n\n<h4 class=\"wp-block-heading\"><strong>REPRESENTANTES DE LOS ALUMNOS<\/strong><\/h4>\n\n\n\n<h6 class=\"wp-block-heading\">PAULA VALBUENA HERN\u00c1NDEZ<\/h6>\n\n\n\n<h6 class=\"wp-block-heading\">CARLA OREJUDO FONSECA<\/h6>\n\n\n\n<h6 class=\"wp-block-heading\">NOA NAVESO CUESTA<\/h6>\n\n\n\n<h6 class=\"wp-block-heading\">SARA RODR\u00cdGUEZ RUBIO<\/h6>\n\n\n\n<p><\/p>\n\n\n\n<h4 class=\"wp-block-heading\"><strong>REPRESENTANTES DE LA AMPA<\/strong><\/h4>\n\n\n\n<h6 class=\"wp-block-heading\">JAVIER BAEZA MART\u00cdNEZ<\/h6>\n\n\n\n<h6 class=\"wp-block-heading\">ALICIA RUIZ LUENGO<\/h6>\n\n\n\n<h6 class=\"wp-block-heading\">PUERTO VICENTE M\u00c1RQUEZ<\/h6>\n\n\n\n<h4 class=\"wp-block-heading\"><strong>REPRESENTANTE DEL PERSONAL DE ADMINISTRACI\u00d3N Y SERVICIOS<\/strong><\/h4>\n\n\n\n<h6 class=\"wp-block-heading\">VANESSA MILL\u00c1N G\u00d3MEZ\u00a0 \u00a0 \u00a0 \u00a0 \u00a0 \u00a0 \u00a0 \u00a0 \u00a0 \u00a0 \u00a0 \u00a0 \u00a0 \u00a0 \u00a0 \u00a0 \u00a0 \u00a0 \u00a0<\/h6>\n\n\n\n<h4 class=\"wp-block-heading\"><strong>REPRESENTANTE DEL AYUNTAMIENTO<\/strong><\/h4>\n\n\n\n<h4 class=\"wp-block-heading\">No acude<\/h4>\n\n\n\n<h4 class=\"wp-block-heading\"><strong>REPRESENTANTE DE LAS EMPRESAS<\/strong><\/h4>\n\n\n\n<h4 class=\"wp-block-heading\">No acude<\/h4>\n\n\n\n<p>Leer m\u00e1s: <a href=\"https:\/\/www.iespabloneruda.com\/consejo-escolar\/?utm_source=copy&amp;utm_medium=paste&amp;utm_campaign=copypaste&amp;utm_content=https%3A%2F%2Fwww.iespabloneruda.com%2Fconsejo-escolar%2F\">https:\/\/www.iespabloneruda.com\/consejo-escolar\/<\/a><\/p>\n","protected":false},"excerpt":{"rendered":"<p>Durante el curso escolar 2025-2026 el Consejo Escolar del IES Pablo Neruda estar\u00e1 integrado por los siguientes miembros: DIRECTOR [&hellip;]<\/p>\n","protected":false},"author":2,"featured_media":0,"parent":248,"menu_order":0,"comment_status":"closed","ping_status":"closed","template":"","meta":{"footnotes":""},"folder":[],"class_list":["post-275","page","type-page","status-publish","hentry"],"rttpg_featured_image_url":null,"rttpg_author":{"display_name":"tic.ies.neruda.leganes","author_link":"https:\/\/site.educa.madrid.org\/ies.neruda.leganes\/index.php\/author\/cuenta_tic-ies-neruda-leganes\/"},"rttpg_comment":0,"rttpg_category":false,"rttpg_excerpt":"Durante el curso escolar 2025-2026 el Consejo Escolar del IES Pablo Neruda estar\u00e1 integrado por los siguientes miembros: DIRECTOR [&hellip;]","post_mailing_queue_ids":[],"_links":{"self":[{"href":"https:\/\/site.educa.madrid.org\/ies.neruda.leganes\/index.php\/wp-json\/wp\/v2\/pages\/275","targetHints":{"allow":["GET"]}}],"collection":[{"href":"https:\/\/site.educa.madrid.org\/ies.neruda.leganes\/index.php\/wp-json\/wp\/v2\/pages"}],"about":[{"href":"https:\/\/site.educa.madrid.org\/ies.neruda.leganes\/index.php\/wp-json\/wp\/v2\/types\/page"}],"author":[{"embeddable":true,"href":"https:\/\/site.educa.madrid.org\/ies.neruda.leganes\/index.php\/wp-json\/wp\/v2\/users\/2"}],"replies":[{"embeddable":true,"href":"https:\/\/site.educa.madrid.org\/ies.neruda.leganes\/index.php\/wp-json\/wp\/v2\/comments?post=275"}],"version-history":[{"count":8,"href":"https:\/\/site.educa.madrid.org\/ies.neruda.leganes\/index.php\/wp-json\/wp\/v2\/pages\/275\/revisions"}],"predecessor-version":[{"id":4063,"href":"https:\/\/site.educa.madrid.org\/ies.neruda.leganes\/index.php\/wp-json\/wp\/v2\/pages\/275\/revisions\/4063"}],"up":[{"embeddable":true,"href":"https:\/\/site.educa.madrid.org\/ies.neruda.leganes\/index.php\/wp-json\/wp\/v2\/pages\/248"}],"wp:attachment":[{"href":"https:\/\/site.educa.madrid.org\/ies.neruda.leganes\/index.php\/wp-json\/wp\/v2\/media?parent=275"}],"wp:term":[{"taxonomy":"folder","embeddable":true,"href":"https:\/\/site.educa.madrid.org\/ies.neruda.leganes\/index.php\/wp-json\/wp\/v2\/folder?post=275"}],"curies":[{"name":"wp","href":"https:\/\/api.w.org\/{rel}","templated":true}]}}