{"id":3119,"date":"2024-10-24T11:46:37","date_gmt":"2024-10-24T09:46:37","guid":{"rendered":"https:\/\/site.educa.madrid.org\/ies.neruda.leganes\/?page_id=3119"},"modified":"2026-02-25T11:04:20","modified_gmt":"2026-02-25T10:04:20","slug":"erasmus-vt","status":"publish","type":"page","link":"https:\/\/site.educa.madrid.org\/ies.neruda.leganes\/index.php\/erasmus-vt\/","title":{"rendered":"ERASMUS+ VT"},"content":{"rendered":"\n<p><strong>15 de diciembre 2025<\/strong><\/p>\n\n\n\n<p>Queda abierta la convocatoria para participar en la Beca Erasmus para profesores de FP. Existen movilidades para el profesorado de Grado B\u00e1sico, Medio y PPE, como para profesorado de Grado Superior. Las candidaturas se recibir\u00e1n en el Classroom habilitado para ello. <\/p>\n\n\n\n<p><a href=\"https:\/\/site.educa.madrid.org\/ies.neruda.leganes\/\/wp-content\/uploads\/ies.neruda.leganes\/2025\/12\/CONVOCATORIA-BECAS-GS-ERASMUS-PARA-FP-PROFESORES-25-26.docx-1.pdf\" data-type=\"link\" data-id=\"https:\/\/site.educa.madrid.org\/ies.neruda.leganes\/\/wp-content\/uploads\/ies.neruda.leganes\/2025\/12\/CONVOCATORIA-BECAS-GS-ERASMUS-PARA-FP-PROFESORES-25-26.docx-1.pdf\">https:\/\/site.educa.madrid.org\/ies.neruda.leganes\/\/wp-content\/uploads\/ies.neruda.leganes\/2025\/12\/CONVOCATORIA-BECAS-GS-ERASMUS-PARA-FP-PROFESORES-25-26.docx-1.pdf<\/a><\/p>\n\n\n\n<p><a href=\"https:\/\/site.educa.madrid.org\/ies.neruda.leganes\/\/wp-content\/uploads\/ies.neruda.leganes\/2025\/12\/CONVOCATORIA-BECAS-GM-ERASMUS-PARA-FP-PROFESORES-25-26.docx-1.pdf\" data-type=\"link\" data-id=\"https:\/\/site.educa.madrid.org\/ies.neruda.leganes\/\/wp-content\/uploads\/ies.neruda.leganes\/2025\/12\/CONVOCATORIA-BECAS-GM-ERASMUS-PARA-FP-PROFESORES-25-26.docx-1.pdf\">https:\/\/site.educa.madrid.org\/ies.neruda.leganes\/\/wp-content\/uploads\/ies.neruda.leganes\/2025\/12\/CONVOCATORIA-BECAS-GM-ERASMUS-PARA-FP-PROFESORES-25-26.docx-1.pdf<\/a><\/p>\n\n\n\n<p><a href=\"https:\/\/site.educa.madrid.org\/ies.neruda.leganes\/\/wp-content\/uploads\/ies.neruda.leganes\/2025\/12\/Baremo-Profesores-25-26.docx.pdf\">https:\/\/site.educa.madrid.org\/ies.neruda.leganes\/\/wp-content\/uploads\/ies.neruda.leganes\/2025\/12\/Baremo-Profesores-25-26.docx.pdf<\/a><\/p>\n\n\n\n<p><\/p>\n\n\n\n<p><strong>Septiembre 2025<\/strong><\/p>\n\n\n\n<p>Comenzamos los tr\u00e1mites para la preparaci\u00f3n de movilidades en grupo en este curso 2025\/2026 dentro del Programa Erasmus+ dirigida al alumnado de 2\u00ba de Grado Medio de Ciclo Formativo. <\/p>\n\n\n\n<p>La movilidad en grupo se encuentra plena fase inicial de preparaci\u00f3n; se conocen en este<br>momento los siguientes detalles:<\/p>\n\n\n\n<ul class=\"wp-block-list\">\n<li>El grupo va acompa\u00f1ado del personal docente del centro.<\/li>\n\n\n\n<li>La duraci\u00f3n va a ser de 7 d\u00edas viajando en domingo y volviendo en s\u00e1bado.<\/li>\n\n\n\n<li>Con mucha probabilidad va a tener lugar a finales de noviembre o principios de<br>diciembre de 2025.<\/li>\n\n\n\n<li>El grupo va a tener una dimensi\u00f3n aproximada de 12 alumnos\/as.<\/li>\n\n\n\n<li>El alojamiento va a ser en establecimientos habilitados a tal efecto (pensiones,<br>hoteles, albergues) en habitaciones compartidas tratando de buscar la combinaci\u00f3n<br>m\u00e1s adecuada.<\/li>\n\n\n\n<li>El destino, seg\u00fan en qu\u00e9 caso, ser\u00e1 Treviso (Italia) o Marinha Grande (Portugal).<\/li>\n\n\n\n<li>En la localidad un centro educativo recibe al grupo y se realizar\u00e1n una serie de<br>actividades.<br>El Programa Erasmus + con el que cuenta el IES Pablo Neruda ofrece unas becas para las<br>movilidades en grupo pero es altamente probable que la cuant\u00eda econ\u00f3mica de las mismas<br>no cubra todos los gastos que tendr\u00e1n lugar en esta movilidad.<br>Para proceder a inscribirse como alumno\/a interesado y formar parte del proceso de<br>selecci\u00f3n han de asistir a la reuni\u00f3n informativa que tendr\u00e1 lugar el mi\u00e9rcoles 1 de octubre<br>de 2025 en el Aula 00 del edificio principal a las 14:10 habiendo le\u00eddo y aceptado la<br>circular informativa de movilidad en grupo.<\/li>\n<\/ul>\n\n\n\n<figure class=\"wp-block-image size-large\"><img loading=\"lazy\" decoding=\"async\" width=\"1024\" height=\"1024\" src=\"https:\/\/site.educa.madrid.org\/ies.neruda.leganes\/\/wp-content\/uploads\/ies.neruda.leganes\/2025\/09\/miercoles1-de-octubre-1024x1024.png\" alt=\"\" class=\"wp-image-3953\" srcset=\"https:\/\/site.educa.madrid.org\/ies.neruda.leganes\/\/wp-content\/uploads\/ies.neruda.leganes\/2025\/09\/miercoles1-de-octubre-1024x1024.png 1024w, https:\/\/site.educa.madrid.org\/ies.neruda.leganes\/\/wp-content\/uploads\/ies.neruda.leganes\/2025\/09\/miercoles1-de-octubre-300x300.png 300w, https:\/\/site.educa.madrid.org\/ies.neruda.leganes\/\/wp-content\/uploads\/ies.neruda.leganes\/2025\/09\/miercoles1-de-octubre-150x150.png 150w, https:\/\/site.educa.madrid.org\/ies.neruda.leganes\/\/wp-content\/uploads\/ies.neruda.leganes\/2025\/09\/miercoles1-de-octubre-768x768.png 768w, https:\/\/site.educa.madrid.org\/ies.neruda.leganes\/\/wp-content\/uploads\/ies.neruda.leganes\/2025\/09\/miercoles1-de-octubre-500x500.png 500w, https:\/\/site.educa.madrid.org\/ies.neruda.leganes\/\/wp-content\/uploads\/ies.neruda.leganes\/2025\/09\/miercoles1-de-octubre.png 1080w\" sizes=\"auto, (max-width: 1024px) 100vw, 1024px\" \/><\/figure>\n\n\n\n<p><a href=\"https:\/\/site.educa.madrid.org\/ies.neruda.leganes\/\/wp-content\/uploads\/ies.neruda.leganes\/2026\/02\/GM-Convocatoria-Becas-Erasmus-Movilidad-en-Grupo_-Marinha-Grande.docx\" data-type=\"link\" data-id=\"https:\/\/site.educa.madrid.org\/ies.neruda.leganes\/\/wp-content\/uploads\/ies.neruda.leganes\/2026\/02\/GM-Convocatoria-Becas-Erasmus-Movilidad-en-Grupo_-Marinha-Grande.docx\">https:\/\/site.educa.madrid.org\/ies.neruda.leganes\/\/wp-content\/uploads\/ies.neruda.leganes\/2026\/02\/GM-Convocatoria-Becas-Erasmus-Movilidad-en-Grupo_-Marinha-Grande.docx<\/a><\/p>\n\n\n\n<p><a href=\"https:\/\/site.educa.madrid.org\/ies.neruda.leganes\/\/wp-content\/uploads\/ies.neruda.leganes\/2026\/02\/Convocatoria-Becas-Erasmus-Movilidad-en-Grupo_-Treviso.docx\">https:\/\/site.educa.madrid.org\/ies.neruda.leganes\/\/wp-content\/uploads\/ies.neruda.leganes\/2026\/02\/Convocatoria-Becas-Erasmus-Movilidad-en-Grupo_-Treviso.docx<\/a><\/p>\n\n\n\n<p><\/p>\n\n\n\n<p><strong>Mayo 2025<\/strong><\/p>\n\n\n\n<p>Nuestra compa\u00f1era, Virginia del departamento de Comercio, tuvo la oportunidad de realizar un Job Shadowing en Malta, gracias al programa Erasmus + VT del SEPIE. All\u00ed pudo realizar cursos y visitar instituciones educativas del pa\u00eds, as\u00ed como conocer los lugares de trabajo donde actualmente se encuentran nuestras alumnas de Erasmus emplazadas en el pa\u00eds.<\/p>\n\n\n\n<p>Grazzi<\/p>\n\n\n\n<figure class=\"wp-block-image size-large\"><img loading=\"lazy\" decoding=\"async\" width=\"1024\" height=\"1024\" src=\"https:\/\/site.educa.madrid.org\/ies.neruda.leganes\/\/wp-content\/uploads\/ies.neruda.leganes\/2025\/05\/WhatsApp-Image-2025-05-28-at-13.14.06-1024x1024.jpeg\" alt=\"\" class=\"wp-image-3454\" srcset=\"https:\/\/site.educa.madrid.org\/ies.neruda.leganes\/\/wp-content\/uploads\/ies.neruda.leganes\/2025\/05\/WhatsApp-Image-2025-05-28-at-13.14.06-1024x1024.jpeg 1024w, https:\/\/site.educa.madrid.org\/ies.neruda.leganes\/\/wp-content\/uploads\/ies.neruda.leganes\/2025\/05\/WhatsApp-Image-2025-05-28-at-13.14.06-300x300.jpeg 300w, https:\/\/site.educa.madrid.org\/ies.neruda.leganes\/\/wp-content\/uploads\/ies.neruda.leganes\/2025\/05\/WhatsApp-Image-2025-05-28-at-13.14.06-150x150.jpeg 150w, https:\/\/site.educa.madrid.org\/ies.neruda.leganes\/\/wp-content\/uploads\/ies.neruda.leganes\/2025\/05\/WhatsApp-Image-2025-05-28-at-13.14.06-768x768.jpeg 768w, https:\/\/site.educa.madrid.org\/ies.neruda.leganes\/\/wp-content\/uploads\/ies.neruda.leganes\/2025\/05\/WhatsApp-Image-2025-05-28-at-13.14.06-500x500.jpeg 500w, https:\/\/site.educa.madrid.org\/ies.neruda.leganes\/\/wp-content\/uploads\/ies.neruda.leganes\/2025\/05\/WhatsApp-Image-2025-05-28-at-13.14.06-1536x1536.jpeg 1536w, https:\/\/site.educa.madrid.org\/ies.neruda.leganes\/\/wp-content\/uploads\/ies.neruda.leganes\/2025\/05\/WhatsApp-Image-2025-05-28-at-13.14.06.jpeg 2048w\" sizes=\"auto, (max-width: 1024px) 100vw, 1024px\" \/><\/figure>\n\n\n\n<p>Job Shadowing &#8211; Virgina Ruiz en Malta<\/p>\n\n\n\n<p><\/p>\n\n\n\n<figure class=\"wp-block-image size-full\"><img loading=\"lazy\" decoding=\"async\" width=\"800\" height=\"83\" src=\"https:\/\/site.educa.madrid.org\/ies.neruda.leganes\/\/wp-content\/uploads\/ies.neruda.leganes\/2025\/05\/image.png\" alt=\"\" class=\"wp-image-3437\" srcset=\"https:\/\/site.educa.madrid.org\/ies.neruda.leganes\/\/wp-content\/uploads\/ies.neruda.leganes\/2025\/05\/image.png 800w, https:\/\/site.educa.madrid.org\/ies.neruda.leganes\/\/wp-content\/uploads\/ies.neruda.leganes\/2025\/05\/image-300x31.png 300w, https:\/\/site.educa.madrid.org\/ies.neruda.leganes\/\/wp-content\/uploads\/ies.neruda.leganes\/2025\/05\/image-768x80.png 768w\" sizes=\"auto, (max-width: 800px) 100vw, 800px\" \/><\/figure>\n\n\n\n<blockquote class=\"wp-block-quote is-layout-flow wp-block-quote-is-layout-flow\">\n<p>Desde el SEPIE, la Agencia Nacional Erasmus+ para el \u00e1mbito de la educaci\u00f3n y la formaci\u00f3n en Espa\u00f1a, han lanzado la primera convocatoria de la iniciativa \u00ab<strong>Embajadores Erasmus+<\/strong>\u00ab, con la que pretenden crear una red nacional de personas que durante los \u00faltimos a\u00f1os hayan participado en el programa (estudiantes, docentes, formadores&#8230;), tanto en proyectos de movilidad como de cooperaci\u00f3n y de todos los sectores educativos (educaci\u00f3n escolar, formaci\u00f3n profesional, educaci\u00f3n superior y educaci\u00f3n de personas adultas), con el objetivo de:<\/p>\n\n\n\n<p>1.&nbsp;&nbsp;&nbsp;&nbsp;&nbsp;&nbsp;&nbsp;Contribuir a la participaci\u00f3n en la vida democr\u00e1tica, los valores comunes europeos y el compromiso c\u00edvico;<\/p>\n\n\n\n<p>2.&nbsp;&nbsp;&nbsp;&nbsp;&nbsp;&nbsp;&nbsp;Apoyar las actividades de informaci\u00f3n, difusi\u00f3n y promoci\u00f3n del programa;<\/p>\n\n\n\n<p>3.&nbsp;&nbsp;&nbsp;&nbsp;&nbsp;&nbsp;&nbsp;Fomentar el sentimiento de ciudadan\u00eda europea.<\/p>\n\n\n\n<p>Las personas que finalmente resulten seleccionadas se comprometer\u00e1n a realizar las labores de \u00abEmbajador\/a Erasmus+\u00bb durante, al menos, por 1 a\u00f1o\/curso escolar, en actividades de promoci\u00f3n y difusi\u00f3n de las experiencias Erasmus+ que han marcado sus vidas, con el deseo de compartirlas e inspirar a las comunidades educativas y a futuros participantes en el programa, a nivel local, regional, nacional e internacional.<\/p>\n\n\n\n<p><strong>Destinatarios:<\/strong>&nbsp;estudiantes, docentes y formadores en Espa\u00f1a que hayan participado en el programa Erasmus+ con experiencia demostrada.<\/p>\n\n\n\n<p><strong>Fecha de presentaci\u00f3n de candidaturas:<\/strong>&nbsp;del 9 de mayo al 9 de junio de 2025 (12:00 CET)<\/p>\n\n\n\n<p><strong>Formulario de inscripci\u00f3n:&nbsp;<\/strong><a href=\"https:\/\/urldefense.com\/v3\/__https:\/\/secure-web.cisco.com\/11pYZFGKT83QOijItoFZ9KERIUj_zkRAcuu7ykkKHIaZIAjyXuwXT_YlcfZfHSGG-frbq-2Lk2U7m7fHcqjlkposeZQvbSU2U5uVsBRdn_-JSshDkkKKV3aIhZVLuqQJZmz0w2o_6MucWFC-46ClRpwCQBUn9-HnawBClxXc06NYfw4yZ5goHVxxZ8JuUhJD3DMjG9pSoXXW4AYyYK2nxC_qrgyb-HVx2MPCdyfhXqn1Rj22BboCFQ9QXn_Wwn3Ev\/https*3A*2F*2Fsepie.erasmusplus.gob.es*2Fcomunica*2Fembajadores_erasmus*2F__;JSUlJSUl!!D9dNQwwGXtA!ScqfblGTKSmMlFQLzE_PFYw-gqtugj8sNM7IEH5ptM4cLv0uenwNMGhUDBiJbtGjV9LcHJz9bYWwnQ_bkdzAfgttvHkSR7-uDNkKBec$\" rel=\"noreferrer noopener\" target=\"_blank\">https:\/\/sepie.erasmusplus.gob.es\/comunica\/embajadores_erasmus\/<\/a><\/p>\n\n\n\n<p><strong>M\u00e1s informaci\u00f3n<\/strong>:&nbsp;<a href=\"https:\/\/urldefense.com\/v3\/__https:\/\/secure-web.cisco.com\/1aUNS87AZmE9lI7rQglL4g12-WOso-cBd0jBbCr30yg3W_P8Wmrl_utsVKl3C3PRIErmhsGPcjoqlHQ87mk1yh7zuDHV321LOrVmMJIpoatf2Ma8zx-pESe_PUO4Fb_KvxPT8HdSM965aNULu9JoSLFTGsINyNWMPYvXOILjAti7axgOdSiNNE43fZzrnvFFufp7Lp5IFgAmnjDhGu_qNKYa6fets18c_YP6hMd8d_zX_OPMSIOLygJNT5tjIfwQq\/https*3A*2F*2Furldefense.com*2Fv3*2F__http*3A*2Fwww.sepie.es*2Fcomunicacion*2Fembajadores_erasmusplus.html__*3B*21*21D9dNQwwGXtA*21V43C1LpHggNtBzBFZQB7nsYeT7up3IikAF9r3CIcZI7sYMrsvPVYwcr-oyVn_eE0LKQPrku-XnYy3S-yFtpi1Ex9g81IstlV4Cl4NYs*24__;JSUlJSUlJSUlJSUlJSU!!D9dNQwwGXtA!ScqfblGTKSmMlFQLzE_PFYw-gqtugj8sNM7IEH5ptM4cLv0uenwNMGhUDBiJbtGjV9LcHJz9bYWwnQ_bkdzAfgttvHkSR7-uluB5LC0$\" rel=\"noreferrer noopener\" target=\"_blank\">http:\/\/www.sepie.es\/comunicacion\/embajadores_erasmusplus.html<\/a><\/p>\n\n\n\n<p>\u00a1An\u00edmate! <\/p>\n\n\n\n<p>Red de embajadores Erasmus + Espa\u00f1a<\/p>\n<\/blockquote>\n\n\n\n<p><\/p>\n\n\n\n<p><a href=\"https:\/\/site.educa.madrid.org\/ies.neruda.leganes\/\/wp-content\/uploads\/ies.neruda.leganes\/2025\/01\/Carta-HECHE.pdf\">Carta Eche<\/a>.  Erasmus Charter for Higher Education<\/p>\n\n\n\n<p>Listas definitivas y baremaci\u00f3n de los alumnos seleccionados Beca Erasmus 2024\/2025<\/p>\n\n\n\n<div data-wp-interactive=\"core\/file\" class=\"wp-block-file\"><object data-wp-bind--hidden=\"!state.hasPdfPreview\" hidden class=\"wp-block-file__embed\" data=\"https:\/\/site.educa.madrid.org\/ies.neruda.leganes\/\/wp-content\/uploads\/ies.neruda.leganes\/2024\/12\/Listadefinitiva_baremacionGS.pdf\" type=\"application\/pdf\" style=\"width:100%;height:600px\" aria-label=\"Incrustado de Listadefinitiva_baremacionGS.\"><\/object><a id=\"wp-block-file--media-792b8889-1d5c-444a-8ea2-9b8dcc310ece\" href=\"https:\/\/site.educa.madrid.org\/ies.neruda.leganes\/\/wp-content\/uploads\/ies.neruda.leganes\/2024\/12\/Listadefinitiva_baremacionGS.pdf\">Listadefinitiva_baremacionGS<\/a><a href=\"https:\/\/site.educa.madrid.org\/ies.neruda.leganes\/\/wp-content\/uploads\/ies.neruda.leganes\/2024\/12\/Listadefinitiva_baremacionGS.pdf\" class=\"wp-block-file__button wp-element-button\" download aria-describedby=\"wp-block-file--media-792b8889-1d5c-444a-8ea2-9b8dcc310ece\">Descarga<\/a><\/div>\n\n\n\n<p><\/p>\n\n\n\n<p><\/p>\n\n\n\n<div data-wp-interactive=\"core\/file\" class=\"wp-block-file\"><object data-wp-bind--hidden=\"!state.hasPdfPreview\" hidden class=\"wp-block-file__embed\" data=\"https:\/\/site.educa.madrid.org\/ies.neruda.leganes\/\/wp-content\/uploads\/ies.neruda.leganes\/2024\/12\/Listadefinitiva_baremacionGM.pdf\" type=\"application\/pdf\" style=\"width:100%;height:600px\" aria-label=\"Incrustado de Listadefinitiva_baremacionGM.\"><\/object><a id=\"wp-block-file--media-e1e4370c-02f9-4599-83ae-f768970d6a20\" href=\"https:\/\/site.educa.madrid.org\/ies.neruda.leganes\/\/wp-content\/uploads\/ies.neruda.leganes\/2024\/12\/Listadefinitiva_baremacionGM.pdf\">Listadefinitiva_baremacionGM<\/a><a href=\"https:\/\/site.educa.madrid.org\/ies.neruda.leganes\/\/wp-content\/uploads\/ies.neruda.leganes\/2024\/12\/Listadefinitiva_baremacionGM.pdf\" class=\"wp-block-file__button wp-element-button\" download aria-describedby=\"wp-block-file--media-e1e4370c-02f9-4599-83ae-f768970d6a20\">Descarga<br><br><br><\/a><\/div>\n\n\n\n<figure class=\"wp-block-image size-large\"><img loading=\"lazy\" decoding=\"async\" width=\"682\" height=\"1024\" src=\"https:\/\/site.educa.madrid.org\/ies.neruda.leganes\/\/wp-content\/uploads\/ies.neruda.leganes\/2024\/12\/CLAUSULA-17-DE-LA-BECA-ERASMUS-682x1024.png\" alt=\"\" class=\"wp-image-3172\" srcset=\"https:\/\/site.educa.madrid.org\/ies.neruda.leganes\/\/wp-content\/uploads\/ies.neruda.leganes\/2024\/12\/CLAUSULA-17-DE-LA-BECA-ERASMUS-682x1024.png 682w, https:\/\/site.educa.madrid.org\/ies.neruda.leganes\/\/wp-content\/uploads\/ies.neruda.leganes\/2024\/12\/CLAUSULA-17-DE-LA-BECA-ERASMUS-200x300.png 200w, https:\/\/site.educa.madrid.org\/ies.neruda.leganes\/\/wp-content\/uploads\/ies.neruda.leganes\/2024\/12\/CLAUSULA-17-DE-LA-BECA-ERASMUS-768x1152.png 768w, https:\/\/site.educa.madrid.org\/ies.neruda.leganes\/\/wp-content\/uploads\/ies.neruda.leganes\/2024\/12\/CLAUSULA-17-DE-LA-BECA-ERASMUS-1024x1536.png 1024w, https:\/\/site.educa.madrid.org\/ies.neruda.leganes\/\/wp-content\/uploads\/ies.neruda.leganes\/2024\/12\/CLAUSULA-17-DE-LA-BECA-ERASMUS.png 1333w\" sizes=\"auto, (max-width: 682px) 100vw, 682px\" \/><\/figure>\n\n\n\n<p><\/p>\n\n\n\n<figure class=\"wp-block-image size-large\"><img loading=\"lazy\" decoding=\"async\" width=\"1024\" height=\"1024\" src=\"https:\/\/site.educa.madrid.org\/ies.neruda.leganes\/\/wp-content\/uploads\/ies.neruda.leganes\/2024\/12\/job-shadowing-para-profesores-de-fp-1024x1024.png\" alt=\"\" class=\"wp-image-3161\" srcset=\"https:\/\/site.educa.madrid.org\/ies.neruda.leganes\/\/wp-content\/uploads\/ies.neruda.leganes\/2024\/12\/job-shadowing-para-profesores-de-fp-1024x1024.png 1024w, https:\/\/site.educa.madrid.org\/ies.neruda.leganes\/\/wp-content\/uploads\/ies.neruda.leganes\/2024\/12\/job-shadowing-para-profesores-de-fp-300x300.png 300w, https:\/\/site.educa.madrid.org\/ies.neruda.leganes\/\/wp-content\/uploads\/ies.neruda.leganes\/2024\/12\/job-shadowing-para-profesores-de-fp-150x150.png 150w, https:\/\/site.educa.madrid.org\/ies.neruda.leganes\/\/wp-content\/uploads\/ies.neruda.leganes\/2024\/12\/job-shadowing-para-profesores-de-fp-768x768.png 768w, https:\/\/site.educa.madrid.org\/ies.neruda.leganes\/\/wp-content\/uploads\/ies.neruda.leganes\/2024\/12\/job-shadowing-para-profesores-de-fp-500x500.png 500w, https:\/\/site.educa.madrid.org\/ies.neruda.leganes\/\/wp-content\/uploads\/ies.neruda.leganes\/2024\/12\/job-shadowing-para-profesores-de-fp.png 1080w\" sizes=\"auto, (max-width: 1024px) 100vw, 1024px\" \/><\/figure>\n\n\n<p><img loading=\"lazy\" decoding=\"async\" class=\"alignnone size-medium wp-image-3120\" src=\"https:\/\/site.educa.madrid.org\/ies.neruda.leganes\/\/wp-content\/uploads\/ies.neruda.leganes\/2024\/10\/ERASMUS-LOGO-300x67.png\" alt=\"\" width=\"300\" height=\"67\" srcset=\"https:\/\/site.educa.madrid.org\/ies.neruda.leganes\/\/wp-content\/uploads\/ies.neruda.leganes\/2024\/10\/ERASMUS-LOGO-300x67.png 300w, https:\/\/site.educa.madrid.org\/ies.neruda.leganes\/\/wp-content\/uploads\/ies.neruda.leganes\/2024\/10\/ERASMUS-LOGO.png 764w\" sizes=\"auto, (max-width: 300px) 100vw, 300px\" \/><\/p>\n<p>El d\u00eda <strong>6 de noviembre de 2024<\/strong> ha tenido lugar la charla informativa para los alumnos interesados en realizar la Beca Erasmus. \u00a1Gracias a todos por asistir y participar en este evento tan interesante! En breves comenzar\u00e1n los procesos de selecci\u00f3n. \u00a1Estad atentos!<\/p>\n\n\n<figure class=\"wp-block-image size-large\"><img loading=\"lazy\" decoding=\"async\" width=\"1024\" height=\"1024\" src=\"https:\/\/site.educa.madrid.org\/ies.neruda.leganes\/\/wp-content\/uploads\/ies.neruda.leganes\/2024\/11\/Post-Instagram-Aviso-Nota-Informacion-Divertido-Collage-Llamativo-Azul-Turquesa-1024x1024.png\" alt=\"\" class=\"wp-image-3150\" srcset=\"https:\/\/site.educa.madrid.org\/ies.neruda.leganes\/\/wp-content\/uploads\/ies.neruda.leganes\/2024\/11\/Post-Instagram-Aviso-Nota-Informacion-Divertido-Collage-Llamativo-Azul-Turquesa-1024x1024.png 1024w, https:\/\/site.educa.madrid.org\/ies.neruda.leganes\/\/wp-content\/uploads\/ies.neruda.leganes\/2024\/11\/Post-Instagram-Aviso-Nota-Informacion-Divertido-Collage-Llamativo-Azul-Turquesa-300x300.png 300w, https:\/\/site.educa.madrid.org\/ies.neruda.leganes\/\/wp-content\/uploads\/ies.neruda.leganes\/2024\/11\/Post-Instagram-Aviso-Nota-Informacion-Divertido-Collage-Llamativo-Azul-Turquesa-150x150.png 150w, https:\/\/site.educa.madrid.org\/ies.neruda.leganes\/\/wp-content\/uploads\/ies.neruda.leganes\/2024\/11\/Post-Instagram-Aviso-Nota-Informacion-Divertido-Collage-Llamativo-Azul-Turquesa-768x768.png 768w, https:\/\/site.educa.madrid.org\/ies.neruda.leganes\/\/wp-content\/uploads\/ies.neruda.leganes\/2024\/11\/Post-Instagram-Aviso-Nota-Informacion-Divertido-Collage-Llamativo-Azul-Turquesa-500x500.png 500w, https:\/\/site.educa.madrid.org\/ies.neruda.leganes\/\/wp-content\/uploads\/ies.neruda.leganes\/2024\/11\/Post-Instagram-Aviso-Nota-Informacion-Divertido-Collage-Llamativo-Azul-Turquesa.png 1080w\" sizes=\"auto, (max-width: 1024px) 100vw, 1024px\" \/><\/figure>\n\n\n\n<p><\/p>\n\n\n\n<p><\/p>\n\n\n\n<p><\/p>\n\n\n\n<p><strong>Erasmus Days \u2013 del 15 al 19 de octubre<\/strong><\/p>\n\n\n\n<figure class=\"wp-block-image size-large\"><img loading=\"lazy\" decoding=\"async\" width=\"2000\" height=\"1545\" src=\"https:\/\/site.educa.madrid.org\/ies.neruda.leganes\/\/wp-content\/uploads\/ies.neruda.leganes\/2024\/10\/1-1024x791.png\" alt=\"\" class=\"wp-image-3112\" srcset=\"https:\/\/site.educa.madrid.org\/ies.neruda.leganes\/\/wp-content\/uploads\/ies.neruda.leganes\/2024\/10\/1-1024x791.png 1024w, https:\/\/site.educa.madrid.org\/ies.neruda.leganes\/\/wp-content\/uploads\/ies.neruda.leganes\/2024\/10\/1-300x232.png 300w, https:\/\/site.educa.madrid.org\/ies.neruda.leganes\/\/wp-content\/uploads\/ies.neruda.leganes\/2024\/10\/1-768x593.png 768w, https:\/\/site.educa.madrid.org\/ies.neruda.leganes\/\/wp-content\/uploads\/ies.neruda.leganes\/2024\/10\/1-1536x1187.png 1536w, https:\/\/site.educa.madrid.org\/ies.neruda.leganes\/\/wp-content\/uploads\/ies.neruda.leganes\/2024\/10\/1.png 2000w\" sizes=\"auto, (max-width: 2000px) 100vw, 2000px\" \/><\/figure>\n\n\n\n\n\n\n\n\n\n\n\n\n\n\n\n\n\n\n\n\n\n\n\n\n\n\n\n\n\n\n\n\n\n\n\n\n\n\n\n\n\n<p><\/p>\n\n\n\n<p><\/p>\n\n\n\n<p><\/p>\n\n\n\n<p><\/p>\n","protected":false},"excerpt":{"rendered":"<p>15 de diciembre 2025 Queda abierta la convocatoria para participar en la Beca Erasmus para profesores de FP. Existen [&hellip;]<\/p>\n","protected":false},"author":3,"featured_media":0,"parent":0,"menu_order":0,"comment_status":"closed","ping_status":"closed","template":"","meta":{"footnotes":""},"folder":[],"class_list":["post-3119","page","type-page","status-publish","hentry"],"rttpg_featured_image_url":null,"rttpg_author":{"display_name":"ies.neruda.leganes","author_link":"https:\/\/site.educa.madrid.org\/ies.neruda.leganes\/index.php\/author\/cuenta_ies-neruda-leganes\/"},"rttpg_comment":0,"rttpg_category":false,"rttpg_excerpt":"15 de diciembre 2025 Queda abierta la convocatoria para participar en la Beca Erasmus para profesores de FP. Existen [&hellip;]","post_mailing_queue_ids":[],"_links":{"self":[{"href":"https:\/\/site.educa.madrid.org\/ies.neruda.leganes\/index.php\/wp-json\/wp\/v2\/pages\/3119","targetHints":{"allow":["GET"]}}],"collection":[{"href":"https:\/\/site.educa.madrid.org\/ies.neruda.leganes\/index.php\/wp-json\/wp\/v2\/pages"}],"about":[{"href":"https:\/\/site.educa.madrid.org\/ies.neruda.leganes\/index.php\/wp-json\/wp\/v2\/types\/page"}],"author":[{"embeddable":true,"href":"https:\/\/site.educa.madrid.org\/ies.neruda.leganes\/index.php\/wp-json\/wp\/v2\/users\/3"}],"replies":[{"embeddable":true,"href":"https:\/\/site.educa.madrid.org\/ies.neruda.leganes\/index.php\/wp-json\/wp\/v2\/comments?post=3119"}],"version-history":[{"count":14,"href":"https:\/\/site.educa.madrid.org\/ies.neruda.leganes\/index.php\/wp-json\/wp\/v2\/pages\/3119\/revisions"}],"predecessor-version":[{"id":4175,"href":"https:\/\/site.educa.madrid.org\/ies.neruda.leganes\/index.php\/wp-json\/wp\/v2\/pages\/3119\/revisions\/4175"}],"wp:attachment":[{"href":"https:\/\/site.educa.madrid.org\/ies.neruda.leganes\/index.php\/wp-json\/wp\/v2\/media?parent=3119"}],"wp:term":[{"taxonomy":"folder","embeddable":true,"href":"https:\/\/site.educa.madrid.org\/ies.neruda.leganes\/index.php\/wp-json\/wp\/v2\/folder?post=3119"}],"curies":[{"name":"wp","href":"https:\/\/api.w.org\/{rel}","templated":true}]}}