{"id":560,"date":"2022-05-19T13:02:13","date_gmt":"2022-05-19T11:02:13","guid":{"rendered":"https:\/\/site.educa.madrid.org\/ies.neruda.leganes\/?page_id=560"},"modified":"2024-04-24T09:51:02","modified_gmt":"2024-04-24T07:51:02","slug":"solicitud-de-titulos","status":"publish","type":"page","link":"https:\/\/site.educa.madrid.org\/ies.neruda.leganes\/index.php\/secretaria\/solicitud-de-titulos\/","title":{"rendered":"Solicitud de T\u00edtulos"},"content":{"rendered":"\n<p style=\"font-size:15px\">El alumno podr\u00e1 solicitar el T\u00edtulo una vez firmadas las Actas en las que sea propuesto para la Obtenci\u00f3n del T\u00edtulo<\/p>\n\n\n\n<p style=\"font-size:15px\"><\/p>\n\n\n\n<p class=\"has-vivid-cyan-blue-color has-text-color\" style=\"font-size:15px\"><em><strong>La documentaci\u00f3n puede entregarse:<\/strong><\/em><\/p>\n\n\n\n<p style=\"font-size:15px\"><em>* Personalmente en Secretar\u00eda: horario de lunes a viernes, de 9:00 a 13:00 horas<\/em>.<\/p>\n\n\n\n<p style=\"font-size:15px\"><em>* Env\u00edo por correo electr\u00f3nico a&nbsp;<\/em><strong>secretaria.ies.neruda.leganes@educa.madrid.org.<\/strong> <em>Los documentos enviados tienen que verse claramente.<\/em><\/p>\n\n\n\n<h3 class=\"wp-block-heading\">Impresos de Solicitud:<\/h3>\n\n\n\n<p class=\"has-vivid-cyan-blue-color has-text-color\"><a rel=\"noreferrer noopener\" href=\"https:\/\/site.educa.madrid.org\/ies.neruda.leganes\/\/wp-content\/uploads\/ies.neruda.leganes\/2023\/07\/Solicitud-titulo.pdf\" target=\"_blank\"><mark style=\"background-color:rgba(0, 0, 0, 0)\" class=\"has-inline-color has-vivid-cyan-blue-color\"><strong>Solicitud de t\u00edtulo por primera vez<\/strong><\/mark><\/a><\/p>\n\n\n\n<p class=\"has-vivid-cyan-blue-color has-text-color\"><mark style=\"background-color:rgba(0, 0, 0, 0)\" class=\"has-inline-color has-vivid-cyan-blue-color\"><a rel=\"noreferrer noopener\" href=\"https:\/\/site.educa.madrid.org\/ies.neruda.leganes\/\/wp-content\/uploads\/ies.neruda.leganes\/2023\/07\/Solicitud-titulo-duplicado.pdf\" target=\"_blank\"><strong>Solicitud de duplicado de t\u00edtulo<\/strong><\/a><\/mark><\/p>\n\n\n\n<hr class=\"wp-block-separator has-css-opacity\"\/>\n\n\n\n<h3 class=\"wp-block-heading\">Instrucciones para realizar el pago de t\u00edtulo (Modelo M030)<\/h3>\n\n\n\n<p class=\"has-vivid-cyan-blue-color has-text-color\"><mark style=\"background-color:rgba(0, 0, 0, 0)\" class=\"has-inline-color has-pale-cyan-blue-color\"><a href=\"https:\/\/site.educa.madrid.org\/ies.neruda.leganes\/\/wp-content\/uploads\/ies.neruda.leganes\/2024\/04\/ModeloM030_TITULOS.pdf\" target=\"_blank\" rel=\"noreferrer noopener\">Pulsa aqu\u00ed<\/a><\/mark><\/p>\n\n\n\n<p><\/p>\n","protected":false},"excerpt":{"rendered":"<p>El alumno podr\u00e1 solicitar el T\u00edtulo una vez firmadas las Actas en las que sea propuesto para la Obtenci\u00f3n [&hellip;]<\/p>\n","protected":false},"author":2,"featured_media":0,"parent":130,"menu_order":0,"comment_status":"closed","ping_status":"closed","template":"","meta":{"footnotes":""},"folder":[],"class_list":["post-560","page","type-page","status-publish","hentry"],"rttpg_featured_image_url":null,"rttpg_author":{"display_name":"tic.ies.neruda.leganes","author_link":"https:\/\/site.educa.madrid.org\/ies.neruda.leganes\/index.php\/author\/cuenta_tic-ies-neruda-leganes\/"},"rttpg_comment":0,"rttpg_category":false,"rttpg_excerpt":"El alumno podr\u00e1 solicitar el T\u00edtulo una vez firmadas las Actas en las que sea propuesto para la Obtenci\u00f3n [&hellip;]","post_mailing_queue_ids":[],"_links":{"self":[{"href":"https:\/\/site.educa.madrid.org\/ies.neruda.leganes\/index.php\/wp-json\/wp\/v2\/pages\/560","targetHints":{"allow":["GET"]}}],"collection":[{"href":"https:\/\/site.educa.madrid.org\/ies.neruda.leganes\/index.php\/wp-json\/wp\/v2\/pages"}],"about":[{"href":"https:\/\/site.educa.madrid.org\/ies.neruda.leganes\/index.php\/wp-json\/wp\/v2\/types\/page"}],"author":[{"embeddable":true,"href":"https:\/\/site.educa.madrid.org\/ies.neruda.leganes\/index.php\/wp-json\/wp\/v2\/users\/2"}],"replies":[{"embeddable":true,"href":"https:\/\/site.educa.madrid.org\/ies.neruda.leganes\/index.php\/wp-json\/wp\/v2\/comments?post=560"}],"version-history":[{"count":12,"href":"https:\/\/site.educa.madrid.org\/ies.neruda.leganes\/index.php\/wp-json\/wp\/v2\/pages\/560\/revisions"}],"predecessor-version":[{"id":2549,"href":"https:\/\/site.educa.madrid.org\/ies.neruda.leganes\/index.php\/wp-json\/wp\/v2\/pages\/560\/revisions\/2549"}],"up":[{"embeddable":true,"href":"https:\/\/site.educa.madrid.org\/ies.neruda.leganes\/index.php\/wp-json\/wp\/v2\/pages\/130"}],"wp:attachment":[{"href":"https:\/\/site.educa.madrid.org\/ies.neruda.leganes\/index.php\/wp-json\/wp\/v2\/media?parent=560"}],"wp:term":[{"taxonomy":"folder","embeddable":true,"href":"https:\/\/site.educa.madrid.org\/ies.neruda.leganes\/index.php\/wp-json\/wp\/v2\/folder?post=560"}],"curies":[{"name":"wp","href":"https:\/\/api.w.org\/{rel}","templated":true}]}}