{"id":266,"date":"2020-11-17T19:18:41","date_gmt":"2020-11-17T19:18:41","guid":{"rendered":"https:\/\/site.educa.madrid.org\/ies.newton.madrid\/?page_id=266"},"modified":"2025-06-27T08:11:06","modified_gmt":"2025-06-27T06:11:06","slug":"programa-accede","status":"publish","type":"page","link":"https:\/\/site.educa.madrid.org\/ies.newton.madrid\/index.php\/programa-accede\/","title":{"rendered":"Programa ACCEDE"},"content":{"rendered":"\n<figure class=\"wp-block-image size-medium\"><img loading=\"lazy\" decoding=\"async\" width=\"300\" height=\"138\" src=\"https:\/\/site.educa.madrid.org\/ies.newton.madrid\/\/wp-content\/uploads\/ies.newton.madrid\/2023\/06\/libros_vertical-300x138.jpg\" alt=\"\" class=\"wp-image-3967\" srcset=\"https:\/\/site.educa.madrid.org\/ies.newton.madrid\/\/wp-content\/uploads\/ies.newton.madrid\/2023\/06\/libros_vertical-300x138.jpg 300w, https:\/\/site.educa.madrid.org\/ies.newton.madrid\/\/wp-content\/uploads\/ies.newton.madrid\/2023\/06\/libros_vertical-1024x470.jpg 1024w, https:\/\/site.educa.madrid.org\/ies.newton.madrid\/\/wp-content\/uploads\/ies.newton.madrid\/2023\/06\/libros_vertical-768x352.jpg 768w, https:\/\/site.educa.madrid.org\/ies.newton.madrid\/\/wp-content\/uploads\/ies.newton.madrid\/2023\/06\/libros_vertical-1536x705.jpg 1536w, https:\/\/site.educa.madrid.org\/ies.newton.madrid\/\/wp-content\/uploads\/ies.newton.madrid\/2023\/06\/libros_vertical.jpg 1700w\" sizes=\"auto, (max-width: 300px) 100vw, 300px\" \/><\/figure>\n\n\n\n<h2 class=\"wp-block-heading has-vivid-red-color has-text-color has-medium-font-size\"><a rel=\"noreferrer noopener\" href=\"https:\/\/www.comunidad.madrid\/servicios\/educacion\/programa-accede\" data-type=\"URL\" data-id=\"https:\/\/www.comunidad.madrid\/servicios\/educacion\/programa-accede\" target=\"_blank\">E<\/a><a rel=\"noreferrer noopener\" href=\"https:\/\/www.comunidad.madrid\/servicios\/educacion\/programa-accede\" data-type=\"URL\" data-id=\"https:\/\/www.comunidad.madrid\/servicios\/educacion\/programa-accede\" target=\"_blank\">N<\/a><a rel=\"noreferrer noopener\" href=\"https:\/\/www.comunidad.madrid\/servicios\/educacion\/programa-accede\" data-type=\"URL\" data-id=\"https:\/\/www.comunidad.madrid\/servicios\/educacion\/programa-accede\" target=\"_blank\">LACE al Programa ACCEDE de la Comunidad de Madrid<\/a><\/h2>\n\n\n\n<div style=\"height:35px\" aria-hidden=\"true\" class=\"wp-block-spacer\"><\/div>\n\n\n\n<h2 class=\"wp-block-heading has-vivid-red-color has-text-color has-medium-font-size\"><a href=\"https:\/\/site.educa.madrid.org\/ies.newton.madrid\/\/wp-content\/uploads\/ies.newton.madrid\/2024\/09\/ACCEDE_2024.pdf\" data-type=\"URL\" data-id=\"https:\/\/site.educa.madrid.org\/ies.newton.madrid\/\/wp-content\/uploads\/ies.newton.madrid\/2023\/06\/INSTRUCCIONES-Y-REQUISITOS-PARA-PARTICIPAR-EN-EL-PROGRAMA-ACCEDE-DE-PRESTAMO-DE-LIBROS-1.pdf\" target=\"_blank\" rel=\"noreferrer noopener\">Instrucciones y requisitos para participar en el programa ACCEDE<\/a><\/h2>\n\n\n\n<div style=\"height:17px\" aria-hidden=\"true\" class=\"wp-block-spacer\"><\/div>\n\n\n\n<h6 class=\"wp-block-heading\">Descarga los anexos para adherirte al programa o para darte de baja del mismo<\/h6>\n\n\n\n<h6 class=\"wp-block-heading\">Puedes entregar la documentaci\u00f3n del programa de Adhesi\u00f3n ACCEDE de forma Presencial en la Secretar\u00eda el IES (Bajo petici\u00f3n de cita previa)<\/h6>\n\n\n\n<div class=\"wp-block-columns is-layout-flex wp-container-core-columns-is-layout-9d6595d7 wp-block-columns-is-layout-flex\">\n<div class=\"wp-block-column is-layout-flow wp-block-column-is-layout-flow\">\n<p class=\"has-text-align-center\"><mark style=\"background-color:rgba(0, 0, 0, 0)\" class=\"has-inline-color has-vivid-cyan-blue-color\"><a rel=\"noreferrer noopener\" href=\"https:\/\/site.educa.madrid.org\/ies.newton.madrid\/\/wp-content\/uploads\/ies.newton.madrid\/2023\/06\/Adhesion-PROGRAMA-ACCEDE.pdf\" data-type=\"URL\" data-id=\"https:\/\/site.educa.madrid.org\/ies.newton.madrid\/\/wp-content\/uploads\/ies.newton.madrid\/2023\/06\/Adhesion-PROGRAMA-ACCEDE.pdf\" target=\"_blank\">Anexo I Adhesi\u00f3n al P. ACCEDE<\/a><\/mark><\/p>\n<\/div>\n\n\n\n<div class=\"wp-block-column is-layout-flow wp-block-column-is-layout-flow\">\n<p class=\"has-text-align-center\"><mark style=\"background-color:rgba(0, 0, 0, 0)\" class=\"has-inline-color has-vivid-cyan-blue-color\"><a rel=\"noreferrer noopener\" href=\"https:\/\/site.educa.madrid.org\/ies.newton.madrid\/\/wp-content\/uploads\/ies.newton.madrid\/2023\/06\/Anexo-IV-Renuncia-ACCEDE.pdf\" data-type=\"URL\" data-id=\"https:\/\/site.educa.madrid.org\/ies.newton.madrid\/\/wp-content\/uploads\/ies.newton.madrid\/2023\/06\/Anexo-IV-Renuncia-ACCEDE.pdf\" target=\"_blank\">Anexo IV Renuncia al programa ACCEDE<\/a><\/mark><\/p>\n<\/div>\n<\/div>\n\n\n\n<div style=\"height:22px\" aria-hidden=\"true\" class=\"wp-block-spacer\"><\/div>\n\n\n\n<p class=\"has-text-align-left has-background has-normal-font-size\" style=\"background-color:#dff7e5\"><a href=\"https:\/\/site.educa.madrid.org\/ies.newton.madrid\/\/wp-content\/uploads\/ies.newton.madrid\/2020\/12\/Gu\u00eda-de-cuidado-y-mantenimiento_VERSION-PUBLICADA.pdf\" target=\"_blank\" rel=\"noreferrer noopener\"><span class=\"has-inline-color has-vivid-cyan-blue-color\">Gu\u00eda de cuidado y mantenimiento de recursos del programa Accede <\/span><\/a><\/p>\n\n\n\n<div style=\"height:20px\" aria-hidden=\"true\" class=\"wp-block-spacer\"><\/div>\n\n\n\n<p class=\"has-text-align-center has-large-font-size\"><a href=\"https:\/\/site.educa.madrid.org\/ies.newton.madrid\/\/wp-content\/uploads\/ies.newton.madrid\/2025\/06\/Libros_2025_26-1-1.pdf\" data-type=\"URL\" data-id=\"https:\/\/site.educa.madrid.org\/ies.newton.madrid\/index.php\/2023\/06\/26\/libros-curso-2023-2024\" target=\"_blank\" rel=\"noreferrer noopener\"><strong>Libros de texto Curso 2025-2026 E.S.O.<\/strong><\/a><\/p>\n\n\n\n<div class=\"wp-block-columns is-layout-flex wp-container-core-columns-is-layout-9d6595d7 wp-block-columns-is-layout-flex\">\n<div class=\"wp-block-column is-layout-flow wp-block-column-is-layout-flow\"><\/div>\n\n\n\n<div class=\"wp-block-column is-layout-flow wp-block-column-is-layout-flow\"><\/div>\n<\/div>\n\n\n\n<p><\/p>\n","protected":false},"excerpt":{"rendered":"<p>ENLACE al Programa ACCEDE de la Comunidad de Madrid Instrucciones y requisitos para participar en el programa ACCEDE Descarga los anexos para adherirte al programa o para darte de baja del mismo Puedes entregar la documentaci\u00f3n del programa de Adhesi\u00f3n ACCEDE de forma Presencial en la Secretar\u00eda el IES (Bajo petici\u00f3n de cita previa) Anexo [&hellip;]<\/p>\n","protected":false},"author":2,"featured_media":272,"parent":0,"menu_order":0,"comment_status":"closed","ping_status":"closed","template":"","meta":{"footnotes":""},"folder":[],"class_list":["post-266","page","type-page","status-publish","has-post-thumbnail","hentry"],"rttpg_featured_image_url":{"full":["https:\/\/site.educa.madrid.org\/ies.newton.madrid\/\/wp-content\/uploads\/ies.newton.madrid\/2020\/11\/accede-e1606416302694.jpg",250,125,false],"landscape":["https:\/\/site.educa.madrid.org\/ies.newton.madrid\/\/wp-content\/uploads\/ies.newton.madrid\/2020\/11\/accede-e1606416302694.jpg",250,125,false],"portraits":["https:\/\/site.educa.madrid.org\/ies.newton.madrid\/\/wp-content\/uploads\/ies.newton.madrid\/2020\/11\/accede-e1606416302694.jpg",250,125,false],"thumbnail":["https:\/\/site.educa.madrid.org\/ies.newton.madrid\/\/wp-content\/uploads\/ies.newton.madrid\/2020\/11\/accede-150x150.jpg",150,150,true],"medium":["https:\/\/site.educa.madrid.org\/ies.newton.madrid\/\/wp-content\/uploads\/ies.newton.madrid\/2020\/11\/accede-300x150.jpg",300,150,true],"large":["https:\/\/site.educa.madrid.org\/ies.newton.madrid\/\/wp-content\/uploads\/ies.newton.madrid\/2020\/11\/accede-e1606416302694.jpg",250,125,false],"thumblist":["https:\/\/site.educa.madrid.org\/ies.newton.madrid\/\/wp-content\/uploads\/ies.newton.madrid\/2020\/11\/accede-e1606416302694.jpg",250,125,false],"thumbrelated":["https:\/\/site.educa.madrid.org\/ies.newton.madrid\/\/wp-content\/uploads\/ies.newton.madrid\/2020\/11\/accede-e1606416302694.jpg",250,125,false],"meccarouselthumb":["https:\/\/site.educa.madrid.org\/ies.newton.madrid\/\/wp-content\/uploads\/ies.newton.madrid\/2020\/11\/accede-e1606416302694.jpg",250,125,false],"gridsquare":["https:\/\/site.educa.madrid.org\/ies.newton.madrid\/\/wp-content\/uploads\/ies.newton.madrid\/2020\/11\/accede-e1606416302694.jpg",250,125,false],"tileview":["https:\/\/site.educa.madrid.org\/ies.newton.madrid\/\/wp-content\/uploads\/ies.newton.madrid\/2020\/11\/accede-e1606416302694.jpg",250,125,false],"1536x1536":["https:\/\/site.educa.madrid.org\/ies.newton.madrid\/\/wp-content\/uploads\/ies.newton.madrid\/2020\/11\/accede-e1606416302694.jpg",250,125,false],"2048x2048":["https:\/\/site.educa.madrid.org\/ies.newton.madrid\/\/wp-content\/uploads\/ies.newton.madrid\/2020\/11\/accede-e1606416302694.jpg",250,125,false],"academic-education-homepage-thumb":["https:\/\/site.educa.madrid.org\/ies.newton.madrid\/\/wp-content\/uploads\/ies.newton.madrid\/2020\/11\/accede-240x145.jpg",240,145,true],"sow-carousel-default":["https:\/\/site.educa.madrid.org\/ies.newton.madrid\/\/wp-content\/uploads\/ies.newton.madrid\/2020\/11\/accede-e1606416302694.jpg",250,125,false],"sow-post-carousel-overlay-theme":["https:\/\/site.educa.madrid.org\/ies.newton.madrid\/\/wp-content\/uploads\/ies.newton.madrid\/2020\/11\/accede-e1606416302694.jpg",250,125,false],"sow-post-carousel-cards-theme":["https:\/\/site.educa.madrid.org\/ies.newton.madrid\/\/wp-content\/uploads\/ies.newton.madrid\/2020\/11\/accede-e1606416302694.jpg",250,125,false],"rt_custom":["https:\/\/site.educa.madrid.org\/ies.newton.madrid\/\/wp-content\/uploads\/ies.newton.madrid\/2020\/11\/accede-e1606416302694.jpg",250,125,false]},"rttpg_author":{"display_name":"tic.ies.newton.madrid","author_link":"https:\/\/site.educa.madrid.org\/ies.newton.madrid\/index.php\/author\/cuenta_tic-ies-newton-madrid\/"},"rttpg_comment":0,"rttpg_category":false,"rttpg_excerpt":"ENLACE al Programa ACCEDE de la Comunidad de Madrid Instrucciones y requisitos para participar en el programa ACCEDE Descarga los anexos para adherirte al programa o para darte de baja del mismo Puedes entregar la documentaci\u00f3n del programa de Adhesi\u00f3n ACCEDE de forma Presencial en la Secretar\u00eda el IES (Bajo petici\u00f3n de cita previa) Anexo&hellip;","post_mailing_queue_ids":[],"_links":{"self":[{"href":"https:\/\/site.educa.madrid.org\/ies.newton.madrid\/index.php\/wp-json\/wp\/v2\/pages\/266","targetHints":{"allow":["GET"]}}],"collection":[{"href":"https:\/\/site.educa.madrid.org\/ies.newton.madrid\/index.php\/wp-json\/wp\/v2\/pages"}],"about":[{"href":"https:\/\/site.educa.madrid.org\/ies.newton.madrid\/index.php\/wp-json\/wp\/v2\/types\/page"}],"author":[{"embeddable":true,"href":"https:\/\/site.educa.madrid.org\/ies.newton.madrid\/index.php\/wp-json\/wp\/v2\/users\/2"}],"replies":[{"embeddable":true,"href":"https:\/\/site.educa.madrid.org\/ies.newton.madrid\/index.php\/wp-json\/wp\/v2\/comments?post=266"}],"version-history":[{"count":49,"href":"https:\/\/site.educa.madrid.org\/ies.newton.madrid\/index.php\/wp-json\/wp\/v2\/pages\/266\/revisions"}],"predecessor-version":[{"id":5153,"href":"https:\/\/site.educa.madrid.org\/ies.newton.madrid\/index.php\/wp-json\/wp\/v2\/pages\/266\/revisions\/5153"}],"wp:featuredmedia":[{"embeddable":true,"href":"https:\/\/site.educa.madrid.org\/ies.newton.madrid\/index.php\/wp-json\/wp\/v2\/media\/272"}],"wp:attachment":[{"href":"https:\/\/site.educa.madrid.org\/ies.newton.madrid\/index.php\/wp-json\/wp\/v2\/media?parent=266"}],"wp:term":[{"taxonomy":"folder","embeddable":true,"href":"https:\/\/site.educa.madrid.org\/ies.newton.madrid\/index.php\/wp-json\/wp\/v2\/folder?post=266"}],"curies":[{"name":"wp","href":"https:\/\/api.w.org\/{rel}","templated":true}]}}