{"id":3,"date":"2018-07-12T07:27:21","date_gmt":"2018-07-12T07:27:21","guid":{"rendered":"http:\/\/172.16.4.151\/WordpressCopia\/?page_id=3"},"modified":"2020-11-23T05:11:31","modified_gmt":"2020-11-23T05:11:31","slug":"politica-privacidad","status":"publish","type":"page","link":"https:\/\/site.educa.madrid.org\/ies.newton.madrid\/index.php\/politica-privacidad\/","title":{"rendered":"Pol\u00edtica de privacidad"},"content":{"rendered":"<h3><\/h3>\n<table width=\"0\">\n<tbody>\n<tr>\n<td colspan=\"2\" width=\"709\">Informaci\u00f3n sobre protecci\u00f3n de los datos de car\u00e1cter personal recogidos en los impresos de matr\u00edcula de los alumnos, en cumplimiento de la normativa de Protecci\u00f3n de Datos Personales (Reglamento Europeo 2016\/679, de 27 de abril de 2016, de Protecci\u00f3n de Datos Personales)<\/td>\n<\/tr>\n<tr>\n<td width=\"118\">RESPONSABLE<\/td>\n<td width=\"590\">Responsables en funci\u00f3n del tipo de centro:<\/p>\n<p>Escuelas p\u00fablicas infantiles de gesti\u00f3n directa, colegios p\u00fablicos de educaci\u00f3n infantil, primaria y especial, Institutos de educaci\u00f3n secundaria y centros de educaci\u00f3n de personas adultas:<\/p>\n<p>\u2022\u00a0\u00a0\u00a0\u00a0\u00a0\u00a0 Direcci\u00f3n General de Educaci\u00f3n Infantil, Primaria y Secundaria, C\/ Gran V\u00eda, 20, 4\u00aa planta. C. P. 28013. <u>dginfantilprimariaysecundaria@madrid.org<\/u><\/p>\n<p>Centros p\u00fablicos espec\u00edficos de formaci\u00f3n profesional y de ense\u00f1anzas de r\u00e9gimen especial:<\/p>\n<p>\u2022\u00a0\u00a0\u00a0\u00a0\u00a0\u00a0 Direcci\u00f3n General de Formaci\u00f3n Profesional y Ense\u00f1anzas de R\u00e9gimen Especial, C\/ Gran V\u00eda, 20, C.P.: 28013. <u>dg.formacionprofesional@madrid.org<\/u> Centros p\u00fablicos de ense\u00f1anzas art\u00edsticas superiores:<\/p>\n<p>\u2022\u00a0\u00a0\u00a0\u00a0\u00a0\u00a0 Direcci\u00f3n General de Universidades y Ense\u00f1anzas Art\u00edsticas Superiores, C\/ Alcal\u00e1, 32. 3\u00aa planta, C.P.: 28014. <u>dg.universidades@madrid.org<\/u><\/td>\n<\/tr>\n<tr>\n<td width=\"118\">DELEGADO DE PROTECCI\u00d3N DE<\/p>\n<p>DATOS<\/td>\n<td width=\"590\"><u>protecciondatos.educacion@madrid.org<\/u>\u00a0 C\/ Alcal\u00e1, 32. Planta baja, C.P. 28014, Madrid<\/p>\n<p>Tel: 917200379 \u2013 917200076 -917200486<\/td>\n<\/tr>\n<tr>\n<td width=\"118\">FINALIDAD<\/td>\n<td width=\"590\">Los datos se tratan para la gesti\u00f3n de la actividad educativa de los alumnos a lo largo de su vida acad\u00e9mica en las ense\u00f1anzas no universitarias.<\/p>\n<p>Los datos personales forman parte del expediente acad\u00e9mico de cada alumno y se conservar\u00e1n de forma indefinida con fines de archivo, sin que una vez finalizadas sus ense\u00f1anzas puedan tratarse con otros fines, salvo cient\u00edficos o estad\u00edsticos.<\/td>\n<\/tr>\n<tr>\n<td width=\"118\">LEGITIMACI\u00d3N<\/td>\n<td width=\"590\">El centro docente y la Administraci\u00f3n educativa est\u00e1n legitimados para recabar y tratar los datos personales, conforme a lo dispuesto en art\u00edculo 6.1, letras c) y e) del Reglamento Europeo 2016\/679 de Protecci\u00f3n de Datos Personales y a la disposici\u00f3n adicional vigesimotercera de la Ley Org\u00e1nica 2\/2006, de 3 de mayo, de Educaci\u00f3n.<\/p>\n<p>Para la recogida y tratamiento de datos no amparados por las disposiciones citadas en el p\u00e1rrafo anterior, se solicitar\u00e1 la autorizaci\u00f3n previa del alumno o padres\/tutores, como, por ejemplo, en el caso del tratamiento de im\u00e1genes, videos o audios que utilice el centro para aquellas finalidades que no sean estrictamente necesarias dentro de la actividad educativa.<\/td>\n<\/tr>\n<tr>\n<td width=\"118\">DESTINATARIOS<\/td>\n<td width=\"590\">Los datos de car\u00e1cter personal podr\u00e1n ser comunicados, velando por que sean los m\u00ednimos imprescindibles, a las asociaciones de madres y padres de alumnos del centro, a las empresas prestadoras de servicios en el centro (comedor, extraescolares, pr\u00e1cticas en empresas, etc.) o, en su caso, a los Servicios Sociales, al Ministerio de Educaci\u00f3n, Cultura y Deportes o a instituciones de la Uni\u00f3n Europea.<\/td>\n<\/tr>\n<tr>\n<td width=\"118\">DERECHOS<\/td>\n<td width=\"590\">El alumno o sus padres o tutores pueden ejercitar, si lo desean, los derechos de acceso y rectificaci\u00f3n de datos, as\u00ed como solicitar que se limite el tratamiento de sus datos personales u oponerse al mismo, dentro de lo dispuesto en la normativa vigente, dirigiendo una solicitud al centro docente, o bien a la Direcci\u00f3n General responsable del tratamiento o al Delegado de Protecci\u00f3n de Datos de la Consejer\u00eda de Educaci\u00f3n e Investigaci\u00f3n, bien por el registro (electr\u00f3nico o presencial) de la Comunidad de Madrid, bien por correo electr\u00f3nico u ordinario.<\/p>\n<p>Adem\u00e1s, en caso de disconformidad con el tratamiento de los datos personales, podr\u00e1n interponer una reclamaci\u00f3n ante la Agencia Espa\u00f1ola de Protecci\u00f3n de Datos mediante escrito (C\/ Jorge Juan, 6, 28001-Madrid) o formulario en su Sede electr\u00f3nica <u>mailto:prensa@agpd.es<\/u>.<\/td>\n<\/tr>\n<tr>\n<td width=\"118\">M\u00c1S<\/p>\n<p>INFORMACI\u00d3N<\/td>\n<td width=\"590\">Puede consultar, adicional y detalladamente, la informaci\u00f3n y normativa aplicable en materia de protecci\u00f3n de datos en la web de la Agencia Espa\u00f1ola de Protecci\u00f3n de Dato<a href=\"https:\/\/www.aepd.es\/\">s <\/a><a href=\"https:\/\/www.aepd.es\/\">https:\/\/www.aepd.es\/<\/a> Adem\u00e1s, en la web <a href=\"http:\/\/www.madrid.org\/protecciondedatos\">www.madrid.org\/protecciondedatos<\/a> <a href=\"http:\/\/www.madrid.org\/protecciondedatos\">d<\/a>e la Comunidad de Madrid, podr\u00e1 consultar diversos aspectos sobre la protecci\u00f3n de datos personales.<\/td>\n<\/tr>\n<\/tbody>\n<\/table>\n","protected":false},"excerpt":{"rendered":"<p>Informaci\u00f3n sobre protecci\u00f3n de los datos de car\u00e1cter personal recogidos en los impresos de matr\u00edcula de los alumnos, en cumplimiento de la normativa de Protecci\u00f3n de Datos Personales (Reglamento Europeo 2016\/679, de 27 de abril de 2016, de Protecci\u00f3n de Datos Personales) RESPONSABLE Responsables en funci\u00f3n del tipo de centro: Escuelas p\u00fablicas infantiles de gesti\u00f3n [&hellip;]<\/p>\n","protected":false},"author":1,"featured_media":0,"parent":0,"menu_order":0,"comment_status":"closed","ping_status":"open","template":"","meta":{"footnotes":""},"folder":[],"class_list":["post-3","page","type-page","status-publish","hentry"],"rttpg_featured_image_url":null,"rttpg_author":{"display_name":"jirafa20","author_link":"https:\/\/site.educa.madrid.org\/ies.newton.madrid\/index.php\/author\/educa\/"},"rttpg_comment":0,"rttpg_category":false,"rttpg_excerpt":"Informaci\u00f3n sobre protecci\u00f3n de los datos de car\u00e1cter personal recogidos en los impresos de matr\u00edcula de los alumnos, en cumplimiento de la normativa de Protecci\u00f3n de Datos Personales (Reglamento Europeo 2016\/679, de 27 de abril de 2016, de Protecci\u00f3n de Datos Personales) RESPONSABLE Responsables en funci\u00f3n del tipo de centro: Escuelas p\u00fablicas infantiles de gesti\u00f3n&hellip;","post_mailing_queue_ids":[],"_links":{"self":[{"href":"https:\/\/site.educa.madrid.org\/ies.newton.madrid\/index.php\/wp-json\/wp\/v2\/pages\/3","targetHints":{"allow":["GET"]}}],"collection":[{"href":"https:\/\/site.educa.madrid.org\/ies.newton.madrid\/index.php\/wp-json\/wp\/v2\/pages"}],"about":[{"href":"https:\/\/site.educa.madrid.org\/ies.newton.madrid\/index.php\/wp-json\/wp\/v2\/types\/page"}],"author":[{"embeddable":true,"href":"https:\/\/site.educa.madrid.org\/ies.newton.madrid\/index.php\/wp-json\/wp\/v2\/users\/1"}],"replies":[{"embeddable":true,"href":"https:\/\/site.educa.madrid.org\/ies.newton.madrid\/index.php\/wp-json\/wp\/v2\/comments?post=3"}],"version-history":[{"count":2,"href":"https:\/\/site.educa.madrid.org\/ies.newton.madrid\/index.php\/wp-json\/wp\/v2\/pages\/3\/revisions"}],"predecessor-version":[{"id":959,"href":"https:\/\/site.educa.madrid.org\/ies.newton.madrid\/index.php\/wp-json\/wp\/v2\/pages\/3\/revisions\/959"}],"wp:attachment":[{"href":"https:\/\/site.educa.madrid.org\/ies.newton.madrid\/index.php\/wp-json\/wp\/v2\/media?parent=3"}],"wp:term":[{"taxonomy":"folder","embeddable":true,"href":"https:\/\/site.educa.madrid.org\/ies.newton.madrid\/index.php\/wp-json\/wp\/v2\/folder?post=3"}],"curies":[{"name":"wp","href":"https:\/\/api.w.org\/{rel}","templated":true}]}}