{"id":4658,"date":"2024-06-12T20:23:11","date_gmt":"2024-06-12T18:23:11","guid":{"rendered":"https:\/\/site.educa.madrid.org\/ies.newton.madrid\/?page_id=4658"},"modified":"2025-07-05T09:53:26","modified_gmt":"2025-07-05T07:53:26","slug":"instruccion-matricula-24-25-cfgm-geston-administrativa","status":"publish","type":"page","link":"https:\/\/site.educa.madrid.org\/ies.newton.madrid\/index.php\/instruccion-matricula-24-25-cfgm-geston-administrativa\/","title":{"rendered":"Instrucci\u00f3n Matr\u00edcula 25-26 CFGM GESTI\u00d3N ADMINISTRATIVA"},"content":{"rendered":"\n<div style=\"height:21px\" aria-hidden=\"true\" class=\"wp-block-spacer\"><\/div>\n\n\n\n<h2 class=\"wp-block-heading has-medium-font-size\"><a href=\"https:\/\/site.educa.madrid.org\/ies.newton.madrid\/\/wp-content\/uploads\/ies.newton.madrid\/2025\/07\/Admision-FP-2025-2026_Calendario-actuaciones_Centros_20250702.pdf\">Calendario de Admisi\u00f3n FP<\/a><\/h2>\n\n\n\n<h2 class=\"wp-block-heading has-medium-font-size\"><a href=\"https:\/\/site.educa.madrid.org\/ies.newton.madrid\/\/wp-content\/uploads\/ies.newton.madrid\/2025\/06\/2025_05_26_instrucciones_admision_cfgm_25-26_vf_copia-1.pdf\">Instrucciones Admisi\u00f3n CFGM<\/a><\/h2>\n\n\n\n<h2 class=\"wp-block-heading has-medium-font-size\"><a href=\"https:\/\/site.educa.madrid.org\/ies.newton.madrid\/\/wp-content\/uploads\/ies.newton.madrid\/2025\/06\/INSTRUCCIONES-MATRICULA-2025.pdf\" target=\"_blank\" rel=\"noreferrer noopener\">Instrucciones Matr\u00edcula a C.F.G.M.<\/a><\/h2>\n\n\n\n<h2 class=\"wp-block-heading has-medium-font-size\"><a href=\"https:\/\/site.educa.madrid.org\/ies.newton.madrid\/\/wp-content\/uploads\/ies.newton.madrid\/2025\/06\/2-FORMULARIO-DE-MATRICULA-CFGM.pdf\" target=\"_blank\" rel=\"noreferrer noopener\">Formulario de Matr\u00edcula C.F.G.M.<\/a><\/h2>\n\n\n\n<h2 class=\"wp-block-heading has-medium-font-size\"><a href=\"https:\/\/site.educa.madrid.org\/ies.newton.madrid\/\/wp-content\/uploads\/ies.newton.madrid\/2025\/06\/WEB_FORMULARIO_CFGMEDIO-25-26.pdf\" target=\"_blank\" rel=\"noreferrer noopener\">Otros documentos para la Matr\u00edcula<\/a><\/h2>\n\n\n\n<h2 class=\"wp-block-heading has-medium-font-size\"><a href=\"https:\/\/site.educa.madrid.org\/ies.newton.madrid\/\/wp-content\/uploads\/ies.newton.madrid\/2024\/07\/FPGM_-materias_24.25.pdf\" target=\"_blank\" rel=\"noreferrer noopener\">Materias<\/a><\/h2>\n\n\n\n<div style=\"height:29px\" aria-hidden=\"true\" class=\"wp-block-spacer\"><\/div>\n\n\n\n<div data-wp-interactive=\"core\/file\" class=\"wp-block-file\"><object data-wp-bind--hidden=\"!state.hasPdfPreview\" hidden class=\"wp-block-file__embed\" data=\"https:\/\/site.educa.madrid.org\/ies.newton.madrid\/\/wp-content\/uploads\/ies.newton.madrid\/2024\/06\/Triptico-CFGM-IES-Isaac-Newton-2024.pdf\" type=\"application\/pdf\" style=\"width:100%;height:600px\" aria-label=\"Incrustado de Triptico-CFGM-IES-Isaac-Newton-2024.\"><\/object><a id=\"wp-block-file--media-137831fe-056f-4498-9c41-83be58fd889f\" href=\"https:\/\/site.educa.madrid.org\/ies.newton.madrid\/\/wp-content\/uploads\/ies.newton.madrid\/2024\/06\/Triptico-CFGM-IES-Isaac-Newton-2024.pdf\">Triptico-CFGM-IES-Isaac-Newton-2024<\/a><a href=\"https:\/\/site.educa.madrid.org\/ies.newton.madrid\/\/wp-content\/uploads\/ies.newton.madrid\/2024\/06\/Triptico-CFGM-IES-Isaac-Newton-2024.pdf\" class=\"wp-block-file__button wp-element-button\" download aria-describedby=\"wp-block-file--media-137831fe-056f-4498-9c41-83be58fd889f\">Descarga<\/a><\/div>\n","protected":false},"excerpt":{"rendered":"<p>Calendario de Admisi\u00f3n FP Instrucciones Admisi\u00f3n CFGM Instrucciones Matr\u00edcula a C.F.G.M. Formulario de Matr\u00edcula C.F.G.M. Otros documentos para la Matr\u00edcula Materias<\/p>\n","protected":false},"author":2,"featured_media":0,"parent":0,"menu_order":0,"comment_status":"closed","ping_status":"closed","template":"","meta":{"footnotes":""},"folder":[],"class_list":["post-4658","page","type-page","status-publish","hentry"],"rttpg_featured_image_url":null,"rttpg_author":{"display_name":"tic.ies.newton.madrid","author_link":"https:\/\/site.educa.madrid.org\/ies.newton.madrid\/index.php\/author\/cuenta_tic-ies-newton-madrid\/"},"rttpg_comment":0,"rttpg_category":false,"rttpg_excerpt":"Calendario de Admisi\u00f3n FP Instrucciones Admisi\u00f3n CFGM Instrucciones Matr\u00edcula a C.F.G.M. Formulario de Matr\u00edcula C.F.G.M. Otros documentos para la Matr\u00edcula Materias","post_mailing_queue_ids":[],"_links":{"self":[{"href":"https:\/\/site.educa.madrid.org\/ies.newton.madrid\/index.php\/wp-json\/wp\/v2\/pages\/4658","targetHints":{"allow":["GET"]}}],"collection":[{"href":"https:\/\/site.educa.madrid.org\/ies.newton.madrid\/index.php\/wp-json\/wp\/v2\/pages"}],"about":[{"href":"https:\/\/site.educa.madrid.org\/ies.newton.madrid\/index.php\/wp-json\/wp\/v2\/types\/page"}],"author":[{"embeddable":true,"href":"https:\/\/site.educa.madrid.org\/ies.newton.madrid\/index.php\/wp-json\/wp\/v2\/users\/2"}],"replies":[{"embeddable":true,"href":"https:\/\/site.educa.madrid.org\/ies.newton.madrid\/index.php\/wp-json\/wp\/v2\/comments?post=4658"}],"version-history":[{"count":30,"href":"https:\/\/site.educa.madrid.org\/ies.newton.madrid\/index.php\/wp-json\/wp\/v2\/pages\/4658\/revisions"}],"predecessor-version":[{"id":5172,"href":"https:\/\/site.educa.madrid.org\/ies.newton.madrid\/index.php\/wp-json\/wp\/v2\/pages\/4658\/revisions\/5172"}],"wp:attachment":[{"href":"https:\/\/site.educa.madrid.org\/ies.newton.madrid\/index.php\/wp-json\/wp\/v2\/media?parent=4658"}],"wp:term":[{"taxonomy":"folder","embeddable":true,"href":"https:\/\/site.educa.madrid.org\/ies.newton.madrid\/index.php\/wp-json\/wp\/v2\/folder?post=4658"}],"curies":[{"name":"wp","href":"https:\/\/api.w.org\/{rel}","templated":true}]}}