{"id":4762,"date":"2024-07-20T20:39:51","date_gmt":"2024-07-20T18:39:51","guid":{"rendered":"https:\/\/site.educa.madrid.org\/ies.newton.madrid\/?page_id=4762"},"modified":"2025-06-03T11:34:30","modified_gmt":"2025-06-03T09:34:30","slug":"instrucciones-matricula-25-26-2","status":"publish","type":"page","link":"https:\/\/site.educa.madrid.org\/ies.newton.madrid\/index.php\/instrucciones-matricula-25-26-2\/","title":{"rendered":"Instrucciones Matr\u00edcula 25.26"},"content":{"rendered":"\n<h2 class=\"wp-block-heading\"><a href=\"https:\/\/site.educa.madrid.org\/ies.newton.madrid\/\/wp-content\/uploads\/ies.newton.madrid\/2025\/05\/organizacion-matricula-curso-25.26-2.pdf\">Horarios y Organizaci\u00f3n Matr\u00edcula 25-26<\/a><\/h2>\n\n\n\n<div style=\"height:50px\" aria-hidden=\"true\" class=\"wp-block-spacer\"><\/div>\n\n\n\n<div class=\"wp-block-media-text is-stacked-on-mobile\"><figure class=\"wp-block-media-text__media\"><img loading=\"lazy\" decoding=\"async\" width=\"1024\" height=\"324\" src=\"https:\/\/site.educa.madrid.org\/ies.newton.madrid\/\/wp-content\/uploads\/ies.newton.madrid\/2024\/07\/admision-1024x324.png\" alt=\"\" class=\"wp-image-4764 size-full\" srcset=\"https:\/\/site.educa.madrid.org\/ies.newton.madrid\/\/wp-content\/uploads\/ies.newton.madrid\/2024\/07\/admision-1024x324.png 1024w, https:\/\/site.educa.madrid.org\/ies.newton.madrid\/\/wp-content\/uploads\/ies.newton.madrid\/2024\/07\/admision-300x95.png 300w, https:\/\/site.educa.madrid.org\/ies.newton.madrid\/\/wp-content\/uploads\/ies.newton.madrid\/2024\/07\/admision-768x243.png 768w, https:\/\/site.educa.madrid.org\/ies.newton.madrid\/\/wp-content\/uploads\/ies.newton.madrid\/2024\/07\/admision.png 1440w\" sizes=\"auto, (max-width: 1024px) 100vw, 1024px\" \/><\/figure><div class=\"wp-block-media-text__content\">\n<p class=\"has-medium-font-size\"><a href=\"https:\/\/site.educa.madrid.org\/ies.newton.madrid\/index.php\/instrucciones-matricula-25-26\/\" target=\"_blank\" rel=\"noreferrer noopener\">Documentos para la Matr\u00edcula E.S.O. y Bachillerato<\/a><\/p>\n<\/div><\/div>\n\n\n\n<div style=\"height:50px\" aria-hidden=\"true\" class=\"wp-block-spacer\"><\/div>\n\n\n\n<div class=\"wp-block-media-text is-stacked-on-mobile\"><figure class=\"wp-block-media-text__media\"><img loading=\"lazy\" decoding=\"async\" width=\"945\" height=\"400\" src=\"https:\/\/site.educa.madrid.org\/ies.newton.madrid\/\/wp-content\/uploads\/ies.newton.madrid\/2024\/07\/cfgm.jpg\" alt=\"\" class=\"wp-image-4766 size-full\" srcset=\"https:\/\/site.educa.madrid.org\/ies.newton.madrid\/\/wp-content\/uploads\/ies.newton.madrid\/2024\/07\/cfgm.jpg 945w, https:\/\/site.educa.madrid.org\/ies.newton.madrid\/\/wp-content\/uploads\/ies.newton.madrid\/2024\/07\/cfgm-300x127.jpg 300w, https:\/\/site.educa.madrid.org\/ies.newton.madrid\/\/wp-content\/uploads\/ies.newton.madrid\/2024\/07\/cfgm-768x325.jpg 768w\" sizes=\"auto, (max-width: 945px) 100vw, 945px\" \/><\/figure><div class=\"wp-block-media-text__content\">\n<p class=\"has-medium-font-size\"><a href=\"https:\/\/site.educa.madrid.org\/ies.newton.madrid\/index.php\/instruccion-matricula-24-25-cfgm-geston-administrativa\/\" target=\"_blank\" rel=\"noreferrer noopener\">Documentos para la Matr\u00edcula en C.F.G.M Gesti\u00f3n Administrativa<\/a><\/p>\n<\/div><\/div>\n","protected":false},"excerpt":{"rendered":"<p>Horarios y Organizaci\u00f3n Matr\u00edcula 25-26 Documentos para la Matr\u00edcula E.S.O. y Bachillerato Documentos para la Matr\u00edcula en C.F.G.M Gesti\u00f3n Administrativa<\/p>\n","protected":false},"author":2,"featured_media":0,"parent":0,"menu_order":0,"comment_status":"closed","ping_status":"closed","template":"","meta":{"footnotes":""},"folder":[],"class_list":["post-4762","page","type-page","status-publish","hentry"],"rttpg_featured_image_url":null,"rttpg_author":{"display_name":"tic.ies.newton.madrid","author_link":"https:\/\/site.educa.madrid.org\/ies.newton.madrid\/index.php\/author\/cuenta_tic-ies-newton-madrid\/"},"rttpg_comment":0,"rttpg_category":false,"rttpg_excerpt":"Horarios y Organizaci\u00f3n Matr\u00edcula 25-26 Documentos para la Matr\u00edcula E.S.O. y Bachillerato Documentos para la Matr\u00edcula en C.F.G.M Gesti\u00f3n Administrativa","post_mailing_queue_ids":[],"_links":{"self":[{"href":"https:\/\/site.educa.madrid.org\/ies.newton.madrid\/index.php\/wp-json\/wp\/v2\/pages\/4762","targetHints":{"allow":["GET"]}}],"collection":[{"href":"https:\/\/site.educa.madrid.org\/ies.newton.madrid\/index.php\/wp-json\/wp\/v2\/pages"}],"about":[{"href":"https:\/\/site.educa.madrid.org\/ies.newton.madrid\/index.php\/wp-json\/wp\/v2\/types\/page"}],"author":[{"embeddable":true,"href":"https:\/\/site.educa.madrid.org\/ies.newton.madrid\/index.php\/wp-json\/wp\/v2\/users\/2"}],"replies":[{"embeddable":true,"href":"https:\/\/site.educa.madrid.org\/ies.newton.madrid\/index.php\/wp-json\/wp\/v2\/comments?post=4762"}],"version-history":[{"count":7,"href":"https:\/\/site.educa.madrid.org\/ies.newton.madrid\/index.php\/wp-json\/wp\/v2\/pages\/4762\/revisions"}],"predecessor-version":[{"id":5113,"href":"https:\/\/site.educa.madrid.org\/ies.newton.madrid\/index.php\/wp-json\/wp\/v2\/pages\/4762\/revisions\/5113"}],"wp:attachment":[{"href":"https:\/\/site.educa.madrid.org\/ies.newton.madrid\/index.php\/wp-json\/wp\/v2\/media?parent=4762"}],"wp:term":[{"taxonomy":"folder","embeddable":true,"href":"https:\/\/site.educa.madrid.org\/ies.newton.madrid\/index.php\/wp-json\/wp\/v2\/folder?post=4762"}],"curies":[{"name":"wp","href":"https:\/\/api.w.org\/{rel}","templated":true}]}}