{"id":493,"date":"2020-11-18T14:02:33","date_gmt":"2020-11-18T14:02:33","guid":{"rendered":"https:\/\/site.educa.madrid.org\/ies.newton.madrid\/?page_id=493"},"modified":"2025-10-30T21:43:33","modified_gmt":"2025-10-30T20:43:33","slug":"programacion-general-anual","status":"publish","type":"page","link":"https:\/\/site.educa.madrid.org\/ies.newton.madrid\/index.php\/programacion-general-anual\/","title":{"rendered":"Programaci\u00f3n General Anual"},"content":{"rendered":"\n<p>La Programaci\u00f3n General Anual es el documento que recoge el conjunto de actuaciones derivadas de las decisiones adoptadas en el Proyecto Educativo del Centro y la concreci\u00f3n del curr\u00edculo. <\/p>\n\n\n\n<p>Tiene la funci\u00f3n de garantizar y facilitar todas las actividades educativas, la actuaci\u00f3n coordinada de las estructuras organizativas de los equipos de coordinaci\u00f3n docente.<\/p>\n\n\n\n<p><br>La PGA es un plan de trabajo que propicia la participaci\u00f3n y colaboraci\u00f3n de todos los sectores de la comunidad escolar y define la distribuci\u00f3n responsable de las tareas y actividades para conseguir los objetivos establecidos en el centro para el presente curso escolar.<\/p>\n\n\n\n<p><br>Es instrumento que permite introducir medidas en la organizaci\u00f3n y funcionamiento de los centros; en los procesos de ense\u00f1anza con la finalidad de mejorar los resultados educativos. Igualmente, fija criterios de evaluaci\u00f3n o indicadores de logro que permitan realizar un seguimiento y una posterior evaluaci\u00f3n del nivel de consecuci\u00f3n de los objetivos propuestos y de los resultados alcanzados.<\/p>\n\n\n\n<div style=\"height:55px\" aria-hidden=\"true\" class=\"wp-block-spacer\"><\/div>\n\n\n\n<h3 class=\"wp-block-heading has-text-align-center has-vivid-cyan-blue-color has-text-color\"><mark style=\"background-color:rgba(0, 0, 0, 0)\" class=\"has-inline-color has-vivid-cyan-blue-color\"><a href=\"https:\/\/site.educa.madrid.org\/ies.newton.madrid\/\/wp-content\/uploads\/ies.newton.madrid\/2025\/10\/PGA_25.26.pdf\" data-type=\"URL\" data-id=\"https:\/\/site.educa.madrid.org\/ies.newton.madrid\/\/wp-content\/uploads\/ies.newton.madrid\/2022\/11\/PGA_22.23-1.pdf\" target=\"_blank\" rel=\"noreferrer noopener\">Documento de la P.G.A. 25.26<\/a><\/mark><\/h3>\n\n\n\n<p><\/p>\n","protected":false},"excerpt":{"rendered":"<p>La Programaci\u00f3n General Anual es el documento que recoge el conjunto de actuaciones derivadas de las decisiones adoptadas en el Proyecto Educativo del Centro y la concreci\u00f3n del curr\u00edculo. Tiene la funci\u00f3n de garantizar y facilitar todas las actividades educativas, la actuaci\u00f3n coordinada de las estructuras organizativas de los equipos de coordinaci\u00f3n docente. La PGA [&hellip;]<\/p>\n","protected":false},"author":2,"featured_media":0,"parent":0,"menu_order":0,"comment_status":"closed","ping_status":"closed","template":"","meta":{"footnotes":""},"folder":[],"class_list":["post-493","page","type-page","status-publish","hentry"],"rttpg_featured_image_url":null,"rttpg_author":{"display_name":"tic.ies.newton.madrid","author_link":"https:\/\/site.educa.madrid.org\/ies.newton.madrid\/index.php\/author\/cuenta_tic-ies-newton-madrid\/"},"rttpg_comment":0,"rttpg_category":false,"rttpg_excerpt":"La Programaci\u00f3n General Anual es el documento que recoge el conjunto de actuaciones derivadas de las decisiones adoptadas en el Proyecto Educativo del Centro y la concreci\u00f3n del curr\u00edculo. Tiene la funci\u00f3n de garantizar y facilitar todas las actividades educativas, la actuaci\u00f3n coordinada de las estructuras organizativas de los equipos de coordinaci\u00f3n docente. La PGA&hellip;","post_mailing_queue_ids":[],"_links":{"self":[{"href":"https:\/\/site.educa.madrid.org\/ies.newton.madrid\/index.php\/wp-json\/wp\/v2\/pages\/493","targetHints":{"allow":["GET"]}}],"collection":[{"href":"https:\/\/site.educa.madrid.org\/ies.newton.madrid\/index.php\/wp-json\/wp\/v2\/pages"}],"about":[{"href":"https:\/\/site.educa.madrid.org\/ies.newton.madrid\/index.php\/wp-json\/wp\/v2\/types\/page"}],"author":[{"embeddable":true,"href":"https:\/\/site.educa.madrid.org\/ies.newton.madrid\/index.php\/wp-json\/wp\/v2\/users\/2"}],"replies":[{"embeddable":true,"href":"https:\/\/site.educa.madrid.org\/ies.newton.madrid\/index.php\/wp-json\/wp\/v2\/comments?post=493"}],"version-history":[{"count":18,"href":"https:\/\/site.educa.madrid.org\/ies.newton.madrid\/index.php\/wp-json\/wp\/v2\/pages\/493\/revisions"}],"predecessor-version":[{"id":5271,"href":"https:\/\/site.educa.madrid.org\/ies.newton.madrid\/index.php\/wp-json\/wp\/v2\/pages\/493\/revisions\/5271"}],"wp:attachment":[{"href":"https:\/\/site.educa.madrid.org\/ies.newton.madrid\/index.php\/wp-json\/wp\/v2\/media?parent=493"}],"wp:term":[{"taxonomy":"folder","embeddable":true,"href":"https:\/\/site.educa.madrid.org\/ies.newton.madrid\/index.php\/wp-json\/wp\/v2\/folder?post=493"}],"curies":[{"name":"wp","href":"https:\/\/api.w.org\/{rel}","templated":true}]}}