{"id":5718,"date":"2025-12-28T21:12:49","date_gmt":"2025-12-28T20:12:49","guid":{"rendered":"https:\/\/site.educa.madrid.org\/ies.newton.madrid\/?page_id=5718"},"modified":"2026-04-10T11:41:04","modified_gmt":"2026-04-10T09:41:04","slug":"documentos-institucionales","status":"publish","type":"page","link":"https:\/\/site.educa.madrid.org\/ies.newton.madrid\/index.php\/documentos-institucionales\/","title":{"rendered":"Documentos Institucionales"},"content":{"rendered":"\n<div style=\"height:45px\" aria-hidden=\"true\" class=\"wp-block-spacer\"><\/div>\n\n\n<div class=\"wp-block-image\">\n<figure class=\"aligncenter size-full is-resized\"><img loading=\"lazy\" decoding=\"async\" width=\"955\" height=\"481\" src=\"https:\/\/site.educa.madrid.org\/ies.newton.madrid\/\/wp-content\/uploads\/ies.newton.madrid\/2025\/12\/documentos_de_centro.jpg\" alt=\"\" class=\"wp-image-5750\" style=\"width:424px;height:auto\" srcset=\"https:\/\/site.educa.madrid.org\/ies.newton.madrid\/\/wp-content\/uploads\/ies.newton.madrid\/2025\/12\/documentos_de_centro.jpg 955w, https:\/\/site.educa.madrid.org\/ies.newton.madrid\/\/wp-content\/uploads\/ies.newton.madrid\/2025\/12\/documentos_de_centro-300x151.jpg 300w, https:\/\/site.educa.madrid.org\/ies.newton.madrid\/\/wp-content\/uploads\/ies.newton.madrid\/2025\/12\/documentos_de_centro-768x387.jpg 768w\" sizes=\"auto, (max-width: 955px) 100vw, 955px\" \/><\/figure>\n<\/div>\n\n\n<div style=\"height:28px\" aria-hidden=\"true\" class=\"wp-block-spacer\"><\/div>\n\n\n\n<figure class=\"wp-block-table alignwide has-medium-font-size\"><table class=\"has-black-color has-text-color has-link-color has-fixed-layout\"><tbody><tr><td class=\"has-text-align-center\" data-align=\"center\"><a href=\"https:\/\/site.educa.madrid.org\/ies.newton.madrid\/\/wp-content\/uploads\/ies.newton.madrid\/2026\/04\/Proyecto-Educativo-2026.pdf\" target=\"_blank\" rel=\"noreferrer noopener\"><img loading=\"lazy\" decoding=\"async\" width=\"150\" height=\"150\" class=\"wp-image-5721\" style=\"width: 150px;\" src=\"https:\/\/site.educa.madrid.org\/ies.newton.madrid\/\/wp-content\/uploads\/ies.newton.madrid\/2025\/12\/enlace3.png\" alt=\"Proyecto Educativo\" srcset=\"https:\/\/site.educa.madrid.org\/ies.newton.madrid\/\/wp-content\/uploads\/ies.newton.madrid\/2025\/12\/enlace3.png 200w, https:\/\/site.educa.madrid.org\/ies.newton.madrid\/\/wp-content\/uploads\/ies.newton.madrid\/2025\/12\/enlace3-150x150.png 150w\" sizes=\"auto, (max-width: 150px) 100vw, 150px\" \/><\/a><br><a href=\"https:\/\/site.educa.madrid.org\/ies.newton.madrid\/\/wp-content\/uploads\/ies.newton.madrid\/2026\/04\/Proyecto-Educativo-2026.pdf\" target=\"_blank\" rel=\"noreferrer noopener\"><strong>Proyecto Educativo<\/strong><\/a><\/td><td class=\"has-text-align-center\" data-align=\"center\"><a href=\"https:\/\/site.educa.madrid.org\/ies.newton.madrid\/index.php\/programacion-general-anual\/\" target=\"_blank\" rel=\"noreferrer noopener\"><img loading=\"lazy\" decoding=\"async\" width=\"150\" height=\"150\" class=\"wp-image-5721\" style=\"width: 150px;\" src=\"https:\/\/site.educa.madrid.org\/ies.newton.madrid\/\/wp-content\/uploads\/ies.newton.madrid\/2025\/12\/enlace3.png\" alt=\"\" srcset=\"https:\/\/site.educa.madrid.org\/ies.newton.madrid\/\/wp-content\/uploads\/ies.newton.madrid\/2025\/12\/enlace3.png 200w, https:\/\/site.educa.madrid.org\/ies.newton.madrid\/\/wp-content\/uploads\/ies.newton.madrid\/2025\/12\/enlace3-150x150.png 150w\" sizes=\"auto, (max-width: 150px) 100vw, 150px\" \/><\/a><br><strong><a href=\"https:\/\/site.educa.madrid.org\/ies.newton.madrid\/index.php\/programacion-general-anual\/\" target=\"_blank\" rel=\"noreferrer noopener\">Programaci\u00f3n General<\/a><\/strong><\/td><td class=\"has-text-align-center\" data-align=\"center\"><a href=\"https:\/\/site.educa.madrid.org\/ies.newton.madrid\/index.php\/plan-anual-departamentos-2020-21\/\" target=\"_blank\" rel=\"noreferrer noopener\"><img loading=\"lazy\" decoding=\"async\" width=\"150\" height=\"150\" class=\"wp-image-5721\" style=\"width: 150px;\" src=\"https:\/\/site.educa.madrid.org\/ies.newton.madrid\/\/wp-content\/uploads\/ies.newton.madrid\/2025\/12\/enlace3.png\" alt=\"\" srcset=\"https:\/\/site.educa.madrid.org\/ies.newton.madrid\/\/wp-content\/uploads\/ies.newton.madrid\/2025\/12\/enlace3.png 200w, https:\/\/site.educa.madrid.org\/ies.newton.madrid\/\/wp-content\/uploads\/ies.newton.madrid\/2025\/12\/enlace3-150x150.png 150w\" sizes=\"auto, (max-width: 150px) 100vw, 150px\" \/><\/a><br><a href=\"https:\/\/site.educa.madrid.org\/ies.newton.madrid\/index.php\/plan-anual-departamentos-2020-21\/\" target=\"_blank\" rel=\"noreferrer noopener\"><strong>Departamentos<\/strong><\/a><\/td><td class=\"has-text-align-center\" data-align=\"center\"><a href=\"https:\/\/site.educa.madrid.org\/ies.newton.madrid\/\/wp-content\/uploads\/ies.newton.madrid\/2025\/12\/PAT_IESISAACNEWTON_25.29.pdf\" target=\"_blank\" rel=\"noreferrer noopener\"><img loading=\"lazy\" decoding=\"async\" width=\"150\" height=\"150\" class=\"wp-image-5721\" style=\"width: 150px;\" src=\"https:\/\/site.educa.madrid.org\/ies.newton.madrid\/\/wp-content\/uploads\/ies.newton.madrid\/2025\/12\/enlace3.png\" alt=\"\" srcset=\"https:\/\/site.educa.madrid.org\/ies.newton.madrid\/\/wp-content\/uploads\/ies.newton.madrid\/2025\/12\/enlace3.png 200w, https:\/\/site.educa.madrid.org\/ies.newton.madrid\/\/wp-content\/uploads\/ies.newton.madrid\/2025\/12\/enlace3-150x150.png 150w\" sizes=\"auto, (max-width: 150px) 100vw, 150px\" \/><\/a><br><a href=\"https:\/\/site.educa.madrid.org\/ies.newton.madrid\/\/wp-content\/uploads\/ies.newton.madrid\/2025\/12\/PAT_IESISAACNEWTON_25.29.pdf\" target=\"_blank\" rel=\"noreferrer noopener\"><strong>Plan de Acci\u00f3n Tutorial<\/strong><\/a><\/td><\/tr><tr><td class=\"has-text-align-center\" data-align=\"center\"><a href=\"https:\/\/site.educa.madrid.org\/ies.newton.madrid\/\/wp-content\/uploads\/ies.newton.madrid\/2025\/11\/28038823-IESISAACNEWTON-PDC-25_26.pdf\" target=\"_blank\" rel=\"noreferrer noopener\"><img loading=\"lazy\" decoding=\"async\" width=\"150\" height=\"150\" class=\"wp-image-5721\" style=\"width: 150px;\" src=\"https:\/\/site.educa.madrid.org\/ies.newton.madrid\/\/wp-content\/uploads\/ies.newton.madrid\/2025\/12\/enlace3.png\" alt=\"\" srcset=\"https:\/\/site.educa.madrid.org\/ies.newton.madrid\/\/wp-content\/uploads\/ies.newton.madrid\/2025\/12\/enlace3.png 200w, https:\/\/site.educa.madrid.org\/ies.newton.madrid\/\/wp-content\/uploads\/ies.newton.madrid\/2025\/12\/enlace3-150x150.png 150w\" sizes=\"auto, (max-width: 150px) 100vw, 150px\" \/><\/a><br><a href=\"https:\/\/site.educa.madrid.org\/ies.newton.madrid\/\/wp-content\/uploads\/ies.newton.madrid\/2025\/11\/28038823-IESISAACNEWTON-PDC-25_26.pdf\" target=\"_blank\" rel=\"noreferrer noopener\"><strong>Plan Digital<\/strong><\/a><\/td><td class=\"has-text-align-center\" data-align=\"center\"><a href=\"https:\/\/site.educa.madrid.org\/ies.newton.madrid\/\/wp-content\/uploads\/ies.newton.madrid\/2025\/07\/04-PC_-junio25.pdf\" target=\"_blank\" rel=\"noreferrer noopener\"><img loading=\"lazy\" decoding=\"async\" width=\"150\" height=\"150\" class=\"wp-image-5721\" style=\"width: 150px;\" src=\"https:\/\/site.educa.madrid.org\/ies.newton.madrid\/\/wp-content\/uploads\/ies.newton.madrid\/2025\/12\/enlace3.png\" alt=\"\" srcset=\"https:\/\/site.educa.madrid.org\/ies.newton.madrid\/\/wp-content\/uploads\/ies.newton.madrid\/2025\/12\/enlace3.png 200w, https:\/\/site.educa.madrid.org\/ies.newton.madrid\/\/wp-content\/uploads\/ies.newton.madrid\/2025\/12\/enlace3-150x150.png 150w\" sizes=\"auto, (max-width: 150px) 100vw, 150px\" \/><\/a><br><strong><a href=\"https:\/\/site.educa.madrid.org\/ies.newton.madrid\/\/wp-content\/uploads\/ies.newton.madrid\/2025\/07\/04-PC_-junio25.pdf\" target=\"_blank\" rel=\"noreferrer noopener\">Plan de Convivencia<\/a><\/strong><\/td><td class=\"has-text-align-center\" data-align=\"center\"><a href=\"https:\/\/site.educa.madrid.org\/ies.newton.madrid\/\/wp-content\/uploads\/ies.newton.madrid\/2025\/02\/PLAN-DE-IGUALDAD_IES-ISAAC-NEWTON-25.pdf\" target=\"_blank\" rel=\"noreferrer noopener\"><img loading=\"lazy\" decoding=\"async\" width=\"150\" height=\"150\" class=\"wp-image-5721\" style=\"width: 150px;\" src=\"https:\/\/site.educa.madrid.org\/ies.newton.madrid\/\/wp-content\/uploads\/ies.newton.madrid\/2025\/12\/enlace3.png\" alt=\"\" srcset=\"https:\/\/site.educa.madrid.org\/ies.newton.madrid\/\/wp-content\/uploads\/ies.newton.madrid\/2025\/12\/enlace3.png 200w, https:\/\/site.educa.madrid.org\/ies.newton.madrid\/\/wp-content\/uploads\/ies.newton.madrid\/2025\/12\/enlace3-150x150.png 150w\" sizes=\"auto, (max-width: 150px) 100vw, 150px\" \/><\/a><br><strong><a href=\"https:\/\/site.educa.madrid.org\/ies.newton.madrid\/\/wp-content\/uploads\/ies.newton.madrid\/2025\/02\/PLAN-DE-IGUALDAD_IES-ISAAC-NEWTON-25.pdf\" target=\"_blank\" rel=\"noreferrer noopener\">Plan de Igualdad<\/a><\/strong><\/td><td class=\"has-text-align-center\" data-align=\"center\"><a href=\"https:\/\/site.educa.madrid.org\/ies.newton.madrid\/\/wp-content\/uploads\/ies.newton.madrid\/2024\/10\/PLAN-DE-ACOGIDA.pdf\" target=\"_blank\" rel=\"noreferrer noopener\"><img loading=\"lazy\" decoding=\"async\" width=\"150\" height=\"150\" class=\"wp-image-5721\" style=\"width: 150px;\" src=\"https:\/\/site.educa.madrid.org\/ies.newton.madrid\/\/wp-content\/uploads\/ies.newton.madrid\/2025\/12\/enlace3.png\" alt=\"\" srcset=\"https:\/\/site.educa.madrid.org\/ies.newton.madrid\/\/wp-content\/uploads\/ies.newton.madrid\/2025\/12\/enlace3.png 200w, https:\/\/site.educa.madrid.org\/ies.newton.madrid\/\/wp-content\/uploads\/ies.newton.madrid\/2025\/12\/enlace3-150x150.png 150w\" sizes=\"auto, (max-width: 150px) 100vw, 150px\" \/><\/a><br><strong><a href=\"https:\/\/site.educa.madrid.org\/ies.newton.madrid\/\/wp-content\/uploads\/ies.newton.madrid\/2024\/10\/PLAN-DE-ACOGIDA.pdf\" target=\"_blank\" rel=\"noreferrer noopener\">Plan de Acogida<\/a><\/strong><\/td><\/tr><tr><td class=\"has-text-align-center\" data-align=\"center\"><a href=\"https:\/\/site.educa.madrid.org\/ies.newton.madrid\/\/wp-content\/uploads\/ies.newton.madrid\/2025\/09\/PLAN-INCLUYO_25.29.pdf\" target=\"_blank\" rel=\"noreferrer noopener\"><img loading=\"lazy\" decoding=\"async\" width=\"150\" height=\"150\" class=\"wp-image-5721\" style=\"width: 150px;\" src=\"https:\/\/site.educa.madrid.org\/ies.newton.madrid\/\/wp-content\/uploads\/ies.newton.madrid\/2025\/12\/enlace3.png\" alt=\"\" srcset=\"https:\/\/site.educa.madrid.org\/ies.newton.madrid\/\/wp-content\/uploads\/ies.newton.madrid\/2025\/12\/enlace3.png 200w, https:\/\/site.educa.madrid.org\/ies.newton.madrid\/\/wp-content\/uploads\/ies.newton.madrid\/2025\/12\/enlace3-150x150.png 150w\" sizes=\"auto, (max-width: 150px) 100vw, 150px\" \/><\/a><br><strong><a href=\"https:\/\/site.educa.madrid.org\/ies.newton.madrid\/\/wp-content\/uploads\/ies.newton.madrid\/2025\/09\/PLAN-INCLUYO_25.29.pdf\">Plan Incluyo<\/a><\/strong><\/td><td class=\"has-text-align-center\" data-align=\"center\"><a href=\"https:\/\/site.educa.madrid.org\/ies.newton.madrid\/\/wp-content\/uploads\/ies.newton.madrid\/2025\/07\/EXTRACTO-DEL-PLAN-DE-AUTOPROTECCION_IES-ISAAC-NEWTON.pdf\" target=\"_blank\" rel=\"noreferrer noopener\"><img loading=\"lazy\" decoding=\"async\" width=\"150\" height=\"150\" class=\"wp-image-5721\" style=\"width: 150px;\" src=\"https:\/\/site.educa.madrid.org\/ies.newton.madrid\/\/wp-content\/uploads\/ies.newton.madrid\/2025\/12\/enlace3.png\" alt=\"\" srcset=\"https:\/\/site.educa.madrid.org\/ies.newton.madrid\/\/wp-content\/uploads\/ies.newton.madrid\/2025\/12\/enlace3.png 200w, https:\/\/site.educa.madrid.org\/ies.newton.madrid\/\/wp-content\/uploads\/ies.newton.madrid\/2025\/12\/enlace3-150x150.png 150w\" sizes=\"auto, (max-width: 150px) 100vw, 150px\" \/><\/a><br><strong><a href=\"https:\/\/site.educa.madrid.org\/ies.newton.madrid\/\/wp-content\/uploads\/ies.newton.madrid\/2025\/07\/EXTRACTO-DEL-PLAN-DE-AUTOPROTECCION_IES-ISAAC-NEWTON.pdf\" target=\"_blank\" rel=\"noreferrer noopener\">Plan de Autoprotecci\u00f3n<\/a><\/strong><\/td><td class=\"has-text-align-center\" data-align=\"center\"><a href=\"https:\/\/site.educa.madrid.org\/ies.newton.madrid\/\/wp-content\/uploads\/ies.newton.madrid\/2023\/10\/PLAN-FRENTE-A-LAS-OLAS-DE-CALOR_IES-ISAAC-NEWTON-1.pdf\" target=\"_blank\" rel=\"noreferrer noopener\"><img loading=\"lazy\" decoding=\"async\" width=\"150\" height=\"150\" class=\"wp-image-5721\" style=\"width: 150px;\" src=\"https:\/\/site.educa.madrid.org\/ies.newton.madrid\/\/wp-content\/uploads\/ies.newton.madrid\/2025\/12\/enlace3.png\" alt=\"\" srcset=\"https:\/\/site.educa.madrid.org\/ies.newton.madrid\/\/wp-content\/uploads\/ies.newton.madrid\/2025\/12\/enlace3.png 200w, https:\/\/site.educa.madrid.org\/ies.newton.madrid\/\/wp-content\/uploads\/ies.newton.madrid\/2025\/12\/enlace3-150x150.png 150w\" sizes=\"auto, (max-width: 150px) 100vw, 150px\" \/><\/a><br><strong><a href=\"https:\/\/site.educa.madrid.org\/ies.newton.madrid\/\/wp-content\/uploads\/ies.newton.madrid\/2023\/10\/PLAN-FRENTE-A-LAS-OLAS-DE-CALOR_IES-ISAAC-NEWTON-1.pdf\" target=\"_blank\" rel=\"noreferrer noopener\">Plan Contra el Calor<\/a><\/strong><\/td><td class=\"has-text-align-center\" data-align=\"center\"><\/td><\/tr><\/tbody><\/table><\/figure>\n\n\n\n<div style=\"height:55px\" aria-hidden=\"true\" class=\"wp-block-spacer\"><\/div>\n","protected":false},"excerpt":{"rendered":"<p>Proyecto Educativo Programaci\u00f3n General Departamentos Plan de Acci\u00f3n Tutorial Plan Digital Plan de Convivencia Plan de Igualdad Plan de Acogida Plan Incluyo Plan de Autoprotecci\u00f3n Plan Contra el Calor<\/p>\n","protected":false},"author":2,"featured_media":0,"parent":0,"menu_order":0,"comment_status":"closed","ping_status":"closed","template":"","meta":{"footnotes":""},"folder":[],"class_list":["post-5718","page","type-page","status-publish","hentry"],"rttpg_featured_image_url":null,"rttpg_author":{"display_name":"tic.ies.newton.madrid","author_link":"https:\/\/site.educa.madrid.org\/ies.newton.madrid\/index.php\/author\/cuenta_tic-ies-newton-madrid\/"},"rttpg_comment":0,"rttpg_category":false,"rttpg_excerpt":"Proyecto Educativo Programaci\u00f3n General Departamentos Plan de Acci\u00f3n Tutorial Plan Digital Plan de Convivencia Plan de Igualdad Plan de Acogida Plan Incluyo Plan de Autoprotecci\u00f3n Plan Contra el Calor","post_mailing_queue_ids":[],"_links":{"self":[{"href":"https:\/\/site.educa.madrid.org\/ies.newton.madrid\/index.php\/wp-json\/wp\/v2\/pages\/5718","targetHints":{"allow":["GET"]}}],"collection":[{"href":"https:\/\/site.educa.madrid.org\/ies.newton.madrid\/index.php\/wp-json\/wp\/v2\/pages"}],"about":[{"href":"https:\/\/site.educa.madrid.org\/ies.newton.madrid\/index.php\/wp-json\/wp\/v2\/types\/page"}],"author":[{"embeddable":true,"href":"https:\/\/site.educa.madrid.org\/ies.newton.madrid\/index.php\/wp-json\/wp\/v2\/users\/2"}],"replies":[{"embeddable":true,"href":"https:\/\/site.educa.madrid.org\/ies.newton.madrid\/index.php\/wp-json\/wp\/v2\/comments?post=5718"}],"version-history":[{"count":32,"href":"https:\/\/site.educa.madrid.org\/ies.newton.madrid\/index.php\/wp-json\/wp\/v2\/pages\/5718\/revisions"}],"predecessor-version":[{"id":5936,"href":"https:\/\/site.educa.madrid.org\/ies.newton.madrid\/index.php\/wp-json\/wp\/v2\/pages\/5718\/revisions\/5936"}],"wp:attachment":[{"href":"https:\/\/site.educa.madrid.org\/ies.newton.madrid\/index.php\/wp-json\/wp\/v2\/media?parent=5718"}],"wp:term":[{"taxonomy":"folder","embeddable":true,"href":"https:\/\/site.educa.madrid.org\/ies.newton.madrid\/index.php\/wp-json\/wp\/v2\/folder?post=5718"}],"curies":[{"name":"wp","href":"https:\/\/api.w.org\/{rel}","templated":true}]}}