{"id":640,"date":"2020-11-19T10:21:16","date_gmt":"2020-11-19T10:21:16","guid":{"rendered":"https:\/\/site.educa.madrid.org\/ies.newton.madrid\/?page_id=640"},"modified":"2020-11-28T19:17:48","modified_gmt":"2020-11-28T19:17:48","slug":"ayuda-procediento-raices-roble","status":"publish","type":"page","link":"https:\/\/site.educa.madrid.org\/ies.newton.madrid\/index.php\/ayuda-procediento-raices-roble\/","title":{"rendered":"Ayuda procediento Raices-Roble"},"content":{"rendered":"\n<p class=\"has-text-align-center has-small-font-size\">MEJORA DEL PROCEDIMIENTO DE ACREDITACI\u00d3N-ENTREGA DE CREDENCIALES A TUTORES DE ALUMNOS PARA EL ACCESO A RA\u00cdCES \u2013 ROBLE.<\/p>\n\n\n\n<div style=\"height:23px\" aria-hidden=\"true\" class=\"wp-block-spacer\"><\/div>\n\n\n\n<p class=\"has-text-align-center has-small-font-size\">A PARTIR DEL CURSO 20-21, LOS CENTROS EDUCATIVOS PODR\u00c1N REMITIR LAS CREDENCIALES GENERADAS DIRECTAMENTE A CADA TUTOR POR CORREO ELECTR\u00d3NICO.<\/p>\n\n\n\n<div style=\"height:31px\" aria-hidden=\"true\" class=\"wp-block-spacer\"><\/div>\n\n\n\n<div class=\"wp-block-image is-style-default\"><figure class=\"aligncenter size-large is-resized\"><img loading=\"lazy\" decoding=\"async\" src=\"https:\/\/site.educa.madrid.org\/ies.newton.madrid\/\/wp-content\/uploads\/ies.newton.madrid\/2020\/11\/raices-portada-1.png\" alt=\"\" class=\"wp-image-629\" width=\"155\" height=\"103\"\/><figcaption><strong><a rel=\"noreferrer noopener\" href=\"https:\/\/site.educa.madrid.org\/ies.newton.madrid\/\/wp-content\/uploads\/ies.newton.madrid\/2020\/11\/nuevo_procedimiento_credenciales_raices-roble.pdf\" target=\"_blank\"><span class=\"has-inline-color has-vivid-cyan-blue-color\">Documento Explicativo<\/span><\/a><\/strong><\/figcaption><\/figure><\/div>\n\n\n\n<div style=\"height:26px\" aria-hidden=\"true\" class=\"wp-block-spacer\"><\/div>\n\n\n\n<div class=\"wp-block-image is-style-rounded\"><figure class=\"aligncenter size-large is-resized\"><a href=\"https:\/\/site.educa.madrid.org\/ies.newton.madrid\/index.php\/2020\/11\/23\/videos-explicativos-roble\" target=\"_blank\" rel=\"noopener noreferrer\"><img loading=\"lazy\" decoding=\"async\" src=\"https:\/\/site.educa.madrid.org\/ies.newton.madrid\/\/wp-content\/uploads\/ies.newton.madrid\/2020\/11\/videos-roble-1024x326.png\" alt=\"\" class=\"wp-image-1275\" width=\"434\" height=\"137\" srcset=\"https:\/\/site.educa.madrid.org\/ies.newton.madrid\/\/wp-content\/uploads\/ies.newton.madrid\/2020\/11\/videos-roble-1024x326.png 1024w, https:\/\/site.educa.madrid.org\/ies.newton.madrid\/\/wp-content\/uploads\/ies.newton.madrid\/2020\/11\/videos-roble-300x95.png 300w, https:\/\/site.educa.madrid.org\/ies.newton.madrid\/\/wp-content\/uploads\/ies.newton.madrid\/2020\/11\/videos-roble-768x244.png 768w, https:\/\/site.educa.madrid.org\/ies.newton.madrid\/\/wp-content\/uploads\/ies.newton.madrid\/2020\/11\/videos-roble.png 1251w\" sizes=\"auto, (max-width: 434px) 100vw, 434px\" \/><\/a><figcaption><strong><a href=\"https:\/\/site.educa.madrid.org\/ies.newton.madrid\/index.php\/2020\/11\/23\/videos-explicativos-roble\"><span class=\"has-inline-color has-vivid-cyan-blue-color\">Videos Explicativos Roble-Ra\u00edces<\/span><\/a><\/strong><\/figcaption><\/figure><\/div>\n\n\n\n<div style=\"height:24px\" aria-hidden=\"true\" class=\"wp-block-spacer\"><\/div>\n\n\n\n<h6 class=\"has-text-align-center wp-block-heading\"><strong><a rel=\"noreferrer noopener\" href=\"https:\/\/comunidad.educa.madrid.org\/raices\/wp-content\/uploads\/sites\/5\/2019\/03\/ROBLE-WEB-Familias-Gu%C3%ADa-Visual-1.4.pdf\" target=\"_blank\"><span class=\"has-inline-color has-vivid-cyan-blue-color\">Gu\u00eda de la Comunidad de Madrid para ordenador<\/span><\/a><\/strong><\/h6>\n\n\n\n<div style=\"height:30px\" aria-hidden=\"true\" class=\"wp-block-spacer\"><\/div>\n\n\n\n<h6 class=\"has-text-align-center wp-block-heading\"><strong><a rel=\"noreferrer noopener\" href=\"https:\/\/comunidad.educa.madrid.org\/raices\/wp-content\/uploads\/sites\/5\/2019\/03\/ROBLE-WEB-Familias-Gu%C3%ADa-Visual-1.4.pdf\" target=\"_blank\"><span class=\"has-inline-color has-vivid-cyan-blue-color\">Gu\u00eda de la Comunidad de Madrid para m\u00f3vil<\/span><\/a><\/strong><\/h6>\n","protected":false},"excerpt":{"rendered":"<p>MEJORA DEL PROCEDIMIENTO DE ACREDITACI\u00d3N-ENTREGA DE CREDENCIALES A TUTORES DE ALUMNOS PARA EL ACCESO A RA\u00cdCES \u2013 ROBLE. A PARTIR DEL CURSO 20-21, LOS CENTROS EDUCATIVOS PODR\u00c1N REMITIR LAS CREDENCIALES GENERADAS DIRECTAMENTE A CADA TUTOR POR CORREO ELECTR\u00d3NICO. Gu\u00eda de la Comunidad de Madrid para ordenador Gu\u00eda de la Comunidad de Madrid para m\u00f3vil<\/p>\n","protected":false},"author":2,"featured_media":1239,"parent":0,"menu_order":0,"comment_status":"closed","ping_status":"closed","template":"","meta":{"footnotes":""},"folder":[],"class_list":["post-640","page","type-page","status-publish","has-post-thumbnail","hentry"],"rttpg_featured_image_url":{"full":["https:\/\/site.educa.madrid.org\/ies.newton.madrid\/\/wp-content\/uploads\/ies.newton.madrid\/2020\/11\/roble-1.png",150,100,false],"landscape":["https:\/\/site.educa.madrid.org\/ies.newton.madrid\/\/wp-content\/uploads\/ies.newton.madrid\/2020\/11\/roble-1.png",150,100,false],"portraits":["https:\/\/site.educa.madrid.org\/ies.newton.madrid\/\/wp-content\/uploads\/ies.newton.madrid\/2020\/11\/roble-1.png",150,100,false],"thumbnail":["https:\/\/site.educa.madrid.org\/ies.newton.madrid\/\/wp-content\/uploads\/ies.newton.madrid\/2020\/11\/roble-1.png",150,100,false],"medium":["https:\/\/site.educa.madrid.org\/ies.newton.madrid\/\/wp-content\/uploads\/ies.newton.madrid\/2020\/11\/roble-1.png",150,100,false],"large":["https:\/\/site.educa.madrid.org\/ies.newton.madrid\/\/wp-content\/uploads\/ies.newton.madrid\/2020\/11\/roble-1.png",150,100,false],"thumblist":["https:\/\/site.educa.madrid.org\/ies.newton.madrid\/\/wp-content\/uploads\/ies.newton.madrid\/2020\/11\/roble-1.png",150,100,false],"thumbrelated":["https:\/\/site.educa.madrid.org\/ies.newton.madrid\/\/wp-content\/uploads\/ies.newton.madrid\/2020\/11\/roble-1.png",150,100,false],"meccarouselthumb":["https:\/\/site.educa.madrid.org\/ies.newton.madrid\/\/wp-content\/uploads\/ies.newton.madrid\/2020\/11\/roble-1.png",150,100,false],"gridsquare":["https:\/\/site.educa.madrid.org\/ies.newton.madrid\/\/wp-content\/uploads\/ies.newton.madrid\/2020\/11\/roble-1.png",150,100,false],"tileview":["https:\/\/site.educa.madrid.org\/ies.newton.madrid\/\/wp-content\/uploads\/ies.newton.madrid\/2020\/11\/roble-1.png",150,100,false],"1536x1536":["https:\/\/site.educa.madrid.org\/ies.newton.madrid\/\/wp-content\/uploads\/ies.newton.madrid\/2020\/11\/roble-1.png",150,100,false],"2048x2048":["https:\/\/site.educa.madrid.org\/ies.newton.madrid\/\/wp-content\/uploads\/ies.newton.madrid\/2020\/11\/roble-1.png",150,100,false],"academic-education-homepage-thumb":["https:\/\/site.educa.madrid.org\/ies.newton.madrid\/\/wp-content\/uploads\/ies.newton.madrid\/2020\/11\/roble-1.png",150,100,false],"sow-carousel-default":["https:\/\/site.educa.madrid.org\/ies.newton.madrid\/\/wp-content\/uploads\/ies.newton.madrid\/2020\/11\/roble-1.png",150,100,false],"sow-post-carousel-overlay-theme":["https:\/\/site.educa.madrid.org\/ies.newton.madrid\/\/wp-content\/uploads\/ies.newton.madrid\/2020\/11\/roble-1.png",150,100,false],"sow-post-carousel-cards-theme":["https:\/\/site.educa.madrid.org\/ies.newton.madrid\/\/wp-content\/uploads\/ies.newton.madrid\/2020\/11\/roble-1.png",150,100,false],"rt_custom":["https:\/\/site.educa.madrid.org\/ies.newton.madrid\/\/wp-content\/uploads\/ies.newton.madrid\/2020\/11\/roble-1.png",150,100,false]},"rttpg_author":{"display_name":"tic.ies.newton.madrid","author_link":"https:\/\/site.educa.madrid.org\/ies.newton.madrid\/index.php\/author\/cuenta_tic-ies-newton-madrid\/"},"rttpg_comment":0,"rttpg_category":false,"rttpg_excerpt":"MEJORA DEL PROCEDIMIENTO DE ACREDITACI\u00d3N-ENTREGA DE CREDENCIALES A TUTORES DE ALUMNOS PARA EL ACCESO A RA\u00cdCES \u2013 ROBLE. A PARTIR DEL CURSO 20-21, LOS CENTROS EDUCATIVOS PODR\u00c1N REMITIR LAS CREDENCIALES GENERADAS DIRECTAMENTE A CADA TUTOR POR CORREO ELECTR\u00d3NICO. Gu\u00eda de la Comunidad de Madrid para ordenador Gu\u00eda de la Comunidad de Madrid para m\u00f3vil","post_mailing_queue_ids":[],"_links":{"self":[{"href":"https:\/\/site.educa.madrid.org\/ies.newton.madrid\/index.php\/wp-json\/wp\/v2\/pages\/640","targetHints":{"allow":["GET"]}}],"collection":[{"href":"https:\/\/site.educa.madrid.org\/ies.newton.madrid\/index.php\/wp-json\/wp\/v2\/pages"}],"about":[{"href":"https:\/\/site.educa.madrid.org\/ies.newton.madrid\/index.php\/wp-json\/wp\/v2\/types\/page"}],"author":[{"embeddable":true,"href":"https:\/\/site.educa.madrid.org\/ies.newton.madrid\/index.php\/wp-json\/wp\/v2\/users\/2"}],"replies":[{"embeddable":true,"href":"https:\/\/site.educa.madrid.org\/ies.newton.madrid\/index.php\/wp-json\/wp\/v2\/comments?post=640"}],"version-history":[{"count":22,"href":"https:\/\/site.educa.madrid.org\/ies.newton.madrid\/index.php\/wp-json\/wp\/v2\/pages\/640\/revisions"}],"predecessor-version":[{"id":1421,"href":"https:\/\/site.educa.madrid.org\/ies.newton.madrid\/index.php\/wp-json\/wp\/v2\/pages\/640\/revisions\/1421"}],"wp:featuredmedia":[{"embeddable":true,"href":"https:\/\/site.educa.madrid.org\/ies.newton.madrid\/index.php\/wp-json\/wp\/v2\/media\/1239"}],"wp:attachment":[{"href":"https:\/\/site.educa.madrid.org\/ies.newton.madrid\/index.php\/wp-json\/wp\/v2\/media?parent=640"}],"wp:term":[{"taxonomy":"folder","embeddable":true,"href":"https:\/\/site.educa.madrid.org\/ies.newton.madrid\/index.php\/wp-json\/wp\/v2\/folder?post=640"}],"curies":[{"name":"wp","href":"https:\/\/api.w.org\/{rel}","templated":true}]}}