{"id":936,"date":"2020-11-22T10:49:42","date_gmt":"2020-11-22T10:49:42","guid":{"rendered":"https:\/\/site.educa.madrid.org\/ies.newton.madrid\/?page_id=936"},"modified":"2020-11-22T10:50:55","modified_gmt":"2020-11-22T10:50:55","slug":"titulos","status":"publish","type":"page","link":"https:\/\/site.educa.madrid.org\/ies.newton.madrid\/index.php\/titulos\/","title":{"rendered":"T\u00edtulos"},"content":{"rendered":"\n<div style=\"height:38px\" aria-hidden=\"true\" class=\"wp-block-spacer\"><\/div>\n\n\n\n<h2 class=\"wp-block-heading\">Recogida<\/h2>\n\n\n\n<h5 class=\"wp-block-heading\">De 09:00 a 14:00 horas en la Secretar\u00eda del centro en d\u00edas lectivos.<\/h5>\n\n\n\n<p>Los interesados&nbsp;<strong>han de traer como documentaci\u00f3n acreditativa su DNI<\/strong>.<\/p>\n\n\n\n<p>En caso de que&nbsp; sea otra persona quien venga a recogerlo, deben traer su propio DNI, una fotocopia del interesado y una autorizaci\u00f3n firmada por \u00e9l.<\/p>\n","protected":false},"excerpt":{"rendered":"<p>Recogida De 09:00 a 14:00 horas en la Secretar\u00eda del centro en d\u00edas lectivos. Los interesados&nbsp;han de traer como documentaci\u00f3n acreditativa su DNI. En caso de que&nbsp; sea otra persona quien venga a recogerlo, deben traer su propio DNI, una fotocopia del interesado y una autorizaci\u00f3n firmada por \u00e9l.<\/p>\n","protected":false},"author":2,"featured_media":0,"parent":0,"menu_order":0,"comment_status":"closed","ping_status":"closed","template":"","meta":{"footnotes":""},"folder":[],"class_list":["post-936","page","type-page","status-publish","hentry"],"rttpg_featured_image_url":null,"rttpg_author":{"display_name":"tic.ies.newton.madrid","author_link":"https:\/\/site.educa.madrid.org\/ies.newton.madrid\/index.php\/author\/cuenta_tic-ies-newton-madrid\/"},"rttpg_comment":0,"rttpg_category":false,"rttpg_excerpt":"Recogida De 09:00 a 14:00 horas en la Secretar\u00eda del centro en d\u00edas lectivos. Los interesados&nbsp;han de traer como documentaci\u00f3n acreditativa su DNI. En caso de que&nbsp; sea otra persona quien venga a recogerlo, deben traer su propio DNI, una fotocopia del interesado y una autorizaci\u00f3n firmada por \u00e9l.","post_mailing_queue_ids":[],"_links":{"self":[{"href":"https:\/\/site.educa.madrid.org\/ies.newton.madrid\/index.php\/wp-json\/wp\/v2\/pages\/936","targetHints":{"allow":["GET"]}}],"collection":[{"href":"https:\/\/site.educa.madrid.org\/ies.newton.madrid\/index.php\/wp-json\/wp\/v2\/pages"}],"about":[{"href":"https:\/\/site.educa.madrid.org\/ies.newton.madrid\/index.php\/wp-json\/wp\/v2\/types\/page"}],"author":[{"embeddable":true,"href":"https:\/\/site.educa.madrid.org\/ies.newton.madrid\/index.php\/wp-json\/wp\/v2\/users\/2"}],"replies":[{"embeddable":true,"href":"https:\/\/site.educa.madrid.org\/ies.newton.madrid\/index.php\/wp-json\/wp\/v2\/comments?post=936"}],"version-history":[{"count":2,"href":"https:\/\/site.educa.madrid.org\/ies.newton.madrid\/index.php\/wp-json\/wp\/v2\/pages\/936\/revisions"}],"predecessor-version":[{"id":939,"href":"https:\/\/site.educa.madrid.org\/ies.newton.madrid\/index.php\/wp-json\/wp\/v2\/pages\/936\/revisions\/939"}],"wp:attachment":[{"href":"https:\/\/site.educa.madrid.org\/ies.newton.madrid\/index.php\/wp-json\/wp\/v2\/media?parent=936"}],"wp:term":[{"taxonomy":"folder","embeddable":true,"href":"https:\/\/site.educa.madrid.org\/ies.newton.madrid\/index.php\/wp-json\/wp\/v2\/folder?post=936"}],"curies":[{"name":"wp","href":"https:\/\/api.w.org\/{rel}","templated":true}]}}