{"id":967,"date":"2020-11-23T05:24:36","date_gmt":"2020-11-23T05:24:36","guid":{"rendered":"https:\/\/site.educa.madrid.org\/ies.newton.madrid\/?page_id=967"},"modified":"2020-11-23T05:24:38","modified_gmt":"2020-11-23T05:24:38","slug":"aviso-legal","status":"publish","type":"page","link":"https:\/\/site.educa.madrid.org\/ies.newton.madrid\/index.php\/aviso-legal\/","title":{"rendered":"Aviso Legal"},"content":{"rendered":"\n<p><strong><u>AVISO LEGAL<\/u><\/strong><\/p>\n\n\n\n<p><strong>El contenido de este blog tiene car\u00e1cter meramente informativo.&nbsp;Cualquier decisi\u00f3n o actuaci\u00f3n basada en su contenido deber\u00e1 ser objeto del adecuado asesoramiento profesional<\/strong>.<\/p>\n\n\n\n<p>Copyrigth: \u00a9site.educa.madrid.org\/ies.newton.madrid<\/p>\n\n\n\n<p>Informaci\u00f3n general (Ley 34\/2002)<\/p>\n\n\n\n<ul class=\"wp-block-list\"><li>Titular: IES Isaac Newton<\/li><li>Direcci\u00f3n: Joaqu\u00edn Lorenzo 2, 28035,\u00a0Madrid (Espa\u00f1a).<\/li><li>Contacto: Tlfno: 913732052 &#8211; 913866587<br><\/li><\/ul>\n\n\n\n<p>Condiciones de uso<\/p>\n\n\n\n<p>No est\u00e1 permitida la reproducci\u00f3n total o parcial de los datos contenidos en este sitio web. Cualquier utilizaci\u00f3n de los mismos contraria a las normas en materia de propiedad intelectual, ser\u00e1 perseguida con arreglo a la legislaci\u00f3n vigente. \u00danica y exclusivamente se permite la utilizaci\u00f3n de los datos contenidos en este sitio web para solicitar servicios de consultoria al titular del dominio. Se proh\u00edbe cualquier otra utilizaci\u00f3n, especialmente el env\u00edo de publicidad.<\/p>\n\n\n\n<p>Todos los contenidos del sitio web, entendiendo por \u00e9stos, a t\u00edtulo meramente enunciativo, los textos, fotograf\u00edas, gr\u00e1ficos, im\u00e1genes, iconos, tecnolog\u00eda, software, links y dem\u00e1s contenidos audiovisuales o sonoros, as\u00ed como su dise\u00f1o gr\u00e1fico y c\u00f3digos fuente, son propiedad intelectual de IES Isaac Newton o de terceros, sin que puedan entenderse cedidos al usuario ninguno de los derechos de explotaci\u00f3n reconocidos por la normativa vigente en materia de propiedad intelectual sobre los mismos.<\/p>\n\n\n\n<p>Las marcas, nombres comerciales o signos distintivos son titularidad de IES Isaac Newton o de terceros, sin que pueda entenderse que el acceso al sitio web atribuye alg\u00fan derecho sobre los mismos. Todos los derechos reservados. Prohibida su reproducci\u00f3n total o parcial.<\/p>\n\n\n\n<p>IES Isaac Newton se reserva la facultad de realizar, en cualquier momento y sin necesidad de preaviso, cualquier modificaci\u00f3n o actualizaci\u00f3n de sus contenidos y servicios; de las presentes Condiciones de Uso (incluyendo los precios en ellas indicados) y, en general, de cuantos elementos integran el dise\u00f1o y configuraci\u00f3n del sitio web.<\/p>\n\n\n\n<p>Con los l\u00edmites establecidos en la ley, IES Isaac Newton no asume ninguna responsabilidad derivada de la falta de veracidad, integridad, actualizaci\u00f3n y precisi\u00f3n de los datos o informaciones que se contienen en sus p\u00e1ginas de Internet.<\/p>\n\n\n\n<p>Protecci\u00f3n de datos de car\u00e1cter personal<\/p>\n\n\n\n<p>Para acceder a algunos de los servicios que IES Isaac Newton ofrece a trav\u00e9s de este sitio web, el usuario deber\u00e1 proporcionar algunos datos de car\u00e1cter personal. En cumplimiento de lo establecido en la Ley Org\u00e1nica 15\/1999, de 13 de diciembre, de Protecci\u00f3n de Datos de Car\u00e1cter Personal, le informamos que los datos personales que nos facilite quedar\u00e1n incorporados y ser\u00e1n tratados en los ficheros de IES Isaac Newton, con el fin de poderle prestar los servicios solicitados, as\u00ed como para mantenerle informado, incluso por medios electr\u00f3nicos, de los productos y servicios comercializados por IES Isaac Newton, o bien por terceras entidades pertenecientes o dirigidas al sector art\u00edstico.<\/p>\n\n\n\n<p>Puede ejercer los derechos de acceso, rectificaci\u00f3n, cancelaci\u00f3n y oposici\u00f3n a sus datos de car\u00e1cter personal mediante correo electr\u00f3nico dirigido a <a rel=\"noreferrer noopener\" href=\"http:\/\/derechobancario.org\/contacto\/\" target=\"_blank\"><strong><a href=\"mailto:ies.newton.madrid@educa.madrid.org\">ies.newton.madrid@educa.madrid.org<\/a><\/strong><\/a><\/p>\n\n\n\n<p>Exclusi\u00f3n de Garant\u00edas y Responsabilidad<\/p>\n\n\n\n<p>No se garantiza la disponibilidad y continuidad del funcionamiento del sitio web y de sus servicios. Cuando ello sea razonablemente posible, IES Isaac Newton advertir\u00e1 previamente de las interrupciones en el funcionamiento del sitio web y de sus servicios. IES Isaac Newton tampoco garantiza la utilidad del sitio web y de sus servicios para la realizaci\u00f3n de ninguna actividad en particular, ni su infalibilidad y, en particular, aunque no de modo exclusivo, que los Usuarios puedan efectivamente utilizar el sitio web y sus servicios, acceder a las distintas p\u00e1ginas que forman el sitio web o a aquellas desde las que se prestan los servicios.<\/p>\n\n\n\n<p>Legislaci\u00f3n aplicable y jurisdicci\u00f3n competente<\/p>\n\n\n\n<p>La utilizaci\u00f3n, uso o cualquier aspecto relacionado con las presentes Condiciones de Uso, quedan sujetos a la legislaci\u00f3n espa\u00f1ola y a los Juzgados y Tribunales de Madrid (Espa\u00f1a).<\/p>\n\n\n\n<p>No obstante, en aquellos supuestos en que el Usuario ostente la consideraci\u00f3n de consumidor seg\u00fan establece el art\u00edculo 3 del Real Decreto Legislativo 1\/2007, de 16 de noviembre, por el que se aprueba el texto refundido de la Ley General para la Defensa de los Consumidores y Usuarios, IES Isaac Newton se someter\u00e1 expresamente a la jurisdicci\u00f3n de los tribunales que sean competentes seg\u00fan la legislaci\u00f3n vigente en cada momento.<\/p>\n\n\n\n<p>Las presentes Condiciones de Uso \u00fanicamente est\u00e1n disponibles en lengua castellana. Si usted tiene alguna duda sobre la utilizaci\u00f3n de la informaci\u00f3n contenida en IES Isaac Newton puede contactar con IES Isaac newton mediante el correo electr\u00f3nico <a rel=\"noreferrer noopener\" href=\"http:\/\/www.iesbarriodebilbao.es\/es\/formas-de-contactar\/http:\/\/iesbarriodebilbao.es\/contacto\" target=\"_blank\"><strong><a href=\"mailto:ies.newton.madrid@educa.madrid.org\">ies.newton.madrid@educa.madrid.org<\/a><\/strong><\/a><\/p>\n","protected":false},"excerpt":{"rendered":"<p>AVISO LEGAL El contenido de este blog tiene car\u00e1cter meramente informativo.&nbsp;Cualquier decisi\u00f3n o actuaci\u00f3n basada en su contenido deber\u00e1 ser objeto del adecuado asesoramiento profesional. Copyrigth: \u00a9site.educa.madrid.org\/ies.newton.madrid Informaci\u00f3n general (Ley 34\/2002) Titular: IES Isaac Newton Direcci\u00f3n: Joaqu\u00edn Lorenzo 2, 28035,\u00a0Madrid (Espa\u00f1a). Contacto: Tlfno: 913732052 &#8211; 913866587 Condiciones de uso No est\u00e1 permitida la reproducci\u00f3n total [&hellip;]<\/p>\n","protected":false},"author":2,"featured_media":0,"parent":0,"menu_order":0,"comment_status":"closed","ping_status":"closed","template":"","meta":{"footnotes":""},"folder":[],"class_list":["post-967","page","type-page","status-publish","hentry"],"rttpg_featured_image_url":null,"rttpg_author":{"display_name":"tic.ies.newton.madrid","author_link":"https:\/\/site.educa.madrid.org\/ies.newton.madrid\/index.php\/author\/cuenta_tic-ies-newton-madrid\/"},"rttpg_comment":0,"rttpg_category":false,"rttpg_excerpt":"AVISO LEGAL El contenido de este blog tiene car\u00e1cter meramente informativo.&nbsp;Cualquier decisi\u00f3n o actuaci\u00f3n basada en su contenido deber\u00e1 ser objeto del adecuado asesoramiento profesional. Copyrigth: \u00a9site.educa.madrid.org\/ies.newton.madrid Informaci\u00f3n general (Ley 34\/2002) Titular: IES Isaac Newton Direcci\u00f3n: Joaqu\u00edn Lorenzo 2, 28035,\u00a0Madrid (Espa\u00f1a). Contacto: Tlfno: 913732052 &#8211; 913866587 Condiciones de uso No est\u00e1 permitida la reproducci\u00f3n total&hellip;","post_mailing_queue_ids":[],"_links":{"self":[{"href":"https:\/\/site.educa.madrid.org\/ies.newton.madrid\/index.php\/wp-json\/wp\/v2\/pages\/967","targetHints":{"allow":["GET"]}}],"collection":[{"href":"https:\/\/site.educa.madrid.org\/ies.newton.madrid\/index.php\/wp-json\/wp\/v2\/pages"}],"about":[{"href":"https:\/\/site.educa.madrid.org\/ies.newton.madrid\/index.php\/wp-json\/wp\/v2\/types\/page"}],"author":[{"embeddable":true,"href":"https:\/\/site.educa.madrid.org\/ies.newton.madrid\/index.php\/wp-json\/wp\/v2\/users\/2"}],"replies":[{"embeddable":true,"href":"https:\/\/site.educa.madrid.org\/ies.newton.madrid\/index.php\/wp-json\/wp\/v2\/comments?post=967"}],"version-history":[{"count":1,"href":"https:\/\/site.educa.madrid.org\/ies.newton.madrid\/index.php\/wp-json\/wp\/v2\/pages\/967\/revisions"}],"predecessor-version":[{"id":968,"href":"https:\/\/site.educa.madrid.org\/ies.newton.madrid\/index.php\/wp-json\/wp\/v2\/pages\/967\/revisions\/968"}],"wp:attachment":[{"href":"https:\/\/site.educa.madrid.org\/ies.newton.madrid\/index.php\/wp-json\/wp\/v2\/media?parent=967"}],"wp:term":[{"taxonomy":"folder","embeddable":true,"href":"https:\/\/site.educa.madrid.org\/ies.newton.madrid\/index.php\/wp-json\/wp\/v2\/folder?post=967"}],"curies":[{"name":"wp","href":"https:\/\/api.w.org\/{rel}","templated":true}]}}