{"id":1231,"date":"2025-05-10T20:26:49","date_gmt":"2025-05-10T18:26:49","guid":{"rendered":"https:\/\/site.educa.madrid.org\/ies.principefelipe.madrid\/?page_id=1231"},"modified":"2025-05-14T23:11:49","modified_gmt":"2025-05-14T21:11:49","slug":"programa-refuerza","status":"publish","type":"page","link":"https:\/\/site.educa.madrid.org\/ies.principefelipe.madrid\/index.php\/programa-refuerza\/","title":{"rendered":"Programa REFUERZA"},"content":{"rendered":"<div id=\"pl-gb1231-6a03329c5d07d\"  class=\"panel-layout panel-layout\" ><div id=\"pg-gb1231-6a03329c5d07d-0\"  class=\"panel-grid panel-no-style\"  data-style=\"{&quot;background_image_attachment&quot;:false,&quot;background_display&quot;:&quot;tile&quot;,&quot;background_image_size&quot;:&quot;full&quot;,&quot;background_image_opacity&quot;:&quot;100&quot;,&quot;border_thickness&quot;:&quot;1px&quot;,&quot;full_height&quot;:&quot;&quot;,&quot;cell_alignment&quot;:&quot;flex-start&quot;,&quot;link_overlay_new_window&quot;:&quot;&quot;}\" ><div id=\"pgc-gb1231-6a03329c5d07d-0-0\"  class=\"panel-grid-cell\"  data-weight=\"1\" ><div id=\"panel-gb1231-6a03329c5d07d-0-0-0\" class=\"so-panel widget widget_sow-image panel-first-child panel-last-child\" data-index=\"0\" data-style=\"{&quot;background_image_attachment&quot;:false,&quot;background_display&quot;:&quot;tile&quot;,&quot;background_image_size&quot;:&quot;full&quot;,&quot;background_image_opacity&quot;:&quot;100&quot;,&quot;border_thickness&quot;:&quot;1px&quot;,&quot;link_overlay_new_window&quot;:&quot;&quot;}\" ><div\n\t\t\t\n\t\t\tclass=\"so-widget-sow-image so-widget-sow-image-default-8b5b6f678277\"\n\t\t\t\n\t\t>\n\n<div class=\"sow-image-container\">\n\t\t<img loading=\"lazy\" decoding=\"async\" src=\"https:\/\/site.educa.madrid.org\/ies.principefelipe.madrid\/\/wp-content\/uploads\/ies.principefelipe.madrid\/2025\/05\/13.png\" width=\"1463\" height=\"188\" srcset=\"https:\/\/site.educa.madrid.org\/ies.principefelipe.madrid\/\/wp-content\/uploads\/ies.principefelipe.madrid\/2025\/05\/13.png 1463w, https:\/\/site.educa.madrid.org\/ies.principefelipe.madrid\/\/wp-content\/uploads\/ies.principefelipe.madrid\/2025\/05\/13-300x39.png 300w, https:\/\/site.educa.madrid.org\/ies.principefelipe.madrid\/\/wp-content\/uploads\/ies.principefelipe.madrid\/2025\/05\/13-1024x132.png 1024w, https:\/\/site.educa.madrid.org\/ies.principefelipe.madrid\/\/wp-content\/uploads\/ies.principefelipe.madrid\/2025\/05\/13-768x99.png 768w\" sizes=\"auto, (max-width: 1463px) 100vw, 1463px\" alt=\"\" \t\tclass=\"so-widget-image\"\/>\n\t<\/div>\n\n<\/div><\/div><\/div><\/div><\/div>\n\n\n<p><\/p>\n\n\n\n<p><\/p>\n\n\n<h3><span style=\"color: #ba0b0b;\"><strong>Caracter\u00edsticas<\/strong><\/span><\/h3>\n<p>Los centros desarrollar\u00e1n\u00a0la actividad en el\u00a0curso 2024-2025\u00a0en\u00a0cinco meses y medio (<strong>enero-primera quincena de junio<\/strong>) en horario de tarde.\u00a0<strong>La direcci\u00f3n del centro y el profesor responsable del programa supervisar\u00e1n<\/strong>\u00a0todas las actuaciones que requiera el programa.\u00a0<\/p>\n<p>Tendr\u00e1\u00a0<strong>car\u00e1cter no lucrativo<\/strong>\u00a0 y\u00a0<strong>voluntario<\/strong>\u00a0para el alumnado y se imparte en horario\u00a0<strong>no lectivo,\u00a0<\/strong>favoreciendo la atenci\u00f3n educativa personalizada as\u00ed como la conciliaci\u00f3n familiar y\u00a0\u00a0laboral.<\/p>\n<h3>\u00a0<\/h3>\n<h3><strong><span style=\"color: #ba0b0b;\">Destinatarios<\/span><\/strong><\/h3>\n<p><strong>Ser\u00e1n destinatarios\u00a0<\/strong>del programa REFUERZA los alumnos que cursen la Educaci\u00f3n Secundaria Obligatoria, preferentemente de los cursos primero, segundo y tercero. Los alumnos ser\u00e1n seleccionados por el equipo de profesores de cada uno de los grupos, a propuesta del tutor.\u00a0La participaci\u00f3n en el programa\u00a0<strong>implicar\u00e1 un compromiso de asistencia y aprovechamiento<\/strong>\u00a0por parte del alumno y su familia.<\/p>\n<h3>\u00a0<\/h3>\n<h3><strong><span style=\"color: #ba0b0b;\">Actividades<\/span><\/strong><\/h3>\n<p><strong>La actividad que podr\u00e1 desarrollarse se centrar\u00e1 en<\/strong>:<\/p>\n<ul>\n<li>El aprendizaje de contenidos b\u00e1sicos de las materias instrumentales.<\/li>\n<li>Lectura guiada.<\/li>\n<li>Trabajo de las actividades propuestas en clase.<\/li>\n<li>Resoluci\u00f3n de dudas.<\/li>\n<li>Adquisici\u00f3n de h\u00e1bitos y t\u00e9cnicas de estudio eficaces.<\/li>\n<li>Recuperaci\u00f3n de desfases respecto al grupo de referencia.<\/li>\n<\/ul>\n<p><strong>La actividad se organizar\u00e1 en grupos de apoyo y refuerzo acad\u00e9mico<\/strong>:<\/p>\n<ul>\n<li>Los grupos estar\u00e1n compuestos por un\u00a0<strong>m\u00ednimo de seis alumnos y un m\u00e1ximo de doce<\/strong>,\u00a0<\/li>\n<li><strong>Cada grupo recibir\u00e1 al menos cuatro horas semanales (dos de Matem\u00e1ticas y dos de Lengua Castellana y Literatura, fundamentalmente)<\/strong>, preferentemente en dos sesiones de dos horas de duraci\u00f3n cada una, que ser\u00e1n impartidas fuera del horario lectivo, pero en el mismo centro.<\/li>\n<li>La asignaci\u00f3n de grupos se realizar\u00e1 despu\u00e9s de un estudio de necesidades de los centros educativos.<\/li>\n<\/ul>\n\n\n<pre class=\"wp-block-preformatted\"><\/pre>\n","protected":false},"excerpt":{"rendered":"<p>Caracter\u00edsticas Los centros desarrollar\u00e1n\u00a0la actividad en el\u00a0curso 2024-2025\u00a0en\u00a0cinco meses y medio (enero-primera quincena de junio) en horario de tarde.\u00a0La direcci\u00f3n del centro y el profesor responsable del programa supervisar\u00e1n\u00a0todas las actuaciones que requiera el programa.\u00a0 Tendr\u00e1\u00a0car\u00e1cter no lucrativo\u00a0 y\u00a0voluntario\u00a0para el alumnado y se imparte en horario\u00a0no lectivo,\u00a0favoreciendo la atenci\u00f3n educativa personalizada as\u00ed como la conciliaci\u00f3n [&hellip;]<\/p>\n","protected":false},"author":2,"featured_media":0,"parent":0,"menu_order":0,"comment_status":"closed","ping_status":"closed","template":"","meta":{"footnotes":""},"folder":[],"class_list":["post-1231","page","type-page","status-publish","hentry"],"rttpg_featured_image_url":null,"rttpg_author":{"display_name":"tic.ies.principefelipe.madrid","author_link":"https:\/\/site.educa.madrid.org\/ies.principefelipe.madrid\/index.php\/author\/cuenta_tic-ies-principefelipe-madrid\/"},"rttpg_comment":0,"rttpg_category":false,"rttpg_excerpt":"Caracter\u00edsticas Los centros desarrollar\u00e1n\u00a0la actividad en el\u00a0curso 2024-2025\u00a0en\u00a0cinco meses y medio (enero-primera quincena de junio) en horario de tarde.\u00a0La direcci\u00f3n del centro y el profesor responsable del programa supervisar\u00e1n\u00a0todas las actuaciones que requiera el programa.\u00a0 Tendr\u00e1\u00a0car\u00e1cter no lucrativo\u00a0 y\u00a0voluntario\u00a0para el alumnado y se imparte en horario\u00a0no lectivo,\u00a0favoreciendo la atenci\u00f3n educativa personalizada as\u00ed como la conciliaci\u00f3n&hellip;","post_mailing_queue_ids":[],"_links":{"self":[{"href":"https:\/\/site.educa.madrid.org\/ies.principefelipe.madrid\/index.php\/wp-json\/wp\/v2\/pages\/1231","targetHints":{"allow":["GET"]}}],"collection":[{"href":"https:\/\/site.educa.madrid.org\/ies.principefelipe.madrid\/index.php\/wp-json\/wp\/v2\/pages"}],"about":[{"href":"https:\/\/site.educa.madrid.org\/ies.principefelipe.madrid\/index.php\/wp-json\/wp\/v2\/types\/page"}],"author":[{"embeddable":true,"href":"https:\/\/site.educa.madrid.org\/ies.principefelipe.madrid\/index.php\/wp-json\/wp\/v2\/users\/2"}],"replies":[{"embeddable":true,"href":"https:\/\/site.educa.madrid.org\/ies.principefelipe.madrid\/index.php\/wp-json\/wp\/v2\/comments?post=1231"}],"version-history":[{"count":5,"href":"https:\/\/site.educa.madrid.org\/ies.principefelipe.madrid\/index.php\/wp-json\/wp\/v2\/pages\/1231\/revisions"}],"predecessor-version":[{"id":1777,"href":"https:\/\/site.educa.madrid.org\/ies.principefelipe.madrid\/index.php\/wp-json\/wp\/v2\/pages\/1231\/revisions\/1777"}],"wp:attachment":[{"href":"https:\/\/site.educa.madrid.org\/ies.principefelipe.madrid\/index.php\/wp-json\/wp\/v2\/media?parent=1231"}],"wp:term":[{"taxonomy":"folder","embeddable":true,"href":"https:\/\/site.educa.madrid.org\/ies.principefelipe.madrid\/index.php\/wp-json\/wp\/v2\/folder?post=1231"}],"curies":[{"name":"wp","href":"https:\/\/api.w.org\/{rel}","templated":true}]}}