{"id":134,"date":"2022-06-06T09:28:11","date_gmt":"2022-06-06T07:28:11","guid":{"rendered":"https:\/\/site.educa.madrid.org\/ies.principefelipe.madrid\/?page_id=134"},"modified":"2025-05-13T16:28:57","modified_gmt":"2025-05-13T14:28:57","slug":"titulos","status":"publish","type":"page","link":"https:\/\/site.educa.madrid.org\/ies.principefelipe.madrid\/index.php\/secretaria\/titulos\/","title":{"rendered":"T\u00edtulos"},"content":{"rendered":"<div id=\"pl-gb134-6a03262724cff\"  class=\"panel-layout panel-layout\" ><div id=\"pg-gb134-6a03262724cff-0\"  class=\"panel-grid panel-no-style\"  data-style=\"{&quot;background_image_attachment&quot;:false,&quot;background_display&quot;:&quot;tile&quot;,&quot;background_image_size&quot;:&quot;full&quot;,&quot;background_image_opacity&quot;:&quot;100&quot;,&quot;border_thickness&quot;:&quot;1px&quot;,&quot;full_height&quot;:&quot;&quot;,&quot;cell_alignment&quot;:&quot;flex-start&quot;,&quot;link_overlay_new_window&quot;:&quot;&quot;}\" ><div id=\"pgc-gb134-6a03262724cff-0-0\"  class=\"panel-grid-cell\"  data-weight=\"1\" ><div id=\"panel-gb134-6a03262724cff-0-0-0\" class=\"so-panel widget widget_sow-image panel-first-child panel-last-child\" data-index=\"0\" data-style=\"{&quot;background_image_attachment&quot;:false,&quot;background_display&quot;:&quot;tile&quot;,&quot;background_image_size&quot;:&quot;full&quot;,&quot;background_image_opacity&quot;:&quot;100&quot;,&quot;border_thickness&quot;:&quot;1px&quot;,&quot;link_overlay_new_window&quot;:&quot;&quot;}\" ><div\n\t\t\t\n\t\t\tclass=\"so-widget-sow-image so-widget-sow-image-default-8b5b6f678277\"\n\t\t\t\n\t\t>\n\n<div class=\"sow-image-container\">\n\t\t<img loading=\"lazy\" decoding=\"async\" src=\"https:\/\/site.educa.madrid.org\/ies.principefelipe.madrid\/\/wp-content\/uploads\/ies.principefelipe.madrid\/2025\/05\/20.png\" width=\"1463\" height=\"188\" srcset=\"https:\/\/site.educa.madrid.org\/ies.principefelipe.madrid\/\/wp-content\/uploads\/ies.principefelipe.madrid\/2025\/05\/20.png 1463w, https:\/\/site.educa.madrid.org\/ies.principefelipe.madrid\/\/wp-content\/uploads\/ies.principefelipe.madrid\/2025\/05\/20-300x39.png 300w, https:\/\/site.educa.madrid.org\/ies.principefelipe.madrid\/\/wp-content\/uploads\/ies.principefelipe.madrid\/2025\/05\/20-1024x132.png 1024w, https:\/\/site.educa.madrid.org\/ies.principefelipe.madrid\/\/wp-content\/uploads\/ies.principefelipe.madrid\/2025\/05\/20-768x99.png 768w\" sizes=\"auto, (max-width: 1463px) 100vw, 1463px\" alt=\"\" \t\tclass=\"so-widget-image\"\/>\n\t<\/div>\n\n<\/div><\/div><\/div><\/div><div id=\"pg-gb134-6a03262724cff-1\"  class=\"panel-grid panel-no-style\" ><div id=\"pgc-gb134-6a03262724cff-1-0\"  class=\"panel-grid-cell\"  data-weight=\"1\" ><div id=\"panel-gb134-6a03262724cff-1-0-0\" class=\"so-panel widget widget_sow-editor panel-first-child panel-last-child\" data-index=\"1\" data-style=\"{&quot;background_image_attachment&quot;:false,&quot;background_display&quot;:&quot;tile&quot;,&quot;background_image_size&quot;:&quot;full&quot;,&quot;background_image_opacity&quot;:&quot;100&quot;,&quot;border_thickness&quot;:&quot;1px&quot;,&quot;link_overlay_new_window&quot;:&quot;&quot;}\" ><div\n\t\t\t\n\t\t\tclass=\"so-widget-sow-editor so-widget-sow-editor-base\"\n\t\t\t\n\t\t>\n<div class=\"siteorigin-widget-tinymce textwidget\">\n\t<h5 class=\"font_2 wixui-rich-text__text\"><span style=\"color: #ba3030;\"><strong><span class=\"wixui-rich-text__text\"><span class=\"color_42 wixui-rich-text__text\">AVISO\u00a0<\/span><\/span><span class=\"wixui-rich-text__text\"><span class=\"color_42 wixui-rich-text__text\">MUY IMPORTANTE<\/span><\/span><\/strong><\/span><\/h5>\n<p class=\"font_8 wixui-rich-text__text\"><strong><span class=\"wixui-rich-text__text\">NO SE PUEDEN ABONAR LAS TASAS ANTES DE LA FECHA DE EVALUACI\u00d3N FINAL DE LOS ESTUDIOS CORRESPONDIENTES<\/span><\/strong><\/p>\n<h3 class=\"font_8 wixui-rich-text__text\"><span class=\"wixui-rich-text__text\" style=\"color: #ba3030;\">T\u00cdTULOS DE ESO<\/span><\/h3>\n<h5><span class=\"wixui-rich-text__text\">Se tramitan de oficio por el centro docente al finalizar 4\u00ba de ESO<\/span><\/h5>\n<p>&nbsp;<\/p>\n<h3 class=\"font_8 wixui-rich-text__text\"><span class=\"wixui-rich-text__text\" style=\"color: #ba3030;\">T\u00cdTULOS DE BACHILLERATO, T\u00c9CNICO Y T\u00c9CNICO SUPERIOR (Ciclos Formativos):<\/span><\/h3>\n<h5 class=\"font_8 wixui-rich-text__text\"><span class=\"wixui-rich-text__text\">Se tramitan a solicitud del interesado, una vez finalizados los estudios correspondientes y \u00a0previo pago de las tasas estipuladas. Actualmente, las entidades colaboradoras que prestan el servicio de recaudaci\u00f3n son: BANCO POPULAR, BANCO SABADELL, BANCO SANTANDER, BANKIA, BBVA y CAIXABANK.<\/span><\/h5>\n<p>&nbsp;<\/p>\n<h2><span style=\"color: #ba3030;\"><strong>Instrucciones<\/strong><\/span><\/h2>\n<div id=\"comp-kocl573r\" class=\"HcOXKn c9GqVL QxJLC3 lq2cno YQcXTT comp-kocl573r wixui-rich-text\" data-testid=\"richTextElement\">\n<h5 class=\"font_8 wixui-rich-text__text\"><span class=\"wixui-rich-text__text\">PARA SOLICITAR EL T\u00cdTULO HAY QUE ENVIAR AL CORREO DE SECRETAR\u00cdA, <a class=\"wixui-rich-text__text\" href=\"mailto:secretaria.ies.principefelipe.madrid@educa.madrid.org\" target=\"_self\" rel=\"noopener\">secretaria.ies.principefelipe.madrid@educa.madrid.org<\/a>,\u00a0\u00a0LA SIGUIENTE DOCUMENTACI\u00d3N (o entregarla presencialmente en caso de bonificaci\u00f3n*)<\/span><\/h5>\n<ul class=\"font_8 wixui-rich-text__text\">\n<li class=\"wixui-rich-text__text\">\n<h5 class=\"font_8 wixui-rich-text__text\"><span class=\"wixui-rich-text__text\"><a class=\"wixui-rich-text__text\" href=\"https:\/\/site.educa.madrid.org\/ies.principefelipe.madrid\/\/wp-content\/uploads\/ies.principefelipe.madrid\/2025\/05\/SOLICITUD-TITULOb.pdf\" target=\"_blank\" rel=\"noopener\">SOLICITUD FIRMADA (pincha aqu\u00ed e imprime el impreso)<\/a><\/span><\/h5>\n<\/li>\n<li class=\"wixui-rich-text__text\">\n<h5 class=\"font_8 wixui-rich-text__text\"><span class=\"wixui-rich-text__text\">DNI ESCANEADO<\/span><\/h5>\n<\/li>\n<li class=\"wixui-rich-text__text\">\n<h5 class=\"font_8 wixui-rich-text__text\"><span class=\"wixui-rich-text__text\">JUSTIFICANTE DEL PAGO DE TASAS:<\/span><\/h5>\n<ul class=\"font_8 wixui-rich-text__text\">\n<li class=\"wixui-rich-text__text\">\n<h5 class=\"font_8 wixui-rich-text__text\"><span class=\"wixui-rich-text__text\">Hay que entrar en<a class=\"wixui-rich-text__text\" href=\"https:\/\/gestiona7.madrid.org\/rtas_webapp_pagotasas\/#!\/main\" target=\"_blank\" rel=\"noreferrer noopener\">\u00a0https:\/\/gestiona7.madrid.org\/rtas_webapp_pagotasas\/#!\/main<\/a><\/span><\/h5>\n<\/li>\n<li class=\"wixui-rich-text__text\">\n<h5 class=\"font_8 wixui-rich-text__text\"><span class=\"wixui-rich-text__text\">Pulsamos en Iniciar y despu\u00e9s en Aceptar<\/span><\/h5>\n<\/li>\n<li class=\"wixui-rich-text__text\">\n<h5 class=\"font_8 wixui-rich-text__text\"><span class=\"wixui-rich-text__text\">Escogemos Pagar tasa o precio p\u00fablico<\/span><\/h5>\n<\/li>\n<li class=\"wixui-rich-text__text\">\n<h5 class=\"font_8 wixui-rich-text__text\"><span class=\"wixui-rich-text__text\">Buscamos por N\u00famero QR \u00ab3627\u00bb<\/span><\/h5>\n<\/li>\n<li class=\"wixui-rich-text__text\">\n<h5 class=\"font_8 wixui-rich-text__text\"><span class=\"wixui-rich-text__text\">Hacemos el pago telem\u00e1tico y guardamos el justificante en el ordenador para enviarlo<\/span><\/h5>\n<\/li>\n<\/ul>\n<\/li>\n<\/ul>\n<h5 class=\"font_8 wixui-rich-text__text\"><\/h5>\n<h5 class=\"font_8 wixui-rich-text__text\"><span class=\"wixui-rich-text__text\">TASA ORDINARIA: 51,49\u20ac<\/span><\/h5>\n<h5 class=\"font_8 wixui-rich-text__text\"><span class=\"wixui-rich-text__text\">* Bonificaciones: Familia Numerosa General:\u00a0 \u00a050% \u00a0<\/span><\/h5>\n<h5 class=\"font_8 wixui-rich-text__text\"><span class=\"wixui-rich-text__text\">* Exenciones: Familia Numerosa Categor\u00eda Especial y V\u00edctimas de Terrorismo.<\/span><\/h5>\n<h5 class=\"font_8 wixui-rich-text__text\"><span class=\"wixui-rich-text__text\">Es imprescindible la acreditaci\u00f3n de estas circunstancias<\/span><\/h5>\n<h5 class=\"font_8 wixui-rich-text__text\"><\/h5>\n<h5 class=\"font_8 wixui-rich-text__text\"><span class=\"wixui-rich-text__text\">*IMPORTANTE: En caso de bonificaci\u00f3n o exenci\u00f3n hay que entregar la documentaci\u00f3n presencialmente en la secretar\u00eda acompa\u00f1ada del t\u00edtulo de familia numerosa (original y fotocopia).<\/span><\/h5>\n<\/div>\n<h5><\/h5>\n<p>&nbsp;<\/p>\n<h2 class=\"font_8 wixui-rich-text__text\"><span style=\"color: #ba3030;\"><strong><span class=\"wixui-rich-text__text\">Recogida de t\u00edtulos:<\/span><\/strong><\/span><\/h2>\n<h5 class=\"font_8 wixui-rich-text__text\"><span class=\"wixui-rich-text__text\"><span class=\"wixGuard wixui-rich-text__text\">\u200b<\/span><\/span><span class=\"wixui-rich-text__text\">Todos los t\u00edtulos est\u00e1n disponibles para su recogida en la secretar\u00eda <strong>aproximadamente un a\u00f1o despu\u00e9s de la fecha de su solicitud<\/strong>.<\/span><\/h5>\n<h5 class=\"font_8 wixui-rich-text__text\"><span class=\"wixui-rich-text__text\">Lo puede retirar el propio alumno presentando su DNI u otra persona con autorizaci\u00f3n\u00a0<a class=\"wixui-rich-text__text\" href=\"https:\/\/site.educa.madrid.org\/ies.principefelipe.madrid\/\/wp-content\/uploads\/ies.principefelipe.madrid\/2025\/05\/02-Autorizacion-para-recoger-documentos.pdf\" target=\"_blank\" rel=\"noopener\">(pincha aqu\u00ed e imprime el impreso)<\/a>, fotocopia del DNI del interesado, y su propio DNI.<\/span><\/h5>\n<\/div>\n<\/div><\/div><\/div><\/div><\/div>","protected":false},"excerpt":{"rendered":"<p>AVISO\u00a0MUY IMPORTANTE NO SE PUEDEN ABONAR LAS TASAS ANTES DE LA FECHA DE EVALUACI\u00d3N FINAL DE LOS ESTUDIOS CORRESPONDIENTES T\u00cdTULOS DE ESO Se tramitan de oficio por el centro docente al finalizar 4\u00ba de ESO &nbsp; T\u00cdTULOS DE BACHILLERATO, T\u00c9CNICO Y T\u00c9CNICO SUPERIOR (Ciclos Formativos): Se tramitan a solicitud del interesado, una vez finalizados los [&hellip;]<\/p>\n","protected":false},"author":5,"featured_media":0,"parent":130,"menu_order":0,"comment_status":"closed","ping_status":"closed","template":"","meta":{"footnotes":""},"folder":[],"class_list":["post-134","page","type-page","status-publish","hentry"],"rttpg_featured_image_url":null,"rttpg_author":{"display_name":"Cuenta Admin-educamadrid","author_link":"https:\/\/site.educa.madrid.org\/ies.principefelipe.madrid\/index.php\/author\/cuenta_admin-educamadrid\/"},"rttpg_comment":0,"rttpg_category":false,"rttpg_excerpt":"AVISO\u00a0MUY IMPORTANTE NO SE PUEDEN ABONAR LAS TASAS ANTES DE LA FECHA DE EVALUACI\u00d3N FINAL DE LOS ESTUDIOS CORRESPONDIENTES T\u00cdTULOS DE ESO Se tramitan de oficio por el centro docente al finalizar 4\u00ba de ESO &nbsp; T\u00cdTULOS DE BACHILLERATO, T\u00c9CNICO Y T\u00c9CNICO SUPERIOR (Ciclos Formativos): Se tramitan a solicitud del interesado, una vez finalizados los&hellip;","post_mailing_queue_ids":[],"_links":{"self":[{"href":"https:\/\/site.educa.madrid.org\/ies.principefelipe.madrid\/index.php\/wp-json\/wp\/v2\/pages\/134","targetHints":{"allow":["GET"]}}],"collection":[{"href":"https:\/\/site.educa.madrid.org\/ies.principefelipe.madrid\/index.php\/wp-json\/wp\/v2\/pages"}],"about":[{"href":"https:\/\/site.educa.madrid.org\/ies.principefelipe.madrid\/index.php\/wp-json\/wp\/v2\/types\/page"}],"author":[{"embeddable":true,"href":"https:\/\/site.educa.madrid.org\/ies.principefelipe.madrid\/index.php\/wp-json\/wp\/v2\/users\/5"}],"replies":[{"embeddable":true,"href":"https:\/\/site.educa.madrid.org\/ies.principefelipe.madrid\/index.php\/wp-json\/wp\/v2\/comments?post=134"}],"version-history":[{"count":10,"href":"https:\/\/site.educa.madrid.org\/ies.principefelipe.madrid\/index.php\/wp-json\/wp\/v2\/pages\/134\/revisions"}],"predecessor-version":[{"id":1431,"href":"https:\/\/site.educa.madrid.org\/ies.principefelipe.madrid\/index.php\/wp-json\/wp\/v2\/pages\/134\/revisions\/1431"}],"up":[{"embeddable":true,"href":"https:\/\/site.educa.madrid.org\/ies.principefelipe.madrid\/index.php\/wp-json\/wp\/v2\/pages\/130"}],"wp:attachment":[{"href":"https:\/\/site.educa.madrid.org\/ies.principefelipe.madrid\/index.php\/wp-json\/wp\/v2\/media?parent=134"}],"wp:term":[{"taxonomy":"folder","embeddable":true,"href":"https:\/\/site.educa.madrid.org\/ies.principefelipe.madrid\/index.php\/wp-json\/wp\/v2\/folder?post=134"}],"curies":[{"name":"wp","href":"https:\/\/api.w.org\/{rel}","templated":true}]}}