{"id":1589,"date":"2025-05-14T11:47:31","date_gmt":"2025-05-14T09:47:31","guid":{"rendered":"https:\/\/site.educa.madrid.org\/ies.principefelipe.madrid\/?page_id=1589"},"modified":"2025-06-09T22:40:37","modified_gmt":"2025-06-09T20:40:37","slug":"formacion-profesional-basica","status":"publish","type":"page","link":"https:\/\/site.educa.madrid.org\/ies.principefelipe.madrid\/index.php\/formacion-profesional-basica\/","title":{"rendered":"Grado B\u00e1sico"},"content":{"rendered":"\n<figure class=\"wp-block-image size-large\"><img loading=\"lazy\" decoding=\"async\" width=\"1024\" height=\"261\" src=\"https:\/\/site.educa.madrid.org\/ies.principefelipe.madrid\/\/wp-content\/uploads\/ies.principefelipe.madrid\/2025\/05\/fp-gb-1024x261.png\" alt=\"\" class=\"wp-image-2033\" srcset=\"https:\/\/site.educa.madrid.org\/ies.principefelipe.madrid\/\/wp-content\/uploads\/ies.principefelipe.madrid\/2025\/05\/fp-gb-1024x261.png 1024w, https:\/\/site.educa.madrid.org\/ies.principefelipe.madrid\/\/wp-content\/uploads\/ies.principefelipe.madrid\/2025\/05\/fp-gb-300x76.png 300w, https:\/\/site.educa.madrid.org\/ies.principefelipe.madrid\/\/wp-content\/uploads\/ies.principefelipe.madrid\/2025\/05\/fp-gb-768x195.png 768w, https:\/\/site.educa.madrid.org\/ies.principefelipe.madrid\/\/wp-content\/uploads\/ies.principefelipe.madrid\/2025\/05\/fp-gb-1536x391.png 1536w, https:\/\/site.educa.madrid.org\/ies.principefelipe.madrid\/\/wp-content\/uploads\/ies.principefelipe.madrid\/2025\/05\/fp-gb.png 1902w\" sizes=\"auto, (max-width: 1024px) 100vw, 1024px\" \/><\/figure>\n\n\n\n<h2 class=\"wp-block-heading\">\u00bfQu\u00e9 puedes estudiar en nuestro centro?<\/h2>\n\n\n\n<figure class=\"wp-block-image size-large\"><img loading=\"lazy\" decoding=\"async\" width=\"1024\" height=\"261\" src=\"https:\/\/site.educa.madrid.org\/ies.principefelipe.madrid\/\/wp-content\/uploads\/ies.principefelipe.madrid\/2025\/05\/gb2-1024x261.png\" alt=\"\" class=\"wp-image-2034\" srcset=\"https:\/\/site.educa.madrid.org\/ies.principefelipe.madrid\/\/wp-content\/uploads\/ies.principefelipe.madrid\/2025\/05\/gb2-1024x261.png 1024w, https:\/\/site.educa.madrid.org\/ies.principefelipe.madrid\/\/wp-content\/uploads\/ies.principefelipe.madrid\/2025\/05\/gb2-300x76.png 300w, https:\/\/site.educa.madrid.org\/ies.principefelipe.madrid\/\/wp-content\/uploads\/ies.principefelipe.madrid\/2025\/05\/gb2-768x195.png 768w, https:\/\/site.educa.madrid.org\/ies.principefelipe.madrid\/\/wp-content\/uploads\/ies.principefelipe.madrid\/2025\/05\/gb2-1536x391.png 1536w, https:\/\/site.educa.madrid.org\/ies.principefelipe.madrid\/\/wp-content\/uploads\/ies.principefelipe.madrid\/2025\/05\/gb2.png 1902w\" sizes=\"auto, (max-width: 1024px) 100vw, 1024px\" \/><\/figure>\n\n\n\n<div class=\"wp-block-columns is-layout-flex wp-container-core-columns-is-layout-28f84493 wp-block-columns-is-layout-flex\">\n<div class=\"wp-block-column is-layout-flow wp-block-column-is-layout-flow\">\n<figure class=\"wp-block-image aligncenter size-thumbnail\"><a href=\"https:\/\/site.educa.madrid.org\/ies.principefelipe.madrid\/index.php\/formacion-profesional\/\"><img loading=\"lazy\" decoding=\"async\" width=\"150\" height=\"150\" src=\"https:\/\/site.educa.madrid.org\/ies.principefelipe.madrid\/\/wp-content\/uploads\/ies.principefelipe.madrid\/2025\/05\/1-9-150x150.png\" alt=\"\" class=\"wp-image-1946\" srcset=\"https:\/\/site.educa.madrid.org\/ies.principefelipe.madrid\/\/wp-content\/uploads\/ies.principefelipe.madrid\/2025\/05\/1-9-150x150.png 150w, https:\/\/site.educa.madrid.org\/ies.principefelipe.madrid\/\/wp-content\/uploads\/ies.principefelipe.madrid\/2025\/05\/1-9-300x300.png 300w, https:\/\/site.educa.madrid.org\/ies.principefelipe.madrid\/\/wp-content\/uploads\/ies.principefelipe.madrid\/2025\/05\/1-9-1024x1024.png 1024w, https:\/\/site.educa.madrid.org\/ies.principefelipe.madrid\/\/wp-content\/uploads\/ies.principefelipe.madrid\/2025\/05\/1-9-768x768.png 768w, https:\/\/site.educa.madrid.org\/ies.principefelipe.madrid\/\/wp-content\/uploads\/ies.principefelipe.madrid\/2025\/05\/1-9-500x500.png 500w, https:\/\/site.educa.madrid.org\/ies.principefelipe.madrid\/\/wp-content\/uploads\/ies.principefelipe.madrid\/2025\/05\/1-9-400x400.png 400w, https:\/\/site.educa.madrid.org\/ies.principefelipe.madrid\/\/wp-content\/uploads\/ies.principefelipe.madrid\/2025\/05\/1-9-100x100.png 100w, https:\/\/site.educa.madrid.org\/ies.principefelipe.madrid\/\/wp-content\/uploads\/ies.principefelipe.madrid\/2025\/05\/1-9-375x375.png 375w, https:\/\/site.educa.madrid.org\/ies.principefelipe.madrid\/\/wp-content\/uploads\/ies.principefelipe.madrid\/2025\/05\/1-9.png 1080w\" sizes=\"auto, (max-width: 150px) 100vw, 150px\" \/><\/a><\/figure>\n<\/div>\n\n\n\n<div class=\"wp-block-column is-layout-flow wp-block-column-is-layout-flow\">\n<figure class=\"wp-block-image aligncenter size-thumbnail\"><a href=\"https:\/\/site.educa.madrid.org\/ies.principefelipe.madrid\/\/wp-content\/uploads\/ies.principefelipe.madrid\/2025\/06\/FBP.png\"><img loading=\"lazy\" decoding=\"async\" width=\"150\" height=\"150\" src=\"https:\/\/site.educa.madrid.org\/ies.principefelipe.madrid\/\/wp-content\/uploads\/ies.principefelipe.madrid\/2025\/05\/3-8-150x150.png\" alt=\"\" class=\"wp-image-1945\" srcset=\"https:\/\/site.educa.madrid.org\/ies.principefelipe.madrid\/\/wp-content\/uploads\/ies.principefelipe.madrid\/2025\/05\/3-8-150x150.png 150w, https:\/\/site.educa.madrid.org\/ies.principefelipe.madrid\/\/wp-content\/uploads\/ies.principefelipe.madrid\/2025\/05\/3-8-300x300.png 300w, https:\/\/site.educa.madrid.org\/ies.principefelipe.madrid\/\/wp-content\/uploads\/ies.principefelipe.madrid\/2025\/05\/3-8-1024x1024.png 1024w, https:\/\/site.educa.madrid.org\/ies.principefelipe.madrid\/\/wp-content\/uploads\/ies.principefelipe.madrid\/2025\/05\/3-8-768x768.png 768w, https:\/\/site.educa.madrid.org\/ies.principefelipe.madrid\/\/wp-content\/uploads\/ies.principefelipe.madrid\/2025\/05\/3-8-500x500.png 500w, https:\/\/site.educa.madrid.org\/ies.principefelipe.madrid\/\/wp-content\/uploads\/ies.principefelipe.madrid\/2025\/05\/3-8-400x400.png 400w, https:\/\/site.educa.madrid.org\/ies.principefelipe.madrid\/\/wp-content\/uploads\/ies.principefelipe.madrid\/2025\/05\/3-8-100x100.png 100w, https:\/\/site.educa.madrid.org\/ies.principefelipe.madrid\/\/wp-content\/uploads\/ies.principefelipe.madrid\/2025\/05\/3-8-375x375.png 375w, https:\/\/site.educa.madrid.org\/ies.principefelipe.madrid\/\/wp-content\/uploads\/ies.principefelipe.madrid\/2025\/05\/3-8.png 1080w\" sizes=\"auto, (max-width: 150px) 100vw, 150px\" \/><\/a><\/figure>\n<\/div>\n\n\n\n<div class=\"wp-block-column is-layout-flow wp-block-column-is-layout-flow\">\n<figure class=\"wp-block-image aligncenter size-thumbnail\"><a href=\"https:\/\/site.educa.madrid.org\/ies.principefelipe.madrid\/index.php\/admision-grado-basico\/\"><img loading=\"lazy\" decoding=\"async\" width=\"150\" height=\"150\" src=\"https:\/\/site.educa.madrid.org\/ies.principefelipe.madrid\/\/wp-content\/uploads\/ies.principefelipe.madrid\/2025\/05\/2-9-150x150.png\" alt=\"\" class=\"wp-image-1944\" srcset=\"https:\/\/site.educa.madrid.org\/ies.principefelipe.madrid\/\/wp-content\/uploads\/ies.principefelipe.madrid\/2025\/05\/2-9-150x150.png 150w, https:\/\/site.educa.madrid.org\/ies.principefelipe.madrid\/\/wp-content\/uploads\/ies.principefelipe.madrid\/2025\/05\/2-9-300x300.png 300w, https:\/\/site.educa.madrid.org\/ies.principefelipe.madrid\/\/wp-content\/uploads\/ies.principefelipe.madrid\/2025\/05\/2-9-1024x1024.png 1024w, https:\/\/site.educa.madrid.org\/ies.principefelipe.madrid\/\/wp-content\/uploads\/ies.principefelipe.madrid\/2025\/05\/2-9-768x768.png 768w, https:\/\/site.educa.madrid.org\/ies.principefelipe.madrid\/\/wp-content\/uploads\/ies.principefelipe.madrid\/2025\/05\/2-9-500x500.png 500w, https:\/\/site.educa.madrid.org\/ies.principefelipe.madrid\/\/wp-content\/uploads\/ies.principefelipe.madrid\/2025\/05\/2-9-400x400.png 400w, https:\/\/site.educa.madrid.org\/ies.principefelipe.madrid\/\/wp-content\/uploads\/ies.principefelipe.madrid\/2025\/05\/2-9-100x100.png 100w, https:\/\/site.educa.madrid.org\/ies.principefelipe.madrid\/\/wp-content\/uploads\/ies.principefelipe.madrid\/2025\/05\/2-9-375x375.png 375w, https:\/\/site.educa.madrid.org\/ies.principefelipe.madrid\/\/wp-content\/uploads\/ies.principefelipe.madrid\/2025\/05\/2-9.png 1080w\" sizes=\"auto, (max-width: 150px) 100vw, 150px\" \/><\/a><\/figure>\n<\/div>\n<\/div>\n\n\n\n<h2 class=\"wp-block-heading\">Noticias FP<\/h2>\n\n\n<div\n\t\t\t\n\t\t\tclass=\"so-widget-sow-post-carousel so-widget-sow-post-carousel-base-493282fccb09\"\n\t\t\t\n\t\t>\t<div\n\t\tclass=\"sow-post-carousel-wrapper sow-post-carousel-theme-base\"\n\t\tstyle=\"overflow: hidden; max-width: 100%; min-height: 182px\"\n\t>\n\t\t<div class=\"sow-carousel-title\">\n\t\t\t<div class=\"sow-carousel-navigation \">\n\t\t\t\t\t\t<a href=\"#\" class=\"sow-carousel-next\" title=\"Siguiente\" aria-label=\"Entradas siguientes\" role=\"button\"><\/a>\n\t\t\t\t\t\t<a href=\"#\" class=\"sow-carousel-previous\" title=\"Anterior\" aria-label=\"Entradas anteriores\" role=\"button\"><\/a>\n\t\t\t\t\t<\/div>\n\t<\/div>\n\n<div class=\"sow-carousel-container \">\n\t\t<div class=\"sow-carousel-wrapper\"\n\t\tdata-dir=\"ltr\"\n\t\tstyle=\"opacity: 0;\"\n\t\tdata-widget=\"post\" data-fetching=\"false\" data-page=\"1\" data-ajax-url=\"https:\/\/site.educa.madrid.org\/ies.principefelipe.madrid\/wp-admin\/admin-ajax.php?_widgets_nonce=60b1def85f\" data-item_count=\"288\" data-carousel_settings=\"{&quot;loop&quot;:true,&quot;animation&quot;:&quot;ease&quot;,&quot;animation_speed&quot;:400,&quot;autoplay&quot;:&quot;&quot;,&quot;pauseOnHover&quot;:&quot;&quot;,&quot;autoplaySpeed&quot;:8000,&quot;item_overflow&quot;:true,&quot;autoplay_continuous_scroll&quot;:false}\" data-responsive=\"{&quot;desktop_slides_to_scroll&quot;:1,&quot;tablet_landscape_breakpoint&quot;:1366,&quot;tablet_landscape_slides_to_scroll&quot;:2,&quot;tablet_portrait_breakpoint&quot;:1025,&quot;tablet_portrait_slides_to_scroll&quot;:2,&quot;mobile_breakpoint&quot;:480,&quot;mobile_slides_to_scroll&quot;:1,&quot;desktop_slides_to_show&quot;:3,&quot;tablet_landscape_slides_to_show&quot;:3,&quot;tablet_portrait_slides_to_show&quot;:2,&quot;mobile_slides_to_show&quot;:1}\" data-variable_width=\"true\" \t>\n\t\t<div\n\t\t\tclass=\"sow-carousel-items\"\n\t\t\t\t\t>\n\t\t\t\t<div class=\"sow-carousel-item\" tabindex=\"-1\" style=\"float: left;\">\n\t\t<div class=\"sow-carousel-thumbnail\">\n\t\t\t\t\t\t\t<a\n\t\t\t\t\thref=\"https:\/\/site.educa.madrid.org\/ies.principefelipe.madrid\/index.php\/2026\/05\/11\/el-ies-principe-felipe-en-la-sesion-regional-del-parlamento-europeo-de-jovenes\/\"\n\t\t\t\t\t\t\t\t\t\tstyle=\"background-image: url( https:\/\/site.educa.madrid.org\/ies.principefelipe.madrid\/\/wp-content\/uploads\/ies.principefelipe.madrid\/2026\/05\/WhatsApp-Image-2026-05-11-at-19.46.23-272x182.jpeg )\"\n\t\t\t\t\taria-labelledby=\"sow-carousel-id-5239\"\n\t\t\t\t\ttabindex=\"-1\"\n\t\t\t\t>\n\t\t\t\t\t<span class=\"overlay\"><\/span>\n\t\t\t\t<\/a>\n\t\t\t\t\t<\/div>\n\t\t<h3 class=\"sow-carousel-item-title\">\n\t\t\t<a\n\t\t\t\thref=\"https:\/\/site.educa.madrid.org\/ies.principefelipe.madrid\/index.php\/2026\/05\/11\/el-ies-principe-felipe-en-la-sesion-regional-del-parlamento-europeo-de-jovenes\/\"\n\t\t\t\tid=\"sow-carousel-id-5239\"\n\t\t\t\t\t\t\t\ttabindex=\"-1\"\n\t\t\t>\n\n\t\t\t\tEl IES Pr\u00edncipe Felipe en la Sesi\u00f3n Regional del Parlamento Europeo de J\u00f3venes\t\t\t<\/a>\n\t\t<\/h3>\n\t<\/div>\n\t<div class=\"sow-carousel-item\" tabindex=\"-1\" style=\"float: left;\">\n\t\t<div class=\"sow-carousel-thumbnail\">\n\t\t\t\t\t\t\t<a\n\t\t\t\t\thref=\"https:\/\/site.educa.madrid.org\/ies.principefelipe.madrid\/index.php\/2026\/05\/11\/convocatoria-erasmus-curso-26-27-4oeso-y-1obach-para-alumnado-de-3oeso-y-4oeso-presente-curso\/\"\n\t\t\t\t\t\t\t\t\t\tstyle=\"background-image: url( https:\/\/site.educa.madrid.org\/ies.principefelipe.madrid\/\/wp-content\/uploads\/ies.principefelipe.madrid\/2025\/10\/erasmusPlus_color-2-272x182.jpg )\"\n\t\t\t\t\taria-labelledby=\"sow-carousel-id-5233\"\n\t\t\t\t\ttabindex=\"-1\"\n\t\t\t\t>\n\t\t\t\t\t<span class=\"overlay\"><\/span>\n\t\t\t\t<\/a>\n\t\t\t\t\t<\/div>\n\t\t<h3 class=\"sow-carousel-item-title\">\n\t\t\t<a\n\t\t\t\thref=\"https:\/\/site.educa.madrid.org\/ies.principefelipe.madrid\/index.php\/2026\/05\/11\/convocatoria-erasmus-curso-26-27-4oeso-y-1obach-para-alumnado-de-3oeso-y-4oeso-presente-curso\/\"\n\t\t\t\tid=\"sow-carousel-id-5233\"\n\t\t\t\t\t\t\t\ttabindex=\"-1\"\n\t\t\t>\n\n\t\t\t\tConvocatoria Erasmus+ Curso 26\/27 4\u00baESO y 1\u00baBACH (Para alumnado de 3\u00baESO y 4\u00baESO presente curso)\t\t\t<\/a>\n\t\t<\/h3>\n\t<\/div>\n\t<div class=\"sow-carousel-item\" tabindex=\"-1\" style=\"float: left;\">\n\t\t<div class=\"sow-carousel-thumbnail\">\n\t\t\t\t\t\t\t<a\n\t\t\t\t\thref=\"https:\/\/site.educa.madrid.org\/ies.principefelipe.madrid\/index.php\/2026\/05\/11\/curso-de-alertante-samur-electricidad\/\"\n\t\t\t\t\t\t\t\t\t\tstyle=\"background-image: url( https:\/\/site.educa.madrid.org\/ies.principefelipe.madrid\/\/wp-content\/uploads\/ies.principefelipe.madrid\/2026\/05\/IMG-20260508-WA0023-272x182.jpg )\"\n\t\t\t\t\taria-labelledby=\"sow-carousel-id-5226\"\n\t\t\t\t\ttabindex=\"-1\"\n\t\t\t\t>\n\t\t\t\t\t<span class=\"overlay\"><\/span>\n\t\t\t\t<\/a>\n\t\t\t\t\t<\/div>\n\t\t<h3 class=\"sow-carousel-item-title\">\n\t\t\t<a\n\t\t\t\thref=\"https:\/\/site.educa.madrid.org\/ies.principefelipe.madrid\/index.php\/2026\/05\/11\/curso-de-alertante-samur-electricidad\/\"\n\t\t\t\tid=\"sow-carousel-id-5226\"\n\t\t\t\t\t\t\t\ttabindex=\"-1\"\n\t\t\t>\n\n\t\t\t\tCURSO DE ALERTANTE SAMUR ELECTRICIDAD\t\t\t<\/a>\n\t\t<\/h3>\n\t<\/div>\n\t<div class=\"sow-carousel-item\" tabindex=\"-1\" style=\"float: left;\">\n\t\t<div class=\"sow-carousel-thumbnail\">\n\t\t\t\t\t\t\t<a\n\t\t\t\t\thref=\"https:\/\/site.educa.madrid.org\/ies.principefelipe.madrid\/index.php\/2026\/05\/07\/charlas-y-conferencias-de-la-semana-de-europa-2026\/\"\n\t\t\t\t\t\t\t\t\t\tstyle=\"background-image: url( https:\/\/site.educa.madrid.org\/ies.principefelipe.madrid\/\/wp-content\/uploads\/ies.principefelipe.madrid\/2026\/05\/WhatsApp-Image-2026-05-05-at-19.14.21-272x182.jpeg )\"\n\t\t\t\t\taria-labelledby=\"sow-carousel-id-5217\"\n\t\t\t\t\ttabindex=\"-1\"\n\t\t\t\t>\n\t\t\t\t\t<span class=\"overlay\"><\/span>\n\t\t\t\t<\/a>\n\t\t\t\t\t<\/div>\n\t\t<h3 class=\"sow-carousel-item-title\">\n\t\t\t<a\n\t\t\t\thref=\"https:\/\/site.educa.madrid.org\/ies.principefelipe.madrid\/index.php\/2026\/05\/07\/charlas-y-conferencias-de-la-semana-de-europa-2026\/\"\n\t\t\t\tid=\"sow-carousel-id-5217\"\n\t\t\t\t\t\t\t\ttabindex=\"-1\"\n\t\t\t>\n\n\t\t\t\tCharlas y conferencias de la Semana de Europa 2026\t\t\t<\/a>\n\t\t<\/h3>\n\t<\/div>\n\t<div class=\"sow-carousel-item\" tabindex=\"-1\" style=\"float: left;\">\n\t\t<div class=\"sow-carousel-thumbnail\">\n\t\t\t\t\t\t\t<a\n\t\t\t\t\thref=\"https:\/\/site.educa.madrid.org\/ies.principefelipe.madrid\/index.php\/2026\/05\/07\/programa-de-vocaciones-cientificas\/\"\n\t\t\t\t\t\t\t\t\t\tstyle=\"background-image: url( https:\/\/site.educa.madrid.org\/ies.principefelipe.madrid\/\/wp-content\/uploads\/ies.principefelipe.madrid\/2026\/05\/IMG-20260507-WA0001-272x182.jpg )\"\n\t\t\t\t\taria-labelledby=\"sow-carousel-id-5219\"\n\t\t\t\t\ttabindex=\"-1\"\n\t\t\t\t>\n\t\t\t\t\t<span class=\"overlay\"><\/span>\n\t\t\t\t<\/a>\n\t\t\t\t\t<\/div>\n\t\t<h3 class=\"sow-carousel-item-title\">\n\t\t\t<a\n\t\t\t\thref=\"https:\/\/site.educa.madrid.org\/ies.principefelipe.madrid\/index.php\/2026\/05\/07\/programa-de-vocaciones-cientificas\/\"\n\t\t\t\tid=\"sow-carousel-id-5219\"\n\t\t\t\t\t\t\t\ttabindex=\"-1\"\n\t\t\t>\n\n\t\t\t\tPrograma de vocaciones cient\u00edficas\t\t\t<\/a>\n\t\t<\/h3>\n\t<\/div>\n\t<div class=\"sow-carousel-item\" tabindex=\"-1\" style=\"float: left;\">\n\t\t<div class=\"sow-carousel-thumbnail\">\n\t\t\t\t\t\t\t<a\n\t\t\t\t\thref=\"https:\/\/site.educa.madrid.org\/ies.principefelipe.madrid\/index.php\/2026\/05\/07\/celebramos-la-semana-de-europa-en-el-principe-felipe\/\"\n\t\t\t\t\t\t\t\t\t\tstyle=\"background-image: url( https:\/\/site.educa.madrid.org\/ies.principefelipe.madrid\/\/wp-content\/uploads\/ies.principefelipe.madrid\/2026\/05\/semana-europa-e1778155615527-272x182.png )\"\n\t\t\t\t\taria-labelledby=\"sow-carousel-id-5213\"\n\t\t\t\t\ttabindex=\"-1\"\n\t\t\t\t>\n\t\t\t\t\t<span class=\"overlay\"><\/span>\n\t\t\t\t<\/a>\n\t\t\t\t\t<\/div>\n\t\t<h3 class=\"sow-carousel-item-title\">\n\t\t\t<a\n\t\t\t\thref=\"https:\/\/site.educa.madrid.org\/ies.principefelipe.madrid\/index.php\/2026\/05\/07\/celebramos-la-semana-de-europa-en-el-principe-felipe\/\"\n\t\t\t\tid=\"sow-carousel-id-5213\"\n\t\t\t\t\t\t\t\ttabindex=\"-1\"\n\t\t\t>\n\n\t\t\t\tCelebramos la Semana de Europa en el Pr\u00edncipe Felipe\t\t\t<\/a>\n\t\t<\/h3>\n\t<\/div>\n\t<div class=\"sow-carousel-item\" tabindex=\"-1\" style=\"float: left;\">\n\t\t<div class=\"sow-carousel-thumbnail\">\n\t\t\t\t\t\t\t<a\n\t\t\t\t\thref=\"https:\/\/site.educa.madrid.org\/ies.principefelipe.madrid\/index.php\/2026\/05\/06\/de-madrid-a-nueva-york-participacion-en-global-classrooms-international\/\"\n\t\t\t\t\t\t\t\t\t\tstyle=\"background-image: url( https:\/\/site.educa.madrid.org\/ies.principefelipe.madrid\/\/wp-content\/uploads\/ies.principefelipe.madrid\/2026\/05\/20260424_155457-272x182.jpg )\"\n\t\t\t\t\taria-labelledby=\"sow-carousel-id-5205\"\n\t\t\t\t\ttabindex=\"-1\"\n\t\t\t\t>\n\t\t\t\t\t<span class=\"overlay\"><\/span>\n\t\t\t\t<\/a>\n\t\t\t\t\t<\/div>\n\t\t<h3 class=\"sow-carousel-item-title\">\n\t\t\t<a\n\t\t\t\thref=\"https:\/\/site.educa.madrid.org\/ies.principefelipe.madrid\/index.php\/2026\/05\/06\/de-madrid-a-nueva-york-participacion-en-global-classrooms-international\/\"\n\t\t\t\tid=\"sow-carousel-id-5205\"\n\t\t\t\t\t\t\t\ttabindex=\"-1\"\n\t\t\t>\n\n\t\t\t\tDe Madrid a Nueva York: participaci\u00f3n en Global Classrooms International\t\t\t<\/a>\n\t\t<\/h3>\n\t<\/div>\n\t<div class=\"sow-carousel-item\" tabindex=\"-1\" style=\"float: left;\">\n\t\t<div class=\"sow-carousel-thumbnail\">\n\t\t\t\t\t\t\t<a\n\t\t\t\t\thref=\"https:\/\/site.educa.madrid.org\/ies.principefelipe.madrid\/index.php\/2026\/05\/06\/pruebas-de-acceso-a-grado-medio-2026\/\"\n\t\t\t\t\tclass=\"sow-carousel-default-thumbnail\"\n\t\t\t\t\t\t\t\t\t\t\t\t\t\t\taria-labelledby=\"sow-carousel-id-5203\"\n\t\t\t\t\ttabindex=\"-1\"\n\t\t\t\t>\n\t\t\t\t\t<span class=\"overlay\"><\/span>\n\t\t\t\t<\/a>\n\t\t\t\t\t<\/div>\n\t\t<h3 class=\"sow-carousel-item-title\">\n\t\t\t<a\n\t\t\t\thref=\"https:\/\/site.educa.madrid.org\/ies.principefelipe.madrid\/index.php\/2026\/05\/06\/pruebas-de-acceso-a-grado-medio-2026\/\"\n\t\t\t\tid=\"sow-carousel-id-5203\"\n\t\t\t\t\t\t\t\ttabindex=\"-1\"\n\t\t\t>\n\n\t\t\t\tPRUEBAS DE ACCESO A GRADO MEDIO 2026\t\t\t<\/a>\n\t\t<\/h3>\n\t<\/div>\n\t<div class=\"sow-carousel-item\" tabindex=\"-1\" style=\"float: left;\">\n\t\t<div class=\"sow-carousel-thumbnail\">\n\t\t\t\t\t\t\t<a\n\t\t\t\t\thref=\"https:\/\/site.educa.madrid.org\/ies.principefelipe.madrid\/index.php\/2026\/05\/04\/video-promocional-del-aula-ape-aula-profesional-de-emprendimiento\/\"\n\t\t\t\t\t\t\t\t\t\tstyle=\"background-image: url( https:\/\/site.educa.madrid.org\/ies.principefelipe.madrid\/\/wp-content\/uploads\/ies.principefelipe.madrid\/2026\/05\/aula_ape-272x182.png )\"\n\t\t\t\t\taria-labelledby=\"sow-carousel-id-5198\"\n\t\t\t\t\ttabindex=\"-1\"\n\t\t\t\t>\n\t\t\t\t\t<span class=\"overlay\"><\/span>\n\t\t\t\t<\/a>\n\t\t\t\t\t<\/div>\n\t\t<h3 class=\"sow-carousel-item-title\">\n\t\t\t<a\n\t\t\t\thref=\"https:\/\/site.educa.madrid.org\/ies.principefelipe.madrid\/index.php\/2026\/05\/04\/video-promocional-del-aula-ape-aula-profesional-de-emprendimiento\/\"\n\t\t\t\tid=\"sow-carousel-id-5198\"\n\t\t\t\t\t\t\t\ttabindex=\"-1\"\n\t\t\t>\n\n\t\t\t\tVideo promocional del aula APE (aula profesional de emprendimiento)\t\t\t<\/a>\n\t\t<\/h3>\n\t<\/div>\n\t<div class=\"sow-carousel-item\" tabindex=\"-1\" style=\"float: left;\">\n\t\t<div class=\"sow-carousel-thumbnail\">\n\t\t\t\t\t\t\t<a\n\t\t\t\t\thref=\"https:\/\/site.educa.madrid.org\/ies.principefelipe.madrid\/index.php\/2026\/05\/04\/hemos-participado-en-top-scientists\/\"\n\t\t\t\t\t\t\t\t\t\tstyle=\"background-image: url( https:\/\/site.educa.madrid.org\/ies.principefelipe.madrid\/\/wp-content\/uploads\/ies.principefelipe.madrid\/2026\/05\/3_Top-scientists-272x182.jpg )\"\n\t\t\t\t\taria-labelledby=\"sow-carousel-id-5194\"\n\t\t\t\t\ttabindex=\"-1\"\n\t\t\t\t>\n\t\t\t\t\t<span class=\"overlay\"><\/span>\n\t\t\t\t<\/a>\n\t\t\t\t\t<\/div>\n\t\t<h3 class=\"sow-carousel-item-title\">\n\t\t\t<a\n\t\t\t\thref=\"https:\/\/site.educa.madrid.org\/ies.principefelipe.madrid\/index.php\/2026\/05\/04\/hemos-participado-en-top-scientists\/\"\n\t\t\t\tid=\"sow-carousel-id-5194\"\n\t\t\t\t\t\t\t\ttabindex=\"-1\"\n\t\t\t>\n\n\t\t\t\tHemos participado en Top Scientists\t\t\t<\/a>\n\t\t<\/h3>\n\t<\/div>\n\t\t<\/div>\n\t\t\t<\/div>\n\n\t<\/div>\n\t\t<input type=\"hidden\" name=\"instance_hash\" value=\"e0b0e4a3\"\/>\n\t<\/div>\n<\/div>\n\n\n<p><\/p>\n","protected":false},"excerpt":{"rendered":"<p>\u00bfQu\u00e9 puedes estudiar en nuestro centro? Noticias FP<\/p>\n","protected":false},"author":2,"featured_media":0,"parent":0,"menu_order":0,"comment_status":"closed","ping_status":"closed","template":"","meta":{"footnotes":""},"folder":[],"class_list":["post-1589","page","type-page","status-publish","hentry"],"rttpg_featured_image_url":null,"rttpg_author":{"display_name":"tic.ies.principefelipe.madrid","author_link":"https:\/\/site.educa.madrid.org\/ies.principefelipe.madrid\/index.php\/author\/cuenta_tic-ies-principefelipe-madrid\/"},"rttpg_comment":0,"rttpg_category":false,"rttpg_excerpt":"\u00bfQu\u00e9 puedes estudiar en nuestro centro? Noticias FP","post_mailing_queue_ids":[],"_links":{"self":[{"href":"https:\/\/site.educa.madrid.org\/ies.principefelipe.madrid\/index.php\/wp-json\/wp\/v2\/pages\/1589","targetHints":{"allow":["GET"]}}],"collection":[{"href":"https:\/\/site.educa.madrid.org\/ies.principefelipe.madrid\/index.php\/wp-json\/wp\/v2\/pages"}],"about":[{"href":"https:\/\/site.educa.madrid.org\/ies.principefelipe.madrid\/index.php\/wp-json\/wp\/v2\/types\/page"}],"author":[{"embeddable":true,"href":"https:\/\/site.educa.madrid.org\/ies.principefelipe.madrid\/index.php\/wp-json\/wp\/v2\/users\/2"}],"replies":[{"embeddable":true,"href":"https:\/\/site.educa.madrid.org\/ies.principefelipe.madrid\/index.php\/wp-json\/wp\/v2\/comments?post=1589"}],"version-history":[{"count":18,"href":"https:\/\/site.educa.madrid.org\/ies.principefelipe.madrid\/index.php\/wp-json\/wp\/v2\/pages\/1589\/revisions"}],"predecessor-version":[{"id":3558,"href":"https:\/\/site.educa.madrid.org\/ies.principefelipe.madrid\/index.php\/wp-json\/wp\/v2\/pages\/1589\/revisions\/3558"}],"wp:attachment":[{"href":"https:\/\/site.educa.madrid.org\/ies.principefelipe.madrid\/index.php\/wp-json\/wp\/v2\/media?parent=1589"}],"wp:term":[{"taxonomy":"folder","embeddable":true,"href":"https:\/\/site.educa.madrid.org\/ies.principefelipe.madrid\/index.php\/wp-json\/wp\/v2\/folder?post=1589"}],"curies":[{"name":"wp","href":"https:\/\/api.w.org\/{rel}","templated":true}]}}