{"id":2487,"date":"2025-05-19T21:49:51","date_gmt":"2025-05-19T19:49:51","guid":{"rendered":"https:\/\/site.educa.madrid.org\/ies.principefelipe.madrid\/?page_id=2487"},"modified":"2026-01-20T13:13:38","modified_gmt":"2026-01-20T12:13:38","slug":"erasmus-escolar","status":"publish","type":"page","link":"https:\/\/site.educa.madrid.org\/ies.principefelipe.madrid\/index.php\/proyectos\/otros-programas\/erasmus\/erasmus-escolar\/","title":{"rendered":"Erasmus Escolar"},"content":{"rendered":"<div id=\"pl-gb2487-6a033d0a26118\"  class=\"panel-layout panel-layout\" ><div id=\"pg-gb2487-6a033d0a26118-0\"  class=\"panel-grid panel-no-style\"  data-style=\"{&quot;background_image_attachment&quot;:false,&quot;background_display&quot;:&quot;tile&quot;,&quot;background_image_size&quot;:&quot;full&quot;,&quot;background_image_opacity&quot;:&quot;100&quot;,&quot;border_thickness&quot;:&quot;1px&quot;,&quot;full_height&quot;:&quot;&quot;,&quot;cell_alignment&quot;:&quot;flex-start&quot;,&quot;link_overlay_new_window&quot;:&quot;&quot;}\" ><div id=\"pgc-gb2487-6a033d0a26118-0-0\"  class=\"panel-grid-cell\"  data-weight=\"0.5\" ><div id=\"panel-gb2487-6a033d0a26118-0-0-0\" class=\"so-panel widget widget_sow-image panel-first-child panel-last-child\" data-index=\"0\" data-style=\"{&quot;background_image_attachment&quot;:false,&quot;background_display&quot;:&quot;tile&quot;,&quot;background_image_size&quot;:&quot;full&quot;,&quot;background_image_opacity&quot;:&quot;100&quot;,&quot;border_thickness&quot;:&quot;1px&quot;,&quot;link_overlay_new_window&quot;:&quot;&quot;}\" ><div\n\t\t\t\n\t\t\tclass=\"so-widget-sow-image so-widget-sow-image-default-8b5b6f678277\"\n\t\t\t\n\t\t>\n\n<div class=\"sow-image-container\">\n\t\t<img loading=\"lazy\" decoding=\"async\" src=\"https:\/\/site.educa.madrid.org\/ies.principefelipe.madrid\/\/wp-content\/uploads\/ies.principefelipe.madrid\/2025\/05\/erasmus-3.jpg\" width=\"600\" height=\"450\" srcset=\"https:\/\/site.educa.madrid.org\/ies.principefelipe.madrid\/\/wp-content\/uploads\/ies.principefelipe.madrid\/2025\/05\/erasmus-3.jpg 600w, https:\/\/site.educa.madrid.org\/ies.principefelipe.madrid\/\/wp-content\/uploads\/ies.principefelipe.madrid\/2025\/05\/erasmus-3-300x225.jpg 300w\" sizes=\"auto, (max-width: 600px) 100vw, 600px\" title=\"erasmus+\" alt=\"\" \t\tclass=\"so-widget-image\"\/>\n\t<\/div>\n\n<\/div><\/div><\/div><div id=\"pgc-gb2487-6a033d0a26118-0-1\"  class=\"panel-grid-cell\"  data-weight=\"0.5\" ><div id=\"panel-gb2487-6a033d0a26118-0-1-0\" class=\"so-panel widget widget_sow-editor panel-first-child panel-last-child\" data-index=\"1\" data-style=\"{&quot;background_image_attachment&quot;:false,&quot;background_display&quot;:&quot;tile&quot;,&quot;background_image_size&quot;:&quot;full&quot;,&quot;background_image_opacity&quot;:&quot;100&quot;,&quot;border_thickness&quot;:&quot;1px&quot;,&quot;link_overlay_new_window&quot;:&quot;&quot;}\" ><div\n\t\t\t\n\t\t\tclass=\"so-widget-sow-editor so-widget-sow-editor-base\"\n\t\t\t\n\t\t>\n<div class=\"siteorigin-widget-tinymce textwidget\">\n\t<h3><strong><span style=\"color: #ba0f0f;\">La acreditaci\u00f3n<\/span><\/strong><\/h3>\n<h4>La acreditaci\u00f3n Erasmus+ nos permite mejorar nuestro centro (organizaci\u00f3n, profesorado, alumnado&#8230;) a trav\u00e9s de las oportunidades de movilidad.<\/h4>\n<p>&nbsp;<\/p>\n<h3><strong><span style=\"color: #ba0f0f;\">\u00bfQu\u00e9 es una movilidad?<\/span><\/strong><\/h3>\n<h4>Una estancia en un centro educativo europeo, en grupo o individual, durante unos d\u00edas o unos meses.<\/h4>\n<\/div>\n<\/div><\/div><\/div><\/div><div id=\"pg-gb2487-6a033d0a26118-1\"  class=\"panel-grid panel-no-style\"  data-style=\"{&quot;background_image_attachment&quot;:false,&quot;background_display&quot;:&quot;tile&quot;,&quot;background_image_size&quot;:&quot;full&quot;,&quot;background_image_opacity&quot;:&quot;100&quot;,&quot;border_thickness&quot;:&quot;1px&quot;,&quot;full_height&quot;:&quot;&quot;,&quot;cell_alignment&quot;:&quot;flex-start&quot;,&quot;link_overlay_new_window&quot;:&quot;&quot;}\" ><div id=\"pgc-gb2487-6a033d0a26118-1-0\"  class=\"panel-grid-cell\"  data-weight=\"0.5\" ><div id=\"panel-gb2487-6a033d0a26118-1-0-0\" class=\"so-panel widget widget_sow-editor panel-first-child panel-last-child\" data-index=\"2\" data-style=\"{&quot;background_image_attachment&quot;:false,&quot;background_display&quot;:&quot;tile&quot;,&quot;background_image_size&quot;:&quot;full&quot;,&quot;background_image_opacity&quot;:&quot;100&quot;,&quot;border_thickness&quot;:&quot;1px&quot;,&quot;link_overlay_new_window&quot;:&quot;&quot;}\" ><div\n\t\t\t\n\t\t\tclass=\"so-widget-sow-editor so-widget-sow-editor-base\"\n\t\t\t\n\t\t>\n<div class=\"siteorigin-widget-tinymce textwidget\">\n\t<h3><span style=\"color: #ba1111;\"><strong>Tipos de movilidades<\/strong><\/span><\/h3>\n<ol>\n<li>\n<h5><strong>Movilidad de grupo de 2 a 30 d\u00edas.<\/strong> Actualmente contamos con las siguientes:<\/h5>\n<\/li>\n<\/ol>\n<ul>\n<li>\n<h5>1\u00ba Bachillerato: Noruega (Hokksund y Porsgrunn).<\/h5>\n<\/li>\n<li>\n<h5>4o ESO: Austria (Graz)<\/h5>\n<\/li>\n<li>\n<h5>3o ESO: Francia (Blanquefort)<\/h5>\n<\/li>\n<\/ul>\n<h5><strong>2. Movilidad individual corta duraci\u00f3n de<\/strong> <strong>10 a 29 d\u00edas.<\/strong><\/h5>\n<h5><strong>3. Movilidad individual larga duraci\u00f3n de 30 a 365 d\u00edas.<\/strong> Actualmente contamos con las siguientes:<\/h5>\n<ul>\n<li>\n<h5>1o Bachillerato: Francia (Montaig\u00fa)<\/h5>\n<\/li>\n<li>\n<h5>4o ESO: Austria (Graz)<\/h5>\n<\/li>\n<\/ul>\n<p>&nbsp;<\/p>\n<p>&nbsp;<\/p>\n<\/div>\n<\/div><\/div><\/div><div id=\"pgc-gb2487-6a033d0a26118-1-1\"  class=\"panel-grid-cell\"  data-weight=\"0.5\" ><div id=\"panel-gb2487-6a033d0a26118-1-1-0\" class=\"so-panel widget widget_sow-image panel-first-child panel-last-child\" data-index=\"3\" data-style=\"{&quot;background_image_attachment&quot;:false,&quot;background_display&quot;:&quot;tile&quot;,&quot;background_image_size&quot;:&quot;full&quot;,&quot;background_image_opacity&quot;:&quot;100&quot;,&quot;border_thickness&quot;:&quot;1px&quot;,&quot;link_overlay_new_window&quot;:&quot;&quot;}\" ><div\n\t\t\t\n\t\t\tclass=\"so-widget-sow-image so-widget-sow-image-default-8b5b6f678277\"\n\t\t\t\n\t\t>\n\n<div class=\"sow-image-container\">\n\t\t<img loading=\"lazy\" decoding=\"async\" src=\"https:\/\/site.educa.madrid.org\/ies.principefelipe.madrid\/\/wp-content\/uploads\/ies.principefelipe.madrid\/2025\/05\/erasmus2-1.jpg\" width=\"601\" height=\"393\" srcset=\"https:\/\/site.educa.madrid.org\/ies.principefelipe.madrid\/\/wp-content\/uploads\/ies.principefelipe.madrid\/2025\/05\/erasmus2-1.jpg 601w, https:\/\/site.educa.madrid.org\/ies.principefelipe.madrid\/\/wp-content\/uploads\/ies.principefelipe.madrid\/2025\/05\/erasmus2-1-300x196.jpg 300w\" sizes=\"auto, (max-width: 601px) 100vw, 601px\" title=\"erasmus+2\" alt=\"\" \t\tclass=\"so-widget-image\"\/>\n\t<\/div>\n\n<\/div><\/div><\/div><\/div><div id=\"pg-gb2487-6a033d0a26118-2\"  class=\"panel-grid panel-no-style\"  data-style=\"{&quot;background_image_attachment&quot;:false,&quot;background_display&quot;:&quot;tile&quot;,&quot;background_image_size&quot;:&quot;full&quot;,&quot;background_image_opacity&quot;:&quot;100&quot;,&quot;border_thickness&quot;:&quot;1px&quot;,&quot;full_height&quot;:&quot;&quot;,&quot;cell_alignment&quot;:&quot;flex-start&quot;,&quot;link_overlay_new_window&quot;:&quot;&quot;}\" ><div id=\"pgc-gb2487-6a033d0a26118-2-0\"  class=\"panel-grid-cell\"  data-weight=\"0.5\" ><div id=\"panel-gb2487-6a033d0a26118-2-0-0\" class=\"so-panel widget widget_sow-image panel-first-child panel-last-child\" data-index=\"4\" data-style=\"{&quot;background_image_attachment&quot;:false,&quot;background_display&quot;:&quot;tile&quot;,&quot;background_image_size&quot;:&quot;full&quot;,&quot;background_image_opacity&quot;:&quot;100&quot;,&quot;border_thickness&quot;:&quot;1px&quot;,&quot;link_overlay_new_window&quot;:&quot;&quot;}\" ><div\n\t\t\t\n\t\t\tclass=\"so-widget-sow-image so-widget-sow-image-default-8b5b6f678277\"\n\t\t\t\n\t\t>\n\n<div class=\"sow-image-container\">\n\t\t<img loading=\"lazy\" decoding=\"async\" src=\"https:\/\/site.educa.madrid.org\/ies.principefelipe.madrid\/\/wp-content\/uploads\/ies.principefelipe.madrid\/2025\/05\/erasmus4-1.jpg\" width=\"2040\" height=\"1530\" srcset=\"https:\/\/site.educa.madrid.org\/ies.principefelipe.madrid\/\/wp-content\/uploads\/ies.principefelipe.madrid\/2025\/05\/erasmus4-1.jpg 2040w, https:\/\/site.educa.madrid.org\/ies.principefelipe.madrid\/\/wp-content\/uploads\/ies.principefelipe.madrid\/2025\/05\/erasmus4-1-300x225.jpg 300w, https:\/\/site.educa.madrid.org\/ies.principefelipe.madrid\/\/wp-content\/uploads\/ies.principefelipe.madrid\/2025\/05\/erasmus4-1-1024x768.jpg 1024w, https:\/\/site.educa.madrid.org\/ies.principefelipe.madrid\/\/wp-content\/uploads\/ies.principefelipe.madrid\/2025\/05\/erasmus4-1-768x576.jpg 768w, https:\/\/site.educa.madrid.org\/ies.principefelipe.madrid\/\/wp-content\/uploads\/ies.principefelipe.madrid\/2025\/05\/erasmus4-1-1536x1152.jpg 1536w\" sizes=\"auto, (max-width: 2040px) 100vw, 2040px\" title=\"erasmus+4\" alt=\"\" \t\tclass=\"so-widget-image\"\/>\n\t<\/div>\n\n<\/div><\/div><\/div><div id=\"pgc-gb2487-6a033d0a26118-2-1\"  class=\"panel-grid-cell\"  data-weight=\"0.5\" ><div id=\"panel-gb2487-6a033d0a26118-2-1-0\" class=\"so-panel widget widget_sow-editor panel-first-child panel-last-child\" data-index=\"5\" data-style=\"{&quot;background_image_attachment&quot;:false,&quot;background_display&quot;:&quot;tile&quot;,&quot;background_image_size&quot;:&quot;full&quot;,&quot;background_image_opacity&quot;:&quot;100&quot;,&quot;border_thickness&quot;:&quot;1px&quot;,&quot;link_overlay_new_window&quot;:&quot;&quot;}\" ><div\n\t\t\t\n\t\t\tclass=\"so-widget-sow-editor so-widget-sow-editor-base\"\n\t\t\t\n\t\t>\n<div class=\"siteorigin-widget-tinymce textwidget\">\n\t<h3><span style=\"color: #ba0b0b;\"><strong>\u00bfQui\u00e9n puede participar? \u00a1!TOD@S!!<\/strong><\/span><\/h3>\n<h4>Las convocatorias se publicar\u00e1n en la web y en la carteler\u00eda del centro.<\/h4>\n<h4>Estudia, participa en los distintos proyectos o actividades y ayuda a fomentar una buena convivencia para conseguir tu pasaporte europeo.<\/h4>\n<h4>\u00bfTienes alg\u00fan tipo de dificultad? \u00bfecon\u00f3mica, sensorial o de otra \u00edndole? No te preocupes, Erasmus+ te ayuda.<\/h4>\n<p>&nbsp;<\/p>\n<p>&nbsp;<\/p>\n<\/div>\n<\/div><\/div><\/div><\/div><div id=\"pg-gb2487-6a033d0a26118-3\"  class=\"panel-grid panel-no-style\"  data-style=\"{&quot;background_image_attachment&quot;:false,&quot;background_display&quot;:&quot;tile&quot;,&quot;background_image_size&quot;:&quot;full&quot;,&quot;background_image_opacity&quot;:&quot;100&quot;,&quot;border_thickness&quot;:&quot;1px&quot;,&quot;full_height&quot;:&quot;&quot;,&quot;cell_alignment&quot;:&quot;flex-start&quot;,&quot;link_overlay_new_window&quot;:&quot;&quot;}\" ><div id=\"pgc-gb2487-6a033d0a26118-3-0\"  class=\"panel-grid-cell\"  data-weight=\"0.5\" ><div id=\"panel-gb2487-6a033d0a26118-3-0-0\" class=\"so-panel widget widget_sow-editor panel-first-child panel-last-child\" data-index=\"6\" data-style=\"{&quot;background_image_attachment&quot;:false,&quot;background_display&quot;:&quot;tile&quot;,&quot;background_image_size&quot;:&quot;full&quot;,&quot;background_image_opacity&quot;:&quot;100&quot;,&quot;border_thickness&quot;:&quot;1px&quot;,&quot;link_overlay_new_window&quot;:&quot;&quot;}\" ><div\n\t\t\t\n\t\t\tclass=\"so-widget-sow-editor so-widget-sow-editor-base\"\n\t\t\t\n\t\t>\n<div class=\"siteorigin-widget-tinymce textwidget\">\n\t<h3><span style=\"color: #ba1a1a;\"><strong>\u00bfQu\u00e9 actividades realizaremos?<\/strong><\/span><\/h3>\n<h4>Proyectos relacionados con nuestros objetivos: concienciaci\u00f3n clim\u00e1tica, digitalizaci\u00f3n, multiling\u00fcismo, conocimiento del patrimonio europeo, metodolog\u00edas STEAM&#8230;<\/h4>\n<p>&nbsp;<\/p>\n<\/div>\n<\/div><\/div><\/div><div id=\"pgc-gb2487-6a033d0a26118-3-1\"  class=\"panel-grid-cell\"  data-weight=\"0.5\" ><div id=\"panel-gb2487-6a033d0a26118-3-1-0\" class=\"so-panel widget widget_sow-image panel-first-child panel-last-child\" data-index=\"7\" data-style=\"{&quot;background_image_attachment&quot;:false,&quot;background_display&quot;:&quot;tile&quot;,&quot;background_image_size&quot;:&quot;full&quot;,&quot;background_image_opacity&quot;:&quot;100&quot;,&quot;border_thickness&quot;:&quot;1px&quot;,&quot;link_overlay_new_window&quot;:&quot;&quot;}\" ><div\n\t\t\t\n\t\t\tclass=\"so-widget-sow-image so-widget-sow-image-default-8b5b6f678277\"\n\t\t\t\n\t\t>\n\n<div class=\"sow-image-container\">\n\t\t<img loading=\"lazy\" decoding=\"async\" src=\"https:\/\/site.educa.madrid.org\/ies.principefelipe.madrid\/\/wp-content\/uploads\/ies.principefelipe.madrid\/2025\/05\/erasmus6-1.jpg\" width=\"2560\" height=\"1707\" srcset=\"https:\/\/site.educa.madrid.org\/ies.principefelipe.madrid\/\/wp-content\/uploads\/ies.principefelipe.madrid\/2025\/05\/erasmus6-1.jpg 2560w, https:\/\/site.educa.madrid.org\/ies.principefelipe.madrid\/\/wp-content\/uploads\/ies.principefelipe.madrid\/2025\/05\/erasmus6-1-300x200.jpg 300w, https:\/\/site.educa.madrid.org\/ies.principefelipe.madrid\/\/wp-content\/uploads\/ies.principefelipe.madrid\/2025\/05\/erasmus6-1-1024x683.jpg 1024w, https:\/\/site.educa.madrid.org\/ies.principefelipe.madrid\/\/wp-content\/uploads\/ies.principefelipe.madrid\/2025\/05\/erasmus6-1-768x512.jpg 768w, https:\/\/site.educa.madrid.org\/ies.principefelipe.madrid\/\/wp-content\/uploads\/ies.principefelipe.madrid\/2025\/05\/erasmus6-1-391x260.jpg 391w, https:\/\/site.educa.madrid.org\/ies.principefelipe.madrid\/\/wp-content\/uploads\/ies.principefelipe.madrid\/2025\/05\/erasmus6-1-1536x1024.jpg 1536w, https:\/\/site.educa.madrid.org\/ies.principefelipe.madrid\/\/wp-content\/uploads\/ies.principefelipe.madrid\/2025\/05\/erasmus6-1-2048x1366.jpg 2048w, https:\/\/site.educa.madrid.org\/ies.principefelipe.madrid\/\/wp-content\/uploads\/ies.principefelipe.madrid\/2025\/05\/erasmus6-1-272x182.jpg 272w, https:\/\/site.educa.madrid.org\/ies.principefelipe.madrid\/\/wp-content\/uploads\/ies.principefelipe.madrid\/2025\/05\/erasmus6-1-720x480.jpg 720w\" sizes=\"auto, (max-width: 2560px) 100vw, 2560px\" title=\"erasmus+6\" alt=\"\" \t\tclass=\"so-widget-image\"\/>\n\t<\/div>\n\n<\/div><\/div><\/div><\/div><div id=\"pg-gb2487-6a033d0a26118-4\"  class=\"panel-grid panel-no-style\"  data-style=\"{&quot;background_image_attachment&quot;:false,&quot;background_display&quot;:&quot;tile&quot;,&quot;background_image_size&quot;:&quot;full&quot;,&quot;background_image_opacity&quot;:&quot;100&quot;,&quot;border_thickness&quot;:&quot;1px&quot;,&quot;full_height&quot;:&quot;&quot;,&quot;cell_alignment&quot;:&quot;flex-start&quot;,&quot;link_overlay_new_window&quot;:&quot;&quot;}\" ><div id=\"pgc-gb2487-6a033d0a26118-4-0\"  class=\"panel-grid-cell\"  data-weight=\"0.5\" ><div id=\"panel-gb2487-6a033d0a26118-4-0-0\" class=\"so-panel widget widget_sow-image panel-first-child panel-last-child\" data-index=\"8\" data-style=\"{&quot;background_image_attachment&quot;:false,&quot;background_display&quot;:&quot;tile&quot;,&quot;background_image_size&quot;:&quot;full&quot;,&quot;background_image_opacity&quot;:&quot;100&quot;,&quot;border_thickness&quot;:&quot;1px&quot;,&quot;link_overlay_new_window&quot;:&quot;&quot;}\" ><div\n\t\t\t\n\t\t\tclass=\"so-widget-sow-image so-widget-sow-image-default-8b5b6f678277\"\n\t\t\t\n\t\t>\n\n<div class=\"sow-image-container\">\n\t\t<img loading=\"lazy\" decoding=\"async\" src=\"https:\/\/site.educa.madrid.org\/ies.principefelipe.madrid\/\/wp-content\/uploads\/ies.principefelipe.madrid\/2025\/05\/erasmus3-1.jpg\" width=\"1200\" height=\"799\" srcset=\"https:\/\/site.educa.madrid.org\/ies.principefelipe.madrid\/\/wp-content\/uploads\/ies.principefelipe.madrid\/2025\/05\/erasmus3-1.jpg 1200w, https:\/\/site.educa.madrid.org\/ies.principefelipe.madrid\/\/wp-content\/uploads\/ies.principefelipe.madrid\/2025\/05\/erasmus3-1-300x200.jpg 300w, https:\/\/site.educa.madrid.org\/ies.principefelipe.madrid\/\/wp-content\/uploads\/ies.principefelipe.madrid\/2025\/05\/erasmus3-1-1024x682.jpg 1024w, https:\/\/site.educa.madrid.org\/ies.principefelipe.madrid\/\/wp-content\/uploads\/ies.principefelipe.madrid\/2025\/05\/erasmus3-1-768x511.jpg 768w, https:\/\/site.educa.madrid.org\/ies.principefelipe.madrid\/\/wp-content\/uploads\/ies.principefelipe.madrid\/2025\/05\/erasmus3-1-391x260.jpg 391w, https:\/\/site.educa.madrid.org\/ies.principefelipe.madrid\/\/wp-content\/uploads\/ies.principefelipe.madrid\/2025\/05\/erasmus3-1-272x182.jpg 272w, https:\/\/site.educa.madrid.org\/ies.principefelipe.madrid\/\/wp-content\/uploads\/ies.principefelipe.madrid\/2025\/05\/erasmus3-1-720x480.jpg 720w\" sizes=\"auto, (max-width: 1200px) 100vw, 1200px\" title=\"erasmus+3\" alt=\"\" \t\tclass=\"so-widget-image\"\/>\n\t<\/div>\n\n<\/div><\/div><\/div><div id=\"pgc-gb2487-6a033d0a26118-4-1\"  class=\"panel-grid-cell\"  data-weight=\"0.5\" ><div id=\"panel-gb2487-6a033d0a26118-4-1-0\" class=\"so-panel widget widget_sow-editor panel-first-child panel-last-child\" data-index=\"9\" data-style=\"{&quot;background_image_attachment&quot;:false,&quot;background_display&quot;:&quot;tile&quot;,&quot;background_image_size&quot;:&quot;full&quot;,&quot;background_image_opacity&quot;:&quot;100&quot;,&quot;border_thickness&quot;:&quot;1px&quot;,&quot;link_overlay_new_window&quot;:&quot;&quot;}\" ><div\n\t\t\t\n\t\t\tclass=\"so-widget-sow-editor so-widget-sow-editor-base\"\n\t\t\t\n\t\t>\n<div class=\"siteorigin-widget-tinymce textwidget\">\n\t<h3><span style=\"color: #ba0f0f;\"><strong>\u00bfTe animas?<\/strong><\/span><\/h3>\n<h4>Ponte en contacto con nosotr@s<\/h4>\n<h4>Si est\u00e1s interesado en alguna movilidad individual, manda un email a la siguiente direcci\u00f3n:<\/h4>\n<h4><span style=\"color: #ba0f0f;\">erasmus.ies.principefelipe.madrid@educa.madrid.org<\/span><\/h4>\n<h4><\/h4>\n<p>&nbsp;<\/p>\n<\/div>\n<\/div><\/div><\/div><\/div><div id=\"pg-gb2487-6a033d0a26118-5\"  class=\"panel-grid panel-no-style\"  data-style=\"{&quot;background_image_attachment&quot;:false,&quot;background_display&quot;:&quot;tile&quot;,&quot;background_image_size&quot;:&quot;full&quot;,&quot;background_image_opacity&quot;:&quot;100&quot;,&quot;border_thickness&quot;:&quot;1px&quot;,&quot;full_height&quot;:&quot;&quot;,&quot;cell_alignment&quot;:&quot;flex-start&quot;,&quot;link_overlay_new_window&quot;:&quot;&quot;}\" ><div id=\"pgc-gb2487-6a033d0a26118-5-0\"  class=\"panel-grid-cell\"  data-weight=\"0.5\" ><div id=\"panel-gb2487-6a033d0a26118-5-0-0\" class=\"so-panel widget widget_sow-editor panel-first-child panel-last-child\" data-index=\"10\" data-style=\"{&quot;background_image_attachment&quot;:false,&quot;background_display&quot;:&quot;tile&quot;,&quot;background_image_size&quot;:&quot;full&quot;,&quot;background_image_opacity&quot;:&quot;100&quot;,&quot;border_thickness&quot;:&quot;1px&quot;,&quot;link_overlay_new_window&quot;:&quot;&quot;}\" ><div\n\t\t\t\n\t\t\tclass=\"so-widget-sow-editor so-widget-sow-editor-base\"\n\t\t\t\n\t\t>\n<div class=\"siteorigin-widget-tinymce textwidget\">\n\t<\/div>\n<\/div><\/div><\/div><div id=\"pgc-gb2487-6a033d0a26118-5-1\"  class=\"panel-grid-cell\"  data-weight=\"0.5\" ><div id=\"panel-gb2487-6a033d0a26118-5-1-0\" class=\"so-panel widget widget_sow-editor panel-first-child panel-last-child\" data-index=\"11\" data-style=\"{&quot;background_image_attachment&quot;:false,&quot;background_display&quot;:&quot;tile&quot;,&quot;background_image_size&quot;:&quot;full&quot;,&quot;background_image_opacity&quot;:&quot;100&quot;,&quot;border_thickness&quot;:&quot;1px&quot;,&quot;link_overlay_new_window&quot;:&quot;&quot;}\" ><div\n\t\t\t\n\t\t\tclass=\"so-widget-sow-editor so-widget-sow-editor-base\"\n\t\t\t\n\t\t>\n<div class=\"siteorigin-widget-tinymce textwidget\">\n\t<h2 style=\"text-align: center;\"><iframe loading=\"lazy\" style=\"border: 0; overflow: hidden;\" src=\"https:\/\/mediateca.educa.madrid.org\/video\/agny4sfoz1k53fjb\/fs\" width=\"420\" height=\"315\" frameborder=\"0\" scrolling=\"no\" allowfullscreen=\"allowfullscreen\"><\/iframe><\/h2>\n<\/div>\n<\/div><\/div><\/div><\/div><\/div>","protected":false},"excerpt":{"rendered":"<p>La acreditaci\u00f3n La acreditaci\u00f3n Erasmus+ nos permite mejorar nuestro centro (organizaci\u00f3n, profesorado, alumnado&#8230;) a trav\u00e9s de las oportunidades de movilidad. &nbsp; \u00bfQu\u00e9 es una movilidad? Una estancia en un centro educativo europeo, en grupo o individual, durante unos d\u00edas o unos meses. Tipos de movilidades Movilidad de grupo de 2 a 30 d\u00edas. Actualmente contamos [&hellip;]<\/p>\n","protected":false},"author":2,"featured_media":0,"parent":137,"menu_order":0,"comment_status":"closed","ping_status":"closed","template":"","meta":{"footnotes":""},"folder":[],"class_list":["post-2487","page","type-page","status-publish","hentry"],"rttpg_featured_image_url":null,"rttpg_author":{"display_name":"tic.ies.principefelipe.madrid","author_link":"https:\/\/site.educa.madrid.org\/ies.principefelipe.madrid\/index.php\/author\/cuenta_tic-ies-principefelipe-madrid\/"},"rttpg_comment":0,"rttpg_category":false,"rttpg_excerpt":"La acreditaci\u00f3n La acreditaci\u00f3n Erasmus+ nos permite mejorar nuestro centro (organizaci\u00f3n, profesorado, alumnado...) a trav\u00e9s de las oportunidades de movilidad. &nbsp; \u00bfQu\u00e9 es una movilidad? Una estancia en un centro educativo europeo, en grupo o individual, durante unos d\u00edas o unos meses. Tipos de movilidades Movilidad de grupo de 2 a 30 d\u00edas. Actualmente contamos&hellip;","post_mailing_queue_ids":[],"_links":{"self":[{"href":"https:\/\/site.educa.madrid.org\/ies.principefelipe.madrid\/index.php\/wp-json\/wp\/v2\/pages\/2487","targetHints":{"allow":["GET"]}}],"collection":[{"href":"https:\/\/site.educa.madrid.org\/ies.principefelipe.madrid\/index.php\/wp-json\/wp\/v2\/pages"}],"about":[{"href":"https:\/\/site.educa.madrid.org\/ies.principefelipe.madrid\/index.php\/wp-json\/wp\/v2\/types\/page"}],"author":[{"embeddable":true,"href":"https:\/\/site.educa.madrid.org\/ies.principefelipe.madrid\/index.php\/wp-json\/wp\/v2\/users\/2"}],"replies":[{"embeddable":true,"href":"https:\/\/site.educa.madrid.org\/ies.principefelipe.madrid\/index.php\/wp-json\/wp\/v2\/comments?post=2487"}],"version-history":[{"count":20,"href":"https:\/\/site.educa.madrid.org\/ies.principefelipe.madrid\/index.php\/wp-json\/wp\/v2\/pages\/2487\/revisions"}],"predecessor-version":[{"id":4533,"href":"https:\/\/site.educa.madrid.org\/ies.principefelipe.madrid\/index.php\/wp-json\/wp\/v2\/pages\/2487\/revisions\/4533"}],"up":[{"embeddable":true,"href":"https:\/\/site.educa.madrid.org\/ies.principefelipe.madrid\/index.php\/wp-json\/wp\/v2\/pages\/137"}],"wp:attachment":[{"href":"https:\/\/site.educa.madrid.org\/ies.principefelipe.madrid\/index.php\/wp-json\/wp\/v2\/media?parent=2487"}],"wp:term":[{"taxonomy":"folder","embeddable":true,"href":"https:\/\/site.educa.madrid.org\/ies.principefelipe.madrid\/index.php\/wp-json\/wp\/v2\/folder?post=2487"}],"curies":[{"name":"wp","href":"https:\/\/api.w.org\/{rel}","templated":true}]}}