{"id":412,"date":"2022-06-24T10:54:17","date_gmt":"2022-06-24T08:54:17","guid":{"rendered":"https:\/\/site.educa.madrid.org\/ies.principefelipe.madrid\/?page_id=412"},"modified":"2025-05-13T16:35:18","modified_gmt":"2025-05-13T14:35:18","slug":"iit","status":"publish","type":"page","link":"https:\/\/site.educa.madrid.org\/ies.principefelipe.madrid\/index.php\/proyectos\/iit\/","title":{"rendered":"Instituto de Innovaci\u00f3n Tecnol\u00f3gica"},"content":{"rendered":"<div id=\"pl-gb412-6a0332766cbc9\"  class=\"panel-layout\" ><div id=\"pg-gb412-6a0332766cbc9-0\"  class=\"panel-grid panel-no-style\"  data-style=\"{&quot;background_image_attachment&quot;:false,&quot;background_display&quot;:&quot;tile&quot;,&quot;background_image_size&quot;:&quot;full&quot;,&quot;background_image_opacity&quot;:&quot;100&quot;,&quot;border_thickness&quot;:&quot;1px&quot;,&quot;full_height&quot;:&quot;&quot;,&quot;cell_alignment&quot;:&quot;flex-start&quot;,&quot;link_overlay_new_window&quot;:&quot;&quot;}\" ><div id=\"pgc-gb412-6a0332766cbc9-0-0\"  class=\"panel-grid-cell\"  data-weight=\"1\" ><div id=\"panel-gb412-6a0332766cbc9-0-0-0\" class=\"so-panel widget widget_sow-image panel-first-child panel-last-child\" data-index=\"0\" data-style=\"{&quot;background_image_attachment&quot;:false,&quot;background_display&quot;:&quot;tile&quot;,&quot;background_image_size&quot;:&quot;full&quot;,&quot;background_image_opacity&quot;:&quot;100&quot;,&quot;border_thickness&quot;:&quot;1px&quot;,&quot;link_overlay_new_window&quot;:&quot;&quot;}\" ><div\n\t\t\t\n\t\t\tclass=\"so-widget-sow-image so-widget-sow-image-default-8b5b6f678277\"\n\t\t\t\n\t\t>\n\n<div class=\"sow-image-container\">\n\t\t<img loading=\"lazy\" decoding=\"async\" src=\"https:\/\/site.educa.madrid.org\/ies.principefelipe.madrid\/\/wp-content\/uploads\/ies.principefelipe.madrid\/2025\/05\/10.png\" width=\"1463\" height=\"188\" srcset=\"https:\/\/site.educa.madrid.org\/ies.principefelipe.madrid\/\/wp-content\/uploads\/ies.principefelipe.madrid\/2025\/05\/10.png 1463w, https:\/\/site.educa.madrid.org\/ies.principefelipe.madrid\/\/wp-content\/uploads\/ies.principefelipe.madrid\/2025\/05\/10-300x39.png 300w, https:\/\/site.educa.madrid.org\/ies.principefelipe.madrid\/\/wp-content\/uploads\/ies.principefelipe.madrid\/2025\/05\/10-1024x132.png 1024w, https:\/\/site.educa.madrid.org\/ies.principefelipe.madrid\/\/wp-content\/uploads\/ies.principefelipe.madrid\/2025\/05\/10-768x99.png 768w\" sizes=\"auto, (max-width: 1463px) 100vw, 1463px\" alt=\"\" \t\tclass=\"so-widget-image\"\/>\n\t<\/div>\n\n<\/div><\/div><\/div><\/div><\/div>\n\n\n<p><\/p>\n\n\n\n<h2 class=\"wp-block-heading\"><\/h2>\n\n\n\n<p>Desde el curso 2010\/2011 pertenecemos al&nbsp;<strong>Proyecto de Innovaci\u00f3n Tecnol\u00f3gica<\/strong>.<\/p>\n\n\n\n<p>\u200bLas&nbsp;<strong>herramientas TIC<\/strong>&nbsp;quedan integradas dentro del curr\u00edculum de las diferentes materias de forma natural, son utilizadas como un medio para que los alumnos a trav\u00e9s de ellas aprendan los contenidos y adquieran las competencias que se determinan en cada programaci\u00f3n de cada uno de los departamentos did\u00e1cticos.<\/p>\n\n\n\n<p><\/p>\n\n\n\n<h2 class=\"wp-block-heading\"><strong>Enlaces de Inter\u00e9s<\/strong><\/h2>\n\n\n<div id=\"pl-gb412-6a0332766d2f1\"  class=\"panel-layout panel-layout\" ><div id=\"pg-gb412-6a0332766d2f1-0\"  class=\"panel-grid panel-has-style\"  data-style=\"{&quot;background_image_attachment&quot;:false,&quot;background_display&quot;:&quot;tile&quot;,&quot;background_image_size&quot;:&quot;full&quot;,&quot;background_image_opacity&quot;:&quot;100&quot;,&quot;border_thickness&quot;:&quot;1px&quot;,&quot;full_height&quot;:&quot;&quot;,&quot;row_stretch&quot;:&quot;full&quot;,&quot;cell_alignment&quot;:&quot;flex-start&quot;,&quot;link_overlay_new_window&quot;:&quot;&quot;}\" ><div class=\"siteorigin-panels-stretch panel-row-style panel-row-style-for-gb412-6a0332766d2f1-0\" data-stretch-type=\"full\" ><div id=\"pgc-gb412-6a0332766d2f1-0-0\"  class=\"panel-grid-cell\"  data-weight=\"0.25\" ><div id=\"panel-gb412-6a0332766d2f1-0-0-0\" class=\"so-panel widget widget_sow-image panel-first-child panel-last-child\" data-index=\"0\" data-style=\"{&quot;background_image_attachment&quot;:false,&quot;background_display&quot;:&quot;tile&quot;,&quot;background_image_size&quot;:&quot;full&quot;,&quot;background_image_opacity&quot;:&quot;100&quot;,&quot;border_thickness&quot;:&quot;1px&quot;,&quot;link_overlay_new_window&quot;:&quot;&quot;}\" ><div\n\t\t\t\n\t\t\tclass=\"so-widget-sow-image so-widget-sow-image-default-6ec9e3772f75\"\n\t\t\t\n\t\t>\n\n<div class=\"sow-image-container\">\n\t\t\t<a href=\"https:\/\/principefelipeies.wixsite.com\/click\"\n\t\t\ttarget=\"_blank\" rel=\"noopener noreferrer\" \t\t>\n\t\t\t<img loading=\"lazy\" decoding=\"async\" src=\"https:\/\/site.educa.madrid.org\/ies.principefelipe.madrid\/\/wp-content\/uploads\/ies.principefelipe.madrid\/2025\/05\/PREMIO-NACIONAL.png\" width=\"1080\" height=\"1080\" srcset=\"https:\/\/site.educa.madrid.org\/ies.principefelipe.madrid\/\/wp-content\/uploads\/ies.principefelipe.madrid\/2025\/05\/PREMIO-NACIONAL.png 1080w, https:\/\/site.educa.madrid.org\/ies.principefelipe.madrid\/\/wp-content\/uploads\/ies.principefelipe.madrid\/2025\/05\/PREMIO-NACIONAL-300x300.png 300w, https:\/\/site.educa.madrid.org\/ies.principefelipe.madrid\/\/wp-content\/uploads\/ies.principefelipe.madrid\/2025\/05\/PREMIO-NACIONAL-1024x1024.png 1024w, https:\/\/site.educa.madrid.org\/ies.principefelipe.madrid\/\/wp-content\/uploads\/ies.principefelipe.madrid\/2025\/05\/PREMIO-NACIONAL-150x150.png 150w, https:\/\/site.educa.madrid.org\/ies.principefelipe.madrid\/\/wp-content\/uploads\/ies.principefelipe.madrid\/2025\/05\/PREMIO-NACIONAL-768x768.png 768w, https:\/\/site.educa.madrid.org\/ies.principefelipe.madrid\/\/wp-content\/uploads\/ies.principefelipe.madrid\/2025\/05\/PREMIO-NACIONAL-500x500.png 500w, https:\/\/site.educa.madrid.org\/ies.principefelipe.madrid\/\/wp-content\/uploads\/ies.principefelipe.madrid\/2025\/05\/PREMIO-NACIONAL-400x400.png 400w, https:\/\/site.educa.madrid.org\/ies.principefelipe.madrid\/\/wp-content\/uploads\/ies.principefelipe.madrid\/2025\/05\/PREMIO-NACIONAL-100x100.png 100w\" sizes=\"auto, (max-width: 1080px) 100vw, 1080px\" title=\"PREMIO NACIONAL\" alt=\"\" \t\tclass=\"so-widget-image\"\/>\n\t<\/a><\/div>\n\n<\/div><\/div><\/div><div id=\"pgc-gb412-6a0332766d2f1-0-1\"  class=\"panel-grid-cell\"  data-weight=\"0.25\" ><div id=\"panel-gb412-6a0332766d2f1-0-1-0\" class=\"so-panel widget widget_sow-image panel-first-child panel-last-child\" data-index=\"1\" data-style=\"{&quot;background_image_attachment&quot;:false,&quot;background_display&quot;:&quot;tile&quot;,&quot;background_image_size&quot;:&quot;full&quot;,&quot;background_image_opacity&quot;:&quot;100&quot;,&quot;border_thickness&quot;:&quot;1px&quot;,&quot;link_overlay_new_window&quot;:&quot;&quot;}\" ><div\n\t\t\t\n\t\t\tclass=\"so-widget-sow-image so-widget-sow-image-default-6ec9e3772f75\"\n\t\t\t\n\t\t>\n\n<div class=\"sow-image-container\">\n\t\t\t<a href=\"https:\/\/www.educa2.madrid.org\/web\/institutos_it\"\n\t\t\ttarget=\"_blank\" rel=\"noopener noreferrer\" \t\t>\n\t\t\t<img loading=\"lazy\" decoding=\"async\" src=\"https:\/\/site.educa.madrid.org\/ies.principefelipe.madrid\/\/wp-content\/uploads\/ies.principefelipe.madrid\/2025\/05\/PREMIO-NACIONAL-4.png\" width=\"1080\" height=\"1080\" srcset=\"https:\/\/site.educa.madrid.org\/ies.principefelipe.madrid\/\/wp-content\/uploads\/ies.principefelipe.madrid\/2025\/05\/PREMIO-NACIONAL-4.png 1080w, https:\/\/site.educa.madrid.org\/ies.principefelipe.madrid\/\/wp-content\/uploads\/ies.principefelipe.madrid\/2025\/05\/PREMIO-NACIONAL-4-300x300.png 300w, https:\/\/site.educa.madrid.org\/ies.principefelipe.madrid\/\/wp-content\/uploads\/ies.principefelipe.madrid\/2025\/05\/PREMIO-NACIONAL-4-1024x1024.png 1024w, https:\/\/site.educa.madrid.org\/ies.principefelipe.madrid\/\/wp-content\/uploads\/ies.principefelipe.madrid\/2025\/05\/PREMIO-NACIONAL-4-150x150.png 150w, https:\/\/site.educa.madrid.org\/ies.principefelipe.madrid\/\/wp-content\/uploads\/ies.principefelipe.madrid\/2025\/05\/PREMIO-NACIONAL-4-768x768.png 768w, https:\/\/site.educa.madrid.org\/ies.principefelipe.madrid\/\/wp-content\/uploads\/ies.principefelipe.madrid\/2025\/05\/PREMIO-NACIONAL-4-500x500.png 500w, https:\/\/site.educa.madrid.org\/ies.principefelipe.madrid\/\/wp-content\/uploads\/ies.principefelipe.madrid\/2025\/05\/PREMIO-NACIONAL-4-400x400.png 400w, https:\/\/site.educa.madrid.org\/ies.principefelipe.madrid\/\/wp-content\/uploads\/ies.principefelipe.madrid\/2025\/05\/PREMIO-NACIONAL-4-100x100.png 100w\" sizes=\"auto, (max-width: 1080px) 100vw, 1080px\" title=\"PREMIO NACIONAL (4)\" alt=\"\" \t\tclass=\"so-widget-image\"\/>\n\t<\/a><\/div>\n\n<\/div><\/div><\/div><div id=\"pgc-gb412-6a0332766d2f1-0-2\"  class=\"panel-grid-cell\"  data-weight=\"0.25\" ><div id=\"panel-gb412-6a0332766d2f1-0-2-0\" class=\"so-panel widget widget_sow-image panel-first-child panel-last-child\" data-index=\"2\" data-style=\"{&quot;background_image_attachment&quot;:false,&quot;background_display&quot;:&quot;tile&quot;,&quot;background_image_size&quot;:&quot;full&quot;,&quot;background_image_opacity&quot;:&quot;100&quot;,&quot;border_thickness&quot;:&quot;1px&quot;,&quot;link_overlay_new_window&quot;:&quot;&quot;}\" ><div\n\t\t\t\n\t\t\tclass=\"so-widget-sow-image so-widget-sow-image-default-6ec9e3772f75\"\n\t\t\t\n\t\t>\n\n<div class=\"sow-image-container\">\n\t\t\t<a href=\"https:\/\/principefelipeies.wixsite.com\/competencia-digital\"\n\t\t\ttarget=\"_blank\" rel=\"noopener noreferrer\" \t\t>\n\t\t\t<img loading=\"lazy\" decoding=\"async\" src=\"https:\/\/site.educa.madrid.org\/ies.principefelipe.madrid\/\/wp-content\/uploads\/ies.principefelipe.madrid\/2025\/05\/PREMIO-NACIONAL-1.png\" width=\"1080\" height=\"1080\" srcset=\"https:\/\/site.educa.madrid.org\/ies.principefelipe.madrid\/\/wp-content\/uploads\/ies.principefelipe.madrid\/2025\/05\/PREMIO-NACIONAL-1.png 1080w, https:\/\/site.educa.madrid.org\/ies.principefelipe.madrid\/\/wp-content\/uploads\/ies.principefelipe.madrid\/2025\/05\/PREMIO-NACIONAL-1-300x300.png 300w, https:\/\/site.educa.madrid.org\/ies.principefelipe.madrid\/\/wp-content\/uploads\/ies.principefelipe.madrid\/2025\/05\/PREMIO-NACIONAL-1-1024x1024.png 1024w, https:\/\/site.educa.madrid.org\/ies.principefelipe.madrid\/\/wp-content\/uploads\/ies.principefelipe.madrid\/2025\/05\/PREMIO-NACIONAL-1-150x150.png 150w, https:\/\/site.educa.madrid.org\/ies.principefelipe.madrid\/\/wp-content\/uploads\/ies.principefelipe.madrid\/2025\/05\/PREMIO-NACIONAL-1-768x768.png 768w, https:\/\/site.educa.madrid.org\/ies.principefelipe.madrid\/\/wp-content\/uploads\/ies.principefelipe.madrid\/2025\/05\/PREMIO-NACIONAL-1-500x500.png 500w, https:\/\/site.educa.madrid.org\/ies.principefelipe.madrid\/\/wp-content\/uploads\/ies.principefelipe.madrid\/2025\/05\/PREMIO-NACIONAL-1-400x400.png 400w, https:\/\/site.educa.madrid.org\/ies.principefelipe.madrid\/\/wp-content\/uploads\/ies.principefelipe.madrid\/2025\/05\/PREMIO-NACIONAL-1-100x100.png 100w\" sizes=\"auto, (max-width: 1080px) 100vw, 1080px\" title=\"PREMIO NACIONAL (1)\" alt=\"\" \t\tclass=\"so-widget-image\"\/>\n\t<\/a><\/div>\n\n<\/div><\/div><\/div><div id=\"pgc-gb412-6a0332766d2f1-0-3\"  class=\"panel-grid-cell\"  data-weight=\"0.25\" ><div id=\"panel-gb412-6a0332766d2f1-0-3-0\" class=\"so-panel widget widget_sow-image panel-first-child panel-last-child\" data-index=\"3\" data-style=\"{&quot;background_image_attachment&quot;:false,&quot;background_display&quot;:&quot;tile&quot;,&quot;background_image_size&quot;:&quot;full&quot;,&quot;background_image_opacity&quot;:&quot;100&quot;,&quot;border_thickness&quot;:&quot;1px&quot;,&quot;link_overlay_new_window&quot;:&quot;&quot;}\" ><div\n\t\t\t\n\t\t\tclass=\"so-widget-sow-image so-widget-sow-image-default-6ec9e3772f75\"\n\t\t\t\n\t\t>\n\n<div class=\"sow-image-container\">\n\t\t\t<a href=\"https:\/\/ticpfelipe.blogspot.com\/\"\n\t\t\ttarget=\"_blank\" rel=\"noopener noreferrer\" \t\t>\n\t\t\t<img loading=\"lazy\" decoding=\"async\" src=\"https:\/\/site.educa.madrid.org\/ies.principefelipe.madrid\/\/wp-content\/uploads\/ies.principefelipe.madrid\/2025\/05\/PREMIO-NACIONAL-3.png\" width=\"1080\" height=\"1080\" srcset=\"https:\/\/site.educa.madrid.org\/ies.principefelipe.madrid\/\/wp-content\/uploads\/ies.principefelipe.madrid\/2025\/05\/PREMIO-NACIONAL-3.png 1080w, https:\/\/site.educa.madrid.org\/ies.principefelipe.madrid\/\/wp-content\/uploads\/ies.principefelipe.madrid\/2025\/05\/PREMIO-NACIONAL-3-300x300.png 300w, https:\/\/site.educa.madrid.org\/ies.principefelipe.madrid\/\/wp-content\/uploads\/ies.principefelipe.madrid\/2025\/05\/PREMIO-NACIONAL-3-1024x1024.png 1024w, https:\/\/site.educa.madrid.org\/ies.principefelipe.madrid\/\/wp-content\/uploads\/ies.principefelipe.madrid\/2025\/05\/PREMIO-NACIONAL-3-150x150.png 150w, https:\/\/site.educa.madrid.org\/ies.principefelipe.madrid\/\/wp-content\/uploads\/ies.principefelipe.madrid\/2025\/05\/PREMIO-NACIONAL-3-768x768.png 768w, https:\/\/site.educa.madrid.org\/ies.principefelipe.madrid\/\/wp-content\/uploads\/ies.principefelipe.madrid\/2025\/05\/PREMIO-NACIONAL-3-500x500.png 500w, https:\/\/site.educa.madrid.org\/ies.principefelipe.madrid\/\/wp-content\/uploads\/ies.principefelipe.madrid\/2025\/05\/PREMIO-NACIONAL-3-400x400.png 400w, https:\/\/site.educa.madrid.org\/ies.principefelipe.madrid\/\/wp-content\/uploads\/ies.principefelipe.madrid\/2025\/05\/PREMIO-NACIONAL-3-100x100.png 100w\" sizes=\"auto, (max-width: 1080px) 100vw, 1080px\" title=\"PREMIO NACIONAL (3)\" alt=\"\" \t\tclass=\"so-widget-image\"\/>\n\t<\/a><\/div>\n\n<\/div><\/div><\/div><\/div><\/div><\/div>\n\n\n<p><\/p>\n\n\n\n<h2 class=\"wp-block-heading\"><strong>Alumnos WIFI<\/strong><\/h2>\n\n\n\n<p>Grupo de alumnos que se ofrecen voluntariamente a ayudar durante los recreos y que coloquialmente denominamos \u201calumnos wifi\u201d.&nbsp;<\/p>\n\n\n\n<p><strong>\u200b<\/strong>Revisan las hojas de incidencias y avisan a las coordinadoras cuando hay problemas que no son capaces de resolver. Adem\u00e1s, con su ejemplo hacen que el resto de alumnos sean conscientes del cuidado y la limpieza de las aulas IIT .&nbsp;Su ayuda es muy valorada e imprescindible para poder gestionar las 16 aulas digitales que tenemos.&nbsp;<\/p>\n\n\n<div id=\"pl-gb412-6a0332766db0d\"  class=\"panel-layout panel-layout\" ><div id=\"pg-gb412-6a0332766db0d-0\"  class=\"panel-grid panel-has-style\"  data-style=\"{&quot;background_image_attachment&quot;:false,&quot;background_display&quot;:&quot;tile&quot;,&quot;background_image_size&quot;:&quot;full&quot;,&quot;background_image_opacity&quot;:&quot;100&quot;,&quot;border_thickness&quot;:&quot;1px&quot;,&quot;full_height&quot;:&quot;&quot;,&quot;row_stretch&quot;:&quot;full&quot;,&quot;cell_alignment&quot;:&quot;flex-start&quot;,&quot;link_overlay_new_window&quot;:&quot;&quot;}\" ><div class=\"siteorigin-panels-stretch panel-row-style panel-row-style-for-gb412-6a0332766db0d-0\" data-stretch-type=\"full\" ><div id=\"pgc-gb412-6a0332766db0d-0-0\"  class=\"panel-grid-cell\"  data-weight=\"0.25\" ><div id=\"panel-gb412-6a0332766db0d-0-0-0\" class=\"so-panel widget widget_sow-image panel-first-child panel-last-child\" data-index=\"0\" data-style=\"{&quot;background_image_attachment&quot;:false,&quot;background_display&quot;:&quot;tile&quot;,&quot;background_image_size&quot;:&quot;full&quot;,&quot;background_image_opacity&quot;:&quot;100&quot;,&quot;border_thickness&quot;:&quot;1px&quot;,&quot;link_overlay_new_window&quot;:&quot;&quot;}\" ><div\n\t\t\t\n\t\t\tclass=\"so-widget-sow-image so-widget-sow-image-default-8b5b6f678277\"\n\t\t\t\n\t\t>\n\n<div class=\"sow-image-container\">\n\t\t<img loading=\"lazy\" decoding=\"async\" src=\"https:\/\/site.educa.madrid.org\/ies.principefelipe.madrid\/\/wp-content\/uploads\/ies.principefelipe.madrid\/2025\/05\/ALUMNOS-VOLUNTARIOS.png\" width=\"2000\" height=\"1600\" srcset=\"https:\/\/site.educa.madrid.org\/ies.principefelipe.madrid\/\/wp-content\/uploads\/ies.principefelipe.madrid\/2025\/05\/ALUMNOS-VOLUNTARIOS.png 2000w, https:\/\/site.educa.madrid.org\/ies.principefelipe.madrid\/\/wp-content\/uploads\/ies.principefelipe.madrid\/2025\/05\/ALUMNOS-VOLUNTARIOS-300x240.png 300w, https:\/\/site.educa.madrid.org\/ies.principefelipe.madrid\/\/wp-content\/uploads\/ies.principefelipe.madrid\/2025\/05\/ALUMNOS-VOLUNTARIOS-1024x819.png 1024w, https:\/\/site.educa.madrid.org\/ies.principefelipe.madrid\/\/wp-content\/uploads\/ies.principefelipe.madrid\/2025\/05\/ALUMNOS-VOLUNTARIOS-768x614.png 768w, https:\/\/site.educa.madrid.org\/ies.principefelipe.madrid\/\/wp-content\/uploads\/ies.principefelipe.madrid\/2025\/05\/ALUMNOS-VOLUNTARIOS-1536x1229.png 1536w\" sizes=\"auto, (max-width: 2000px) 100vw, 2000px\" title=\"ALUMNOS VOLUNTARIOS\" alt=\"\" \t\tclass=\"so-widget-image\"\/>\n\t<\/div>\n\n<\/div><\/div><\/div><div id=\"pgc-gb412-6a0332766db0d-0-1\"  class=\"panel-grid-cell\"  data-weight=\"0.25\" ><div id=\"panel-gb412-6a0332766db0d-0-1-0\" class=\"so-panel widget widget_sow-image panel-first-child panel-last-child\" data-index=\"1\" data-style=\"{&quot;background_image_attachment&quot;:false,&quot;background_display&quot;:&quot;tile&quot;,&quot;background_image_size&quot;:&quot;full&quot;,&quot;background_image_opacity&quot;:&quot;100&quot;,&quot;border_thickness&quot;:&quot;1px&quot;,&quot;link_overlay_new_window&quot;:&quot;&quot;}\" ><div\n\t\t\t\n\t\t\tclass=\"so-widget-sow-image so-widget-sow-image-default-8b5b6f678277\"\n\t\t\t\n\t\t>\n\n<div class=\"sow-image-container\">\n\t\t<img loading=\"lazy\" decoding=\"async\" src=\"https:\/\/site.educa.madrid.org\/ies.principefelipe.madrid\/\/wp-content\/uploads\/ies.principefelipe.madrid\/2025\/05\/2_edited.jpg\" width=\"459\" height=\"256\" srcset=\"https:\/\/site.educa.madrid.org\/ies.principefelipe.madrid\/\/wp-content\/uploads\/ies.principefelipe.madrid\/2025\/05\/2_edited.jpg 459w, https:\/\/site.educa.madrid.org\/ies.principefelipe.madrid\/\/wp-content\/uploads\/ies.principefelipe.madrid\/2025\/05\/2_edited-300x167.jpg 300w\" sizes=\"auto, (max-width: 459px) 100vw, 459px\" alt=\"\" \t\tclass=\"so-widget-image\"\/>\n\t<\/div>\n\n<\/div><\/div><\/div><div id=\"pgc-gb412-6a0332766db0d-0-2\"  class=\"panel-grid-cell\"  data-weight=\"0.25\" ><div id=\"panel-gb412-6a0332766db0d-0-2-0\" class=\"so-panel widget widget_sow-image panel-first-child panel-last-child\" data-index=\"2\" data-style=\"{&quot;background_image_attachment&quot;:false,&quot;background_display&quot;:&quot;tile&quot;,&quot;background_image_size&quot;:&quot;full&quot;,&quot;background_image_opacity&quot;:&quot;100&quot;,&quot;border_thickness&quot;:&quot;1px&quot;,&quot;link_overlay_new_window&quot;:&quot;&quot;}\" ><div\n\t\t\t\n\t\t\tclass=\"so-widget-sow-image so-widget-sow-image-default-8b5b6f678277\"\n\t\t\t\n\t\t>\n\n<div class=\"sow-image-container\">\n\t\t<img loading=\"lazy\" decoding=\"async\" src=\"https:\/\/site.educa.madrid.org\/ies.principefelipe.madrid\/\/wp-content\/uploads\/ies.principefelipe.madrid\/2025\/05\/3_edited.jpg\" width=\"453\" height=\"253\" srcset=\"https:\/\/site.educa.madrid.org\/ies.principefelipe.madrid\/\/wp-content\/uploads\/ies.principefelipe.madrid\/2025\/05\/3_edited.jpg 453w, https:\/\/site.educa.madrid.org\/ies.principefelipe.madrid\/\/wp-content\/uploads\/ies.principefelipe.madrid\/2025\/05\/3_edited-300x168.jpg 300w\" sizes=\"auto, (max-width: 453px) 100vw, 453px\" alt=\"\" \t\tclass=\"so-widget-image\"\/>\n\t<\/div>\n\n<\/div><\/div><\/div><div id=\"pgc-gb412-6a0332766db0d-0-3\"  class=\"panel-grid-cell\"  data-weight=\"0.25\" ><div id=\"panel-gb412-6a0332766db0d-0-3-0\" class=\"so-panel widget widget_sow-image panel-first-child panel-last-child\" data-index=\"3\" data-style=\"{&quot;background_image_attachment&quot;:false,&quot;background_display&quot;:&quot;tile&quot;,&quot;background_image_size&quot;:&quot;full&quot;,&quot;background_image_opacity&quot;:&quot;100&quot;,&quot;border_thickness&quot;:&quot;1px&quot;,&quot;link_overlay_new_window&quot;:&quot;&quot;}\" ><div\n\t\t\t\n\t\t\tclass=\"so-widget-sow-image so-widget-sow-image-default-8b5b6f678277\"\n\t\t\t\n\t\t>\n\n<div class=\"sow-image-container\">\n\t\t<img loading=\"lazy\" decoding=\"async\" src=\"https:\/\/site.educa.madrid.org\/ies.principefelipe.madrid\/\/wp-content\/uploads\/ies.principefelipe.madrid\/2025\/05\/1.png\" width=\"599\" height=\"339\" srcset=\"https:\/\/site.educa.madrid.org\/ies.principefelipe.madrid\/\/wp-content\/uploads\/ies.principefelipe.madrid\/2025\/05\/1.png 599w, https:\/\/site.educa.madrid.org\/ies.principefelipe.madrid\/\/wp-content\/uploads\/ies.principefelipe.madrid\/2025\/05\/1-300x170.png 300w\" sizes=\"auto, (max-width: 599px) 100vw, 599px\" alt=\"\" \t\tclass=\"so-widget-image\"\/>\n\t<\/div>\n\n<\/div><\/div><\/div><\/div><\/div><\/div>","protected":false},"excerpt":{"rendered":"<p>Desde el curso 2010\/2011 pertenecemos al&nbsp;Proyecto de Innovaci\u00f3n Tecnol\u00f3gica. \u200bLas&nbsp;herramientas TIC&nbsp;quedan integradas dentro del curr\u00edculum de las diferentes materias de forma natural, son utilizadas como un medio para que los alumnos a trav\u00e9s de ellas aprendan los contenidos y adquieran las competencias que se determinan en cada programaci\u00f3n de cada uno de los departamentos did\u00e1cticos. [&hellip;]<\/p>\n","protected":false},"author":5,"featured_media":0,"parent":136,"menu_order":0,"comment_status":"closed","ping_status":"closed","template":"","meta":{"footnotes":""},"folder":[],"class_list":["post-412","page","type-page","status-publish","hentry"],"rttpg_featured_image_url":null,"rttpg_author":{"display_name":"Cuenta Admin-educamadrid","author_link":"https:\/\/site.educa.madrid.org\/ies.principefelipe.madrid\/index.php\/author\/cuenta_admin-educamadrid\/"},"rttpg_comment":0,"rttpg_category":false,"rttpg_excerpt":"Desde el curso 2010\/2011 pertenecemos al&nbsp;Proyecto de Innovaci\u00f3n Tecnol\u00f3gica. \u200bLas&nbsp;herramientas TIC&nbsp;quedan integradas dentro del curr\u00edculum de las diferentes materias de forma natural, son utilizadas como un medio para que los alumnos a trav\u00e9s de ellas aprendan los contenidos y adquieran las competencias que se determinan en cada programaci\u00f3n de cada uno de los departamentos did\u00e1cticos.&hellip;","post_mailing_queue_ids":[],"_links":{"self":[{"href":"https:\/\/site.educa.madrid.org\/ies.principefelipe.madrid\/index.php\/wp-json\/wp\/v2\/pages\/412","targetHints":{"allow":["GET"]}}],"collection":[{"href":"https:\/\/site.educa.madrid.org\/ies.principefelipe.madrid\/index.php\/wp-json\/wp\/v2\/pages"}],"about":[{"href":"https:\/\/site.educa.madrid.org\/ies.principefelipe.madrid\/index.php\/wp-json\/wp\/v2\/types\/page"}],"author":[{"embeddable":true,"href":"https:\/\/site.educa.madrid.org\/ies.principefelipe.madrid\/index.php\/wp-json\/wp\/v2\/users\/5"}],"replies":[{"embeddable":true,"href":"https:\/\/site.educa.madrid.org\/ies.principefelipe.madrid\/index.php\/wp-json\/wp\/v2\/comments?post=412"}],"version-history":[{"count":14,"href":"https:\/\/site.educa.madrid.org\/ies.principefelipe.madrid\/index.php\/wp-json\/wp\/v2\/pages\/412\/revisions"}],"predecessor-version":[{"id":1437,"href":"https:\/\/site.educa.madrid.org\/ies.principefelipe.madrid\/index.php\/wp-json\/wp\/v2\/pages\/412\/revisions\/1437"}],"up":[{"embeddable":true,"href":"https:\/\/site.educa.madrid.org\/ies.principefelipe.madrid\/index.php\/wp-json\/wp\/v2\/pages\/136"}],"wp:attachment":[{"href":"https:\/\/site.educa.madrid.org\/ies.principefelipe.madrid\/index.php\/wp-json\/wp\/v2\/media?parent=412"}],"wp:term":[{"taxonomy":"folder","embeddable":true,"href":"https:\/\/site.educa.madrid.org\/ies.principefelipe.madrid\/index.php\/wp-json\/wp\/v2\/folder?post=412"}],"curies":[{"name":"wp","href":"https:\/\/api.w.org\/{rel}","templated":true}]}}