{"id":1136,"date":"2022-06-18T01:55:56","date_gmt":"2022-06-17T23:55:56","guid":{"rendered":"https:\/\/site.educa.madrid.org\/ies.rodriguezdevalcarcel.madrid\/?page_id=1136"},"modified":"2025-12-11T22:14:35","modified_gmt":"2025-12-11T21:14:35","slug":"video-dj-y-sonido","status":"publish","type":"page","link":"https:\/\/site.educa.madrid.org\/ies.rodriguezdevalcarcel.madrid\/index.php\/video-dj-y-sonido\/","title":{"rendered":"Video DJ y Sonido"},"content":{"rendered":"\n<p><a href=\"https:\/\/site.educa.madrid.org\/ies.rodriguezdevalcarcel.madrid\/\/wp-content\/uploads\/ies.rodriguezdevalcarcel.madrid\/2025\/11\/Programacion-Ciclo-VideoDJ_2025-2026.pdf\" target=\"_blank\" rel=\"noreferrer noopener\">Programaci\u00f3n did\u00e1ctica ciclo video disc-jockey y sonido<\/a><\/p>\n\n\n\n<h3 class=\"wp-block-heading\">Primer Curso<\/h3>\n\n\n\n<p><a href=\"https:\/\/site.educa.madrid.org\/ies.rodriguezdevalcarcel.madrid\/\/wp-content\/uploads\/ies.rodriguezdevalcarcel.madrid\/2025\/12\/1298_Programacion_Instalacion_y_montaje_de_equipos_de_sonido_Curso_2025-2026.pdf\" target=\"_blank\" rel=\"noreferrer noopener\">Instalaci\u00f3n y montaje de equipos de sonido<\/a><\/p>\n\n\n\n<p><a href=\"https:\/\/site.educa.madrid.org\/ies.rodriguezdevalcarcel.madrid\/\/wp-content\/uploads\/ies.rodriguezdevalcarcel.madrid\/2025\/11\/1299_Programacion-CAPTACION-Y-GRABACION-DE-SONIDO-2025-26.pdf\" target=\"_blank\" rel=\"noreferrer noopener\">Captaci\u00f3n y grabaci\u00f3n de sonido <\/a><\/p>\n\n\n\n<p><a href=\"https:\/\/site.educa.madrid.org\/ies.rodriguezdevalcarcel.madrid\/\/wp-content\/uploads\/ies.rodriguezdevalcarcel.madrid\/2025\/11\/1301_PREPARACION-SESIONES-VIDEO-DISC-JOCKEY-2025_26.pdf\" target=\"_blank\" rel=\"noreferrer noopener\">Preparaci\u00f3n de sesiones de v\u00eddeo disc-jockey<\/a><\/p>\n\n\n\n<p><a href=\"https:\/\/site.educa.madrid.org\/ies.rodriguezdevalcarcel.madrid\/\/wp-content\/uploads\/ies.rodriguezdevalcarcel.madrid\/2025\/11\/1304_Programacion-TOMA-Y-EDICION-DIGITAL-DE-IMAGEN-2025-26.pdf\" target=\"_blank\" rel=\"noreferrer noopener\">Toma y edici\u00f3n digital de imagen<\/a><\/p>\n\n\n\n<p><a href=\"https:\/\/site.educa.madrid.org\/ies.rodriguezdevalcarcel.madrid\/\/wp-content\/uploads\/ies.rodriguezdevalcarcel.madrid\/2025\/12\/CMO_Programacion-AMPLIACION-TOMA-Y-EDICION-DIGITAL-DE-IMAGEN.pdf\" target=\"_blank\" rel=\"noreferrer noopener\">Ampliaci\u00f3n de Toma y edici\u00f3n digital de imagen (m\u00f3dulo profesional optativo)<\/a><\/p>\n\n\n\n<p><a href=\"https:\/\/site.educa.madrid.org\/ies.rodriguezdevalcarcel.madrid\/\/wp-content\/uploads\/ies.rodriguezdevalcarcel.madrid\/2025\/11\/1709_ItinerarioPersonalparalaEmpleabilidad1_VDJ_2526.pdf\" target=\"_blank\" rel=\"noreferrer noopener\">Itinerario personal para la empleabilidad I<\/a><\/p>\n\n\n\n<h3 class=\"wp-block-heading\">Segundo Curso<\/h3>\n\n\n\n<p><a href=\"https:\/\/site.educa.madrid.org\/ies.rodriguezdevalcarcel.madrid\/\/wp-content\/uploads\/ies.rodriguezdevalcarcel.madrid\/2025\/11\/1300_Programacion-CEMS-2025-2026.docx.pdf\" target=\"_blank\" rel=\"noreferrer noopener\">Control, edici\u00f3n y mezcla de sonido<\/a><\/p>\n\n\n\n<p><a href=\"https:\/\/site.educa.madrid.org\/ies.rodriguezdevalcarcel.madrid\/\/wp-content\/uploads\/ies.rodriguezdevalcarcel.madrid\/2025\/11\/1302_AMEV-Animacion-Musical-en-Vivo-2025-2026.pdf\" target=\"_blank\" rel=\"noreferrer noopener\">Animaci\u00f3n musical en vivo<\/a><\/p>\n\n\n\n<p><a href=\"https:\/\/site.educa.madrid.org\/ies.rodriguezdevalcarcel.madrid\/\/wp-content\/uploads\/ies.rodriguezdevalcarcel.madrid\/2025\/11\/CMO_1303_ANIMACION_VISUAL_EN_VIVO.pdf\" target=\"_blank\" rel=\"noreferrer noopener\">Animaci\u00f3n visual en vivo<\/a><\/p>\n\n\n\n<p><a href=\"https:\/\/site.educa.madrid.org\/ies.rodriguezdevalcarcel.madrid\/\/wp-content\/uploads\/ies.rodriguezdevalcarcel.madrid\/2025\/11\/0156_INGLESPROFESIONALVIDEODJ.pdf\" target=\"_blank\" rel=\"noreferrer noopener\">Ingl\u00e9s profesional (GM)<\/a><\/p>\n\n\n\n<p><a href=\"https:\/\/site.educa.madrid.org\/ies.rodriguezdevalcarcel.madrid\/\/wp-content\/uploads\/ies.rodriguezdevalcarcel.madrid\/2025\/11\/1710_ItinerarioPersonalparalaEmpleabilidad2_VDJ_2526.pdf\" target=\"_blank\" rel=\"noreferrer noopener\">Itinerario personal para la empleabilidad II<\/a><\/p>\n\n\n\n<p><a href=\"https:\/\/site.educa.madrid.org\/ies.rodriguezdevalcarcel.madrid\/\/wp-content\/uploads\/ies.rodriguezdevalcarcel.madrid\/2025\/11\/1664_DIGITALIZACION-APLICADA-A-LOS-SECTORES-PRODUCTIVOS-2025-2026.pdf\" target=\"_blank\" rel=\"noreferrer noopener\">Digitalizaci\u00f3n aplicada a los sectores productivos (GM)<\/a><\/p>\n\n\n\n<p><a href=\"https:\/\/site.educa.madrid.org\/ies.rodriguezdevalcarcel.madrid\/\/wp-content\/uploads\/ies.rodriguezdevalcarcel.madrid\/2025\/11\/1078_SASP-Sostenibilidad-aplicada-a-sistema-productivo-2025-2026-1-1.pdf\" target=\"_blank\" rel=\"noreferrer noopener\">Sostenibilidad aplicada al sistema productivo<\/a><\/p>\n\n\n\n<p><a href=\"https:\/\/site.educa.madrid.org\/ies.rodriguezdevalcarcel.madrid\/\/wp-content\/uploads\/ies.rodriguezdevalcarcel.madrid\/2025\/11\/CMO_1303_ANIMACION_VISUAL_EN_VIVO.pdf\" target=\"_blank\" rel=\"noreferrer noopener\">Ampliaci\u00f3n de Animaci\u00f3n visual en vivo (m\u00f3dulo profesional optativo)<\/a><\/p>\n","protected":false},"excerpt":{"rendered":"<p>Programaci\u00f3n did\u00e1ctica ciclo video disc-jockey y sonido Primer Curso Instalaci\u00f3n y montaje de equipos de sonido Captaci\u00f3n y grabaci\u00f3n de sonido Preparaci\u00f3n [&hellip;]<\/p>\n","protected":false},"author":2,"featured_media":0,"parent":0,"menu_order":0,"comment_status":"closed","ping_status":"closed","template":"","meta":{"footnotes":""},"class_list":["post-1136","page","type-page","status-publish","hentry"],"rttpg_featured_image_url":null,"rttpg_author":{"display_name":"tic.ies.rodriguezdevalcarcel.madrid","author_link":"https:\/\/site.educa.madrid.org\/ies.rodriguezdevalcarcel.madrid\/index.php\/author\/cuenta_tic-ies-rodriguezdevalcarcel-madrid\/"},"rttpg_comment":0,"rttpg_category":null,"rttpg_excerpt":"Programaci\u00f3n did\u00e1ctica ciclo video disc-jockey y sonido Primer Curso Instalaci\u00f3n y montaje de equipos de sonido Captaci\u00f3n y grabaci\u00f3n de sonido Preparaci\u00f3n [&hellip;]","post_mailing_queue_ids":[],"_links":{"self":[{"href":"https:\/\/site.educa.madrid.org\/ies.rodriguezdevalcarcel.madrid\/index.php\/wp-json\/wp\/v2\/pages\/1136","targetHints":{"allow":["GET"]}}],"collection":[{"href":"https:\/\/site.educa.madrid.org\/ies.rodriguezdevalcarcel.madrid\/index.php\/wp-json\/wp\/v2\/pages"}],"about":[{"href":"https:\/\/site.educa.madrid.org\/ies.rodriguezdevalcarcel.madrid\/index.php\/wp-json\/wp\/v2\/types\/page"}],"author":[{"embeddable":true,"href":"https:\/\/site.educa.madrid.org\/ies.rodriguezdevalcarcel.madrid\/index.php\/wp-json\/wp\/v2\/users\/2"}],"replies":[{"embeddable":true,"href":"https:\/\/site.educa.madrid.org\/ies.rodriguezdevalcarcel.madrid\/index.php\/wp-json\/wp\/v2\/comments?post=1136"}],"version-history":[{"count":21,"href":"https:\/\/site.educa.madrid.org\/ies.rodriguezdevalcarcel.madrid\/index.php\/wp-json\/wp\/v2\/pages\/1136\/revisions"}],"predecessor-version":[{"id":3657,"href":"https:\/\/site.educa.madrid.org\/ies.rodriguezdevalcarcel.madrid\/index.php\/wp-json\/wp\/v2\/pages\/1136\/revisions\/3657"}],"wp:attachment":[{"href":"https:\/\/site.educa.madrid.org\/ies.rodriguezdevalcarcel.madrid\/index.php\/wp-json\/wp\/v2\/media?parent=1136"}],"curies":[{"name":"wp","href":"https:\/\/api.w.org\/{rel}","templated":true}]}}