{"id":1141,"date":"2022-06-18T01:59:34","date_gmt":"2022-06-17T23:59:34","guid":{"rendered":"https:\/\/site.educa.madrid.org\/ies.rodriguezdevalcarcel.madrid\/?page_id=1141"},"modified":"2025-11-12T13:17:24","modified_gmt":"2025-11-12T12:17:24","slug":"animaciones-3d","status":"publish","type":"page","link":"https:\/\/site.educa.madrid.org\/ies.rodriguezdevalcarcel.madrid\/index.php\/animaciones-3d\/","title":{"rendered":"Animaciones 3D"},"content":{"rendered":"\n<p><a href=\"https:\/\/site.educa.madrid.org\/ies.rodriguezdevalcarcel.madrid\/\/wp-content\/uploads\/ies.rodriguezdevalcarcel.madrid\/2025\/11\/Programacion_Ciclo_A3D_2526.pdf\" target=\"_blank\" rel=\"noreferrer noopener\">Programaci\u00f3n did\u00e1ctica ciclo animaciones 3D, juegos y entornos interactivos<\/a><\/p>\n\n\n\n<h3 class=\"wp-block-heading\">Primer curso<\/h3>\n\n\n\n<p><a href=\"https:\/\/site.educa.madrid.org\/ies.rodriguezdevalcarcel.madrid\/\/wp-content\/uploads\/ies.rodriguezdevalcarcel.madrid\/2025\/11\/1087_-PROGRAMACION_ANIMACION-DE-ELEMENTOS-2D-Y-3D_2025-26.pdf\" target=\"_blank\" rel=\"noreferrer noopener\">Animaci\u00f3n de elementos 2D y 3D<\/a><\/p>\n\n\n\n<p><a href=\"https:\/\/site.educa.madrid.org\/ies.rodriguezdevalcarcel.madrid\/\/wp-content\/uploads\/ies.rodriguezdevalcarcel.madrid\/2025\/11\/1088_Programacion_Color_Iluminacion_y_acabados_2D_y_3D_2025-2026.pdf\" target=\"_blank\" rel=\"noreferrer noopener\">Color, iluminaci\u00f3n y acabados 2D y 3D<\/a><\/p>\n\n\n\n<p><a href=\"https:\/\/site.educa.madrid.org\/ies.rodriguezdevalcarcel.madrid\/\/wp-content\/uploads\/ies.rodriguezdevalcarcel.madrid\/2025\/11\/1086_Diseno-Dibujo-y-Modelado-para-Animacion-2025-2026.pdf\" target=\"_blank\" rel=\"noreferrer noopener\">Dise\u00f1o, dibujo y modelado para animaci\u00f3n<\/a><\/p>\n\n\n\n<p><a href=\"https:\/\/site.educa.madrid.org\/ies.rodriguezdevalcarcel.madrid\/\/wp-content\/uploads\/ies.rodriguezdevalcarcel.madrid\/2025\/11\/1090_PMINTER-Realizacion-de-proyectos-multimedia-interactivos_2025-26.pdf\" target=\"_blank\" rel=\"noreferrer noopener\">Realizaci\u00f3n de proyectos multimedia interactivos<\/a><\/p>\n\n\n\n<p><a href=\"https:\/\/site.educa.madrid.org\/ies.rodriguezdevalcarcel.madrid\/\/wp-content\/uploads\/ies.rodriguezdevalcarcel.madrid\/2025\/11\/CMO271_FDJ-FUNDAMENTOS-DEL-DISENO-Y-JUGABILIDAD_2025-2026.pdf\" target=\"_blank\" rel=\"noreferrer noopener\">Fundamentos del dise\u00f1o y jugabilidad (m\u00f3dulo profesional optativo)<\/a><\/p>\n\n\n\n<p><a href=\"https:\/\/site.educa.madrid.org\/ies.rodriguezdevalcarcel.madrid\/\/wp-content\/uploads\/ies.rodriguezdevalcarcel.madrid\/2025\/11\/1709_ItinerarioPersonalparalaEmpleabilidad1_A3D_2526.pdf\" target=\"_blank\" rel=\"noreferrer noopener\">Itinerario personal para la empleabilidad I<\/a><\/p>\n\n\n\n<h3 class=\"wp-block-heading\">Segundo Curso<\/h3>\n\n\n\n<p><a href=\"https:\/\/site.educa.madrid.org\/ies.rodriguezdevalcarcel.madrid\/\/wp-content\/uploads\/ies.rodriguezdevalcarcel.madrid\/2025\/11\/1091_-DESARROLLO-DE-ENTORNOS-INTERACTIVO-MULTIDISPOSITIVO_-2025-26.pdf\" target=\"_blank\" rel=\"noreferrer noopener\">Desarrollo de entornos interactivos multidispositivo<\/a><\/p>\n\n\n\n<p><a href=\"https:\/\/site.educa.madrid.org\/ies.rodriguezdevalcarcel.madrid\/\/wp-content\/uploads\/ies.rodriguezdevalcarcel.madrid\/2025\/11\/1085_Proyectos-de-Animacion-Audiovisual-2D-y-3D_2025-2026.pdf\" target=\"_blank\" rel=\"noreferrer noopener\">Proyectos de animaci\u00f3n audiovisual 2D y 3D<\/a><\/p>\n\n\n\n<p><a href=\"https:\/\/site.educa.madrid.org\/ies.rodriguezdevalcarcel.madrid\/\/wp-content\/uploads\/ies.rodriguezdevalcarcel.madrid\/2025\/11\/1089_Proyectos-de-Juegos-y-entornos-interactivos-2025_26.pdf\" target=\"_blank\" rel=\"noreferrer noopener\">Proyectos de juegos y entornos interactivos<\/a><\/p>\n\n\n\n<p><a href=\"https:\/\/site.educa.madrid.org\/ies.rodriguezdevalcarcel.madrid\/\/wp-content\/uploads\/ies.rodriguezdevalcarcel.madrid\/2025\/11\/0907_REALIZACION-DEL-MONTAJE-Y-POSTPRODUCCION-DE-AUDIOVISUALES_2025-26.pdf\" target=\"_blank\" rel=\"noreferrer noopener\">Realizaci\u00f3n del montaje y postproducci\u00f3n de audiovisuales<\/a><\/p>\n\n\n\n<p><a href=\"https:\/\/site.educa.madrid.org\/ies.rodriguezdevalcarcel.madrid\/\/wp-content\/uploads\/ies.rodriguezdevalcarcel.madrid\/2025\/11\/0179_INGLESPROFESIONALANIMACIONES3D2025-26.pdf\" target=\"_blank\" rel=\"noreferrer noopener\">Ingl\u00e9s profesional (GS)<\/a><\/p>\n\n\n\n<p><a href=\"https:\/\/site.educa.madrid.org\/ies.rodriguezdevalcarcel.madrid\/\/wp-content\/uploads\/ies.rodriguezdevalcarcel.madrid\/2025\/11\/1710_ItinerarioPersonalparalaEmpleabilidad2_A3D_2526.pdf\" target=\"_blank\" rel=\"noreferrer noopener\">Itinerario personal para la empleabilidad II<\/a><\/p>\n\n\n\n<p><a href=\"https:\/\/site.educa.madrid.org\/ies.rodriguezdevalcarcel.madrid\/\/wp-content\/uploads\/ies.rodriguezdevalcarcel.madrid\/2025\/11\/1665_DIGITALIZACION-APLICADA-2025-26.pdf\" target=\"_blank\" rel=\"noreferrer noopener\">Digitalizaci\u00f3n aplicada a los sectores productivos (GS)<\/a><\/p>\n\n\n\n<p><a href=\"https:\/\/site.educa.madrid.org\/ies.rodriguezdevalcarcel.madrid\/\/wp-content\/uploads\/ies.rodriguezdevalcarcel.madrid\/2025\/11\/1078_SASP-Sostenibilidad-aplicada-a-sistema-productivo-2025-2026.pdf\" target=\"_blank\" rel=\"noreferrer noopener\">Sostenibilidad aplicada al sistema productivo<\/a><\/p>\n\n\n\n<p><a href=\"https:\/\/site.educa.madrid.org\/ies.rodriguezdevalcarcel.madrid\/\/wp-content\/uploads\/ies.rodriguezdevalcarcel.madrid\/2025\/11\/CMO_Introduccion-Escaneado-e-Impresion-3D_2025-2026.pdf\" target=\"_blank\" rel=\"noreferrer noopener\">Introducci\u00f3n al Escaneado e Impresi\u00f3n 3D para Proyectos de Animaci\u00f3n, Juegos y Entornos Interactivos (m\u00f3dulo profesional optativo)<\/a><\/p>\n","protected":false},"excerpt":{"rendered":"<p>Programaci\u00f3n did\u00e1ctica ciclo animaciones 3D, juegos y entornos interactivos Primer curso Animaci\u00f3n de elementos 2D y 3D Color, iluminaci\u00f3n y acabados 2D [&hellip;]<\/p>\n","protected":false},"author":2,"featured_media":0,"parent":0,"menu_order":0,"comment_status":"closed","ping_status":"closed","template":"","meta":{"footnotes":""},"class_list":["post-1141","page","type-page","status-publish","hentry"],"rttpg_featured_image_url":null,"rttpg_author":{"display_name":"tic.ies.rodriguezdevalcarcel.madrid","author_link":"https:\/\/site.educa.madrid.org\/ies.rodriguezdevalcarcel.madrid\/index.php\/author\/cuenta_tic-ies-rodriguezdevalcarcel-madrid\/"},"rttpg_comment":0,"rttpg_category":null,"rttpg_excerpt":"Programaci\u00f3n did\u00e1ctica ciclo animaciones 3D, juegos y entornos interactivos Primer curso Animaci\u00f3n de elementos 2D y 3D Color, iluminaci\u00f3n y acabados 2D [&hellip;]","post_mailing_queue_ids":[],"_links":{"self":[{"href":"https:\/\/site.educa.madrid.org\/ies.rodriguezdevalcarcel.madrid\/index.php\/wp-json\/wp\/v2\/pages\/1141","targetHints":{"allow":["GET"]}}],"collection":[{"href":"https:\/\/site.educa.madrid.org\/ies.rodriguezdevalcarcel.madrid\/index.php\/wp-json\/wp\/v2\/pages"}],"about":[{"href":"https:\/\/site.educa.madrid.org\/ies.rodriguezdevalcarcel.madrid\/index.php\/wp-json\/wp\/v2\/types\/page"}],"author":[{"embeddable":true,"href":"https:\/\/site.educa.madrid.org\/ies.rodriguezdevalcarcel.madrid\/index.php\/wp-json\/wp\/v2\/users\/2"}],"replies":[{"embeddable":true,"href":"https:\/\/site.educa.madrid.org\/ies.rodriguezdevalcarcel.madrid\/index.php\/wp-json\/wp\/v2\/comments?post=1141"}],"version-history":[{"count":23,"href":"https:\/\/site.educa.madrid.org\/ies.rodriguezdevalcarcel.madrid\/index.php\/wp-json\/wp\/v2\/pages\/1141\/revisions"}],"predecessor-version":[{"id":3639,"href":"https:\/\/site.educa.madrid.org\/ies.rodriguezdevalcarcel.madrid\/index.php\/wp-json\/wp\/v2\/pages\/1141\/revisions\/3639"}],"wp:attachment":[{"href":"https:\/\/site.educa.madrid.org\/ies.rodriguezdevalcarcel.madrid\/index.php\/wp-json\/wp\/v2\/media?parent=1141"}],"curies":[{"name":"wp","href":"https:\/\/api.w.org\/{rel}","templated":true}]}}