{"id":1145,"date":"2022-06-18T02:02:02","date_gmt":"2022-06-18T00:02:02","guid":{"rendered":"https:\/\/site.educa.madrid.org\/ies.rodriguezdevalcarcel.madrid\/?page_id=1145"},"modified":"2025-11-12T13:18:12","modified_gmt":"2025-11-12T12:18:12","slug":"realizacion","status":"publish","type":"page","link":"https:\/\/site.educa.madrid.org\/ies.rodriguezdevalcarcel.madrid\/index.php\/realizacion\/","title":{"rendered":"Realizaci\u00f3n"},"content":{"rendered":"\n<p><a href=\"https:\/\/site.educa.madrid.org\/ies.rodriguezdevalcarcel.madrid\/\/wp-content\/uploads\/ies.rodriguezdevalcarcel.madrid\/2025\/11\/Programacion-Ciclo-Realizacion_2526.pdf\" target=\"_blank\" rel=\"noreferrer noopener\">Programaci\u00f3n did\u00e1ctica ciclo realizaci\u00f3n de proyectos audiovisuales y espect\u00e1culos<\/a><\/p>\n\n\n\n<h3 class=\"wp-block-heading\">Primer curso<\/h3>\n\n\n\n<p><a href=\"https:\/\/site.educa.madrid.org\/ies.rodriguezdevalcarcel.madrid\/\/wp-content\/uploads\/ies.rodriguezdevalcarcel.madrid\/2025\/11\/0910_MEDIOS-TECNICOS-AUDIOVISUALES-Y-ESCENICOS_2025-26-1.pdf\" target=\"_blank\" rel=\"noreferrer noopener\">Medios t\u00e9cnicos audiovisuales y esc\u00e9nicos<\/a><\/p>\n\n\n\n<p><a href=\"https:\/\/site.educa.madrid.org\/ies.rodriguezdevalcarcel.madrid\/\/wp-content\/uploads\/ies.rodriguezdevalcarcel.madrid\/2025\/11\/0902_Planificacion-de-la-realizacion-en-cine-y-video_2025-26.pdf\" target=\"_blank\" rel=\"noreferrer noopener\">Planificaci\u00f3n de la realizaci\u00f3n en cine y v\u00eddeo<\/a><\/p>\n\n\n\n<p><a href=\"https:\/\/site.educa.madrid.org\/ies.rodriguezdevalcarcel.madrid\/\/wp-content\/uploads\/ies.rodriguezdevalcarcel.madrid\/2025\/11\/0904-_PLANIFICACION-DE-LA-REALIZACION-EN-TELEVISION-25-26.pdf\" target=\"_blank\" rel=\"noreferrer noopener\">Planificaci\u00f3n de la realizaci\u00f3n en televisi\u00f3n<\/a><\/p>\n\n\n\n<p><a href=\"https:\/\/site.educa.madrid.org\/ies.rodriguezdevalcarcel.madrid\/\/wp-content\/uploads\/ies.rodriguezdevalcarcel.madrid\/2025\/11\/0909_PROCESOS-DE-REGIDURIA-DE-ESPECTACULOS-Y-EVENTOS-2025-26.pdf\" target=\"_blank\" rel=\"noreferrer noopener\">Planificaci\u00f3n de la regidur\u00eda de espect\u00e1culos y eventos<\/a><\/p>\n\n\n\n<p><a href=\"https:\/\/site.educa.madrid.org\/ies.rodriguezdevalcarcel.madrid\/\/wp-content\/uploads\/ies.rodriguezdevalcarcel.madrid\/2025\/11\/0906_PLANIFICACION-DEL-MONTAJE-Y-POSTPRODUCCION-DE-AUDIOVISUALES-2025_2026.pdf\" target=\"_blank\" rel=\"noreferrer noopener\">Planificaci\u00f3n del montaje y postproducci\u00f3n de audiovisuales<\/a><\/p>\n\n\n\n<p><a href=\"https:\/\/site.educa.madrid.org\/ies.rodriguezdevalcarcel.madrid\/\/wp-content\/uploads\/ies.rodriguezdevalcarcel.madrid\/2025\/11\/CMO_AMPLIACION_MEDIOS_TECNICOS_25_26.pdf\" target=\"_blank\" rel=\"noreferrer noopener\">Ampliaci\u00f3n de medios t\u00e9cnicos audiovisuales y esc\u00e9nicos (m\u00f3dulo profesional optativo)<\/a><\/p>\n\n\n\n<p><a href=\"https:\/\/site.educa.madrid.org\/ies.rodriguezdevalcarcel.madrid\/\/wp-content\/uploads\/ies.rodriguezdevalcarcel.madrid\/2025\/11\/1709_ItinerarioPersonalparalaEmpleabilidad1_Realizacion_2526.pdf\" target=\"_blank\" rel=\"noreferrer noopener\">Itinerario personal para la empleabilidad I<\/a><\/p>\n\n\n\n<h3 class=\"wp-block-heading\">Segundo Curso<\/h3>\n\n\n\n<p><a href=\"https:\/\/site.educa.madrid.org\/ies.rodriguezdevalcarcel.madrid\/\/wp-content\/uploads\/ies.rodriguezdevalcarcel.madrid\/2025\/11\/0903_PRCV_PROCESOS-DE-REALIZACION-EN-CINE-Y-VIDEO-2025-26.pdf\" target=\"_blank\" rel=\"noreferrer noopener\">Procesos de realizaci\u00f3n en cine y v\u00eddeo<\/a><\/p>\n\n\n\n<p><a href=\"https:\/\/site.educa.madrid.org\/ies.rodriguezdevalcarcel.madrid\/\/wp-content\/uploads\/ies.rodriguezdevalcarcel.madrid\/2025\/11\/0905_REATV2_Procesos-de-realizacion-en-television_2025-2026.pdf\" target=\"_blank\" rel=\"noreferrer noopener\">Procesos de realizaci\u00f3n en televisi\u00f3n<\/a><\/p>\n\n\n\n<p><a href=\"https:\/\/site.educa.madrid.org\/ies.rodriguezdevalcarcel.madrid\/\/wp-content\/uploads\/ies.rodriguezdevalcarcel.madrid\/2025\/11\/0909_PROCESOS-DE-REGIDURIA-DE-ESPECTACULOS-Y-EVENTOS-2025-26.pdf\" target=\"_blank\" rel=\"noreferrer noopener\">Procesos de regidur\u00eda de espect\u00e1culos y eventos<\/a><\/p>\n\n\n\n<p><a href=\"https:\/\/site.educa.madrid.org\/ies.rodriguezdevalcarcel.madrid\/\/wp-content\/uploads\/ies.rodriguezdevalcarcel.madrid\/2025\/11\/0907_Realizacion-del-montaje_2025-2026.pdf\" target=\"_blank\" rel=\"noreferrer noopener\">Realizaci\u00f3n del montaje y postproducci\u00f3n de audiovisuales<\/a><\/p>\n\n\n\n<p><a href=\"https:\/\/site.educa.madrid.org\/ies.rodriguezdevalcarcel.madrid\/\/wp-content\/uploads\/ies.rodriguezdevalcarcel.madrid\/2025\/11\/0179_INGLESPROFESIONALREALIZACION2025-26.pdf\" target=\"_blank\" rel=\"noreferrer noopener\">Ingl\u00e9s profesional (GS)<\/a><\/p>\n\n\n\n<p><a href=\"https:\/\/site.educa.madrid.org\/ies.rodriguezdevalcarcel.madrid\/\/wp-content\/uploads\/ies.rodriguezdevalcarcel.madrid\/2025\/11\/1710_ItinerarioPersonalparalaEmpleabilidad2_Realizacion_2526.pdf\" target=\"_blank\" rel=\"noreferrer noopener\">Itinerario personal para la empleabilidad II<\/a><\/p>\n\n\n\n<p><a href=\"https:\/\/site.educa.madrid.org\/ies.rodriguezdevalcarcel.madrid\/\/wp-content\/uploads\/ies.rodriguezdevalcarcel.madrid\/2025\/11\/1665_DIGITALIZACION-APLICADA-2025-26-.pdf\" target=\"_blank\" rel=\"noreferrer noopener\">Digitalizaci\u00f3n aplicada a los sectores productivos (GS)<\/a><\/p>\n\n\n\n<p><a href=\"https:\/\/site.educa.madrid.org\/ies.rodriguezdevalcarcel.madrid\/\/wp-content\/uploads\/ies.rodriguezdevalcarcel.madrid\/2025\/11\/1078_SASP-Sostenibilidad-aplicada-a-sistema-productivo-2025-2026-2.pdf\" target=\"_blank\" rel=\"noreferrer noopener\">Sostenibilidad aplicada al sistema productivo<\/a><\/p>\n\n\n\n<p><a href=\"https:\/\/site.educa.madrid.org\/ies.rodriguezdevalcarcel.madrid\/\/wp-content\/uploads\/ies.rodriguezdevalcarcel.madrid\/2025\/11\/CMO_Ampliacion-de-Procesos-de-realizacion-en-television-2025-2026.pdf\" target=\"_blank\" rel=\"noreferrer noopener\">Ampliaci\u00f3n de procesos de realizaci\u00f3n en televisi\u00f3n (m\u00f3dulo profesional optativo)<\/a><\/p>\n","protected":false},"excerpt":{"rendered":"<p>Programaci\u00f3n did\u00e1ctica ciclo realizaci\u00f3n de proyectos audiovisuales y espect\u00e1culos Primer curso Medios t\u00e9cnicos audiovisuales y esc\u00e9nicos Planificaci\u00f3n de la realizaci\u00f3n en cine [&hellip;]<\/p>\n","protected":false},"author":2,"featured_media":0,"parent":0,"menu_order":0,"comment_status":"closed","ping_status":"closed","template":"","meta":{"footnotes":""},"class_list":["post-1145","page","type-page","status-publish","hentry"],"rttpg_featured_image_url":null,"rttpg_author":{"display_name":"tic.ies.rodriguezdevalcarcel.madrid","author_link":"https:\/\/site.educa.madrid.org\/ies.rodriguezdevalcarcel.madrid\/index.php\/author\/cuenta_tic-ies-rodriguezdevalcarcel-madrid\/"},"rttpg_comment":0,"rttpg_category":null,"rttpg_excerpt":"Programaci\u00f3n did\u00e1ctica ciclo realizaci\u00f3n de proyectos audiovisuales y espect\u00e1culos Primer curso Medios t\u00e9cnicos audiovisuales y esc\u00e9nicos Planificaci\u00f3n de la realizaci\u00f3n en cine [&hellip;]","post_mailing_queue_ids":[],"_links":{"self":[{"href":"https:\/\/site.educa.madrid.org\/ies.rodriguezdevalcarcel.madrid\/index.php\/wp-json\/wp\/v2\/pages\/1145","targetHints":{"allow":["GET"]}}],"collection":[{"href":"https:\/\/site.educa.madrid.org\/ies.rodriguezdevalcarcel.madrid\/index.php\/wp-json\/wp\/v2\/pages"}],"about":[{"href":"https:\/\/site.educa.madrid.org\/ies.rodriguezdevalcarcel.madrid\/index.php\/wp-json\/wp\/v2\/types\/page"}],"author":[{"embeddable":true,"href":"https:\/\/site.educa.madrid.org\/ies.rodriguezdevalcarcel.madrid\/index.php\/wp-json\/wp\/v2\/users\/2"}],"replies":[{"embeddable":true,"href":"https:\/\/site.educa.madrid.org\/ies.rodriguezdevalcarcel.madrid\/index.php\/wp-json\/wp\/v2\/comments?post=1145"}],"version-history":[{"count":20,"href":"https:\/\/site.educa.madrid.org\/ies.rodriguezdevalcarcel.madrid\/index.php\/wp-json\/wp\/v2\/pages\/1145\/revisions"}],"predecessor-version":[{"id":3640,"href":"https:\/\/site.educa.madrid.org\/ies.rodriguezdevalcarcel.madrid\/index.php\/wp-json\/wp\/v2\/pages\/1145\/revisions\/3640"}],"wp:attachment":[{"href":"https:\/\/site.educa.madrid.org\/ies.rodriguezdevalcarcel.madrid\/index.php\/wp-json\/wp\/v2\/media?parent=1145"}],"curies":[{"name":"wp","href":"https:\/\/api.w.org\/{rel}","templated":true}]}}