{"id":1149,"date":"2022-06-18T02:05:03","date_gmt":"2022-06-18T00:05:03","guid":{"rendered":"https:\/\/site.educa.madrid.org\/ies.rodriguezdevalcarcel.madrid\/?page_id=1149"},"modified":"2025-11-12T13:18:44","modified_gmt":"2025-11-12T12:18:44","slug":"produccion","status":"publish","type":"page","link":"https:\/\/site.educa.madrid.org\/ies.rodriguezdevalcarcel.madrid\/index.php\/produccion\/","title":{"rendered":"Producci\u00f3n"},"content":{"rendered":"\n<p><a href=\"https:\/\/site.educa.madrid.org\/ies.rodriguezdevalcarcel.madrid\/\/wp-content\/uploads\/ies.rodriguezdevalcarcel.madrid\/2025\/11\/Programacion-Ciclo-Produccion_2526.pdf\" target=\"_blank\" rel=\"noreferrer noopener\">Programaci\u00f3n did\u00e1ctica ciclo producci\u00f3n audiovisuales y espect\u00e1culos<\/a><\/p>\n\n\n\n<h3 class=\"wp-block-heading\">Primer Curso<\/h3>\n\n\n\n<p><a href=\"https:\/\/site.educa.madrid.org\/ies.rodriguezdevalcarcel.madrid\/\/wp-content\/uploads\/ies.rodriguezdevalcarcel.madrid\/2025\/11\/0910_MEDIOS-TECNICOS-AUDIOVISUALES-Y-ESCENICOS_2025-26.pdf\" target=\"_blank\" rel=\"noreferrer noopener\">Medios t\u00e9cnicos audiovisuales y esc\u00e9nicos<\/a><\/p>\n\n\n\n<p><a href=\"https:\/\/site.educa.madrid.org\/ies.rodriguezdevalcarcel.madrid\/\/wp-content\/uploads\/ies.rodriguezdevalcarcel.madrid\/2025\/11\/0915_Planificacion-de-Proyectos-Audiovisuales-2025-2026.pdf\" target=\"_blank\" rel=\"noreferrer noopener\">Planificaci\u00f3n de proyectos audiovisuales<\/a><\/p>\n\n\n\n<p><a href=\"https:\/\/site.educa.madrid.org\/ies.rodriguezdevalcarcel.madrid\/\/wp-content\/uploads\/ies.rodriguezdevalcarcel.madrid\/2025\/11\/0918_Planificacion-de-proyectos-de-espectaculos-y-eventos-2025-2026.pdf\" target=\"_blank\" rel=\"noreferrer noopener\">Planificaci\u00f3n de proyectos de espect\u00e1culos y eventos<\/a><\/p>\n\n\n\n<p><a href=\"https:\/\/site.educa.madrid.org\/ies.rodriguezdevalcarcel.madrid\/\/wp-content\/uploads\/ies.rodriguezdevalcarcel.madrid\/2025\/11\/0920_REAE-RECURSOS-EXPRESIVOS-AUDIOVISUALES-Y-ESCENICOS_2025-26.pdf\" target=\"_blank\" rel=\"noreferrer noopener\">Recursos expresivos audiovisuales y esc\u00e9nicos<\/a><\/p>\n\n\n\n<p><a href=\"https:\/\/site.educa.madrid.org\/ies.rodriguezdevalcarcel.madrid\/\/wp-content\/uploads\/ies.rodriguezdevalcarcel.madrid\/2025\/11\/CMO_Introduccion-a-la-Administracion-y-promocion-2025-26.pdf\" target=\"_blank\" rel=\"noreferrer noopener\">Introducci\u00f3n de la Administraci\u00f3n y Promoci\u00f3n (m\u00f3dulo profesional optativo)<\/a><\/p>\n\n\n\n<p><a href=\"https:\/\/site.educa.madrid.org\/ies.rodriguezdevalcarcel.madrid\/\/wp-content\/uploads\/ies.rodriguezdevalcarcel.madrid\/2025\/11\/1709_Itinerario-Personalparala-Empleabilidad1_-Produccion_2526.pdf\" target=\"_blank\" rel=\"noreferrer noopener\">Itinerario personal para la empleabilidad I<\/a><\/p>\n\n\n\n<h3 class=\"wp-block-heading\">Segundo Curso<\/h3>\n\n\n\n<p><a href=\"https:\/\/site.educa.madrid.org\/ies.rodriguezdevalcarcel.madrid\/\/wp-content\/uploads\/ies.rodriguezdevalcarcel.madrid\/2025\/11\/0921_ADMINISTRACION-Y-PROMOCION-DE-AUDIOVISUALES-Y-ESPECTACULOS-2025-26.pdf\" target=\"_blank\" rel=\"noreferrer noopener\">Administraci\u00f3n y promoci\u00f3n de audiovisuales y espect\u00e1culos<\/a><\/p>\n\n\n\n<p><a href=\"https:\/\/site.educa.madrid.org\/ies.rodriguezdevalcarcel.madrid\/\/wp-content\/uploads\/ies.rodriguezdevalcarcel.madrid\/2025\/11\/0916_GPCVM-GESTION-DE-PROYECTO-DE-CINE-VIDEO-Y-MULTIMEDIA-2025-26.pdf\" target=\"_blank\" rel=\"noreferrer noopener\">Gesti\u00f3n de proyectos de cine, v\u00eddeo y multimedia<\/a><\/p>\n\n\n\n<p><a href=\"https:\/\/site.educa.madrid.org\/ies.rodriguezdevalcarcel.madrid\/\/wp-content\/uploads\/ies.rodriguezdevalcarcel.madrid\/2025\/11\/0919_GESTION-DE-PROYECTOS-DE-ESPECTACULOS-Y-EVENTOS-2025-26.pdf\" target=\"_blank\" rel=\"noreferrer noopener\">Gesti\u00f3n de proyectos de espect\u00e1culos y eventos<\/a><\/p>\n\n\n\n<p><a href=\"https:\/\/site.educa.madrid.org\/ies.rodriguezdevalcarcel.madrid\/\/wp-content\/uploads\/ies.rodriguezdevalcarcel.madrid\/2025\/11\/0917_GPTV_2025-26.pdf\" target=\"_blank\" rel=\"noreferrer noopener\">Gesti\u00f3n de proyectos de televisi\u00f3n y radio<\/a><\/p>\n\n\n\n<p><a href=\"https:\/\/site.educa.madrid.org\/ies.rodriguezdevalcarcel.madrid\/\/wp-content\/uploads\/ies.rodriguezdevalcarcel.madrid\/2025\/11\/0179_INGLESPROFESIONALPRODUCCION2025-26.pdf\" target=\"_blank\" rel=\"noreferrer noopener\">Ingl\u00e9s profesional (GS)<\/a><\/p>\n\n\n\n<p><a href=\"https:\/\/site.educa.madrid.org\/ies.rodriguezdevalcarcel.madrid\/\/wp-content\/uploads\/ies.rodriguezdevalcarcel.madrid\/2025\/11\/1710_ItinerarioPersonalparalaEmpleabilidad2_Produccion_2526.pdf\" target=\"_blank\" rel=\"noreferrer noopener\">Itinerario personal para la empleabilidad II<\/a><\/p>\n\n\n\n<p><a href=\"https:\/\/site.educa.madrid.org\/ies.rodriguezdevalcarcel.madrid\/\/wp-content\/uploads\/ies.rodriguezdevalcarcel.madrid\/2025\/11\/1665-_DIGITALIZACION-APLICADA-25-26.pdf\" target=\"_blank\" rel=\"noreferrer noopener\">Digitalizaci\u00f3n aplicada a los sectores productivos (GS)<\/a><\/p>\n\n\n\n<p><a href=\"https:\/\/site.educa.madrid.org\/ies.rodriguezdevalcarcel.madrid\/\/wp-content\/uploads\/ies.rodriguezdevalcarcel.madrid\/2025\/11\/1078_PRODU_Sosteniblidad-aplicada-a-sistema-productivo-2025-2026-1.docx.pdf\" target=\"_blank\" rel=\"noreferrer noopener\">Sostenibilidad aplicada al sistema productivo<\/a><\/p>\n\n\n\n<p><a href=\"https:\/\/site.educa.madrid.org\/ies.rodriguezdevalcarcel.madrid\/\/wp-content\/uploads\/ies.rodriguezdevalcarcel.madrid\/2025\/11\/CMO_Ampliacion-GPTV-2025-2026.pdf\" target=\"_blank\" rel=\"noreferrer noopener\">Ampliaci\u00f3n de Gesti\u00f3n de proyectos de televisi\u00f3n y radio (m\u00f3dulo profesional optativo)<\/a><\/p>\n","protected":false},"excerpt":{"rendered":"<p>Programaci\u00f3n did\u00e1ctica ciclo producci\u00f3n audiovisuales y espect\u00e1culos Primer Curso Medios t\u00e9cnicos audiovisuales y esc\u00e9nicos Planificaci\u00f3n de proyectos audiovisuales Planificaci\u00f3n de proyectos de [&hellip;]<\/p>\n","protected":false},"author":2,"featured_media":0,"parent":0,"menu_order":0,"comment_status":"closed","ping_status":"closed","template":"","meta":{"footnotes":""},"class_list":["post-1149","page","type-page","status-publish","hentry"],"rttpg_featured_image_url":null,"rttpg_author":{"display_name":"tic.ies.rodriguezdevalcarcel.madrid","author_link":"https:\/\/site.educa.madrid.org\/ies.rodriguezdevalcarcel.madrid\/index.php\/author\/cuenta_tic-ies-rodriguezdevalcarcel-madrid\/"},"rttpg_comment":0,"rttpg_category":null,"rttpg_excerpt":"Programaci\u00f3n did\u00e1ctica ciclo producci\u00f3n audiovisuales y espect\u00e1culos Primer Curso Medios t\u00e9cnicos audiovisuales y esc\u00e9nicos Planificaci\u00f3n de proyectos audiovisuales Planificaci\u00f3n de proyectos de [&hellip;]","post_mailing_queue_ids":[],"_links":{"self":[{"href":"https:\/\/site.educa.madrid.org\/ies.rodriguezdevalcarcel.madrid\/index.php\/wp-json\/wp\/v2\/pages\/1149","targetHints":{"allow":["GET"]}}],"collection":[{"href":"https:\/\/site.educa.madrid.org\/ies.rodriguezdevalcarcel.madrid\/index.php\/wp-json\/wp\/v2\/pages"}],"about":[{"href":"https:\/\/site.educa.madrid.org\/ies.rodriguezdevalcarcel.madrid\/index.php\/wp-json\/wp\/v2\/types\/page"}],"author":[{"embeddable":true,"href":"https:\/\/site.educa.madrid.org\/ies.rodriguezdevalcarcel.madrid\/index.php\/wp-json\/wp\/v2\/users\/2"}],"replies":[{"embeddable":true,"href":"https:\/\/site.educa.madrid.org\/ies.rodriguezdevalcarcel.madrid\/index.php\/wp-json\/wp\/v2\/comments?post=1149"}],"version-history":[{"count":18,"href":"https:\/\/site.educa.madrid.org\/ies.rodriguezdevalcarcel.madrid\/index.php\/wp-json\/wp\/v2\/pages\/1149\/revisions"}],"predecessor-version":[{"id":3641,"href":"https:\/\/site.educa.madrid.org\/ies.rodriguezdevalcarcel.madrid\/index.php\/wp-json\/wp\/v2\/pages\/1149\/revisions\/3641"}],"wp:attachment":[{"href":"https:\/\/site.educa.madrid.org\/ies.rodriguezdevalcarcel.madrid\/index.php\/wp-json\/wp\/v2\/media?parent=1149"}],"curies":[{"name":"wp","href":"https:\/\/api.w.org\/{rel}","templated":true}]}}