{"id":1153,"date":"2022-06-18T02:07:13","date_gmt":"2022-06-18T00:07:13","guid":{"rendered":"https:\/\/site.educa.madrid.org\/ies.rodriguezdevalcarcel.madrid\/?page_id=1153"},"modified":"2025-12-11T22:21:54","modified_gmt":"2025-12-11T21:21:54","slug":"sonido","status":"publish","type":"page","link":"https:\/\/site.educa.madrid.org\/ies.rodriguezdevalcarcel.madrid\/index.php\/sonido\/","title":{"rendered":"Sonido"},"content":{"rendered":"\n<p><a href=\"https:\/\/site.educa.madrid.org\/ies.rodriguezdevalcarcel.madrid\/\/wp-content\/uploads\/ies.rodriguezdevalcarcel.madrid\/2025\/11\/Programacion-Ciclo-Sonido_2025-2026.pdf\" target=\"_blank\" rel=\"noreferrer noopener\">Programaci\u00f3n did\u00e1ctica ciclo sonido para audiovisuales y espect\u00e1culos<\/a><\/p>\n\n\n\n<h3 class=\"wp-block-heading\">Primer Curso<\/h3>\n\n\n\n<p><a href=\"https:\/\/site.educa.madrid.org\/ies.rodriguezdevalcarcel.madrid\/\/wp-content\/uploads\/ies.rodriguezdevalcarcel.madrid\/2025\/11\/1104-COES-2025-26.pdf\" target=\"_blank\" rel=\"noreferrer noopener\">Comunicaci\u00f3n y expresi\u00f3n sonora<\/a><\/p>\n\n\n\n<p><a href=\"https:\/\/site.educa.madrid.org\/ies.rodriguezdevalcarcel.madrid\/\/wp-content\/uploads\/ies.rodriguezdevalcarcel.madrid\/2025\/11\/1103_ELECTROACUSTICA_-2025-26.pdf\" target=\"_blank\" rel=\"noreferrer noopener\">Electroac\u00fastica<\/a><\/p>\n\n\n\n<p><a href=\"https:\/\/site.educa.madrid.org\/ies.rodriguezdevalcarcel.madrid\/\/wp-content\/uploads\/ies.rodriguezdevalcarcel.madrid\/2025\/11\/1097_IDS-Instalaciones-de-Sonido-2025-26_v2.pdf\" target=\"_blank\" rel=\"noreferrer noopener\">Instalaciones de sonido<\/a><\/p>\n\n\n\n<p><a href=\"https:\/\/site.educa.madrid.org\/ies.rodriguezdevalcarcel.madrid\/\/wp-content\/uploads\/ies.rodriguezdevalcarcel.madrid\/2025\/12\/1096-Planificacion-Proyectos-de-sonido-2025-26.pdf\" target=\"_blank\" rel=\"noreferrer noopener\">Planificaci\u00f3n de proyectos de sonido<\/a><\/p>\n\n\n\n<p><a href=\"https:\/\/site.educa.madrid.org\/ies.rodriguezdevalcarcel.madrid\/\/wp-content\/uploads\/ies.rodriguezdevalcarcel.madrid\/2025\/11\/1098_SONIDO-PARA-AUDIOVISUALES_2025_2026.pdf\" target=\"_blank\" rel=\"noreferrer noopener\">Sonido para audiovisuales<\/a><\/p>\n\n\n\n<p><a href=\"https:\/\/site.educa.madrid.org\/ies.rodriguezdevalcarcel.madrid\/\/wp-content\/uploads\/ies.rodriguezdevalcarcel.madrid\/2025\/11\/CMO_Ampliacion-Electroacustica_2025_2026.pdf\" target=\"_blank\" rel=\"noreferrer noopener\">Ampliaci\u00f3n de Electroac\u00fastica: Audio Digital y Redes (m\u00f3dulo profesional optativo)<\/a><\/p>\n\n\n\n<p><a href=\"https:\/\/site.educa.madrid.org\/ies.rodriguezdevalcarcel.madrid\/\/wp-content\/uploads\/ies.rodriguezdevalcarcel.madrid\/2025\/11\/1709_ItinerarioPersonalparalaEmpleabilidad1_Sonido_2526.pdf\" target=\"_blank\" rel=\"noreferrer noopener\">Itinerario personal para la empleabilidad I<\/a><\/p>\n\n\n\n<h3 class=\"wp-block-heading\">Segundo Curso<\/h3>\n\n\n\n<p><a href=\"https:\/\/site.educa.madrid.org\/ies.rodriguezdevalcarcel.madrid\/\/wp-content\/uploads\/ies.rodriguezdevalcarcel.madrid\/2025\/11\/1101_AJUSTES-DE-SISTEMAS-DE-SONORIZACION-2025-26.pdf\" target=\"_blank\" rel=\"noreferrer noopener\">Ajustes de sistemas de sonorizaci\u00f3n<\/a><\/p>\n\n\n\n<p><a href=\"https:\/\/site.educa.madrid.org\/ies.rodriguezdevalcarcel.madrid\/\/wp-content\/uploads\/ies.rodriguezdevalcarcel.madrid\/2025\/11\/1099_Programacion-Control-de-Sonido-en-Directo-2025-2026.pdf\" target=\"_blank\" rel=\"noreferrer noopener\">Control de sonido en directo<\/a><\/p>\n\n\n\n<p><a href=\"https:\/\/site.educa.madrid.org\/ies.rodriguezdevalcarcel.madrid\/\/wp-content\/uploads\/ies.rodriguezdevalcarcel.madrid\/2025\/11\/1100_Programacion-Grabacion-en-estudio-2025-2026.pdf\" target=\"_blank\" rel=\"noreferrer noopener\">Grabaci\u00f3n en estudio<\/a><\/p>\n\n\n\n<p><a href=\"https:\/\/site.educa.madrid.org\/ies.rodriguezdevalcarcel.madrid\/\/wp-content\/uploads\/ies.rodriguezdevalcarcel.madrid\/2025\/11\/1102_-Postproduccion-de-Audio-2025-26.pdf\" target=\"_blank\" rel=\"noreferrer noopener\">Postproducci\u00f3n de sonido<\/a><\/p>\n\n\n\n<p><a href=\"https:\/\/site.educa.madrid.org\/ies.rodriguezdevalcarcel.madrid\/\/wp-content\/uploads\/ies.rodriguezdevalcarcel.madrid\/2025\/11\/0179_INGLESPROFESIONALSONIDO2025-26.pdf\" target=\"_blank\" rel=\"noreferrer noopener\">Ingl\u00e9s profesional (GS)<\/a><\/p>\n\n\n\n<p><a href=\"https:\/\/site.educa.madrid.org\/ies.rodriguezdevalcarcel.madrid\/\/wp-content\/uploads\/ies.rodriguezdevalcarcel.madrid\/2025\/11\/1710_ItinerarioPersonalparalaEmpleabilidad2_Sonido_2526.pdf\" target=\"_blank\" rel=\"noreferrer noopener\">Itinerario personal para la empleabilidad II<\/a><\/p>\n\n\n\n<p><a href=\"https:\/\/site.educa.madrid.org\/ies.rodriguezdevalcarcel.madrid\/\/wp-content\/uploads\/ies.rodriguezdevalcarcel.madrid\/2025\/11\/1165_PROGRAMACION-DIGITALIZACION-VALCARCEL-25-26.pdf\" target=\"_blank\" rel=\"noreferrer noopener\">Digitalizaci\u00f3n aplicada a los sectores productivos (GS)<\/a><\/p>\n\n\n\n<p><a href=\"https:\/\/site.educa.madrid.org\/ies.rodriguezdevalcarcel.madrid\/\/wp-content\/uploads\/ies.rodriguezdevalcarcel.madrid\/2025\/11\/1078_SASP-Sostenibilidad-aplicada-a-sistema-productivo-2025-2026-3.pdf\" target=\"_blank\" rel=\"noreferrer noopener\">Sostenibilidad aplicada al sistema productivo<\/a><\/p>\n\n\n\n<p><a href=\"https:\/\/site.educa.madrid.org\/ies.rodriguezdevalcarcel.madrid\/\/wp-content\/uploads\/ies.rodriguezdevalcarcel.madrid\/2025\/11\/CMO-_Programacion-Ampliacion-de-Ajustes-de-Sistemas-de-Sonorizacion-2025-2026.pdf\" target=\"_blank\" rel=\"noreferrer noopener\">Ampliaci\u00f3n de Ajustes de Sistemas de Sonorizaci\u00f3n (m\u00f3dulo profesional optativo)<\/a><\/p>\n","protected":false},"excerpt":{"rendered":"<p>Programaci\u00f3n did\u00e1ctica ciclo sonido para audiovisuales y espect\u00e1culos Primer Curso Comunicaci\u00f3n y expresi\u00f3n sonora Electroac\u00fastica Instalaciones de sonido Planificaci\u00f3n de proyectos de [&hellip;]<\/p>\n","protected":false},"author":2,"featured_media":0,"parent":0,"menu_order":0,"comment_status":"closed","ping_status":"closed","template":"","meta":{"footnotes":""},"class_list":["post-1153","page","type-page","status-publish","hentry"],"rttpg_featured_image_url":null,"rttpg_author":{"display_name":"tic.ies.rodriguezdevalcarcel.madrid","author_link":"https:\/\/site.educa.madrid.org\/ies.rodriguezdevalcarcel.madrid\/index.php\/author\/cuenta_tic-ies-rodriguezdevalcarcel-madrid\/"},"rttpg_comment":0,"rttpg_category":null,"rttpg_excerpt":"Programaci\u00f3n did\u00e1ctica ciclo sonido para audiovisuales y espect\u00e1culos Primer Curso Comunicaci\u00f3n y expresi\u00f3n sonora Electroac\u00fastica Instalaciones de sonido Planificaci\u00f3n de proyectos de [&hellip;]","post_mailing_queue_ids":[],"_links":{"self":[{"href":"https:\/\/site.educa.madrid.org\/ies.rodriguezdevalcarcel.madrid\/index.php\/wp-json\/wp\/v2\/pages\/1153","targetHints":{"allow":["GET"]}}],"collection":[{"href":"https:\/\/site.educa.madrid.org\/ies.rodriguezdevalcarcel.madrid\/index.php\/wp-json\/wp\/v2\/pages"}],"about":[{"href":"https:\/\/site.educa.madrid.org\/ies.rodriguezdevalcarcel.madrid\/index.php\/wp-json\/wp\/v2\/types\/page"}],"author":[{"embeddable":true,"href":"https:\/\/site.educa.madrid.org\/ies.rodriguezdevalcarcel.madrid\/index.php\/wp-json\/wp\/v2\/users\/2"}],"replies":[{"embeddable":true,"href":"https:\/\/site.educa.madrid.org\/ies.rodriguezdevalcarcel.madrid\/index.php\/wp-json\/wp\/v2\/comments?post=1153"}],"version-history":[{"count":19,"href":"https:\/\/site.educa.madrid.org\/ies.rodriguezdevalcarcel.madrid\/index.php\/wp-json\/wp\/v2\/pages\/1153\/revisions"}],"predecessor-version":[{"id":3658,"href":"https:\/\/site.educa.madrid.org\/ies.rodriguezdevalcarcel.madrid\/index.php\/wp-json\/wp\/v2\/pages\/1153\/revisions\/3658"}],"wp:attachment":[{"href":"https:\/\/site.educa.madrid.org\/ies.rodriguezdevalcarcel.madrid\/index.php\/wp-json\/wp\/v2\/media?parent=1153"}],"curies":[{"name":"wp","href":"https:\/\/api.w.org\/{rel}","templated":true}]}}