{"id":1157,"date":"2022-06-18T02:08:57","date_gmt":"2022-06-18T00:08:57","guid":{"rendered":"https:\/\/site.educa.madrid.org\/ies.rodriguezdevalcarcel.madrid\/?page_id=1157"},"modified":"2025-11-12T13:19:58","modified_gmt":"2025-11-12T12:19:58","slug":"iluminacion","status":"publish","type":"page","link":"https:\/\/site.educa.madrid.org\/ies.rodriguezdevalcarcel.madrid\/index.php\/iluminacion\/","title":{"rendered":"Iluminaci\u00f3n"},"content":{"rendered":"\n<p><a href=\"https:\/\/site.educa.madrid.org\/ies.rodriguezdevalcarcel.madrid\/\/wp-content\/uploads\/ies.rodriguezdevalcarcel.madrid\/2025\/11\/Programacion_Ciclo_Imagen_2526.pdf\" target=\"_blank\" rel=\"noreferrer noopener\">Programaci\u00f3n did\u00e1ctica ciclo iluminaci\u00f3n, captaci\u00f3n y tratamiento de imagen<\/a><\/p>\n\n\n\n<h3 class=\"wp-block-heading\">Primer Curso<\/h3>\n\n\n\n<p><a href=\"https:\/\/site.educa.madrid.org\/ies.rodriguezdevalcarcel.madrid\/\/wp-content\/uploads\/ies.rodriguezdevalcarcel.madrid\/2025\/11\/1162_CONTROL-DE-ILUMINACION-2025-26.pdf\" target=\"_blank\" rel=\"noreferrer noopener\">Control de la iluminaci\u00f3n<\/a><\/p>\n\n\n\n<p><a href=\"https:\/\/site.educa.madrid.org\/ies.rodriguezdevalcarcel.madrid\/\/wp-content\/uploads\/ies.rodriguezdevalcarcel.madrid\/2025\/11\/1167_GERAU-2025-2026.pdf\" target=\"_blank\" rel=\"noreferrer noopener\">Grabaci\u00f3n y edici\u00f3n de reportajes audiovisuales<\/a><\/p>\n\n\n\n<p><a href=\"https:\/\/site.educa.madrid.org\/ies.rodriguezdevalcarcel.madrid\/\/wp-content\/uploads\/ies.rodriguezdevalcarcel.madrid\/2025\/11\/1161_LUMINOTECNIA-2025-26.pdf\" target=\"_blank\" rel=\"noreferrer noopener\">Luminotecnia<\/a><\/p>\n\n\n\n<p><a href=\"https:\/\/site.educa.madrid.org\/ies.rodriguezdevalcarcel.madrid\/\/wp-content\/uploads\/ies.rodriguezdevalcarcel.madrid\/2025\/11\/1158_-Planificacion-de-Camara-para-Audiovisuales-2025-26.pdf\" target=\"_blank\" rel=\"noreferrer noopener\">Planificaci\u00f3n de c\u00e1mara en audiovisuales<\/a><\/p>\n\n\n\n<p><a href=\"https:\/\/site.educa.madrid.org\/ies.rodriguezdevalcarcel.madrid\/\/wp-content\/uploads\/ies.rodriguezdevalcarcel.madrid\/2025\/11\/1163_-Proyectos-Fotograficos-2025-26.pdf\" target=\"_blank\" rel=\"noreferrer noopener\">Proyectos fotogr\u00e1ficos<\/a><\/p>\n\n\n\n<p><a href=\"https:\/\/site.educa.madrid.org\/ies.rodriguezdevalcarcel.madrid\/\/wp-content\/uploads\/ies.rodriguezdevalcarcel.madrid\/2025\/11\/1165_Tratamiento-Fotografico-Digital-2025_2026.pdf\" target=\"_blank\" rel=\"noreferrer noopener\">Tratamiento fotogr\u00e1fico digital<\/a><\/p>\n\n\n\n<p><a href=\"https:\/\/site.educa.madrid.org\/ies.rodriguezdevalcarcel.madrid\/\/wp-content\/uploads\/ies.rodriguezdevalcarcel.madrid\/2025\/11\/CMO_Ampliacion-GERAU-2025-2026.pdf\" target=\"_blank\" rel=\"noreferrer noopener\">Ampliaci\u00f3n grabaci\u00f3n y edici\u00f3n de reportajes audiovisuales (m\u00f3dulo profesional optativo)<\/a><\/p>\n\n\n\n<p><a href=\"https:\/\/site.educa.madrid.org\/ies.rodriguezdevalcarcel.madrid\/\/wp-content\/uploads\/ies.rodriguezdevalcarcel.madrid\/2025\/11\/0179_INGLESPROFESIONALILUMINACION-2025-26docx.pdf\" target=\"_blank\" rel=\"noreferrer noopener\">Ingl\u00e9s profesional (GS)<\/a><\/p>\n\n\n\n<p><a href=\"https:\/\/site.educa.madrid.org\/ies.rodriguezdevalcarcel.madrid\/\/wp-content\/uploads\/ies.rodriguezdevalcarcel.madrid\/2025\/11\/1709_ItinerarioPersonalparalaEmpleabilidad1_Imagen_2526.pdf\" target=\"_blank\" rel=\"noreferrer noopener\">Itinerario personal para la empleabilidad I<\/a><\/p>\n\n\n\n<h3 class=\"wp-block-heading\">Segundo Curso<\/h3>\n\n\n\n<p><a href=\"https:\/\/site.educa.madrid.org\/ies.rodriguezdevalcarcel.madrid\/\/wp-content\/uploads\/ies.rodriguezdevalcarcel.madrid\/2025\/11\/1166_Procesos-Finales-Fotograficos2025-2026.pdf\" target=\"_blank\" rel=\"noreferrer noopener\">Procesos finales fotogr\u00e1ficos<\/a><\/p>\n\n\n\n<p><a href=\"https:\/\/site.educa.madrid.org\/ies.rodriguezdevalcarcel.madrid\/\/wp-content\/uploads\/ies.rodriguezdevalcarcel.madrid\/2025\/11\/1160_PROYECTOS-DE-ILUMINACION-2025-26.pdf\" target=\"_blank\" rel=\"noreferrer noopener\">Proyectos de iluminaci\u00f3n<\/a><\/p>\n\n\n\n<p><a href=\"https:\/\/site.educa.madrid.org\/ies.rodriguezdevalcarcel.madrid\/\/wp-content\/uploads\/ies.rodriguezdevalcarcel.madrid\/2025\/11\/1159_Toma-Imagen-Audiovisual_25-26.pdf\" target=\"_blank\" rel=\"noreferrer noopener\">Toma de imagen audiovisual<\/a><\/p>\n\n\n\n<p><a href=\"https:\/\/site.educa.madrid.org\/ies.rodriguezdevalcarcel.madrid\/\/wp-content\/uploads\/ies.rodriguezdevalcarcel.madrid\/2025\/11\/0915_TomaFotografica-2025-2026.pdf\" target=\"_blank\" rel=\"noreferrer noopener\">Toma fotogr\u00e1fica<\/a><\/p>\n\n\n\n<p><a href=\"https:\/\/site.educa.madrid.org\/ies.rodriguezdevalcarcel.madrid\/\/wp-content\/uploads\/ies.rodriguezdevalcarcel.madrid\/2025\/11\/1710_ItinerarioPersonalparalaEmpleabilidad2_Imagen_2526.pdf\" target=\"_blank\" rel=\"noreferrer noopener\">Itinerario personal para la empleabilidad II<\/a><\/p>\n\n\n\n<p><a href=\"https:\/\/site.educa.madrid.org\/ies.rodriguezdevalcarcel.madrid\/\/wp-content\/uploads\/ies.rodriguezdevalcarcel.madrid\/2025\/11\/1665_DIGITALIZACION-APLICADA-2025-26-1.pdf\" target=\"_blank\" rel=\"noreferrer noopener\">Digitalizaci\u00f3n aplicada a los sectores productivos (GS)<\/a><\/p>\n\n\n\n<p><a href=\"https:\/\/site.educa.madrid.org\/ies.rodriguezdevalcarcel.madrid\/\/wp-content\/uploads\/ies.rodriguezdevalcarcel.madrid\/2025\/11\/1078_Sostenibilidad-aplicada-al-sector-productivo-2025-2026.pdf\" target=\"_blank\" rel=\"noreferrer noopener\">Sostenibilidad aplicada al sistema productivo<\/a><\/p>\n\n\n\n<p><a href=\"https:\/\/site.educa.madrid.org\/ies.rodriguezdevalcarcel.madrid\/\/wp-content\/uploads\/ies.rodriguezdevalcarcel.madrid\/2025\/11\/CMO_MPO-Modulo-profesional-optativo-2025-26.pdf\" target=\"_blank\" rel=\"noreferrer noopener\">Ampliaci\u00f3n de Procesos finales fotogr\u00e1ficos (m\u00f3dulo profesional optativo)<\/a><\/p>\n\n","protected":false},"excerpt":{"rendered":"<p>Programaci\u00f3n did\u00e1ctica ciclo iluminaci\u00f3n, captaci\u00f3n y tratamiento de imagen Primer Curso Control de la iluminaci\u00f3n Grabaci\u00f3n y edici\u00f3n de reportajes audiovisuales Luminotecnia [&hellip;]<\/p>\n","protected":false},"author":2,"featured_media":0,"parent":0,"menu_order":0,"comment_status":"closed","ping_status":"closed","template":"","meta":{"footnotes":""},"class_list":["post-1157","page","type-page","status-publish","hentry"],"rttpg_featured_image_url":null,"rttpg_author":{"display_name":"tic.ies.rodriguezdevalcarcel.madrid","author_link":"https:\/\/site.educa.madrid.org\/ies.rodriguezdevalcarcel.madrid\/index.php\/author\/cuenta_tic-ies-rodriguezdevalcarcel-madrid\/"},"rttpg_comment":0,"rttpg_category":null,"rttpg_excerpt":"Programaci\u00f3n did\u00e1ctica ciclo iluminaci\u00f3n, captaci\u00f3n y tratamiento de imagen Primer Curso Control de la iluminaci\u00f3n Grabaci\u00f3n y edici\u00f3n de reportajes audiovisuales Luminotecnia [&hellip;]","post_mailing_queue_ids":[],"_links":{"self":[{"href":"https:\/\/site.educa.madrid.org\/ies.rodriguezdevalcarcel.madrid\/index.php\/wp-json\/wp\/v2\/pages\/1157","targetHints":{"allow":["GET"]}}],"collection":[{"href":"https:\/\/site.educa.madrid.org\/ies.rodriguezdevalcarcel.madrid\/index.php\/wp-json\/wp\/v2\/pages"}],"about":[{"href":"https:\/\/site.educa.madrid.org\/ies.rodriguezdevalcarcel.madrid\/index.php\/wp-json\/wp\/v2\/types\/page"}],"author":[{"embeddable":true,"href":"https:\/\/site.educa.madrid.org\/ies.rodriguezdevalcarcel.madrid\/index.php\/wp-json\/wp\/v2\/users\/2"}],"replies":[{"embeddable":true,"href":"https:\/\/site.educa.madrid.org\/ies.rodriguezdevalcarcel.madrid\/index.php\/wp-json\/wp\/v2\/comments?post=1157"}],"version-history":[{"count":14,"href":"https:\/\/site.educa.madrid.org\/ies.rodriguezdevalcarcel.madrid\/index.php\/wp-json\/wp\/v2\/pages\/1157\/revisions"}],"predecessor-version":[{"id":3643,"href":"https:\/\/site.educa.madrid.org\/ies.rodriguezdevalcarcel.madrid\/index.php\/wp-json\/wp\/v2\/pages\/1157\/revisions\/3643"}],"wp:attachment":[{"href":"https:\/\/site.educa.madrid.org\/ies.rodriguezdevalcarcel.madrid\/index.php\/wp-json\/wp\/v2\/media?parent=1157"}],"curies":[{"name":"wp","href":"https:\/\/api.w.org\/{rel}","templated":true}]}}