{"id":143,"date":"2022-05-03T18:43:59","date_gmt":"2022-05-03T16:43:59","guid":{"rendered":"https:\/\/site.educa.madrid.org\/ies.rodriguezdevalcarcel.madrid\/?page_id=143"},"modified":"2022-06-16T20:59:35","modified_gmt":"2022-06-16T18:59:35","slug":"conciertos","status":"publish","type":"page","link":"https:\/\/site.educa.madrid.org\/ies.rodriguezdevalcarcel.madrid\/index.php\/conciertos\/","title":{"rendered":"Conciertos"},"content":{"rendered":"\n<p>El alumnado de segundo de los ciclos superiores produce, sonorizan, ilumina, graba y realiza conciertos de m\u00fasica en directo. Trabajan desde la preproducci\u00f3n y planificaci\u00f3n en equipos interc\u00edclicos, desempe\u00f1ando las tareas espec\u00edficas de sus roles profesionales. El resultado final de la actividad se materializa en un m\u00e1ster en soporte electr\u00f3nico de la grabaci\u00f3n en directo que se entrega al grupo musical. El equipo de realizaci\u00f3n se encargar\u00e1 de la retransmisi\u00f3n en streaming del concierto.<\/p>\n\n\n\n<p><a href=\"https:\/\/www.youtube.com\/watch?v=FLp6Jq-HNR0&amp;list=PL158TaBgj0pVFu-2ZgXLcsksATe49E09Z\" target=\"_blank\" rel=\"noreferrer noopener\" class=\"youtube\">Canal de Youtube de conciertos<\/a><\/p>\n","protected":false},"excerpt":{"rendered":"<p>El alumnado de segundo de los ciclos superiores produce, sonorizan, ilumina, graba y realiza conciertos de m\u00fasica en directo. Trabajan desde la [&hellip;]<\/p>\n","protected":false},"author":2,"featured_media":0,"parent":0,"menu_order":0,"comment_status":"closed","ping_status":"closed","template":"","meta":{"footnotes":""},"class_list":["post-143","page","type-page","status-publish","hentry"],"rttpg_featured_image_url":null,"rttpg_author":{"display_name":"tic.ies.rodriguezdevalcarcel.madrid","author_link":"https:\/\/site.educa.madrid.org\/ies.rodriguezdevalcarcel.madrid\/index.php\/author\/cuenta_tic-ies-rodriguezdevalcarcel-madrid\/"},"rttpg_comment":0,"rttpg_category":null,"rttpg_excerpt":"El alumnado de segundo de los ciclos superiores produce, sonorizan, ilumina, graba y realiza conciertos de m\u00fasica en directo. Trabajan desde la [&hellip;]","post_mailing_queue_ids":[],"_links":{"self":[{"href":"https:\/\/site.educa.madrid.org\/ies.rodriguezdevalcarcel.madrid\/index.php\/wp-json\/wp\/v2\/pages\/143","targetHints":{"allow":["GET"]}}],"collection":[{"href":"https:\/\/site.educa.madrid.org\/ies.rodriguezdevalcarcel.madrid\/index.php\/wp-json\/wp\/v2\/pages"}],"about":[{"href":"https:\/\/site.educa.madrid.org\/ies.rodriguezdevalcarcel.madrid\/index.php\/wp-json\/wp\/v2\/types\/page"}],"author":[{"embeddable":true,"href":"https:\/\/site.educa.madrid.org\/ies.rodriguezdevalcarcel.madrid\/index.php\/wp-json\/wp\/v2\/users\/2"}],"replies":[{"embeddable":true,"href":"https:\/\/site.educa.madrid.org\/ies.rodriguezdevalcarcel.madrid\/index.php\/wp-json\/wp\/v2\/comments?post=143"}],"version-history":[{"count":2,"href":"https:\/\/site.educa.madrid.org\/ies.rodriguezdevalcarcel.madrid\/index.php\/wp-json\/wp\/v2\/pages\/143\/revisions"}],"predecessor-version":[{"id":1085,"href":"https:\/\/site.educa.madrid.org\/ies.rodriguezdevalcarcel.madrid\/index.php\/wp-json\/wp\/v2\/pages\/143\/revisions\/1085"}],"wp:attachment":[{"href":"https:\/\/site.educa.madrid.org\/ies.rodriguezdevalcarcel.madrid\/index.php\/wp-json\/wp\/v2\/media?parent=143"}],"curies":[{"name":"wp","href":"https:\/\/api.w.org\/{rel}","templated":true}]}}