{"id":153,"date":"2022-05-03T18:45:44","date_gmt":"2022-05-03T16:45:44","guid":{"rendered":"https:\/\/site.educa.madrid.org\/ies.rodriguezdevalcarcel.madrid\/?page_id=153"},"modified":"2025-07-14T14:11:49","modified_gmt":"2025-07-14T12:11:49","slug":"gestiones","status":"publish","type":"page","link":"https:\/\/site.educa.madrid.org\/ies.rodriguezdevalcarcel.madrid\/index.php\/gestiones\/","title":{"rendered":"Gestiones"},"content":{"rendered":"\n<p>Puedes dirigirte a la Secretar\u00eda de nuestro Centro para cualquier gesti\u00f3n relacionada con tr\u00e1mites administrativos, bien por <strong>correo electr\u00f3nico<\/strong>:<\/p>\n\n\n\n<p><a href=\"mailto:secretaria.ies.rodriguezdevalcarcel.madrid@educa.madrid.org\">secretaria.ies.rodriguezdevalcarcel.madrid@educa.madrid.org<\/a><\/p>\n\n\n\n<p>O personalmente en nuestro <strong>horario de atenci\u00f3n al p\u00fablico<\/strong>:<\/p>\n\n\n\n<p><strong>Desde el 14 de julio al 31 de julio<\/strong><br>De 10 a 12 horas.<br>Cerrado por las tardes.<\/p>\n\n\n\n<p><strong>De septiembre al 15 julio<\/strong><br>De 10 a 12 horas y de 17 a 19 horas.<\/p>\n\n\n\n<!-- <p style=\"border: 2px solid #d65050; text-align:center\"><strong>La Secretar\u00eda estar\u00e1 temporalmente cerrada en horario vespertino<\/strong><\/p> -->\n\n\n\n<p>Tel\u00e9fono: <a href=\"tel:914393570\"><strong>91 439 35 70<\/strong><\/a><br>\u200b<br>Si tienes que autorizar a alguna otra persona para que recoja alg\u00fan documento en tu nombre, debes rellenar el siguiente impreso:<\/p>\n\n\n\n<p><a href=\"https:\/\/site.educa.madrid.org\/ies.rodriguezdevalcarcel.madrid\/\/wp-content\/uploads\/ies.rodriguezdevalcarcel.madrid\/2022\/06\/autorizacion-recoger-documentos.pdf\" target=\"_blank\" rel=\"noreferrer noopener\">Autorizaci\u00f3n para recoger documentos<\/a><\/p>\n","protected":false},"excerpt":{"rendered":"<p>Puedes dirigirte a la Secretar\u00eda de nuestro Centro para cualquier gesti\u00f3n relacionada con tr\u00e1mites administrativos, bien por correo electr\u00f3nico: secretaria.ies.rodriguezdevalcarcel.madrid@educa.madrid.org O personalmente [&hellip;]<\/p>\n","protected":false},"author":2,"featured_media":0,"parent":0,"menu_order":0,"comment_status":"closed","ping_status":"closed","template":"","meta":{"footnotes":""},"class_list":["post-153","page","type-page","status-publish","hentry"],"rttpg_featured_image_url":null,"rttpg_author":{"display_name":"tic.ies.rodriguezdevalcarcel.madrid","author_link":"https:\/\/site.educa.madrid.org\/ies.rodriguezdevalcarcel.madrid\/index.php\/author\/cuenta_tic-ies-rodriguezdevalcarcel-madrid\/"},"rttpg_comment":0,"rttpg_category":null,"rttpg_excerpt":"Puedes dirigirte a la Secretar\u00eda de nuestro Centro para cualquier gesti\u00f3n relacionada con tr\u00e1mites administrativos, bien por correo electr\u00f3nico: secretaria.ies.rodriguezdevalcarcel.madrid@educa.madrid.org O personalmente [&hellip;]","post_mailing_queue_ids":[],"_links":{"self":[{"href":"https:\/\/site.educa.madrid.org\/ies.rodriguezdevalcarcel.madrid\/index.php\/wp-json\/wp\/v2\/pages\/153","targetHints":{"allow":["GET"]}}],"collection":[{"href":"https:\/\/site.educa.madrid.org\/ies.rodriguezdevalcarcel.madrid\/index.php\/wp-json\/wp\/v2\/pages"}],"about":[{"href":"https:\/\/site.educa.madrid.org\/ies.rodriguezdevalcarcel.madrid\/index.php\/wp-json\/wp\/v2\/types\/page"}],"author":[{"embeddable":true,"href":"https:\/\/site.educa.madrid.org\/ies.rodriguezdevalcarcel.madrid\/index.php\/wp-json\/wp\/v2\/users\/2"}],"replies":[{"embeddable":true,"href":"https:\/\/site.educa.madrid.org\/ies.rodriguezdevalcarcel.madrid\/index.php\/wp-json\/wp\/v2\/comments?post=153"}],"version-history":[{"count":15,"href":"https:\/\/site.educa.madrid.org\/ies.rodriguezdevalcarcel.madrid\/index.php\/wp-json\/wp\/v2\/pages\/153\/revisions"}],"predecessor-version":[{"id":3392,"href":"https:\/\/site.educa.madrid.org\/ies.rodriguezdevalcarcel.madrid\/index.php\/wp-json\/wp\/v2\/pages\/153\/revisions\/3392"}],"wp:attachment":[{"href":"https:\/\/site.educa.madrid.org\/ies.rodriguezdevalcarcel.madrid\/index.php\/wp-json\/wp\/v2\/media?parent=153"}],"curies":[{"name":"wp","href":"https:\/\/api.w.org\/{rel}","templated":true}]}}