{"id":165,"date":"2022-05-03T18:47:37","date_gmt":"2022-05-03T16:47:37","guid":{"rendered":"https:\/\/site.educa.madrid.org\/ies.rodriguezdevalcarcel.madrid\/?page_id=165"},"modified":"2022-06-22T21:10:24","modified_gmt":"2022-06-22T19:10:24","slug":"ape","status":"publish","type":"page","link":"https:\/\/site.educa.madrid.org\/ies.rodriguezdevalcarcel.madrid\/index.php\/ape\/","title":{"rendered":"APE"},"content":{"rendered":"\n<figure class=\"wp-block-image size-full\"><img loading=\"lazy\" decoding=\"async\" width=\"1000\" height=\"610\" src=\"https:\/\/site.educa.madrid.org\/ies.rodriguezdevalcarcel.madrid\/\/wp-content\/uploads\/ies.rodriguezdevalcarcel.madrid\/2022\/06\/aula-emprendimiento.jpg\" alt=\"\" class=\"wp-image-745\" srcset=\"https:\/\/site.educa.madrid.org\/ies.rodriguezdevalcarcel.madrid\/\/wp-content\/uploads\/ies.rodriguezdevalcarcel.madrid\/2022\/06\/aula-emprendimiento.jpg 1000w, https:\/\/site.educa.madrid.org\/ies.rodriguezdevalcarcel.madrid\/\/wp-content\/uploads\/ies.rodriguezdevalcarcel.madrid\/2022\/06\/aula-emprendimiento-300x183.jpg 300w, https:\/\/site.educa.madrid.org\/ies.rodriguezdevalcarcel.madrid\/\/wp-content\/uploads\/ies.rodriguezdevalcarcel.madrid\/2022\/06\/aula-emprendimiento-768x468.jpg 768w, https:\/\/site.educa.madrid.org\/ies.rodriguezdevalcarcel.madrid\/\/wp-content\/uploads\/ies.rodriguezdevalcarcel.madrid\/2022\/06\/aula-emprendimiento-920x561.jpg 920w, https:\/\/site.educa.madrid.org\/ies.rodriguezdevalcarcel.madrid\/\/wp-content\/uploads\/ies.rodriguezdevalcarcel.madrid\/2022\/06\/aula-emprendimiento-230x140.jpg 230w, https:\/\/site.educa.madrid.org\/ies.rodriguezdevalcarcel.madrid\/\/wp-content\/uploads\/ies.rodriguezdevalcarcel.madrid\/2022\/06\/aula-emprendimiento-350x214.jpg 350w, https:\/\/site.educa.madrid.org\/ies.rodriguezdevalcarcel.madrid\/\/wp-content\/uploads\/ies.rodriguezdevalcarcel.madrid\/2022\/06\/aula-emprendimiento-480x293.jpg 480w\" sizes=\"auto, (max-width: 1000px) 100vw, 1000px\" \/><\/figure>\n\n\n\n<p>El Aula Profesional de Emprendimiento (APE) del IFP CMR Valc\u00e1rcel es un espacio pensado para todo nuestro alumnado y antiguos alumnos y alumnas de nuestro Centro que hayan titulado en los \u00faltimos tres a\u00f1os. El objetivo de nuestra APE es impulsar las habilidades personales y profesionales encaminadas a potenciar el emprendimiento y el autoempleo, actuando as\u00ed mismo como viveros de empresa y como polos tecnol\u00f3gicos de innovaci\u00f3n.<\/p>\n\n\n\n<p>Te animamos a presentar tu <strong>proyecto de empresa <\/strong>para solicitar nuestra&nbsp;<strong>APE<\/strong>.&nbsp;<\/p>\n\n\n\n<p>Te ofrecemos:<\/p>\n\n\n\n<ul class=\"wp-block-list\"><li>Asesoramiento<\/li><li>Espacio de trabajo (coworking)<\/li><li>Equipamiento inform\u00e1tico y audiovisual<\/li><\/ul>\n\n\n\n<p><a href=\"https:\/\/site.educa.madrid.org\/ies.rodriguezdevalcarcel.madrid\/\/wp-content\/uploads\/ies.rodriguezdevalcarcel.madrid\/2022\/06\/plan-de-empresa-APE-IFP-valcarcel.pdf\" target=\"_blank\" rel=\"noreferrer noopener\">Esquema para desarrollar tu Proyecto de Empresa<\/a><\/p>\n\n\n\n<p>Para cualquier consulta, puedes contactar con nosotros a trav\u00e9s del correo electr\u00f3nico: <a href=\"mailto:emprende.ies.rodriguezdevalcarcel.madrid@educa.madrid.org\" target=\"_blank\" rel=\"noreferrer noopener\"><strong>emprende.ies.rodriguezdevalcarcel.madrid@educa.madrid.org<\/strong><\/a><\/p>\n","protected":false},"excerpt":{"rendered":"<p>El Aula Profesional de Emprendimiento (APE) del IFP CMR Valc\u00e1rcel es un espacio pensado para todo nuestro alumnado y antiguos alumnos y [&hellip;]<\/p>\n","protected":false},"author":2,"featured_media":0,"parent":0,"menu_order":0,"comment_status":"closed","ping_status":"closed","template":"","meta":{"footnotes":""},"class_list":["post-165","page","type-page","status-publish","hentry"],"rttpg_featured_image_url":null,"rttpg_author":{"display_name":"tic.ies.rodriguezdevalcarcel.madrid","author_link":"https:\/\/site.educa.madrid.org\/ies.rodriguezdevalcarcel.madrid\/index.php\/author\/cuenta_tic-ies-rodriguezdevalcarcel-madrid\/"},"rttpg_comment":0,"rttpg_category":null,"rttpg_excerpt":"El Aula Profesional de Emprendimiento (APE) del IFP CMR Valc\u00e1rcel es un espacio pensado para todo nuestro alumnado y antiguos alumnos y [&hellip;]","post_mailing_queue_ids":[],"_links":{"self":[{"href":"https:\/\/site.educa.madrid.org\/ies.rodriguezdevalcarcel.madrid\/index.php\/wp-json\/wp\/v2\/pages\/165","targetHints":{"allow":["GET"]}}],"collection":[{"href":"https:\/\/site.educa.madrid.org\/ies.rodriguezdevalcarcel.madrid\/index.php\/wp-json\/wp\/v2\/pages"}],"about":[{"href":"https:\/\/site.educa.madrid.org\/ies.rodriguezdevalcarcel.madrid\/index.php\/wp-json\/wp\/v2\/types\/page"}],"author":[{"embeddable":true,"href":"https:\/\/site.educa.madrid.org\/ies.rodriguezdevalcarcel.madrid\/index.php\/wp-json\/wp\/v2\/users\/2"}],"replies":[{"embeddable":true,"href":"https:\/\/site.educa.madrid.org\/ies.rodriguezdevalcarcel.madrid\/index.php\/wp-json\/wp\/v2\/comments?post=165"}],"version-history":[{"count":6,"href":"https:\/\/site.educa.madrid.org\/ies.rodriguezdevalcarcel.madrid\/index.php\/wp-json\/wp\/v2\/pages\/165\/revisions"}],"predecessor-version":[{"id":1222,"href":"https:\/\/site.educa.madrid.org\/ies.rodriguezdevalcarcel.madrid\/index.php\/wp-json\/wp\/v2\/pages\/165\/revisions\/1222"}],"wp:attachment":[{"href":"https:\/\/site.educa.madrid.org\/ies.rodriguezdevalcarcel.madrid\/index.php\/wp-json\/wp\/v2\/media?parent=165"}],"curies":[{"name":"wp","href":"https:\/\/api.w.org\/{rel}","templated":true}]}}